{"id":36672,"date":"2023-09-13T00:24:01","date_gmt":"2023-09-12T21:24:01","guid":{"rendered":"https:\/\/milbaza.lv\/?post_type=product&#038;p=36672"},"modified":"2026-04-12T02:22:45","modified_gmt":"2026-04-11T23:22:45","slug":"mil-tec-somina-double-pistol","status":"publish","type":"product","link":"https:\/\/milbaza.lv\/ru\/produkts\/mil-tec-somina-double-pistol\/","title":{"rendered":"MIL-TEC SOMI\u0145A DOUBLE PISTOL"},"content":{"rendered":"<p>\u0160\u012b ir viegla un plakana magaz\u012bna soma diviem pistol\u0113tu magaz\u012bniem, izgatavota no 100% poliestera (Oxford). Tas ir praktisks aksesu\u0101rs, kas \u013cauj uzglab\u0101t pistol\u0113tu magaz\u012bnus \u0113rti un viegli piek\u013c\u016bt tiem, kad tas ir nepiecie\u0161ams. \u0160\u012bs somas konstrukcija ir iztur\u012bga un piel\u0101gojama, un t\u0101 ir paredz\u0113ta da\u017e\u0101du taktisko vestu un apr\u012bkojuma piestiprin\u0101\u0161anai, kas ir apr\u012bkoti ar velcro (ad\u012bjums un cilpa) stiprin\u0101jumu virsm\u0101m. T\u0101l\u0101k ir detaliz\u0113t\u0101ka apraksta saraksts:<\/p>\n<p><strong>Galven\u0101s \u012bpa\u0161\u012bbas:<\/strong><\/p>\n<ol>\n<li><strong>Materi\u0101li:<\/strong> Soma ir izgatavota no 100% poliestera (Oxford), kas nodro\u0161ina iztur\u012bbu un notur\u012bbu pret nodilumu. Stiprin\u0101jums ir no 100% nailona, un izvilc\u0113js ir no CSM materi\u0101la.<\/li>\n<li><strong>Divu magaz\u012bnu soma:<\/strong> Tas ir paredz\u0113ts diviem pistol\u0113tu magaz\u012bniem, nodro\u0161inot \u0113rtu un dro\u0161u uzglab\u0101\u0161anu.<\/li>\n<li><strong>Velcro (ad\u012bjums un cilpa) aizv\u0113r\u0161ana:<\/strong> Sp\u0113c\u012bgs velcro stiprin\u0101jums (v\u012brie\u0161u ad\u012bjums un cilpa aizv\u0113r\u0161ana) nodro\u0161ina magaz\u012bnu dro\u0161u tur\u0113\u0161anu, vienlaic\u012bgi \u013caujot \u0101tru piek\u013cuvi.<\/li>\n<li><strong>Piem\u0113ro\u0161ana da\u017e\u0101d\u0101m c\u012b\u0146as vest\u0113m:<\/strong> \u0160o somu var piestiprin\u0101t pie vair\u0101k\u0101m c\u012b\u0146as vest\u0113m vai apr\u012bkojuma ar velcro (ad\u012bjums un cilpa) virsmu, izmantojot sievie\u0161u velcro aizv\u0113r\u0161anu.<\/li>\n<li><strong>Regul\u0113jamie elast\u012bgie \u0161\u0146ores ar izvilc\u0113ju:<\/strong> Lai nodro\u0161in\u0101tu magaz\u012bnu dro\u0161\u012bbu, som\u0101 ir regul\u0113jamie elast\u012bgie \u0161\u0146ores ar izvilc\u0113ju, kas pal\u012bdz nostiprin\u0101t magaz\u012bnus.<\/li>\n<\/ol>\n<p>\u0160\u012b ir praktiska un iztur\u012bga magaz\u012bna soma, kas ir piem\u0113rota gan taktisk\u0101m oper\u0101cij\u0101m, gan ierindas \u0161au\u0161anai vai citiem milit\u0101riem un taktiskiem uzdevumiem. Tai ir vienk\u0101r\u0161s un efekt\u012bvs dizains, kas \u013cauj \u0113rti p\u0101rvald\u012bt pistol\u0113tu magaz\u012bnus.<\/p>\n","protected":false},"excerpt":{"rendered":"<p>\u0160\u012b ir viegla un plakana magaz\u012bna soma diviem pistol\u0113tu magaz\u012bniem, izgatavota no 100% poliestera (Oxford). Tas ir praktisks aksesu\u0101rs, kas \u013cauj uzglab\u0101t pistol\u0113tu magaz\u012bnus \u0113rti un viegli piek\u013c\u016bt tiem, kad tas ir nepiecie\u0161ams. \u0160\u012bs somas konstrukcija ir iztur\u012bga un piel\u0101gojama, un t\u0101 ir paredz\u0113ta da\u017e\u0101du taktisko vestu un apr\u012bkojuma piestiprin\u0101\u0161anai, kas ir apr\u012bkoti ar velcro [&#8230;]\n","protected":false},"featured_media":36683,"comment_status":"open","ping_status":"closed","template":"","meta":{"_acf_changed":false},"product_brand":[],"product_cat":[215],"product_tag":[],"class_list":{"0":"post-36672","1":"product","2":"type-product","3":"status-publish","4":"has-post-thumbnail","6":"product_cat-sominas","8":"first","9":"instock","10":"taxable","11":"shipping-taxable","12":"purchasable","13":"product-type-variable"},"acf":[],"yoast_head":"<!-- This site is optimized with the Yoast SEO plugin v26.7 - https:\/\/yoast.com\/wordpress\/plugins\/seo\/ -->\n<title>MIL-TEC SOMI\u0145A DOUBLE PISTOL - MILBAZA \u2013 viss akt\u012bvai atp\u016btai<\/title>\n<meta name=\"description\" content=\"Nopirkt MIL-TEC SOMI\u0145A DOUBLE PISTOL izdev\u012bga cena un pieg\u0101de. T\u016brisma pre\u010du interneta veikals, pas\u016bt\u012bt online 24\/7!\" \/>\n<meta name=\"robots\" content=\"index, follow, max-snippet:-1, max-image-preview:large, max-video-preview:-1\" \/>\n<link rel=\"canonical\" href=\"https:\/\/milbaza.lv\/ru\/produkts\/mil-tec-somina-double-pistol\/\" \/>\n<meta property=\"og:locale\" content=\"ru_RU\" \/>\n<meta property=\"og:type\" content=\"article\" \/>\n<meta property=\"og:title\" content=\"MIL-TEC SOMI\u0145A DOUBLE PISTOL - MILBAZA \u2013 viss akt\u012bvai atp\u016btai\" \/>\n<meta property=\"og:description\" content=\"Nopirkt MIL-TEC SOMI\u0145A DOUBLE PISTOL izdev\u012bga cena un pieg\u0101de. T\u016brisma pre\u010du interneta veikals, pas\u016bt\u012bt online 24\/7!\" \/>\n<meta property=\"og:url\" content=\"https:\/\/milbaza.lv\/ru\/produkts\/mil-tec-somina-double-pistol\/\" \/>\n<meta property=\"og:site_name\" content=\"MILBAZA \u2013 viss akt\u012bvai atp\u016btai\" \/>\n<meta property=\"article:publisher\" content=\"https:\/\/www.facebook.com\/profile.php?id=100075399152223\" \/>\n<meta property=\"article:modified_time\" content=\"2026-04-11T23:22:45+00:00\" \/>\n<meta property=\"og:image\" content=\"https:\/\/milbaza.lv\/wp-content\/uploads\/2023\/09\/2b3986a9-859d-11eb-8fa0-00155dc1232d_4da51b81-c974-11ed-b779-00155d65b408.webp\" \/>\n\t<meta property=\"og:image:width\" content=\"1018\" \/>\n\t<meta property=\"og:image:height\" content=\"1016\" \/>\n\t<meta property=\"og:image:type\" content=\"image\/webp\" \/>\n<meta name=\"twitter:card\" content=\"summary_large_image\" \/>\n<meta name=\"twitter:label1\" content=\"\u041f\u0440\u0438\u043c\u0435\u0440\u043d\u043e\u0435 \u0432\u0440\u0435\u043c\u044f \u0434\u043b\u044f \u0447\u0442\u0435\u043d\u0438\u044f\" \/>\n\t<meta name=\"twitter:data1\" content=\"2 \u043c\u0438\u043d\u0443\u0442\u044b\" \/>\n<script type=\"application\/ld+json\" class=\"yoast-schema-graph\">{\"@context\":\"https:\/\/schema.org\",\"@graph\":[{\"@type\":\"WebPage\",\"@id\":\"https:\/\/milbaza.lv\/ru\/produkts\/mil-tec-somina-double-pistol\/\",\"url\":\"https:\/\/milbaza.lv\/ru\/produkts\/mil-tec-somina-double-pistol\/\",\"name\":\"MIL-TEC SOMI\u0145A DOUBLE PISTOL - MILBAZA \u2013 viss akt\u012bvai atp\u016btai\",\"isPartOf\":{\"@id\":\"https:\/\/milbaza.lv\/ru\/#website\"},\"primaryImageOfPage\":{\"@id\":\"https:\/\/milbaza.lv\/ru\/produkts\/mil-tec-somina-double-pistol\/#primaryimage\"},\"image\":{\"@id\":\"https:\/\/milbaza.lv\/ru\/produkts\/mil-tec-somina-double-pistol\/#primaryimage\"},\"thumbnailUrl\":\"https:\/\/milbaza.lv\/wp-content\/uploads\/2023\/09\/2b3986a9-859d-11eb-8fa0-00155dc1232d_4da51b81-c974-11ed-b779-00155d65b408.webp\",\"datePublished\":\"2023-09-12T21:24:01+00:00\",\"dateModified\":\"2026-04-11T23:22:45+00:00\",\"description\":\"Nopirkt MIL-TEC SOMI\u0145A DOUBLE PISTOL izdev\u012bga cena un pieg\u0101de. T\u016brisma pre\u010du interneta veikals, pas\u016bt\u012bt online 24\/7!\",\"breadcrumb\":{\"@id\":\"https:\/\/milbaza.lv\/ru\/produkts\/mil-tec-somina-double-pistol\/#breadcrumb\"},\"inLanguage\":\"ru-RU\",\"potentialAction\":[{\"@type\":\"ReadAction\",\"target\":[\"https:\/\/milbaza.lv\/ru\/produkts\/mil-tec-somina-double-pistol\/\"]}]},{\"@type\":\"ImageObject\",\"inLanguage\":\"ru-RU\",\"@id\":\"https:\/\/milbaza.lv\/ru\/produkts\/mil-tec-somina-double-pistol\/#primaryimage\",\"url\":\"https:\/\/milbaza.lv\/wp-content\/uploads\/2023\/09\/2b3986a9-859d-11eb-8fa0-00155dc1232d_4da51b81-c974-11ed-b779-00155d65b408.webp\",\"contentUrl\":\"https:\/\/milbaza.lv\/wp-content\/uploads\/2023\/09\/2b3986a9-859d-11eb-8fa0-00155dc1232d_4da51b81-c974-11ed-b779-00155d65b408.webp\",\"width\":1018,\"height\":1016},{\"@type\":\"BreadcrumbList\",\"@id\":\"https:\/\/milbaza.lv\/ru\/produkts\/mil-tec-somina-double-pistol\/#breadcrumb\",\"itemListElement\":[{\"@type\":\"ListItem\",\"position\":1,\"name\":\"Home\",\"item\":\"https:\/\/milbaza.lv\/ru\/\"},{\"@type\":\"ListItem\",\"position\":2,\"name\":\"\u041c\u0430\u0433\u0430\u0437\u0438\u043d\",\"item\":\"https:\/\/milbaza.lv\/ru\/%d0%bc%d0%b0%d0%b3%d0%b0%d0%b7%d0%b8%d0%bd\/\"},{\"@type\":\"ListItem\",\"position\":3,\"name\":\"MIL-TEC SOMI\u0145A DOUBLE PISTOL\"}]},{\"@type\":\"WebSite\",\"@id\":\"https:\/\/milbaza.lv\/ru\/#website\",\"url\":\"https:\/\/milbaza.lv\/ru\/\",\"name\":\"MILBAZA \u2013 viss akt\u012bvai atp\u016btai\",\"description\":\"Viss akt\u012bvai atp\u016btai\",\"publisher\":{\"@id\":\"https:\/\/milbaza.lv\/ru\/#organization\"},\"potentialAction\":[{\"@type\":\"SearchAction\",\"target\":{\"@type\":\"EntryPoint\",\"urlTemplate\":\"https:\/\/milbaza.lv\/ru\/?s={search_term_string}\"},\"query-input\":{\"@type\":\"PropertyValueSpecification\",\"valueRequired\":true,\"valueName\":\"search_term_string\"}}],\"inLanguage\":\"ru-RU\"},{\"@type\":\"Organization\",\"@id\":\"https:\/\/milbaza.lv\/ru\/#organization\",\"name\":\"Milbaza\",\"url\":\"https:\/\/milbaza.lv\/ru\/\",\"logo\":{\"@type\":\"ImageObject\",\"inLanguage\":\"ru-RU\",\"@id\":\"https:\/\/milbaza.lv\/ru\/#\/schema\/logo\/image\/\",\"url\":\"https:\/\/milbaza.lv\/wp-content\/uploads\/2021\/11\/Mil_BAZA_logo3.png\",\"contentUrl\":\"https:\/\/milbaza.lv\/wp-content\/uploads\/2021\/11\/Mil_BAZA_logo3.png\",\"width\":564,\"height\":226,\"caption\":\"Milbaza\"},\"image\":{\"@id\":\"https:\/\/milbaza.lv\/ru\/#\/schema\/logo\/image\/\"},\"sameAs\":[\"https:\/\/www.facebook.com\/profile.php?id=100075399152223\",\"https:\/\/www.instagram.com\/milbaza.lv\/\",\"https:\/\/www.pinterest.com\/milbaza\/_saved\/\",\"https:\/\/www.youtube.com\/channel\/UCrPXltd8hsNIiGAKc37hGfQ\"]}]}<\/script>\n<!-- \/ Yoast SEO plugin. -->","yoast_head_json":{"title":"MIL-TEC SOMI\u0145A DOUBLE PISTOL - MILBAZA \u2013 viss akt\u012bvai atp\u016btai","description":"Nopirkt MIL-TEC SOMI\u0145A DOUBLE PISTOL izdev\u012bga cena un pieg\u0101de. T\u016brisma pre\u010du interneta veikals, pas\u016bt\u012bt online 24\/7!","robots":{"index":"index","follow":"follow","max-snippet":"max-snippet:-1","max-image-preview":"max-image-preview:large","max-video-preview":"max-video-preview:-1"},"canonical":"https:\/\/milbaza.lv\/ru\/produkts\/mil-tec-somina-double-pistol\/","og_locale":"ru_RU","og_type":"article","og_title":"MIL-TEC SOMI\u0145A DOUBLE PISTOL - MILBAZA \u2013 viss akt\u012bvai atp\u016btai","og_description":"Nopirkt MIL-TEC SOMI\u0145A DOUBLE PISTOL izdev\u012bga cena un pieg\u0101de. T\u016brisma pre\u010du interneta veikals, pas\u016bt\u012bt online 24\/7!","og_url":"https:\/\/milbaza.lv\/ru\/produkts\/mil-tec-somina-double-pistol\/","og_site_name":"MILBAZA \u2013 viss akt\u012bvai atp\u016btai","article_publisher":"https:\/\/www.facebook.com\/profile.php?id=100075399152223","article_modified_time":"2026-04-11T23:22:45+00:00","og_image":[{"width":1018,"height":1016,"url":"https:\/\/milbaza.lv\/wp-content\/uploads\/2023\/09\/2b3986a9-859d-11eb-8fa0-00155dc1232d_4da51b81-c974-11ed-b779-00155d65b408.webp","type":"image\/webp"}],"twitter_card":"summary_large_image","twitter_misc":{"\u041f\u0440\u0438\u043c\u0435\u0440\u043d\u043e\u0435 \u0432\u0440\u0435\u043c\u044f \u0434\u043b\u044f \u0447\u0442\u0435\u043d\u0438\u044f":"2 \u043c\u0438\u043d\u0443\u0442\u044b"},"schema":{"@context":"https:\/\/schema.org","@graph":[{"@type":"WebPage","@id":"https:\/\/milbaza.lv\/ru\/produkts\/mil-tec-somina-double-pistol\/","url":"https:\/\/milbaza.lv\/ru\/produkts\/mil-tec-somina-double-pistol\/","name":"MIL-TEC SOMI\u0145A DOUBLE PISTOL - MILBAZA \u2013 viss akt\u012bvai atp\u016btai","isPartOf":{"@id":"https:\/\/milbaza.lv\/ru\/#website"},"primaryImageOfPage":{"@id":"https:\/\/milbaza.lv\/ru\/produkts\/mil-tec-somina-double-pistol\/#primaryimage"},"image":{"@id":"https:\/\/milbaza.lv\/ru\/produkts\/mil-tec-somina-double-pistol\/#primaryimage"},"thumbnailUrl":"https:\/\/milbaza.lv\/wp-content\/uploads\/2023\/09\/2b3986a9-859d-11eb-8fa0-00155dc1232d_4da51b81-c974-11ed-b779-00155d65b408.webp","datePublished":"2023-09-12T21:24:01+00:00","dateModified":"2026-04-11T23:22:45+00:00","description":"Nopirkt MIL-TEC SOMI\u0145A DOUBLE PISTOL izdev\u012bga cena un pieg\u0101de. T\u016brisma pre\u010du interneta veikals, pas\u016bt\u012bt online 24\/7!","breadcrumb":{"@id":"https:\/\/milbaza.lv\/ru\/produkts\/mil-tec-somina-double-pistol\/#breadcrumb"},"inLanguage":"ru-RU","potentialAction":[{"@type":"ReadAction","target":["https:\/\/milbaza.lv\/ru\/produkts\/mil-tec-somina-double-pistol\/"]}]},{"@type":"ImageObject","inLanguage":"ru-RU","@id":"https:\/\/milbaza.lv\/ru\/produkts\/mil-tec-somina-double-pistol\/#primaryimage","url":"https:\/\/milbaza.lv\/wp-content\/uploads\/2023\/09\/2b3986a9-859d-11eb-8fa0-00155dc1232d_4da51b81-c974-11ed-b779-00155d65b408.webp","contentUrl":"https:\/\/milbaza.lv\/wp-content\/uploads\/2023\/09\/2b3986a9-859d-11eb-8fa0-00155dc1232d_4da51b81-c974-11ed-b779-00155d65b408.webp","width":1018,"height":1016},{"@type":"BreadcrumbList","@id":"https:\/\/milbaza.lv\/ru\/produkts\/mil-tec-somina-double-pistol\/#breadcrumb","itemListElement":[{"@type":"ListItem","position":1,"name":"Home","item":"https:\/\/milbaza.lv\/ru\/"},{"@type":"ListItem","position":2,"name":"\u041c\u0430\u0433\u0430\u0437\u0438\u043d","item":"https:\/\/milbaza.lv\/ru\/%d0%bc%d0%b0%d0%b3%d0%b0%d0%b7%d0%b8%d0%bd\/"},{"@type":"ListItem","position":3,"name":"MIL-TEC SOMI\u0145A DOUBLE PISTOL"}]},{"@type":"WebSite","@id":"https:\/\/milbaza.lv\/ru\/#website","url":"https:\/\/milbaza.lv\/ru\/","name":"MILBAZA \u2013 viss akt\u012bvai atp\u016btai","description":"Viss akt\u012bvai atp\u016btai","publisher":{"@id":"https:\/\/milbaza.lv\/ru\/#organization"},"potentialAction":[{"@type":"SearchAction","target":{"@type":"EntryPoint","urlTemplate":"https:\/\/milbaza.lv\/ru\/?s={search_term_string}"},"query-input":{"@type":"PropertyValueSpecification","valueRequired":true,"valueName":"search_term_string"}}],"inLanguage":"ru-RU"},{"@type":"Organization","@id":"https:\/\/milbaza.lv\/ru\/#organization","name":"Milbaza","url":"https:\/\/milbaza.lv\/ru\/","logo":{"@type":"ImageObject","inLanguage":"ru-RU","@id":"https:\/\/milbaza.lv\/ru\/#\/schema\/logo\/image\/","url":"https:\/\/milbaza.lv\/wp-content\/uploads\/2021\/11\/Mil_BAZA_logo3.png","contentUrl":"https:\/\/milbaza.lv\/wp-content\/uploads\/2021\/11\/Mil_BAZA_logo3.png","width":564,"height":226,"caption":"Milbaza"},"image":{"@id":"https:\/\/milbaza.lv\/ru\/#\/schema\/logo\/image\/"},"sameAs":["https:\/\/www.facebook.com\/profile.php?id=100075399152223","https:\/\/www.instagram.com\/milbaza.lv\/","https:\/\/www.pinterest.com\/milbaza\/_saved\/","https:\/\/www.youtube.com\/channel\/UCrPXltd8hsNIiGAKc37hGfQ"]}]}},"_links":{"self":[{"href":"https:\/\/milbaza.lv\/ru\/wp-json\/wp\/v2\/product\/36672","targetHints":{"allow":["GET"]}}],"collection":[{"href":"https:\/\/milbaza.lv\/ru\/wp-json\/wp\/v2\/product"}],"about":[{"href":"https:\/\/milbaza.lv\/ru\/wp-json\/wp\/v2\/types\/product"}],"replies":[{"embeddable":true,"href":"https:\/\/milbaza.lv\/ru\/wp-json\/wp\/v2\/comments?post=36672"}],"wp:featuredmedia":[{"embeddable":true,"href":"https:\/\/milbaza.lv\/ru\/wp-json\/wp\/v2\/media\/36683"}],"wp:attachment":[{"href":"https:\/\/milbaza.lv\/ru\/wp-json\/wp\/v2\/media?parent=36672"}],"wp:term":[{"taxonomy":"product_brand","embeddable":true,"href":"https:\/\/milbaza.lv\/ru\/wp-json\/wp\/v2\/product_brand?post=36672"},{"taxonomy":"product_cat","embeddable":true,"href":"https:\/\/milbaza.lv\/ru\/wp-json\/wp\/v2\/product_cat?post=36672"},{"taxonomy":"product_tag","embeddable":true,"href":"https:\/\/milbaza.lv\/ru\/wp-json\/wp\/v2\/product_tag?post=36672"}],"curies":[{"name":"wp","href":"https:\/\/api.w.org\/{rel}","templated":true}]}}