{"id":38268,"date":"2023-10-20T16:50:47","date_gmt":"2023-10-20T13:50:47","guid":{"rendered":"https:\/\/milbaza.lv\/?post_type=product&#038;p=38268"},"modified":"2026-02-19T17:58:15","modified_gmt":"2026-02-19T15:58:15","slug":"helikon-tex-jaka-infantry-%d1%82%d1%8f%d0%b6%d0%b5%d0%bb%d1%8b%d0%b9-%d1%84%d0%bb%d0%b8%d1%81-%d1%87%d0%b5%d1%80%d0%bd%d1%8b%d0%b9","status":"publish","type":"product","link":"https:\/\/milbaza.lv\/ru\/produkts\/helikon-tex-jaka-infantry-%d1%82%d1%8f%d0%b6%d0%b5%d0%bb%d1%8b%d0%b9-%d1%84%d0%bb%d0%b8%d1%81-%d1%87%d0%b5%d1%80%d0%bd%d1%8b%d0%b9\/","title":{"rendered":"\u041a\u0423\u0420\u0422\u041a\u0410 HELIKON-TEX INFANTRY\u00ae- HEAVY FLEECE (\u0427\u0415\u0420\u041d\u042b\u0419)"},"content":{"rendered":"<p>\u041c\u044f\u0433\u043a\u0430\u044f \u0438 \u0442\u0435\u043f\u043b\u0430\u044f \u0444\u043b\u0438\u0441\u043e\u0432\u0430\u044f \u043a\u0443\u0440\u0442\u043a\u0430 \u043d\u0430 \u043c\u043e\u043b\u043d\u0438\u0438 \u0447\u0435\u0440\u043d\u043e\u0433\u043e \u0446\u0432\u0435\u0442\u0430, \u043f\u0440\u0435\u0434\u043d\u0430\u0437\u043d\u0430\u0447\u0435\u043d\u043d\u0430\u044f \u0432 \u043a\u0430\u0447\u0435\u0441\u0442\u0432\u0435 \u0438\u0437\u043e\u043b\u0438\u0440\u0443\u044e\u0449\u0435\u0433\u043e \u0441\u043b\u043e\u044f \u0434\u043b\u044f \u0445\u043e\u043b\u043e\u0434\u043d\u044b\u0445 \u0434\u043d\u0435\u0439. \u041e\u043d\u0430 \u044d\u0444\u0444\u0435\u043a\u0442\u0438\u0432\u043d\u043e \u0441\u043e\u0445\u0440\u0430\u043d\u044f\u0435\u0442 \u0442\u0435\u043f\u043b\u043e, \u043f\u043e\u0437\u0432\u043e\u043b\u044f\u044f \u043f\u0440\u0438 \u044d\u0442\u043e\u043c \u0432\u044b\u0432\u043e\u0434\u0438\u0442\u044c \u0432\u043b\u0430\u0433\u0443 \u0438 \u0438\u0437\u043b\u0438\u0448\u043a\u0438 \u0442\u0435\u043f\u043b\u0430, \u043e\u0431\u0440\u0430\u0437\u0443\u044e\u0449\u0438\u0435\u0441\u044f \u0432\u043e \u0432\u0440\u0435\u043c\u044f \u0444\u0438\u0437\u0438\u0447\u0435\u0441\u043a\u043e\u0439 \u0430\u043a\u0442\u0438\u0432\u043d\u043e\u0441\u0442\u0438. \u041c\u043e\u0434\u0435\u043b\u044c Helikon-Tex Infantry \u0438\u0437\u0433\u043e\u0442\u043e\u0432\u043b\u0435\u043d\u0430 \u0438\u0437 \u043f\u0440\u043e\u0447\u043d\u043e\u0433\u043e \u0444\u043b\u0438\u0441\u0430 \u043f\u043b\u043e\u0442\u043d\u043e\u0441\u0442\u044c\u044e 380 \u0433\/\u043c\u00b2. \u0411\u043e\u043b\u0435\u0435 \u0441\u0432\u043e\u0431\u043e\u0434\u043d\u044b\u0439 \u043a\u0440\u043e\u0439 \u043f\u043e\u0437\u0432\u043e\u043b\u044f\u0435\u0442 \u043b\u0435\u0433\u043a\u043e \u043d\u0430\u0434\u0435\u0432\u0430\u0442\u044c \u0434\u043e\u043f\u043e\u043b\u043d\u0438\u0442\u0435\u043b\u044c\u043d\u044b\u0435 \u0441\u043b\u043e\u0438, \u043d\u0430\u043f\u0440\u0438\u043c\u0435\u0440, \u043b\u0435\u0433\u043a\u0443\u044e \u0441\u043f\u043e\u0440\u0442\u0438\u0432\u043d\u0443\u044e \u043a\u0443\u0440\u0442\u043a\u0443 \u0438\u043b\u0438 \u0442\u0435\u0440\u043c\u043e\u0431\u0435\u043b\u044c\u0435. \u0421\u043b\u0435\u0433\u043a\u0430 \u0443\u0434\u043b\u0438\u043d\u0435\u043d\u043d\u0430\u044f \u0441\u043f\u0438\u043d\u0430 \u043e\u0431\u0435\u0441\u043f\u0435\u0447\u0438\u0432\u0430\u0435\u0442 \u043b\u0443\u0447\u0448\u0443\u044e \u0437\u0430\u0449\u0438\u0442\u0443 \u043f\u043e\u0447\u0435\u043a \u043e\u0442 \u0445\u043e\u043b\u043e\u0434\u0430, \u0430 \u043e\u0431\u0449\u0438\u0439 \u0434\u0438\u0437\u0430\u0439\u043d \u043d\u0435 \u043e\u0433\u0440\u0430\u043d\u0438\u0447\u0438\u0432\u0430\u0435\u0442 \u0434\u043e\u0441\u0442\u0443\u043f \u043a \u043a\u0430\u0440\u043c\u0430\u043d\u0430\u043c \u0438\u043b\u0438 \u043f\u043e\u044f\u0441\u043d\u043e\u043c\u0443 \u0441\u043d\u0430\u0440\u044f\u0436\u0435\u043d\u0438\u044e.    <\/p>\n<p><strong>\u041e\u0441\u043e\u0431\u0435\u043d\u043d\u043e\u0441\u0442\u0438:<\/strong>&#8211; \u0423\u0441\u0438\u043b\u0435\u043d\u0438\u044f \u043d\u0430 \u043f\u043b\u0435\u0447\u0430\u0445 \u0438 \u043b\u043e\u043a\u0442\u044f\u0445<\/p>\n<p>&#8211; \u0412\u044b\u0441\u043e\u043a\u0430\u044f \u0442\u0435\u043f\u043b\u043e\u0438\u0437\u043e\u043b\u044f\u0446\u0438\u044f<\/p>\n<p>&#8211; \u0420\u0435\u0433\u0443\u043b\u0438\u0440\u0443\u0435\u043c\u044b\u0435 \u043c\u0430\u043d\u0436\u0435\u0442\u044b \u043d\u0430 \u043b\u0438\u043f\u0443\u0447\u043a\u0435<\/p>\n<p>&#8211; \u041f\u0430\u043d\u0435\u043b\u044c \u0441 \u043f\u0435\u0442\u043b\u044f\u043c\u0438 \u043d\u0430 \u0440\u0443\u043a\u0430\u0432\u0430\u0445 \u0438 \u0433\u0440\u0443\u0434\u0438 \u0434\u043b\u044f \u043f\u0435\u0440\u0441\u043e\u043d\u0430\u043b\u0438\u0437\u0430\u0446\u0438\u0438<\/p>\n<p>&#8211; \u041d\u0430\u0433\u0440\u0443\u0434\u043d\u044b\u0439 \u043a\u0430\u0440\u043c\u0430\u043d (Napoleon) \u0441 \u043f\u0435\u0442\u043b\u0435\u0439 \u0434\u043b\u044f \u0448\u043d\u0443\u0440\u0430 \u0438 \u043e\u0440\u0433\u0430\u043d\u0430\u0439\u0437\u0435\u0440\u043e\u043c \u0434\u043b\u044f \u0443\u0441\u0442\u0440\u043e\u0439\u0441\u0442\u0432<\/p>\n<p>&#8211; \u041a\u0430\u0440\u043c\u0430\u043d\u044b \u043d\u0430 \u043c\u043e\u043b\u043d\u0438\u0438 \u0432 \u043d\u0438\u0436\u043d\u0435\u0439 \u0447\u0430\u0441\u0442\u0438 \u043a\u0443\u0440\u0442\u043a\u0438<\/p>\n<p>&#8211; \u0414\u0432\u0443\u0445\u0441\u0442\u043e\u0440\u043e\u043d\u043d\u044f\u044f \u043f\u0435\u0440\u0435\u0434\u043d\u044f\u044f \u043c\u043e\u043b\u043d\u0438\u044f YKK\u00ae \u0441 \u0432\u0435\u0442\u0440\u043e\u0437\u0430\u0449\u0438\u0442\u043d\u044b\u043c \u043a\u043b\u0430\u043f\u0430\u043d\u043e\u043c \u0438 \u0437\u0430\u0449\u0438\u0442\u043e\u0439 \u043f\u043e\u0434\u0431\u043e\u0440\u043e\u0434\u043a\u0430<\/p>\n<p>&#8211; \u0414\u0432\u0430 \u043d\u0438\u0436\u043d\u0438\u0445 \u0431\u043e\u043a\u043e\u0432\u044b\u0445 \u043a\u0430\u0440\u043c\u0430\u043d\u0430 \u043d\u0430 \u043c\u043e\u043b\u043d\u0438\u0438<\/p>\n<p>&#8211; \u0420\u0435\u0433\u0443\u043b\u0438\u0440\u0443\u0435\u043c\u044b\u0439 \u043d\u0438\u0437 \u0441 \u044d\u043b\u0430\u0441\u0442\u0438\u0447\u043d\u044b\u043c \u0448\u043d\u0443\u0440\u043e\u043c<\/p>\n<p>\u041d\u0430\u043a\u043b\u0430\u0434\u043d\u0430\u044f \u043f\u0430\u043d\u0435\u043b\u044c \u0434\u043b\u044f \u043b\u0435\u0432\u043e\u0433\u043e \u043f\u043b\u0435\u0447\u0430: 9 x 11 \u0441\u043c<\/p>\n<p>\u041d\u0430\u043a\u043b\u0430\u0434\u043d\u0430\u044f \u043f\u0430\u043d\u0435\u043b\u044c \u0434\u043b\u044f \u043f\u0440\u0430\u0432\u043e\u0433\u043e \u043f\u043b\u0435\u0447\u0430: 9 x 11 \u0441\u043c<\/p>\n<p>\u041f\u0430\u043d\u0435\u043b\u044c \u0434\u043b\u044f \u0438\u043c\u0435\u043d\u043d\u043e\u0439 \u0434\u043e\u0441\u043a\u0438: 2 x 12 \u0441\u043c<\/p>\n<p>\u0420\u0430\u0441\u043f\u043e\u0440\u043d\u0430\u044f \u043f\u0430\u043d\u0435\u043b\u044c: 6 x 8 \u0441\u043c<\/p>\n<p><iframe loading=\"lazy\" title=\"Helikon-Tex - Infantry Jacket - Fleece\" width=\"1020\" height=\"574\" src=\"https:\/\/www.youtube.com\/embed\/_T5KPegS7_4?feature=oembed\" frameborder=\"0\" allow=\"accelerometer; autoplay; clipboard-write; encrypted-media; gyroscope; picture-in-picture; web-share\" allowfullscreen><\/iframe><\/p>\n<p>&nbsp;<\/p>\n","protected":false},"excerpt":{"rendered":"<p>\u041c\u044f\u0433\u043a\u0430\u044f \u0438 \u0442\u0435\u043f\u043b\u0430\u044f \u0444\u043b\u0438\u0441\u043e\u0432\u0430\u044f \u043a\u0443\u0440\u0442\u043a\u0430 \u043d\u0430 \u043c\u043e\u043b\u043d\u0438\u0438 \u0447\u0435\u0440\u043d\u043e\u0433\u043e \u0446\u0432\u0435\u0442\u0430, \u043f\u0440\u0435\u0434\u043d\u0430\u0437\u043d\u0430\u0447\u0435\u043d\u043d\u0430\u044f \u0432 \u043a\u0430\u0447\u0435\u0441\u0442\u0432\u0435 \u0438\u0437\u043e\u043b\u0438\u0440\u0443\u044e\u0449\u0435\u0433\u043e \u0441\u043b\u043e\u044f \u0434\u043b\u044f \u0445\u043e\u043b\u043e\u0434\u043d\u044b\u0445 \u0434\u043d\u0435\u0439. \u041e\u043d\u0430 \u044d\u0444\u0444\u0435\u043a\u0442\u0438\u0432\u043d\u043e \u0441\u043e\u0445\u0440\u0430\u043d\u044f\u0435\u0442 \u0442\u0435\u043f\u043b\u043e, \u043f\u043e\u0437\u0432\u043e\u043b\u044f\u044f \u043f\u0440\u0438 \u044d\u0442\u043e\u043c \u0432\u044b\u0432\u043e\u0434\u0438\u0442\u044c \u0432\u043b\u0430\u0433\u0443 \u0438 \u0438\u0437\u043b\u0438\u0448\u043a\u0438 \u0442\u0435\u043f\u043b\u0430, \u043e\u0431\u0440\u0430\u0437\u0443\u044e\u0449\u0438\u0435\u0441\u044f \u0432\u043e \u0432\u0440\u0435\u043c\u044f \u0444\u0438\u0437\u0438\u0447\u0435\u0441\u043a\u043e\u0439 \u0430\u043a\u0442\u0438\u0432\u043d\u043e\u0441\u0442\u0438. \u041c\u043e\u0434\u0435\u043b\u044c Helikon-Tex Infantry \u0438\u0437\u0433\u043e\u0442\u043e\u0432\u043b\u0435\u043d\u0430 \u0438\u0437 \u043f\u0440\u043e\u0447\u043d\u043e\u0433\u043e \u0444\u043b\u0438\u0441\u0430 \u043f\u043b\u043e\u0442\u043d\u043e\u0441\u0442\u044c\u044e 380 \u0433\/\u043c\u00b2. \u0411\u043e\u043b\u0435\u0435 \u0441\u0432\u043e\u0431\u043e\u0434\u043d\u044b\u0439 \u043a\u0440\u043e\u0439 \u043f\u043e\u0437\u0432\u043e\u043b\u044f\u0435\u0442 \u043b\u0435\u0433\u043a\u043e \u043d\u0430\u0434\u0435\u0432\u0430\u0442\u044c \u0434\u043e\u043f\u043e\u043b\u043d\u0438\u0442\u0435\u043b\u044c\u043d\u044b\u0435 \u0441\u043b\u043e\u0438, \u043d\u0430\u043f\u0440\u0438\u043c\u0435\u0440, \u043b\u0435\u0433\u043a\u0443\u044e \u0441\u043f\u043e\u0440\u0442\u0438\u0432\u043d\u0443\u044e [&#8230;]\n","protected":false},"featured_media":38276,"comment_status":"open","ping_status":"closed","template":"","meta":{"_acf_changed":false},"product_brand":[],"product_cat":[335,592],"product_tag":[],"class_list":{"0":"post-38268","1":"product","2":"type-product","3":"status-publish","4":"has-post-thumbnail","6":"product_cat-335","7":"product_cat-odezda","9":"first","10":"instock","11":"taxable","12":"shipping-taxable","13":"purchasable","14":"product-type-variable"},"acf":[],"yoast_head":"<!-- This site is optimized with the Yoast SEO plugin v27.4 - https:\/\/yoast.com\/product\/yoast-seo-wordpress\/ -->\n<title>\u041a\u0423\u0420\u0422\u041a\u0410 HELIKON-TEX INFANTRY\u00ae- HEAVY FLEECE (\u0427\u0415\u0420\u041d\u042b\u0419) - MILBAZA \u2013 viss akt\u012bvai atp\u016btai<\/title>\n<meta name=\"description\" content=\"\u041a\u0443\u043f\u0438\u0442\u044c HELIKON-TEX JAKA INFANTRY\u00ae- HEAVY FLEECE (BLACK) - \u043e\u0442\u043b\u0438\u0447\u043d\u0430\u044f \u0446\u0435\u043d\u0430 \u0438 \u0434\u043e\u0441\u0442\u0430\u0432\u043a\u0430. \u0418\u043d\u0442\u0435\u0440\u043d\u0435\u0442-\u043c\u0430\u0433\u0430\u0437\u0438\u043d \u0442\u0443\u0440\u0438\u0441\u0442\u0438\u0447\u0435\u0441\u043a\u0438\u0445 \u0442\u043e\u0432\u0430\u0440\u043e\u0432, \u0432\u043e\u0437\u043c\u043e\u0436\u043d\u043e\u0441\u0442\u044c \u043e\u0444\u043e\u0440\u043c\u0438\u0442\u044c \u0437\u0430\u043a\u0430\u0437 \u043e\u043d\u043b\u0430\u0439\u043d 24\/7!\" \/>\n<meta name=\"robots\" content=\"index, follow, max-snippet:-1, max-image-preview:large, max-video-preview:-1\" \/>\n<link rel=\"canonical\" href=\"https:\/\/milbaza.lv\/ru\/produkts\/helikon-tex-jaka-infantry-%d1%82%d1%8f%d0%b6%d0%b5%d0%bb%d1%8b%d0%b9-%d1%84%d0%bb%d0%b8%d1%81-%d1%87%d0%b5%d1%80%d0%bd%d1%8b%d0%b9\/\" \/>\n<meta property=\"og:locale\" content=\"ru_RU\" \/>\n<meta property=\"og:type\" content=\"article\" \/>\n<meta property=\"og:title\" content=\"\u041a\u0423\u0420\u0422\u041a\u0410 HELIKON-TEX INFANTRY\u00ae- HEAVY FLEECE (\u0427\u0415\u0420\u041d\u042b\u0419) - MILBAZA \u2013 viss akt\u012bvai atp\u016btai\" \/>\n<meta property=\"og:description\" content=\"\u041a\u0443\u043f\u0438\u0442\u044c HELIKON-TEX JAKA INFANTRY\u00ae- HEAVY FLEECE (BLACK) - \u043e\u0442\u043b\u0438\u0447\u043d\u0430\u044f \u0446\u0435\u043d\u0430 \u0438 \u0434\u043e\u0441\u0442\u0430\u0432\u043a\u0430. \u0418\u043d\u0442\u0435\u0440\u043d\u0435\u0442-\u043c\u0430\u0433\u0430\u0437\u0438\u043d \u0442\u0443\u0440\u0438\u0441\u0442\u0438\u0447\u0435\u0441\u043a\u0438\u0445 \u0442\u043e\u0432\u0430\u0440\u043e\u0432, \u0432\u043e\u0437\u043c\u043e\u0436\u043d\u043e\u0441\u0442\u044c \u043e\u0444\u043e\u0440\u043c\u0438\u0442\u044c \u0437\u0430\u043a\u0430\u0437 \u043e\u043d\u043b\u0430\u0439\u043d 24\/7!\" \/>\n<meta property=\"og:url\" content=\"https:\/\/milbaza.lv\/ru\/produkts\/helikon-tex-jaka-infantry-%d1%82%d1%8f%d0%b6%d0%b5%d0%bb%d1%8b%d0%b9-%d1%84%d0%bb%d0%b8%d1%81-%d1%87%d0%b5%d1%80%d0%bd%d1%8b%d0%b9\/\" \/>\n<meta property=\"og:site_name\" content=\"MILBAZA \u2013 viss akt\u012bvai atp\u016btai\" \/>\n<meta property=\"article:publisher\" content=\"https:\/\/www.facebook.com\/profile.php?id=100075399152223\" \/>\n<meta property=\"article:modified_time\" content=\"2026-02-19T15:58:15+00:00\" \/>\n<meta property=\"og:image\" content=\"https:\/\/milbaza.lv\/wp-content\/uploads\/2023\/10\/TB-ECS-CD-35-1-jpg.webp\" \/>\n\t<meta property=\"og:image:width\" content=\"1000\" \/>\n\t<meta property=\"og:image:height\" content=\"1000\" \/>\n\t<meta property=\"og:image:type\" content=\"image\/jpeg\" \/>\n<meta name=\"twitter:card\" content=\"summary_large_image\" \/>\n<script type=\"application\/ld+json\" class=\"yoast-schema-graph\">{\"@context\":\"https:\\\/\\\/schema.org\",\"@graph\":[{\"@type\":\"WebPage\",\"@id\":\"https:\\\/\\\/milbaza.lv\\\/ru\\\/produkts\\\/helikon-tex-jaka-infantry-%d1%82%d1%8f%d0%b6%d0%b5%d0%bb%d1%8b%d0%b9-%d1%84%d0%bb%d0%b8%d1%81-%d1%87%d0%b5%d1%80%d0%bd%d1%8b%d0%b9\\\/\",\"url\":\"https:\\\/\\\/milbaza.lv\\\/ru\\\/produkts\\\/helikon-tex-jaka-infantry-%d1%82%d1%8f%d0%b6%d0%b5%d0%bb%d1%8b%d0%b9-%d1%84%d0%bb%d0%b8%d1%81-%d1%87%d0%b5%d1%80%d0%bd%d1%8b%d0%b9\\\/\",\"name\":\"\u041a\u0423\u0420\u0422\u041a\u0410 HELIKON-TEX INFANTRY\u00ae- HEAVY FLEECE (\u0427\u0415\u0420\u041d\u042b\u0419) - MILBAZA \u2013 viss akt\u012bvai atp\u016btai\",\"isPartOf\":{\"@id\":\"https:\\\/\\\/milbaza.lv\\\/ru\\\/#website\"},\"primaryImageOfPage\":{\"@id\":\"https:\\\/\\\/milbaza.lv\\\/ru\\\/produkts\\\/helikon-tex-jaka-infantry-%d1%82%d1%8f%d0%b6%d0%b5%d0%bb%d1%8b%d0%b9-%d1%84%d0%bb%d0%b8%d1%81-%d1%87%d0%b5%d1%80%d0%bd%d1%8b%d0%b9\\\/#primaryimage\"},\"image\":{\"@id\":\"https:\\\/\\\/milbaza.lv\\\/ru\\\/produkts\\\/helikon-tex-jaka-infantry-%d1%82%d1%8f%d0%b6%d0%b5%d0%bb%d1%8b%d0%b9-%d1%84%d0%bb%d0%b8%d1%81-%d1%87%d0%b5%d1%80%d0%bd%d1%8b%d0%b9\\\/#primaryimage\"},\"thumbnailUrl\":\"https:\\\/\\\/milbaza.lv\\\/wp-content\\\/uploads\\\/2023\\\/10\\\/TB-ECS-CD-35-1-jpg.webp\",\"datePublished\":\"2023-10-20T13:50:47+00:00\",\"dateModified\":\"2026-02-19T15:58:15+00:00\",\"description\":\"\u041a\u0443\u043f\u0438\u0442\u044c HELIKON-TEX JAKA INFANTRY\u00ae- HEAVY FLEECE (BLACK) - \u043e\u0442\u043b\u0438\u0447\u043d\u0430\u044f \u0446\u0435\u043d\u0430 \u0438 \u0434\u043e\u0441\u0442\u0430\u0432\u043a\u0430. \u0418\u043d\u0442\u0435\u0440\u043d\u0435\u0442-\u043c\u0430\u0433\u0430\u0437\u0438\u043d \u0442\u0443\u0440\u0438\u0441\u0442\u0438\u0447\u0435\u0441\u043a\u0438\u0445 \u0442\u043e\u0432\u0430\u0440\u043e\u0432, \u0432\u043e\u0437\u043c\u043e\u0436\u043d\u043e\u0441\u0442\u044c \u043e\u0444\u043e\u0440\u043c\u0438\u0442\u044c \u0437\u0430\u043a\u0430\u0437 \u043e\u043d\u043b\u0430\u0439\u043d 24\\\/7!\",\"breadcrumb\":{\"@id\":\"https:\\\/\\\/milbaza.lv\\\/ru\\\/produkts\\\/helikon-tex-jaka-infantry-%d1%82%d1%8f%d0%b6%d0%b5%d0%bb%d1%8b%d0%b9-%d1%84%d0%bb%d0%b8%d1%81-%d1%87%d0%b5%d1%80%d0%bd%d1%8b%d0%b9\\\/#breadcrumb\"},\"inLanguage\":\"ru-RU\",\"potentialAction\":[{\"@type\":\"ReadAction\",\"target\":[\"https:\\\/\\\/milbaza.lv\\\/ru\\\/produkts\\\/helikon-tex-jaka-infantry-%d1%82%d1%8f%d0%b6%d0%b5%d0%bb%d1%8b%d0%b9-%d1%84%d0%bb%d0%b8%d1%81-%d1%87%d0%b5%d1%80%d0%bd%d1%8b%d0%b9\\\/\"]}]},{\"@type\":\"ImageObject\",\"inLanguage\":\"ru-RU\",\"@id\":\"https:\\\/\\\/milbaza.lv\\\/ru\\\/produkts\\\/helikon-tex-jaka-infantry-%d1%82%d1%8f%d0%b6%d0%b5%d0%bb%d1%8b%d0%b9-%d1%84%d0%bb%d0%b8%d1%81-%d1%87%d0%b5%d1%80%d0%bd%d1%8b%d0%b9\\\/#primaryimage\",\"url\":\"https:\\\/\\\/milbaza.lv\\\/wp-content\\\/uploads\\\/2023\\\/10\\\/TB-ECS-CD-35-1-jpg.webp\",\"contentUrl\":\"https:\\\/\\\/milbaza.lv\\\/wp-content\\\/uploads\\\/2023\\\/10\\\/TB-ECS-CD-35-1-jpg.webp\",\"width\":1000,\"height\":1000},{\"@type\":\"BreadcrumbList\",\"@id\":\"https:\\\/\\\/milbaza.lv\\\/ru\\\/produkts\\\/helikon-tex-jaka-infantry-%d1%82%d1%8f%d0%b6%d0%b5%d0%bb%d1%8b%d0%b9-%d1%84%d0%bb%d0%b8%d1%81-%d1%87%d0%b5%d1%80%d0%bd%d1%8b%d0%b9\\\/#breadcrumb\",\"itemListElement\":[{\"@type\":\"ListItem\",\"position\":1,\"name\":\"Home\",\"item\":\"https:\\\/\\\/milbaza.lv\\\/ru\\\/\"},{\"@type\":\"ListItem\",\"position\":2,\"name\":\"\u041c\u0430\u0433\u0430\u0437\u0438\u043d\",\"item\":\"https:\\\/\\\/milbaza.lv\\\/ru\\\/%d0%bc%d0%b0%d0%b3%d0%b0%d0%b7%d0%b8%d0%bd\\\/\"},{\"@type\":\"ListItem\",\"position\":3,\"name\":\"\u041a\u0423\u0420\u0422\u041a\u0410 HELIKON-TEX INFANTRY\u00ae- HEAVY FLEECE (\u0427\u0415\u0420\u041d\u042b\u0419)\"}]},{\"@type\":\"WebSite\",\"@id\":\"https:\\\/\\\/milbaza.lv\\\/ru\\\/#website\",\"url\":\"https:\\\/\\\/milbaza.lv\\\/ru\\\/\",\"name\":\"MILBAZA \u2013 viss akt\u012bvai atp\u016btai\",\"description\":\"Viss akt\u012bvai atp\u016btai\",\"publisher\":{\"@id\":\"https:\\\/\\\/milbaza.lv\\\/ru\\\/#organization\"},\"potentialAction\":[{\"@type\":\"SearchAction\",\"target\":{\"@type\":\"EntryPoint\",\"urlTemplate\":\"https:\\\/\\\/milbaza.lv\\\/ru\\\/?s={search_term_string}\"},\"query-input\":{\"@type\":\"PropertyValueSpecification\",\"valueRequired\":true,\"valueName\":\"search_term_string\"}}],\"inLanguage\":\"ru-RU\"},{\"@type\":\"Organization\",\"@id\":\"https:\\\/\\\/milbaza.lv\\\/ru\\\/#organization\",\"name\":\"Milbaza\",\"url\":\"https:\\\/\\\/milbaza.lv\\\/ru\\\/\",\"logo\":{\"@type\":\"ImageObject\",\"inLanguage\":\"ru-RU\",\"@id\":\"https:\\\/\\\/milbaza.lv\\\/ru\\\/#\\\/schema\\\/logo\\\/image\\\/\",\"url\":\"https:\\\/\\\/milbaza.lv\\\/wp-content\\\/uploads\\\/2021\\\/11\\\/Mil_BAZA_logo3.png\",\"contentUrl\":\"https:\\\/\\\/milbaza.lv\\\/wp-content\\\/uploads\\\/2021\\\/11\\\/Mil_BAZA_logo3.png\",\"width\":564,\"height\":226,\"caption\":\"Milbaza\"},\"image\":{\"@id\":\"https:\\\/\\\/milbaza.lv\\\/ru\\\/#\\\/schema\\\/logo\\\/image\\\/\"},\"sameAs\":[\"https:\\\/\\\/www.facebook.com\\\/profile.php?id=100075399152223\",\"https:\\\/\\\/www.instagram.com\\\/milbaza.lv\\\/\",\"https:\\\/\\\/www.pinterest.com\\\/milbaza\\\/_saved\\\/\",\"https:\\\/\\\/www.youtube.com\\\/channel\\\/UCrPXltd8hsNIiGAKc37hGfQ\"]}]}<\/script>\n<!-- \/ Yoast SEO plugin. -->","yoast_head_json":{"title":"\u041a\u0423\u0420\u0422\u041a\u0410 HELIKON-TEX INFANTRY\u00ae- HEAVY FLEECE (\u0427\u0415\u0420\u041d\u042b\u0419) - MILBAZA \u2013 viss akt\u012bvai atp\u016btai","description":"\u041a\u0443\u043f\u0438\u0442\u044c HELIKON-TEX JAKA INFANTRY\u00ae- HEAVY FLEECE (BLACK) - \u043e\u0442\u043b\u0438\u0447\u043d\u0430\u044f \u0446\u0435\u043d\u0430 \u0438 \u0434\u043e\u0441\u0442\u0430\u0432\u043a\u0430. \u0418\u043d\u0442\u0435\u0440\u043d\u0435\u0442-\u043c\u0430\u0433\u0430\u0437\u0438\u043d \u0442\u0443\u0440\u0438\u0441\u0442\u0438\u0447\u0435\u0441\u043a\u0438\u0445 \u0442\u043e\u0432\u0430\u0440\u043e\u0432, \u0432\u043e\u0437\u043c\u043e\u0436\u043d\u043e\u0441\u0442\u044c \u043e\u0444\u043e\u0440\u043c\u0438\u0442\u044c \u0437\u0430\u043a\u0430\u0437 \u043e\u043d\u043b\u0430\u0439\u043d 24\/7!","robots":{"index":"index","follow":"follow","max-snippet":"max-snippet:-1","max-image-preview":"max-image-preview:large","max-video-preview":"max-video-preview:-1"},"canonical":"https:\/\/milbaza.lv\/ru\/produkts\/helikon-tex-jaka-infantry-%d1%82%d1%8f%d0%b6%d0%b5%d0%bb%d1%8b%d0%b9-%d1%84%d0%bb%d0%b8%d1%81-%d1%87%d0%b5%d1%80%d0%bd%d1%8b%d0%b9\/","og_locale":"ru_RU","og_type":"article","og_title":"\u041a\u0423\u0420\u0422\u041a\u0410 HELIKON-TEX INFANTRY\u00ae- HEAVY FLEECE (\u0427\u0415\u0420\u041d\u042b\u0419) - MILBAZA \u2013 viss akt\u012bvai atp\u016btai","og_description":"\u041a\u0443\u043f\u0438\u0442\u044c HELIKON-TEX JAKA INFANTRY\u00ae- HEAVY FLEECE (BLACK) - \u043e\u0442\u043b\u0438\u0447\u043d\u0430\u044f \u0446\u0435\u043d\u0430 \u0438 \u0434\u043e\u0441\u0442\u0430\u0432\u043a\u0430. \u0418\u043d\u0442\u0435\u0440\u043d\u0435\u0442-\u043c\u0430\u0433\u0430\u0437\u0438\u043d \u0442\u0443\u0440\u0438\u0441\u0442\u0438\u0447\u0435\u0441\u043a\u0438\u0445 \u0442\u043e\u0432\u0430\u0440\u043e\u0432, \u0432\u043e\u0437\u043c\u043e\u0436\u043d\u043e\u0441\u0442\u044c \u043e\u0444\u043e\u0440\u043c\u0438\u0442\u044c \u0437\u0430\u043a\u0430\u0437 \u043e\u043d\u043b\u0430\u0439\u043d 24\/7!","og_url":"https:\/\/milbaza.lv\/ru\/produkts\/helikon-tex-jaka-infantry-%d1%82%d1%8f%d0%b6%d0%b5%d0%bb%d1%8b%d0%b9-%d1%84%d0%bb%d0%b8%d1%81-%d1%87%d0%b5%d1%80%d0%bd%d1%8b%d0%b9\/","og_site_name":"MILBAZA \u2013 viss akt\u012bvai atp\u016btai","article_publisher":"https:\/\/www.facebook.com\/profile.php?id=100075399152223","article_modified_time":"2026-02-19T15:58:15+00:00","og_image":[{"width":1000,"height":1000,"url":"https:\/\/milbaza.lv\/wp-content\/uploads\/2023\/10\/TB-ECS-CD-35-1-jpg.webp","type":"image\/jpeg"}],"twitter_card":"summary_large_image","schema":{"@context":"https:\/\/schema.org","@graph":[{"@type":"WebPage","@id":"https:\/\/milbaza.lv\/ru\/produkts\/helikon-tex-jaka-infantry-%d1%82%d1%8f%d0%b6%d0%b5%d0%bb%d1%8b%d0%b9-%d1%84%d0%bb%d0%b8%d1%81-%d1%87%d0%b5%d1%80%d0%bd%d1%8b%d0%b9\/","url":"https:\/\/milbaza.lv\/ru\/produkts\/helikon-tex-jaka-infantry-%d1%82%d1%8f%d0%b6%d0%b5%d0%bb%d1%8b%d0%b9-%d1%84%d0%bb%d0%b8%d1%81-%d1%87%d0%b5%d1%80%d0%bd%d1%8b%d0%b9\/","name":"\u041a\u0423\u0420\u0422\u041a\u0410 HELIKON-TEX INFANTRY\u00ae- HEAVY FLEECE (\u0427\u0415\u0420\u041d\u042b\u0419) - MILBAZA \u2013 viss akt\u012bvai atp\u016btai","isPartOf":{"@id":"https:\/\/milbaza.lv\/ru\/#website"},"primaryImageOfPage":{"@id":"https:\/\/milbaza.lv\/ru\/produkts\/helikon-tex-jaka-infantry-%d1%82%d1%8f%d0%b6%d0%b5%d0%bb%d1%8b%d0%b9-%d1%84%d0%bb%d0%b8%d1%81-%d1%87%d0%b5%d1%80%d0%bd%d1%8b%d0%b9\/#primaryimage"},"image":{"@id":"https:\/\/milbaza.lv\/ru\/produkts\/helikon-tex-jaka-infantry-%d1%82%d1%8f%d0%b6%d0%b5%d0%bb%d1%8b%d0%b9-%d1%84%d0%bb%d0%b8%d1%81-%d1%87%d0%b5%d1%80%d0%bd%d1%8b%d0%b9\/#primaryimage"},"thumbnailUrl":"https:\/\/milbaza.lv\/wp-content\/uploads\/2023\/10\/TB-ECS-CD-35-1-jpg.webp","datePublished":"2023-10-20T13:50:47+00:00","dateModified":"2026-02-19T15:58:15+00:00","description":"\u041a\u0443\u043f\u0438\u0442\u044c HELIKON-TEX JAKA INFANTRY\u00ae- HEAVY FLEECE (BLACK) - \u043e\u0442\u043b\u0438\u0447\u043d\u0430\u044f \u0446\u0435\u043d\u0430 \u0438 \u0434\u043e\u0441\u0442\u0430\u0432\u043a\u0430. \u0418\u043d\u0442\u0435\u0440\u043d\u0435\u0442-\u043c\u0430\u0433\u0430\u0437\u0438\u043d \u0442\u0443\u0440\u0438\u0441\u0442\u0438\u0447\u0435\u0441\u043a\u0438\u0445 \u0442\u043e\u0432\u0430\u0440\u043e\u0432, \u0432\u043e\u0437\u043c\u043e\u0436\u043d\u043e\u0441\u0442\u044c \u043e\u0444\u043e\u0440\u043c\u0438\u0442\u044c \u0437\u0430\u043a\u0430\u0437 \u043e\u043d\u043b\u0430\u0439\u043d 24\/7!","breadcrumb":{"@id":"https:\/\/milbaza.lv\/ru\/produkts\/helikon-tex-jaka-infantry-%d1%82%d1%8f%d0%b6%d0%b5%d0%bb%d1%8b%d0%b9-%d1%84%d0%bb%d0%b8%d1%81-%d1%87%d0%b5%d1%80%d0%bd%d1%8b%d0%b9\/#breadcrumb"},"inLanguage":"ru-RU","potentialAction":[{"@type":"ReadAction","target":["https:\/\/milbaza.lv\/ru\/produkts\/helikon-tex-jaka-infantry-%d1%82%d1%8f%d0%b6%d0%b5%d0%bb%d1%8b%d0%b9-%d1%84%d0%bb%d0%b8%d1%81-%d1%87%d0%b5%d1%80%d0%bd%d1%8b%d0%b9\/"]}]},{"@type":"ImageObject","inLanguage":"ru-RU","@id":"https:\/\/milbaza.lv\/ru\/produkts\/helikon-tex-jaka-infantry-%d1%82%d1%8f%d0%b6%d0%b5%d0%bb%d1%8b%d0%b9-%d1%84%d0%bb%d0%b8%d1%81-%d1%87%d0%b5%d1%80%d0%bd%d1%8b%d0%b9\/#primaryimage","url":"https:\/\/milbaza.lv\/wp-content\/uploads\/2023\/10\/TB-ECS-CD-35-1-jpg.webp","contentUrl":"https:\/\/milbaza.lv\/wp-content\/uploads\/2023\/10\/TB-ECS-CD-35-1-jpg.webp","width":1000,"height":1000},{"@type":"BreadcrumbList","@id":"https:\/\/milbaza.lv\/ru\/produkts\/helikon-tex-jaka-infantry-%d1%82%d1%8f%d0%b6%d0%b5%d0%bb%d1%8b%d0%b9-%d1%84%d0%bb%d0%b8%d1%81-%d1%87%d0%b5%d1%80%d0%bd%d1%8b%d0%b9\/#breadcrumb","itemListElement":[{"@type":"ListItem","position":1,"name":"Home","item":"https:\/\/milbaza.lv\/ru\/"},{"@type":"ListItem","position":2,"name":"\u041c\u0430\u0433\u0430\u0437\u0438\u043d","item":"https:\/\/milbaza.lv\/ru\/%d0%bc%d0%b0%d0%b3%d0%b0%d0%b7%d0%b8%d0%bd\/"},{"@type":"ListItem","position":3,"name":"\u041a\u0423\u0420\u0422\u041a\u0410 HELIKON-TEX INFANTRY\u00ae- HEAVY FLEECE (\u0427\u0415\u0420\u041d\u042b\u0419)"}]},{"@type":"WebSite","@id":"https:\/\/milbaza.lv\/ru\/#website","url":"https:\/\/milbaza.lv\/ru\/","name":"MILBAZA \u2013 viss akt\u012bvai atp\u016btai","description":"Viss akt\u012bvai atp\u016btai","publisher":{"@id":"https:\/\/milbaza.lv\/ru\/#organization"},"potentialAction":[{"@type":"SearchAction","target":{"@type":"EntryPoint","urlTemplate":"https:\/\/milbaza.lv\/ru\/?s={search_term_string}"},"query-input":{"@type":"PropertyValueSpecification","valueRequired":true,"valueName":"search_term_string"}}],"inLanguage":"ru-RU"},{"@type":"Organization","@id":"https:\/\/milbaza.lv\/ru\/#organization","name":"Milbaza","url":"https:\/\/milbaza.lv\/ru\/","logo":{"@type":"ImageObject","inLanguage":"ru-RU","@id":"https:\/\/milbaza.lv\/ru\/#\/schema\/logo\/image\/","url":"https:\/\/milbaza.lv\/wp-content\/uploads\/2021\/11\/Mil_BAZA_logo3.png","contentUrl":"https:\/\/milbaza.lv\/wp-content\/uploads\/2021\/11\/Mil_BAZA_logo3.png","width":564,"height":226,"caption":"Milbaza"},"image":{"@id":"https:\/\/milbaza.lv\/ru\/#\/schema\/logo\/image\/"},"sameAs":["https:\/\/www.facebook.com\/profile.php?id=100075399152223","https:\/\/www.instagram.com\/milbaza.lv\/","https:\/\/www.pinterest.com\/milbaza\/_saved\/","https:\/\/www.youtube.com\/channel\/UCrPXltd8hsNIiGAKc37hGfQ"]}]}},"_links":{"self":[{"href":"https:\/\/milbaza.lv\/ru\/wp-json\/wp\/v2\/product\/38268","targetHints":{"allow":["GET"]}}],"collection":[{"href":"https:\/\/milbaza.lv\/ru\/wp-json\/wp\/v2\/product"}],"about":[{"href":"https:\/\/milbaza.lv\/ru\/wp-json\/wp\/v2\/types\/product"}],"replies":[{"embeddable":true,"href":"https:\/\/milbaza.lv\/ru\/wp-json\/wp\/v2\/comments?post=38268"}],"wp:featuredmedia":[{"embeddable":true,"href":"https:\/\/milbaza.lv\/ru\/wp-json\/wp\/v2\/media\/38276"}],"wp:attachment":[{"href":"https:\/\/milbaza.lv\/ru\/wp-json\/wp\/v2\/media?parent=38268"}],"wp:term":[{"taxonomy":"product_brand","embeddable":true,"href":"https:\/\/milbaza.lv\/ru\/wp-json\/wp\/v2\/product_brand?post=38268"},{"taxonomy":"product_cat","embeddable":true,"href":"https:\/\/milbaza.lv\/ru\/wp-json\/wp\/v2\/product_cat?post=38268"},{"taxonomy":"product_tag","embeddable":true,"href":"https:\/\/milbaza.lv\/ru\/wp-json\/wp\/v2\/product_tag?post=38268"}],"curies":[{"name":"wp","href":"https:\/\/api.w.org\/{rel}","templated":true}]}}