{"id":40125,"date":"2023-11-11T10:20:14","date_gmt":"2023-11-11T08:35:56","guid":{"rendered":"https:\/\/milbaza.lv\/?post_type=product&#038;p=40125"},"modified":"2023-11-11T10:36:17","modified_gmt":"2023-11-11T08:36:17","slug":"%d0%bf%d0%b5%d0%bd%d1%82%d0%b0%d0%b3%d0%be%d0%bd-%d1%81%d1%83%d0%bc%d0%be%d1%87%d0%ba%d0%b0-%d0%b4%d0%bb%d1%8f-%d0%bc%d0%b0%d0%b3%d0%b0%d0%b7%d0%b8%d0%bd%d0%b0%d1%85-%d0%ba%d0%b0%d0%bc","status":"publish","type":"product","link":"https:\/\/milbaza.lv\/ru\/produkts\/%d0%bf%d0%b5%d0%bd%d1%82%d0%b0%d0%b3%d0%be%d0%bd-%d1%81%d1%83%d0%bc%d0%be%d1%87%d0%ba%d0%b0-%d0%b4%d0%bb%d1%8f-%d0%bc%d0%b0%d0%b3%d0%b0%d0%b7%d0%b8%d0%bd%d0%b0%d1%85-%d0%ba%d0%b0%d0%bc\/","title":{"rendered":"PENTAGON \u041f\u041e\u0414\u0421\u0423\u041c\u041a\u0410 \u0414\u041b\u042f \u041c\u0410\u0413\u0410\u0417\u0418\u041d\u041e\u0412 ELPIS \u0414\u0412\u041e\u0419\u041d\u0410\u042f &#8211; \u041a\u0410\u041c\u0423\u0424\u041b\u042f\u0416\u041d\u0410\u042f"},"content":{"rendered":"<p>\u0424\u0430\u0441\u043e\u043d\u043d\u0430\u044f \u0440\u0430\u043c\u043a\u0430 \u0442\u043e\u043b\u0449\u0438\u043d\u043e\u0439 3 \u043c\u043c.<\/p>\n<p>\u0421\u043e\u0432\u043c\u0435\u0441\u0442\u0438\u043c \u0441 \u0441\u0438\u0441\u0442\u0435\u043c\u043e\u0439 MOLLE.<\/p>\n<p>\u0410\u043d\u0442\u0438\u0444\u0440\u0438\u043a\u0446\u0438\u043e\u043d\u043d\u0430\u044f \u0432\u0441\u0442\u0430\u0432\u043a\u0430<\/p>\n<p>\u0420\u0435\u0433\u0443\u043b\u0438\u0440\u0443\u0435\u043c\u044b\u0439 \u044d\u043b\u0430\u0441\u0442\u0438\u0447\u043d\u044b\u0439 \u0448\u043d\u0443\u0440 \u0442\u043e\u043b\u0449\u0438\u043d\u043e\u0439 4 \u043c\u043c.<\/p>\n<p>\u0411\u0430\u043d\u0434\u0436\u0438-\u0434\u0435\u0440\u0436\u0430\u0442\u0435\u043b\u044c \u0431\u044b\u0441\u0442\u0440\u043e\u0433\u043e \u0440\u0430\u0437\u0432\u0435\u0440\u0442\u044b\u0432\u0430\u043d\u0438\u044f<\/p>\n<p>\u041f\u043e\u0434\u0445\u043e\u0434\u0438\u0442 \u0434\u043b\u044f \u043c\u0430\u0433\u0430\u0437\u0438\u043d\u043e\u0432 5,56 \u043c\u043c (M16) \u0438 7,62 \u043c\u043c (G3).<\/p>\n<p>\u041c\u0430\u0442\u0435\u0440\u0438\u0430\u043b: 100% \u043d\u0435\u0439\u043b\u043e\u043d, 500D Cordura\u00ae.<\/p>\n<p>\u0420\u0430\u0437\u043c\u0435\u0440\u044b: 8,5 \u0445 11,5 \u0445 5 \u0441\u043c.<\/p>\n","protected":false},"excerpt":{"rendered":"<p><br data-mce-bogus=\"1\"><\/p>\n","protected":false},"featured_media":41095,"comment_status":"open","ping_status":"closed","template":"","meta":{"_acf_changed":false},"product_brand":[],"product_cat":[353,1030,362,363],"product_tag":[],"class_list":{"0":"post-40125","1":"product","2":"type-product","3":"status-publish","4":"has-post-thumbnail","6":"product_cat-353","7":"product_cat-1030","8":"product_cat-362","9":"product_cat-363","11":"first","12":"instock","13":"sale","14":"taxable","15":"shipping-taxable","16":"purchasable","17":"product-type-simple"},"acf":[],"yoast_head":"<!-- This site is optimized with the Yoast SEO plugin v26.7 - https:\/\/yoast.com\/wordpress\/plugins\/seo\/ -->\n<title>PENTAGON \u041f\u041e\u0414\u0421\u0423\u041c\u041a\u0410 \u0414\u041b\u042f \u041c\u0410\u0413\u0410\u0417\u0418\u041d\u041e\u0412 ELPIS \u0414\u0412\u041e\u0419\u041d\u0410\u042f - \u041a\u0410\u041c\u0423\u0424\u041b\u042f\u0416\u041d\u0410\u042f - MILBAZA \u2013 viss akt\u012bvai atp\u016btai<\/title>\n<meta name=\"description\" content=\"\u041a\u0443\u043f\u0438\u0442\u044c \u0421\u0423\u041c\u041e\u0427\u041a\u0410 \u041f\u0415\u041d\u0422\u0410\u0413\u041e\u041d \u041f\u0415\u0420\u0415\u0414 \u041c\u0410\u0413\u0410\u0417\u0418\u041d\u0410\u041c\u0418 - \u041a\u0410\u041c\u0423\u0424\u0422\u0410 \u0445\u043e\u0440\u043e\u0448\u0430\u044f \u0446\u0435\u043d\u0430 \u0441 \u0434\u043e\u0441\u0442\u0430\u0432\u043a\u043e\u0439. \u0418\u043d\u0442\u0435\u0440\u043d\u0435\u0442-\u043c\u0430\u0433\u0430\u0437\u0438\u043d \u0442\u043e\u0432\u0430\u0440\u043e\u0432 \u0434\u043b\u044f \u0442\u0443\u0440\u0438\u0437\u043c\u0430, \u0437\u0430\u043a\u0430\u0437\u044b\u0432\u0430\u0439\u0442\u0435 \u043e\u043d\u043b\u0430\u0439\u043d 24\/7!\" \/>\n<meta name=\"robots\" content=\"index, follow, max-snippet:-1, max-image-preview:large, max-video-preview:-1\" \/>\n<link rel=\"canonical\" href=\"https:\/\/milbaza.lv\/ru\/produkts\/%d0%bf%d0%b5%d0%bd%d1%82%d0%b0%d0%b3%d0%be%d0%bd-%d1%81%d1%83%d0%bc%d0%be%d1%87%d0%ba%d0%b0-%d0%b4%d0%bb%d1%8f-%d0%bc%d0%b0%d0%b3%d0%b0%d0%b7%d0%b8%d0%bd%d0%b0%d1%85-%d0%ba%d0%b0%d0%bc\/\" \/>\n<meta property=\"og:locale\" content=\"ru_RU\" \/>\n<meta property=\"og:type\" content=\"article\" \/>\n<meta property=\"og:title\" content=\"PENTAGON \u041f\u041e\u0414\u0421\u0423\u041c\u041a\u0410 \u0414\u041b\u042f \u041c\u0410\u0413\u0410\u0417\u0418\u041d\u041e\u0412 ELPIS \u0414\u0412\u041e\u0419\u041d\u0410\u042f - \u041a\u0410\u041c\u0423\u0424\u041b\u042f\u0416\u041d\u0410\u042f - MILBAZA \u2013 viss akt\u012bvai atp\u016btai\" \/>\n<meta property=\"og:description\" content=\"\u041a\u0443\u043f\u0438\u0442\u044c \u0421\u0423\u041c\u041e\u0427\u041a\u0410 \u041f\u0415\u041d\u0422\u0410\u0413\u041e\u041d \u041f\u0415\u0420\u0415\u0414 \u041c\u0410\u0413\u0410\u0417\u0418\u041d\u0410\u041c\u0418 - \u041a\u0410\u041c\u0423\u0424\u0422\u0410 \u0445\u043e\u0440\u043e\u0448\u0430\u044f \u0446\u0435\u043d\u0430 \u0441 \u0434\u043e\u0441\u0442\u0430\u0432\u043a\u043e\u0439. \u0418\u043d\u0442\u0435\u0440\u043d\u0435\u0442-\u043c\u0430\u0433\u0430\u0437\u0438\u043d \u0442\u043e\u0432\u0430\u0440\u043e\u0432 \u0434\u043b\u044f \u0442\u0443\u0440\u0438\u0437\u043c\u0430, \u0437\u0430\u043a\u0430\u0437\u044b\u0432\u0430\u0439\u0442\u0435 \u043e\u043d\u043b\u0430\u0439\u043d 24\/7!\" \/>\n<meta property=\"og:url\" content=\"https:\/\/milbaza.lv\/ru\/produkts\/%d0%bf%d0%b5%d0%bd%d1%82%d0%b0%d0%b3%d0%be%d0%bd-%d1%81%d1%83%d0%bc%d0%be%d1%87%d0%ba%d0%b0-%d0%b4%d0%bb%d1%8f-%d0%bc%d0%b0%d0%b3%d0%b0%d0%b7%d0%b8%d0%bd%d0%b0%d1%85-%d0%ba%d0%b0%d0%bc\/\" \/>\n<meta property=\"og:site_name\" content=\"MILBAZA \u2013 viss akt\u012bvai atp\u016btai\" \/>\n<meta property=\"article:publisher\" content=\"https:\/\/www.facebook.com\/profile.php?id=100075399152223\" \/>\n<meta property=\"article:modified_time\" content=\"2023-11-11T08:36:17+00:00\" \/>\n<meta property=\"og:image\" content=\"https:\/\/milbaza.lv\/wp-content\/uploads\/2023\/11\/K17076-56-850x850-1-jpg.webp\" \/>\n\t<meta property=\"og:image:width\" content=\"850\" \/>\n\t<meta property=\"og:image:height\" content=\"850\" \/>\n\t<meta property=\"og:image:type\" content=\"image\/jpeg\" \/>\n<meta name=\"twitter:card\" content=\"summary_large_image\" \/>\n<script type=\"application\/ld+json\" class=\"yoast-schema-graph\">{\"@context\":\"https:\/\/schema.org\",\"@graph\":[{\"@type\":\"WebPage\",\"@id\":\"https:\/\/milbaza.lv\/ru\/produkts\/%d0%bf%d0%b5%d0%bd%d1%82%d0%b0%d0%b3%d0%be%d0%bd-%d1%81%d1%83%d0%bc%d0%be%d1%87%d0%ba%d0%b0-%d0%b4%d0%bb%d1%8f-%d0%bc%d0%b0%d0%b3%d0%b0%d0%b7%d0%b8%d0%bd%d0%b0%d1%85-%d0%ba%d0%b0%d0%bc\/\",\"url\":\"https:\/\/milbaza.lv\/ru\/produkts\/%d0%bf%d0%b5%d0%bd%d1%82%d0%b0%d0%b3%d0%be%d0%bd-%d1%81%d1%83%d0%bc%d0%be%d1%87%d0%ba%d0%b0-%d0%b4%d0%bb%d1%8f-%d0%bc%d0%b0%d0%b3%d0%b0%d0%b7%d0%b8%d0%bd%d0%b0%d1%85-%d0%ba%d0%b0%d0%bc\/\",\"name\":\"PENTAGON \u041f\u041e\u0414\u0421\u0423\u041c\u041a\u0410 \u0414\u041b\u042f \u041c\u0410\u0413\u0410\u0417\u0418\u041d\u041e\u0412 ELPIS \u0414\u0412\u041e\u0419\u041d\u0410\u042f - \u041a\u0410\u041c\u0423\u0424\u041b\u042f\u0416\u041d\u0410\u042f - MILBAZA \u2013 viss akt\u012bvai atp\u016btai\",\"isPartOf\":{\"@id\":\"https:\/\/milbaza.lv\/ru\/#website\"},\"primaryImageOfPage\":{\"@id\":\"https:\/\/milbaza.lv\/ru\/produkts\/%d0%bf%d0%b5%d0%bd%d1%82%d0%b0%d0%b3%d0%be%d0%bd-%d1%81%d1%83%d0%bc%d0%be%d1%87%d0%ba%d0%b0-%d0%b4%d0%bb%d1%8f-%d0%bc%d0%b0%d0%b3%d0%b0%d0%b7%d0%b8%d0%bd%d0%b0%d1%85-%d0%ba%d0%b0%d0%bc\/#primaryimage\"},\"image\":{\"@id\":\"https:\/\/milbaza.lv\/ru\/produkts\/%d0%bf%d0%b5%d0%bd%d1%82%d0%b0%d0%b3%d0%be%d0%bd-%d1%81%d1%83%d0%bc%d0%be%d1%87%d0%ba%d0%b0-%d0%b4%d0%bb%d1%8f-%d0%bc%d0%b0%d0%b3%d0%b0%d0%b7%d0%b8%d0%bd%d0%b0%d1%85-%d0%ba%d0%b0%d0%bc\/#primaryimage\"},\"thumbnailUrl\":\"https:\/\/milbaza.lv\/wp-content\/uploads\/2023\/11\/K17076-56-850x850-1-jpg.webp\",\"datePublished\":\"2023-11-11T08:35:56+00:00\",\"dateModified\":\"2023-11-11T08:36:17+00:00\",\"description\":\"\u041a\u0443\u043f\u0438\u0442\u044c \u0421\u0423\u041c\u041e\u0427\u041a\u0410 \u041f\u0415\u041d\u0422\u0410\u0413\u041e\u041d \u041f\u0415\u0420\u0415\u0414 \u041c\u0410\u0413\u0410\u0417\u0418\u041d\u0410\u041c\u0418 - \u041a\u0410\u041c\u0423\u0424\u0422\u0410 \u0445\u043e\u0440\u043e\u0448\u0430\u044f \u0446\u0435\u043d\u0430 \u0441 \u0434\u043e\u0441\u0442\u0430\u0432\u043a\u043e\u0439. \u0418\u043d\u0442\u0435\u0440\u043d\u0435\u0442-\u043c\u0430\u0433\u0430\u0437\u0438\u043d \u0442\u043e\u0432\u0430\u0440\u043e\u0432 \u0434\u043b\u044f \u0442\u0443\u0440\u0438\u0437\u043c\u0430, \u0437\u0430\u043a\u0430\u0437\u044b\u0432\u0430\u0439\u0442\u0435 \u043e\u043d\u043b\u0430\u0439\u043d 24\/7!\",\"breadcrumb\":{\"@id\":\"https:\/\/milbaza.lv\/ru\/produkts\/%d0%bf%d0%b5%d0%bd%d1%82%d0%b0%d0%b3%d0%be%d0%bd-%d1%81%d1%83%d0%bc%d0%be%d1%87%d0%ba%d0%b0-%d0%b4%d0%bb%d1%8f-%d0%bc%d0%b0%d0%b3%d0%b0%d0%b7%d0%b8%d0%bd%d0%b0%d1%85-%d0%ba%d0%b0%d0%bc\/#breadcrumb\"},\"inLanguage\":\"ru-RU\",\"potentialAction\":[{\"@type\":\"ReadAction\",\"target\":[\"https:\/\/milbaza.lv\/ru\/produkts\/%d0%bf%d0%b5%d0%bd%d1%82%d0%b0%d0%b3%d0%be%d0%bd-%d1%81%d1%83%d0%bc%d0%be%d1%87%d0%ba%d0%b0-%d0%b4%d0%bb%d1%8f-%d0%bc%d0%b0%d0%b3%d0%b0%d0%b7%d0%b8%d0%bd%d0%b0%d1%85-%d0%ba%d0%b0%d0%bc\/\"]}]},{\"@type\":\"ImageObject\",\"inLanguage\":\"ru-RU\",\"@id\":\"https:\/\/milbaza.lv\/ru\/produkts\/%d0%bf%d0%b5%d0%bd%d1%82%d0%b0%d0%b3%d0%be%d0%bd-%d1%81%d1%83%d0%bc%d0%be%d1%87%d0%ba%d0%b0-%d0%b4%d0%bb%d1%8f-%d0%bc%d0%b0%d0%b3%d0%b0%d0%b7%d0%b8%d0%bd%d0%b0%d1%85-%d0%ba%d0%b0%d0%bc\/#primaryimage\",\"url\":\"https:\/\/milbaza.lv\/wp-content\/uploads\/2023\/11\/K17076-56-850x850-1-jpg.webp\",\"contentUrl\":\"https:\/\/milbaza.lv\/wp-content\/uploads\/2023\/11\/K17076-56-850x850-1-jpg.webp\",\"width\":850,\"height\":850},{\"@type\":\"BreadcrumbList\",\"@id\":\"https:\/\/milbaza.lv\/ru\/produkts\/%d0%bf%d0%b5%d0%bd%d1%82%d0%b0%d0%b3%d0%be%d0%bd-%d1%81%d1%83%d0%bc%d0%be%d1%87%d0%ba%d0%b0-%d0%b4%d0%bb%d1%8f-%d0%bc%d0%b0%d0%b3%d0%b0%d0%b7%d0%b8%d0%bd%d0%b0%d1%85-%d0%ba%d0%b0%d0%bc\/#breadcrumb\",\"itemListElement\":[{\"@type\":\"ListItem\",\"position\":1,\"name\":\"Home\",\"item\":\"https:\/\/milbaza.lv\/ru\/\"},{\"@type\":\"ListItem\",\"position\":2,\"name\":\"\u041c\u0430\u0433\u0430\u0437\u0438\u043d\",\"item\":\"https:\/\/milbaza.lv\/ru\/%d0%bc%d0%b0%d0%b3%d0%b0%d0%b7%d0%b8%d0%bd\/\"},{\"@type\":\"ListItem\",\"position\":3,\"name\":\"PENTAGON \u041f\u041e\u0414\u0421\u0423\u041c\u041a\u0410 \u0414\u041b\u042f \u041c\u0410\u0413\u0410\u0417\u0418\u041d\u041e\u0412 ELPIS \u0414\u0412\u041e\u0419\u041d\u0410\u042f &#8211; \u041a\u0410\u041c\u0423\u0424\u041b\u042f\u0416\u041d\u0410\u042f\"}]},{\"@type\":\"WebSite\",\"@id\":\"https:\/\/milbaza.lv\/ru\/#website\",\"url\":\"https:\/\/milbaza.lv\/ru\/\",\"name\":\"MILBAZA \u2013 viss akt\u012bvai atp\u016btai\",\"description\":\"Viss akt\u012bvai atp\u016btai\",\"publisher\":{\"@id\":\"https:\/\/milbaza.lv\/ru\/#organization\"},\"potentialAction\":[{\"@type\":\"SearchAction\",\"target\":{\"@type\":\"EntryPoint\",\"urlTemplate\":\"https:\/\/milbaza.lv\/ru\/?s={search_term_string}\"},\"query-input\":{\"@type\":\"PropertyValueSpecification\",\"valueRequired\":true,\"valueName\":\"search_term_string\"}}],\"inLanguage\":\"ru-RU\"},{\"@type\":\"Organization\",\"@id\":\"https:\/\/milbaza.lv\/ru\/#organization\",\"name\":\"Milbaza\",\"url\":\"https:\/\/milbaza.lv\/ru\/\",\"logo\":{\"@type\":\"ImageObject\",\"inLanguage\":\"ru-RU\",\"@id\":\"https:\/\/milbaza.lv\/ru\/#\/schema\/logo\/image\/\",\"url\":\"https:\/\/milbaza.lv\/wp-content\/uploads\/2021\/11\/Mil_BAZA_logo3.png\",\"contentUrl\":\"https:\/\/milbaza.lv\/wp-content\/uploads\/2021\/11\/Mil_BAZA_logo3.png\",\"width\":564,\"height\":226,\"caption\":\"Milbaza\"},\"image\":{\"@id\":\"https:\/\/milbaza.lv\/ru\/#\/schema\/logo\/image\/\"},\"sameAs\":[\"https:\/\/www.facebook.com\/profile.php?id=100075399152223\",\"https:\/\/www.instagram.com\/milbaza.lv\/\",\"https:\/\/www.pinterest.com\/milbaza\/_saved\/\",\"https:\/\/www.youtube.com\/channel\/UCrPXltd8hsNIiGAKc37hGfQ\"]}]}<\/script>\n<!-- \/ Yoast SEO plugin. -->","yoast_head_json":{"title":"PENTAGON \u041f\u041e\u0414\u0421\u0423\u041c\u041a\u0410 \u0414\u041b\u042f \u041c\u0410\u0413\u0410\u0417\u0418\u041d\u041e\u0412 ELPIS \u0414\u0412\u041e\u0419\u041d\u0410\u042f - \u041a\u0410\u041c\u0423\u0424\u041b\u042f\u0416\u041d\u0410\u042f - MILBAZA \u2013 viss akt\u012bvai atp\u016btai","description":"\u041a\u0443\u043f\u0438\u0442\u044c \u0421\u0423\u041c\u041e\u0427\u041a\u0410 \u041f\u0415\u041d\u0422\u0410\u0413\u041e\u041d \u041f\u0415\u0420\u0415\u0414 \u041c\u0410\u0413\u0410\u0417\u0418\u041d\u0410\u041c\u0418 - \u041a\u0410\u041c\u0423\u0424\u0422\u0410 \u0445\u043e\u0440\u043e\u0448\u0430\u044f \u0446\u0435\u043d\u0430 \u0441 \u0434\u043e\u0441\u0442\u0430\u0432\u043a\u043e\u0439. \u0418\u043d\u0442\u0435\u0440\u043d\u0435\u0442-\u043c\u0430\u0433\u0430\u0437\u0438\u043d \u0442\u043e\u0432\u0430\u0440\u043e\u0432 \u0434\u043b\u044f \u0442\u0443\u0440\u0438\u0437\u043c\u0430, \u0437\u0430\u043a\u0430\u0437\u044b\u0432\u0430\u0439\u0442\u0435 \u043e\u043d\u043b\u0430\u0439\u043d 24\/7!","robots":{"index":"index","follow":"follow","max-snippet":"max-snippet:-1","max-image-preview":"max-image-preview:large","max-video-preview":"max-video-preview:-1"},"canonical":"https:\/\/milbaza.lv\/ru\/produkts\/%d0%bf%d0%b5%d0%bd%d1%82%d0%b0%d0%b3%d0%be%d0%bd-%d1%81%d1%83%d0%bc%d0%be%d1%87%d0%ba%d0%b0-%d0%b4%d0%bb%d1%8f-%d0%bc%d0%b0%d0%b3%d0%b0%d0%b7%d0%b8%d0%bd%d0%b0%d1%85-%d0%ba%d0%b0%d0%bc\/","og_locale":"ru_RU","og_type":"article","og_title":"PENTAGON \u041f\u041e\u0414\u0421\u0423\u041c\u041a\u0410 \u0414\u041b\u042f \u041c\u0410\u0413\u0410\u0417\u0418\u041d\u041e\u0412 ELPIS \u0414\u0412\u041e\u0419\u041d\u0410\u042f - \u041a\u0410\u041c\u0423\u0424\u041b\u042f\u0416\u041d\u0410\u042f - MILBAZA \u2013 viss akt\u012bvai atp\u016btai","og_description":"\u041a\u0443\u043f\u0438\u0442\u044c \u0421\u0423\u041c\u041e\u0427\u041a\u0410 \u041f\u0415\u041d\u0422\u0410\u0413\u041e\u041d \u041f\u0415\u0420\u0415\u0414 \u041c\u0410\u0413\u0410\u0417\u0418\u041d\u0410\u041c\u0418 - \u041a\u0410\u041c\u0423\u0424\u0422\u0410 \u0445\u043e\u0440\u043e\u0448\u0430\u044f \u0446\u0435\u043d\u0430 \u0441 \u0434\u043e\u0441\u0442\u0430\u0432\u043a\u043e\u0439. \u0418\u043d\u0442\u0435\u0440\u043d\u0435\u0442-\u043c\u0430\u0433\u0430\u0437\u0438\u043d \u0442\u043e\u0432\u0430\u0440\u043e\u0432 \u0434\u043b\u044f \u0442\u0443\u0440\u0438\u0437\u043c\u0430, \u0437\u0430\u043a\u0430\u0437\u044b\u0432\u0430\u0439\u0442\u0435 \u043e\u043d\u043b\u0430\u0439\u043d 24\/7!","og_url":"https:\/\/milbaza.lv\/ru\/produkts\/%d0%bf%d0%b5%d0%bd%d1%82%d0%b0%d0%b3%d0%be%d0%bd-%d1%81%d1%83%d0%bc%d0%be%d1%87%d0%ba%d0%b0-%d0%b4%d0%bb%d1%8f-%d0%bc%d0%b0%d0%b3%d0%b0%d0%b7%d0%b8%d0%bd%d0%b0%d1%85-%d0%ba%d0%b0%d0%bc\/","og_site_name":"MILBAZA \u2013 viss akt\u012bvai atp\u016btai","article_publisher":"https:\/\/www.facebook.com\/profile.php?id=100075399152223","article_modified_time":"2023-11-11T08:36:17+00:00","og_image":[{"width":850,"height":850,"url":"https:\/\/milbaza.lv\/wp-content\/uploads\/2023\/11\/K17076-56-850x850-1-jpg.webp","type":"image\/jpeg"}],"twitter_card":"summary_large_image","schema":{"@context":"https:\/\/schema.org","@graph":[{"@type":"WebPage","@id":"https:\/\/milbaza.lv\/ru\/produkts\/%d0%bf%d0%b5%d0%bd%d1%82%d0%b0%d0%b3%d0%be%d0%bd-%d1%81%d1%83%d0%bc%d0%be%d1%87%d0%ba%d0%b0-%d0%b4%d0%bb%d1%8f-%d0%bc%d0%b0%d0%b3%d0%b0%d0%b7%d0%b8%d0%bd%d0%b0%d1%85-%d0%ba%d0%b0%d0%bc\/","url":"https:\/\/milbaza.lv\/ru\/produkts\/%d0%bf%d0%b5%d0%bd%d1%82%d0%b0%d0%b3%d0%be%d0%bd-%d1%81%d1%83%d0%bc%d0%be%d1%87%d0%ba%d0%b0-%d0%b4%d0%bb%d1%8f-%d0%bc%d0%b0%d0%b3%d0%b0%d0%b7%d0%b8%d0%bd%d0%b0%d1%85-%d0%ba%d0%b0%d0%bc\/","name":"PENTAGON \u041f\u041e\u0414\u0421\u0423\u041c\u041a\u0410 \u0414\u041b\u042f \u041c\u0410\u0413\u0410\u0417\u0418\u041d\u041e\u0412 ELPIS \u0414\u0412\u041e\u0419\u041d\u0410\u042f - \u041a\u0410\u041c\u0423\u0424\u041b\u042f\u0416\u041d\u0410\u042f - MILBAZA \u2013 viss akt\u012bvai atp\u016btai","isPartOf":{"@id":"https:\/\/milbaza.lv\/ru\/#website"},"primaryImageOfPage":{"@id":"https:\/\/milbaza.lv\/ru\/produkts\/%d0%bf%d0%b5%d0%bd%d1%82%d0%b0%d0%b3%d0%be%d0%bd-%d1%81%d1%83%d0%bc%d0%be%d1%87%d0%ba%d0%b0-%d0%b4%d0%bb%d1%8f-%d0%bc%d0%b0%d0%b3%d0%b0%d0%b7%d0%b8%d0%bd%d0%b0%d1%85-%d0%ba%d0%b0%d0%bc\/#primaryimage"},"image":{"@id":"https:\/\/milbaza.lv\/ru\/produkts\/%d0%bf%d0%b5%d0%bd%d1%82%d0%b0%d0%b3%d0%be%d0%bd-%d1%81%d1%83%d0%bc%d0%be%d1%87%d0%ba%d0%b0-%d0%b4%d0%bb%d1%8f-%d0%bc%d0%b0%d0%b3%d0%b0%d0%b7%d0%b8%d0%bd%d0%b0%d1%85-%d0%ba%d0%b0%d0%bc\/#primaryimage"},"thumbnailUrl":"https:\/\/milbaza.lv\/wp-content\/uploads\/2023\/11\/K17076-56-850x850-1-jpg.webp","datePublished":"2023-11-11T08:35:56+00:00","dateModified":"2023-11-11T08:36:17+00:00","description":"\u041a\u0443\u043f\u0438\u0442\u044c \u0421\u0423\u041c\u041e\u0427\u041a\u0410 \u041f\u0415\u041d\u0422\u0410\u0413\u041e\u041d \u041f\u0415\u0420\u0415\u0414 \u041c\u0410\u0413\u0410\u0417\u0418\u041d\u0410\u041c\u0418 - \u041a\u0410\u041c\u0423\u0424\u0422\u0410 \u0445\u043e\u0440\u043e\u0448\u0430\u044f \u0446\u0435\u043d\u0430 \u0441 \u0434\u043e\u0441\u0442\u0430\u0432\u043a\u043e\u0439. \u0418\u043d\u0442\u0435\u0440\u043d\u0435\u0442-\u043c\u0430\u0433\u0430\u0437\u0438\u043d \u0442\u043e\u0432\u0430\u0440\u043e\u0432 \u0434\u043b\u044f \u0442\u0443\u0440\u0438\u0437\u043c\u0430, \u0437\u0430\u043a\u0430\u0437\u044b\u0432\u0430\u0439\u0442\u0435 \u043e\u043d\u043b\u0430\u0439\u043d 24\/7!","breadcrumb":{"@id":"https:\/\/milbaza.lv\/ru\/produkts\/%d0%bf%d0%b5%d0%bd%d1%82%d0%b0%d0%b3%d0%be%d0%bd-%d1%81%d1%83%d0%bc%d0%be%d1%87%d0%ba%d0%b0-%d0%b4%d0%bb%d1%8f-%d0%bc%d0%b0%d0%b3%d0%b0%d0%b7%d0%b8%d0%bd%d0%b0%d1%85-%d0%ba%d0%b0%d0%bc\/#breadcrumb"},"inLanguage":"ru-RU","potentialAction":[{"@type":"ReadAction","target":["https:\/\/milbaza.lv\/ru\/produkts\/%d0%bf%d0%b5%d0%bd%d1%82%d0%b0%d0%b3%d0%be%d0%bd-%d1%81%d1%83%d0%bc%d0%be%d1%87%d0%ba%d0%b0-%d0%b4%d0%bb%d1%8f-%d0%bc%d0%b0%d0%b3%d0%b0%d0%b7%d0%b8%d0%bd%d0%b0%d1%85-%d0%ba%d0%b0%d0%bc\/"]}]},{"@type":"ImageObject","inLanguage":"ru-RU","@id":"https:\/\/milbaza.lv\/ru\/produkts\/%d0%bf%d0%b5%d0%bd%d1%82%d0%b0%d0%b3%d0%be%d0%bd-%d1%81%d1%83%d0%bc%d0%be%d1%87%d0%ba%d0%b0-%d0%b4%d0%bb%d1%8f-%d0%bc%d0%b0%d0%b3%d0%b0%d0%b7%d0%b8%d0%bd%d0%b0%d1%85-%d0%ba%d0%b0%d0%bc\/#primaryimage","url":"https:\/\/milbaza.lv\/wp-content\/uploads\/2023\/11\/K17076-56-850x850-1-jpg.webp","contentUrl":"https:\/\/milbaza.lv\/wp-content\/uploads\/2023\/11\/K17076-56-850x850-1-jpg.webp","width":850,"height":850},{"@type":"BreadcrumbList","@id":"https:\/\/milbaza.lv\/ru\/produkts\/%d0%bf%d0%b5%d0%bd%d1%82%d0%b0%d0%b3%d0%be%d0%bd-%d1%81%d1%83%d0%bc%d0%be%d1%87%d0%ba%d0%b0-%d0%b4%d0%bb%d1%8f-%d0%bc%d0%b0%d0%b3%d0%b0%d0%b7%d0%b8%d0%bd%d0%b0%d1%85-%d0%ba%d0%b0%d0%bc\/#breadcrumb","itemListElement":[{"@type":"ListItem","position":1,"name":"Home","item":"https:\/\/milbaza.lv\/ru\/"},{"@type":"ListItem","position":2,"name":"\u041c\u0430\u0433\u0430\u0437\u0438\u043d","item":"https:\/\/milbaza.lv\/ru\/%d0%bc%d0%b0%d0%b3%d0%b0%d0%b7%d0%b8%d0%bd\/"},{"@type":"ListItem","position":3,"name":"PENTAGON \u041f\u041e\u0414\u0421\u0423\u041c\u041a\u0410 \u0414\u041b\u042f \u041c\u0410\u0413\u0410\u0417\u0418\u041d\u041e\u0412 ELPIS \u0414\u0412\u041e\u0419\u041d\u0410\u042f &#8211; \u041a\u0410\u041c\u0423\u0424\u041b\u042f\u0416\u041d\u0410\u042f"}]},{"@type":"WebSite","@id":"https:\/\/milbaza.lv\/ru\/#website","url":"https:\/\/milbaza.lv\/ru\/","name":"MILBAZA \u2013 viss akt\u012bvai atp\u016btai","description":"Viss akt\u012bvai atp\u016btai","publisher":{"@id":"https:\/\/milbaza.lv\/ru\/#organization"},"potentialAction":[{"@type":"SearchAction","target":{"@type":"EntryPoint","urlTemplate":"https:\/\/milbaza.lv\/ru\/?s={search_term_string}"},"query-input":{"@type":"PropertyValueSpecification","valueRequired":true,"valueName":"search_term_string"}}],"inLanguage":"ru-RU"},{"@type":"Organization","@id":"https:\/\/milbaza.lv\/ru\/#organization","name":"Milbaza","url":"https:\/\/milbaza.lv\/ru\/","logo":{"@type":"ImageObject","inLanguage":"ru-RU","@id":"https:\/\/milbaza.lv\/ru\/#\/schema\/logo\/image\/","url":"https:\/\/milbaza.lv\/wp-content\/uploads\/2021\/11\/Mil_BAZA_logo3.png","contentUrl":"https:\/\/milbaza.lv\/wp-content\/uploads\/2021\/11\/Mil_BAZA_logo3.png","width":564,"height":226,"caption":"Milbaza"},"image":{"@id":"https:\/\/milbaza.lv\/ru\/#\/schema\/logo\/image\/"},"sameAs":["https:\/\/www.facebook.com\/profile.php?id=100075399152223","https:\/\/www.instagram.com\/milbaza.lv\/","https:\/\/www.pinterest.com\/milbaza\/_saved\/","https:\/\/www.youtube.com\/channel\/UCrPXltd8hsNIiGAKc37hGfQ"]}]}},"_links":{"self":[{"href":"https:\/\/milbaza.lv\/ru\/wp-json\/wp\/v2\/product\/40125","targetHints":{"allow":["GET"]}}],"collection":[{"href":"https:\/\/milbaza.lv\/ru\/wp-json\/wp\/v2\/product"}],"about":[{"href":"https:\/\/milbaza.lv\/ru\/wp-json\/wp\/v2\/types\/product"}],"replies":[{"embeddable":true,"href":"https:\/\/milbaza.lv\/ru\/wp-json\/wp\/v2\/comments?post=40125"}],"wp:featuredmedia":[{"embeddable":true,"href":"https:\/\/milbaza.lv\/ru\/wp-json\/wp\/v2\/media\/41095"}],"wp:attachment":[{"href":"https:\/\/milbaza.lv\/ru\/wp-json\/wp\/v2\/media?parent=40125"}],"wp:term":[{"taxonomy":"product_brand","embeddable":true,"href":"https:\/\/milbaza.lv\/ru\/wp-json\/wp\/v2\/product_brand?post=40125"},{"taxonomy":"product_cat","embeddable":true,"href":"https:\/\/milbaza.lv\/ru\/wp-json\/wp\/v2\/product_cat?post=40125"},{"taxonomy":"product_tag","embeddable":true,"href":"https:\/\/milbaza.lv\/ru\/wp-json\/wp\/v2\/product_tag?post=40125"}],"curies":[{"name":"wp","href":"https:\/\/api.w.org\/{rel}","templated":true}]}}