{"id":4016,"date":"2022-02-21T11:44:00","date_gmt":"2022-02-21T09:44:00","guid":{"rendered":"https:\/\/milbaza.lv\/?post_type=product&#038;p=4016"},"modified":"2023-11-21T18:45:28","modified_gmt":"2023-11-21T16:45:28","slug":"ziemas-maskesanas-kostims-mezs","status":"publish","type":"product","link":"https:\/\/milbaza.lv\/ru\/produkts\/ziemas-maskesanas-kostims-mezs\/","title":{"rendered":"Ziemas mask\u0113\u0161an\u0101s kost\u012bms &#8220;Me\u017es&#8221;"},"content":{"rendered":"<p>Kost\u012bms sast\u0101v no jakas un biks\u0113m.<br \/>\nKamufl\u0101\u017eas kost\u012bms ir izgatavots no viegla un iztur\u012bga neilona.<\/p>\n<p>Viegls svars \u013cauj to \u0113rti pa\u0146emt l\u012bdzi speci\u0101l\u0101 som\u0101, l\u012bdz tas b\u016bs nepiecie\u0161ams.<\/p>\n<p>\u2013 jaka \u2013 anoraka ar kapuci regul\u0113jamu atbilsto\u0161i sejas ov\u0101lam<br \/>\n&#8211; piedurk\u0146u, jaku un bik\u0161u apak\u0161da\u013ca ar elast\u012bg\u0101m lent\u0113m<br \/>\n&#8211; br\u012bva pieeja dr\u0113bju kabat\u0101m iek\u0161pus\u0113 caur bik\u0161u kabat\u0101m<br \/>\n\u2013 Uzvalkam komplekt\u0101 ir kompakta soma<br \/>\n&#8211; ide\u0101ls ziemas mask\u0113jums<\/p>\n<p>Materi\u0101ls: 100% neilons<br \/>\nSvars: 270 gr<\/p>\n","protected":false},"excerpt":{"rendered":"<p>Kost\u012bms sast\u0101v no jakas un biks\u0113m. Kamufl\u0101\u017eas kost\u012bms ir izgatavots no viegla un iztur\u012bga neilona. Viegls svars \u013cauj to \u0113rti pa\u0146emt l\u012bdzi speci\u0101l\u0101 som\u0101, l\u012bdz tas b\u016bs nepiecie\u0161ams. \u2013 jaka \u2013 anoraka ar kapuci regul\u0113jamu atbilsto\u0161i sejas ov\u0101lam &#8211; piedurk\u0146u, jaku un bik\u0161u apak\u0161da\u013ca ar elast\u012bg\u0101m lent\u0113m &#8211; br\u012bva pieeja dr\u0113bju kabat\u0101m iek\u0161pus\u0113 caur bik\u0161u [&#8230;]\n","protected":false},"featured_media":4017,"comment_status":"open","ping_status":"closed","template":"","meta":{"_acf_changed":false},"product_brand":[],"product_cat":[228,24],"product_tag":[],"class_list":{"0":"post-4016","1":"product","2":"type-product","3":"status-publish","4":"has-post-thumbnail","6":"product_cat-kostimi","7":"product_cat-apgerbi","9":"first","10":"outofstock","11":"taxable","12":"shipping-taxable","13":"purchasable","14":"product-type-variable"},"acf":[],"yoast_head":"<!-- This site is optimized with the Yoast SEO plugin v26.7 - https:\/\/yoast.com\/wordpress\/plugins\/seo\/ -->\n<title>Ziemas mask\u0113\u0161an\u0101s kost\u012bms &quot;Me\u017es&quot; - MILBAZA \u2013 viss akt\u012bvai atp\u016btai<\/title>\n<meta name=\"description\" content=\"Nopirkt Ziemas mask\u0113\u0161an\u0101s kost\u012bms &quot;Me\u017es&quot; , izdev\u012bga cena un pieg\u0101de. T\u016brisma pre\u010du interneta veikals, pas\u016bt\u012bt online 24\/7!\" \/>\n<meta name=\"robots\" content=\"index, follow, max-snippet:-1, max-image-preview:large, max-video-preview:-1\" \/>\n<link rel=\"canonical\" href=\"https:\/\/milbaza.lv\/ru\/produkts\/ziemas-maskesanas-kostims-mezs\/\" \/>\n<meta property=\"og:locale\" content=\"ru_RU\" \/>\n<meta property=\"og:type\" content=\"article\" \/>\n<meta property=\"og:title\" content=\"Ziemas mask\u0113\u0161an\u0101s kost\u012bms &quot;Me\u017es&quot; - MILBAZA \u2013 viss akt\u012bvai atp\u016btai\" \/>\n<meta property=\"og:description\" content=\"Nopirkt Ziemas mask\u0113\u0161an\u0101s kost\u012bms &quot;Me\u017es&quot; , izdev\u012bga cena un pieg\u0101de. T\u016brisma pre\u010du interneta veikals, pas\u016bt\u012bt online 24\/7!\" \/>\n<meta property=\"og:url\" content=\"https:\/\/milbaza.lv\/ru\/produkts\/ziemas-maskesanas-kostims-mezs\/\" \/>\n<meta property=\"og:site_name\" content=\"MILBAZA \u2013 viss akt\u012bvai atp\u016btai\" \/>\n<meta property=\"article:publisher\" content=\"https:\/\/www.facebook.com\/profile.php?id=100075399152223\" \/>\n<meta property=\"article:modified_time\" content=\"2023-11-21T16:45:28+00:00\" \/>\n<meta property=\"og:image\" content=\"https:\/\/milbaza.lv\/wp-content\/uploads\/2022\/02\/6e5c17e8-881e-11ec-8fb1-00155dd95b07_fc04b033-881f-11ec-8fb1-00155dd95b07-1.jpg\" \/>\n\t<meta property=\"og:image:width\" content=\"640\" \/>\n\t<meta property=\"og:image:height\" content=\"640\" \/>\n\t<meta property=\"og:image:type\" content=\"image\/jpeg\" \/>\n<meta name=\"twitter:card\" content=\"summary_large_image\" \/>\n<script type=\"application\/ld+json\" class=\"yoast-schema-graph\">{\"@context\":\"https:\/\/schema.org\",\"@graph\":[{\"@type\":\"WebPage\",\"@id\":\"https:\/\/milbaza.lv\/ru\/produkts\/ziemas-maskesanas-kostims-mezs\/\",\"url\":\"https:\/\/milbaza.lv\/ru\/produkts\/ziemas-maskesanas-kostims-mezs\/\",\"name\":\"Ziemas mask\u0113\u0161an\u0101s kost\u012bms \\\"Me\u017es\\\" - MILBAZA \u2013 viss akt\u012bvai atp\u016btai\",\"isPartOf\":{\"@id\":\"https:\/\/milbaza.lv\/ru\/#website\"},\"primaryImageOfPage\":{\"@id\":\"https:\/\/milbaza.lv\/ru\/produkts\/ziemas-maskesanas-kostims-mezs\/#primaryimage\"},\"image\":{\"@id\":\"https:\/\/milbaza.lv\/ru\/produkts\/ziemas-maskesanas-kostims-mezs\/#primaryimage\"},\"thumbnailUrl\":\"https:\/\/milbaza.lv\/wp-content\/uploads\/2022\/02\/6e5c17e8-881e-11ec-8fb1-00155dd95b07_fc04b033-881f-11ec-8fb1-00155dd95b07-1.jpg\",\"datePublished\":\"2022-02-21T09:44:00+00:00\",\"dateModified\":\"2023-11-21T16:45:28+00:00\",\"description\":\"Nopirkt Ziemas mask\u0113\u0161an\u0101s kost\u012bms \\\"Me\u017es\\\" , izdev\u012bga cena un pieg\u0101de. T\u016brisma pre\u010du interneta veikals, pas\u016bt\u012bt online 24\/7!\",\"breadcrumb\":{\"@id\":\"https:\/\/milbaza.lv\/ru\/produkts\/ziemas-maskesanas-kostims-mezs\/#breadcrumb\"},\"inLanguage\":\"ru-RU\",\"potentialAction\":[{\"@type\":\"ReadAction\",\"target\":[\"https:\/\/milbaza.lv\/ru\/produkts\/ziemas-maskesanas-kostims-mezs\/\"]}]},{\"@type\":\"ImageObject\",\"inLanguage\":\"ru-RU\",\"@id\":\"https:\/\/milbaza.lv\/ru\/produkts\/ziemas-maskesanas-kostims-mezs\/#primaryimage\",\"url\":\"https:\/\/milbaza.lv\/wp-content\/uploads\/2022\/02\/6e5c17e8-881e-11ec-8fb1-00155dd95b07_fc04b033-881f-11ec-8fb1-00155dd95b07-1.jpg\",\"contentUrl\":\"https:\/\/milbaza.lv\/wp-content\/uploads\/2022\/02\/6e5c17e8-881e-11ec-8fb1-00155dd95b07_fc04b033-881f-11ec-8fb1-00155dd95b07-1.jpg\",\"width\":640,\"height\":640},{\"@type\":\"BreadcrumbList\",\"@id\":\"https:\/\/milbaza.lv\/ru\/produkts\/ziemas-maskesanas-kostims-mezs\/#breadcrumb\",\"itemListElement\":[{\"@type\":\"ListItem\",\"position\":1,\"name\":\"Home\",\"item\":\"https:\/\/milbaza.lv\/ru\/\"},{\"@type\":\"ListItem\",\"position\":2,\"name\":\"\u041c\u0430\u0433\u0430\u0437\u0438\u043d\",\"item\":\"https:\/\/milbaza.lv\/ru\/%d0%bc%d0%b0%d0%b3%d0%b0%d0%b7%d0%b8%d0%bd\/\"},{\"@type\":\"ListItem\",\"position\":3,\"name\":\"Ziemas mask\u0113\u0161an\u0101s kost\u012bms &#8220;Me\u017es&#8221;\"}]},{\"@type\":\"WebSite\",\"@id\":\"https:\/\/milbaza.lv\/ru\/#website\",\"url\":\"https:\/\/milbaza.lv\/ru\/\",\"name\":\"MILBAZA \u2013 viss akt\u012bvai atp\u016btai\",\"description\":\"Viss akt\u012bvai atp\u016btai\",\"publisher\":{\"@id\":\"https:\/\/milbaza.lv\/ru\/#organization\"},\"potentialAction\":[{\"@type\":\"SearchAction\",\"target\":{\"@type\":\"EntryPoint\",\"urlTemplate\":\"https:\/\/milbaza.lv\/ru\/?s={search_term_string}\"},\"query-input\":{\"@type\":\"PropertyValueSpecification\",\"valueRequired\":true,\"valueName\":\"search_term_string\"}}],\"inLanguage\":\"ru-RU\"},{\"@type\":\"Organization\",\"@id\":\"https:\/\/milbaza.lv\/ru\/#organization\",\"name\":\"Milbaza\",\"url\":\"https:\/\/milbaza.lv\/ru\/\",\"logo\":{\"@type\":\"ImageObject\",\"inLanguage\":\"ru-RU\",\"@id\":\"https:\/\/milbaza.lv\/ru\/#\/schema\/logo\/image\/\",\"url\":\"https:\/\/milbaza.lv\/wp-content\/uploads\/2021\/11\/Mil_BAZA_logo3.png\",\"contentUrl\":\"https:\/\/milbaza.lv\/wp-content\/uploads\/2021\/11\/Mil_BAZA_logo3.png\",\"width\":564,\"height\":226,\"caption\":\"Milbaza\"},\"image\":{\"@id\":\"https:\/\/milbaza.lv\/ru\/#\/schema\/logo\/image\/\"},\"sameAs\":[\"https:\/\/www.facebook.com\/profile.php?id=100075399152223\",\"https:\/\/www.instagram.com\/milbaza.lv\/\",\"https:\/\/www.pinterest.com\/milbaza\/_saved\/\",\"https:\/\/www.youtube.com\/channel\/UCrPXltd8hsNIiGAKc37hGfQ\"]}]}<\/script>\n<!-- \/ Yoast SEO plugin. -->","yoast_head_json":{"title":"Ziemas mask\u0113\u0161an\u0101s kost\u012bms \"Me\u017es\" - MILBAZA \u2013 viss akt\u012bvai atp\u016btai","description":"Nopirkt Ziemas mask\u0113\u0161an\u0101s kost\u012bms \"Me\u017es\" , izdev\u012bga cena un pieg\u0101de. T\u016brisma pre\u010du interneta veikals, pas\u016bt\u012bt online 24\/7!","robots":{"index":"index","follow":"follow","max-snippet":"max-snippet:-1","max-image-preview":"max-image-preview:large","max-video-preview":"max-video-preview:-1"},"canonical":"https:\/\/milbaza.lv\/ru\/produkts\/ziemas-maskesanas-kostims-mezs\/","og_locale":"ru_RU","og_type":"article","og_title":"Ziemas mask\u0113\u0161an\u0101s kost\u012bms \"Me\u017es\" - MILBAZA \u2013 viss akt\u012bvai atp\u016btai","og_description":"Nopirkt Ziemas mask\u0113\u0161an\u0101s kost\u012bms \"Me\u017es\" , izdev\u012bga cena un pieg\u0101de. T\u016brisma pre\u010du interneta veikals, pas\u016bt\u012bt online 24\/7!","og_url":"https:\/\/milbaza.lv\/ru\/produkts\/ziemas-maskesanas-kostims-mezs\/","og_site_name":"MILBAZA \u2013 viss akt\u012bvai atp\u016btai","article_publisher":"https:\/\/www.facebook.com\/profile.php?id=100075399152223","article_modified_time":"2023-11-21T16:45:28+00:00","og_image":[{"width":640,"height":640,"url":"https:\/\/milbaza.lv\/wp-content\/uploads\/2022\/02\/6e5c17e8-881e-11ec-8fb1-00155dd95b07_fc04b033-881f-11ec-8fb1-00155dd95b07-1.jpg","type":"image\/jpeg"}],"twitter_card":"summary_large_image","schema":{"@context":"https:\/\/schema.org","@graph":[{"@type":"WebPage","@id":"https:\/\/milbaza.lv\/ru\/produkts\/ziemas-maskesanas-kostims-mezs\/","url":"https:\/\/milbaza.lv\/ru\/produkts\/ziemas-maskesanas-kostims-mezs\/","name":"Ziemas mask\u0113\u0161an\u0101s kost\u012bms \"Me\u017es\" - MILBAZA \u2013 viss akt\u012bvai atp\u016btai","isPartOf":{"@id":"https:\/\/milbaza.lv\/ru\/#website"},"primaryImageOfPage":{"@id":"https:\/\/milbaza.lv\/ru\/produkts\/ziemas-maskesanas-kostims-mezs\/#primaryimage"},"image":{"@id":"https:\/\/milbaza.lv\/ru\/produkts\/ziemas-maskesanas-kostims-mezs\/#primaryimage"},"thumbnailUrl":"https:\/\/milbaza.lv\/wp-content\/uploads\/2022\/02\/6e5c17e8-881e-11ec-8fb1-00155dd95b07_fc04b033-881f-11ec-8fb1-00155dd95b07-1.jpg","datePublished":"2022-02-21T09:44:00+00:00","dateModified":"2023-11-21T16:45:28+00:00","description":"Nopirkt Ziemas mask\u0113\u0161an\u0101s kost\u012bms \"Me\u017es\" , izdev\u012bga cena un pieg\u0101de. T\u016brisma pre\u010du interneta veikals, pas\u016bt\u012bt online 24\/7!","breadcrumb":{"@id":"https:\/\/milbaza.lv\/ru\/produkts\/ziemas-maskesanas-kostims-mezs\/#breadcrumb"},"inLanguage":"ru-RU","potentialAction":[{"@type":"ReadAction","target":["https:\/\/milbaza.lv\/ru\/produkts\/ziemas-maskesanas-kostims-mezs\/"]}]},{"@type":"ImageObject","inLanguage":"ru-RU","@id":"https:\/\/milbaza.lv\/ru\/produkts\/ziemas-maskesanas-kostims-mezs\/#primaryimage","url":"https:\/\/milbaza.lv\/wp-content\/uploads\/2022\/02\/6e5c17e8-881e-11ec-8fb1-00155dd95b07_fc04b033-881f-11ec-8fb1-00155dd95b07-1.jpg","contentUrl":"https:\/\/milbaza.lv\/wp-content\/uploads\/2022\/02\/6e5c17e8-881e-11ec-8fb1-00155dd95b07_fc04b033-881f-11ec-8fb1-00155dd95b07-1.jpg","width":640,"height":640},{"@type":"BreadcrumbList","@id":"https:\/\/milbaza.lv\/ru\/produkts\/ziemas-maskesanas-kostims-mezs\/#breadcrumb","itemListElement":[{"@type":"ListItem","position":1,"name":"Home","item":"https:\/\/milbaza.lv\/ru\/"},{"@type":"ListItem","position":2,"name":"\u041c\u0430\u0433\u0430\u0437\u0438\u043d","item":"https:\/\/milbaza.lv\/ru\/%d0%bc%d0%b0%d0%b3%d0%b0%d0%b7%d0%b8%d0%bd\/"},{"@type":"ListItem","position":3,"name":"Ziemas mask\u0113\u0161an\u0101s kost\u012bms &#8220;Me\u017es&#8221;"}]},{"@type":"WebSite","@id":"https:\/\/milbaza.lv\/ru\/#website","url":"https:\/\/milbaza.lv\/ru\/","name":"MILBAZA \u2013 viss akt\u012bvai atp\u016btai","description":"Viss akt\u012bvai atp\u016btai","publisher":{"@id":"https:\/\/milbaza.lv\/ru\/#organization"},"potentialAction":[{"@type":"SearchAction","target":{"@type":"EntryPoint","urlTemplate":"https:\/\/milbaza.lv\/ru\/?s={search_term_string}"},"query-input":{"@type":"PropertyValueSpecification","valueRequired":true,"valueName":"search_term_string"}}],"inLanguage":"ru-RU"},{"@type":"Organization","@id":"https:\/\/milbaza.lv\/ru\/#organization","name":"Milbaza","url":"https:\/\/milbaza.lv\/ru\/","logo":{"@type":"ImageObject","inLanguage":"ru-RU","@id":"https:\/\/milbaza.lv\/ru\/#\/schema\/logo\/image\/","url":"https:\/\/milbaza.lv\/wp-content\/uploads\/2021\/11\/Mil_BAZA_logo3.png","contentUrl":"https:\/\/milbaza.lv\/wp-content\/uploads\/2021\/11\/Mil_BAZA_logo3.png","width":564,"height":226,"caption":"Milbaza"},"image":{"@id":"https:\/\/milbaza.lv\/ru\/#\/schema\/logo\/image\/"},"sameAs":["https:\/\/www.facebook.com\/profile.php?id=100075399152223","https:\/\/www.instagram.com\/milbaza.lv\/","https:\/\/www.pinterest.com\/milbaza\/_saved\/","https:\/\/www.youtube.com\/channel\/UCrPXltd8hsNIiGAKc37hGfQ"]}]}},"_links":{"self":[{"href":"https:\/\/milbaza.lv\/ru\/wp-json\/wp\/v2\/product\/4016","targetHints":{"allow":["GET"]}}],"collection":[{"href":"https:\/\/milbaza.lv\/ru\/wp-json\/wp\/v2\/product"}],"about":[{"href":"https:\/\/milbaza.lv\/ru\/wp-json\/wp\/v2\/types\/product"}],"replies":[{"embeddable":true,"href":"https:\/\/milbaza.lv\/ru\/wp-json\/wp\/v2\/comments?post=4016"}],"wp:featuredmedia":[{"embeddable":true,"href":"https:\/\/milbaza.lv\/ru\/wp-json\/wp\/v2\/media\/4017"}],"wp:attachment":[{"href":"https:\/\/milbaza.lv\/ru\/wp-json\/wp\/v2\/media?parent=4016"}],"wp:term":[{"taxonomy":"product_brand","embeddable":true,"href":"https:\/\/milbaza.lv\/ru\/wp-json\/wp\/v2\/product_brand?post=4016"},{"taxonomy":"product_cat","embeddable":true,"href":"https:\/\/milbaza.lv\/ru\/wp-json\/wp\/v2\/product_cat?post=4016"},{"taxonomy":"product_tag","embeddable":true,"href":"https:\/\/milbaza.lv\/ru\/wp-json\/wp\/v2\/product_tag?post=4016"}],"curies":[{"name":"wp","href":"https:\/\/api.w.org\/{rel}","templated":true}]}}