{"id":4032,"date":"2022-02-21T16:10:22","date_gmt":"2022-02-21T14:10:22","guid":{"rendered":"https:\/\/milbaza.lv\/?post_type=product&#038;p=4032"},"modified":"2026-05-06T12:08:39","modified_gmt":"2026-05-06T09:08:39","slug":"kostims-gorka-greta","status":"publish","type":"product","link":"https:\/\/milbaza.lv\/ru\/produkts\/kostims-gorka-greta\/","title":{"rendered":"Kost\u012bms &#8220;Gorka&#8221; (greta)"},"content":{"rendered":"<p>Univers\u0101lais vasaras kost\u012bms sast\u0101v no iegarenas jakas ar kapuci un biks\u0113m ar lenc\u0113m.<\/p>\n<p>Pamatne: Audums &#8220;telts&#8221; (100% kokvilna)<br \/>\nApdare\/pastiprin\u0101jumi: Greta mix (50% poliesters 50% kokvilna)<\/p>\n<p>Jaka<br \/>\nMode\u013ca \u012bpa\u0161\u012bbas:<\/p>\n<p>&#8211; Regul\u0113jama kapuce ar vizieri un aukli\u0146u ar sl\u0113dzeni<br \/>\n&#8211; pogas (NATO)<br \/>\n&#8211; divas p\u0101rloku kabatas ar pog\u0101m apak\u0161\u0101<br \/>\n\u2013 viena kabata uz katras piedurknes, ar VELCRO atloku<br \/>\n\u2013 iek\u0161\u0113j\u0101 kabata no galven\u0101 auduma ar pogu<br \/>\n&#8211; pastiprin\u0101jumi uz elko\u0146iem<br \/>\n&#8211; elast\u012bga apak\u0161delma zona lab\u0101kai piegul\u0113\u0161anai rokai<br \/>\n&#8211; elast\u012bgas man\u017eetes<br \/>\n&#8211; aukli\u0146a jakas apak\u0161\u0101<\/p>\n<p>Bikses<br \/>\nMode\u013ca \u012bpa\u0161\u012bbas:<\/p>\n<p>&#8211; bikses ar platu jostasvietu ar gumiju un jostas cilp\u0101m<br \/>\n\u2013 biks\u0113m ir no\u0146emamas siksnas ar elast\u012bgo joslu (34 mm.) T\u0101s ir piestiprin\u0101tas ar pog\u0101m (NATO)<br \/>\n&#8211; divas aizmugur\u0113j\u0101s kabatas<br \/>\n&#8211; divas s\u0101nu kabatas, divas s\u0101nu kabatas ce\u013cgala zon\u0101<br \/>\n&#8211; bikses apak\u0161\u0101 ir savilktas kop\u0101 ar gumiju<br \/>\n&#8211; elast\u012bga lente apak\u0161stilbu zon\u0101 lab\u0101kai piegul\u0161anai k\u0101jai<\/p>\n","protected":false},"excerpt":{"rendered":"<p>Univers\u0101lais vasaras kost\u012bms sast\u0101v no iegarenas jakas ar kapuci un biks\u0113m ar lenc\u0113m. Pamatne: Audums &#8220;telts&#8221; (100% kokvilna) Apdare\/pastiprin\u0101jumi: Greta mix (50% poliesters 50% kokvilna) Jaka Mode\u013ca \u012bpa\u0161\u012bbas: &#8211; Regul\u0113jama kapuce ar vizieri un aukli\u0146u ar sl\u0113dzeni &#8211; pogas (NATO) &#8211; divas p\u0101rloku kabatas ar pog\u0101m apak\u0161\u0101 \u2013 viena kabata uz katras piedurknes, ar VELCRO [&#8230;]\n","protected":false},"featured_media":4045,"comment_status":"open","ping_status":"closed","template":"","meta":{"_acf_changed":false},"product_brand":[],"product_cat":[24,228],"product_tag":[],"class_list":{"0":"post-4032","1":"product","2":"type-product","3":"status-publish","4":"has-post-thumbnail","6":"product_cat-apgerbi","7":"product_cat-kostimi","9":"first","10":"outofstock","11":"taxable","12":"shipping-taxable","13":"purchasable","14":"product-type-variable","15":"has-default-attributes"},"acf":[],"yoast_head":"<!-- This site is optimized with the Yoast SEO plugin v27.4 - https:\/\/yoast.com\/product\/yoast-seo-wordpress\/ -->\n<title>Kost\u012bms &quot;Gorka&quot; (greta) - MILBAZA \u2013 viss akt\u012bvai atp\u016btai<\/title>\n<meta name=\"description\" content=\"Nopirkt Kost\u012bms &quot;Gorka&quot; (greta), izdev\u012bga cena un pieg\u0101de. T\u016brisma pre\u010du interneta veikals, pas\u016bt\u012bt online 24\/7!\" \/>\n<meta name=\"robots\" content=\"index, follow, max-snippet:-1, max-image-preview:large, max-video-preview:-1\" \/>\n<link rel=\"canonical\" href=\"https:\/\/milbaza.lv\/ru\/produkts\/kostims-gorka-greta\/\" \/>\n<meta property=\"og:locale\" content=\"ru_RU\" \/>\n<meta property=\"og:type\" content=\"article\" \/>\n<meta property=\"og:title\" content=\"Kost\u012bms &quot;Gorka&quot; (greta) - MILBAZA \u2013 viss akt\u012bvai atp\u016btai\" \/>\n<meta property=\"og:description\" content=\"Nopirkt Kost\u012bms &quot;Gorka&quot; (greta), izdev\u012bga cena un pieg\u0101de. T\u016brisma pre\u010du interneta veikals, pas\u016bt\u012bt online 24\/7!\" \/>\n<meta property=\"og:url\" content=\"https:\/\/milbaza.lv\/ru\/produkts\/kostims-gorka-greta\/\" \/>\n<meta property=\"og:site_name\" content=\"MILBAZA \u2013 viss akt\u012bvai atp\u016btai\" \/>\n<meta property=\"article:publisher\" content=\"https:\/\/www.facebook.com\/profile.php?id=100075399152223\" \/>\n<meta property=\"article:modified_time\" content=\"2026-05-06T09:08:39+00:00\" \/>\n<meta property=\"og:image\" content=\"https:\/\/milbaza.lv\/wp-content\/uploads\/2022\/02\/71dfdebd-a29a-11eb-8fa0-00155dc1232d_6e52aeea-a419-11eb-8fa0-00155dc1232d-1.jpg\" \/>\n\t<meta property=\"og:image:width\" content=\"960\" \/>\n\t<meta property=\"og:image:height\" content=\"1434\" \/>\n\t<meta property=\"og:image:type\" content=\"image\/jpeg\" \/>\n<meta name=\"twitter:card\" content=\"summary_large_image\" \/>\n<meta name=\"twitter:label1\" content=\"\u041f\u0440\u0438\u043c\u0435\u0440\u043d\u043e\u0435 \u0432\u0440\u0435\u043c\u044f \u0434\u043b\u044f \u0447\u0442\u0435\u043d\u0438\u044f\" \/>\n\t<meta name=\"twitter:data1\" content=\"1 \u043c\u0438\u043d\u0443\u0442\u0430\" \/>\n<script type=\"application\/ld+json\" class=\"yoast-schema-graph\">{\"@context\":\"https:\\\/\\\/schema.org\",\"@graph\":[{\"@type\":\"WebPage\",\"@id\":\"https:\\\/\\\/milbaza.lv\\\/ru\\\/produkts\\\/kostims-gorka-greta\\\/\",\"url\":\"https:\\\/\\\/milbaza.lv\\\/ru\\\/produkts\\\/kostims-gorka-greta\\\/\",\"name\":\"Kost\u012bms \\\"Gorka\\\" (greta) - MILBAZA \u2013 viss akt\u012bvai atp\u016btai\",\"isPartOf\":{\"@id\":\"https:\\\/\\\/milbaza.lv\\\/ru\\\/#website\"},\"primaryImageOfPage\":{\"@id\":\"https:\\\/\\\/milbaza.lv\\\/ru\\\/produkts\\\/kostims-gorka-greta\\\/#primaryimage\"},\"image\":{\"@id\":\"https:\\\/\\\/milbaza.lv\\\/ru\\\/produkts\\\/kostims-gorka-greta\\\/#primaryimage\"},\"thumbnailUrl\":\"https:\\\/\\\/milbaza.lv\\\/wp-content\\\/uploads\\\/2022\\\/02\\\/71dfdebd-a29a-11eb-8fa0-00155dc1232d_6e52aeea-a419-11eb-8fa0-00155dc1232d-1.jpg\",\"datePublished\":\"2022-02-21T14:10:22+00:00\",\"dateModified\":\"2026-05-06T09:08:39+00:00\",\"description\":\"Nopirkt Kost\u012bms \\\"Gorka\\\" (greta), izdev\u012bga cena un pieg\u0101de. T\u016brisma pre\u010du interneta veikals, pas\u016bt\u012bt online 24\\\/7!\",\"breadcrumb\":{\"@id\":\"https:\\\/\\\/milbaza.lv\\\/ru\\\/produkts\\\/kostims-gorka-greta\\\/#breadcrumb\"},\"inLanguage\":\"ru-RU\",\"potentialAction\":[{\"@type\":\"ReadAction\",\"target\":[\"https:\\\/\\\/milbaza.lv\\\/ru\\\/produkts\\\/kostims-gorka-greta\\\/\"]}]},{\"@type\":\"ImageObject\",\"inLanguage\":\"ru-RU\",\"@id\":\"https:\\\/\\\/milbaza.lv\\\/ru\\\/produkts\\\/kostims-gorka-greta\\\/#primaryimage\",\"url\":\"https:\\\/\\\/milbaza.lv\\\/wp-content\\\/uploads\\\/2022\\\/02\\\/71dfdebd-a29a-11eb-8fa0-00155dc1232d_6e52aeea-a419-11eb-8fa0-00155dc1232d-1.jpg\",\"contentUrl\":\"https:\\\/\\\/milbaza.lv\\\/wp-content\\\/uploads\\\/2022\\\/02\\\/71dfdebd-a29a-11eb-8fa0-00155dc1232d_6e52aeea-a419-11eb-8fa0-00155dc1232d-1.jpg\",\"width\":960,\"height\":1434},{\"@type\":\"BreadcrumbList\",\"@id\":\"https:\\\/\\\/milbaza.lv\\\/ru\\\/produkts\\\/kostims-gorka-greta\\\/#breadcrumb\",\"itemListElement\":[{\"@type\":\"ListItem\",\"position\":1,\"name\":\"Home\",\"item\":\"https:\\\/\\\/milbaza.lv\\\/ru\\\/\"},{\"@type\":\"ListItem\",\"position\":2,\"name\":\"\u041c\u0430\u0433\u0430\u0437\u0438\u043d\",\"item\":\"https:\\\/\\\/milbaza.lv\\\/ru\\\/%d0%bc%d0%b0%d0%b3%d0%b0%d0%b7%d0%b8%d0%bd\\\/\"},{\"@type\":\"ListItem\",\"position\":3,\"name\":\"Kost\u012bms &#8220;Gorka&#8221; (greta)\"}]},{\"@type\":\"WebSite\",\"@id\":\"https:\\\/\\\/milbaza.lv\\\/ru\\\/#website\",\"url\":\"https:\\\/\\\/milbaza.lv\\\/ru\\\/\",\"name\":\"MILBAZA \u2013 viss akt\u012bvai atp\u016btai\",\"description\":\"Viss akt\u012bvai atp\u016btai\",\"publisher\":{\"@id\":\"https:\\\/\\\/milbaza.lv\\\/ru\\\/#organization\"},\"potentialAction\":[{\"@type\":\"SearchAction\",\"target\":{\"@type\":\"EntryPoint\",\"urlTemplate\":\"https:\\\/\\\/milbaza.lv\\\/ru\\\/?s={search_term_string}\"},\"query-input\":{\"@type\":\"PropertyValueSpecification\",\"valueRequired\":true,\"valueName\":\"search_term_string\"}}],\"inLanguage\":\"ru-RU\"},{\"@type\":\"Organization\",\"@id\":\"https:\\\/\\\/milbaza.lv\\\/ru\\\/#organization\",\"name\":\"Milbaza\",\"url\":\"https:\\\/\\\/milbaza.lv\\\/ru\\\/\",\"logo\":{\"@type\":\"ImageObject\",\"inLanguage\":\"ru-RU\",\"@id\":\"https:\\\/\\\/milbaza.lv\\\/ru\\\/#\\\/schema\\\/logo\\\/image\\\/\",\"url\":\"https:\\\/\\\/milbaza.lv\\\/wp-content\\\/uploads\\\/2021\\\/11\\\/Mil_BAZA_logo3.png\",\"contentUrl\":\"https:\\\/\\\/milbaza.lv\\\/wp-content\\\/uploads\\\/2021\\\/11\\\/Mil_BAZA_logo3.png\",\"width\":564,\"height\":226,\"caption\":\"Milbaza\"},\"image\":{\"@id\":\"https:\\\/\\\/milbaza.lv\\\/ru\\\/#\\\/schema\\\/logo\\\/image\\\/\"},\"sameAs\":[\"https:\\\/\\\/www.facebook.com\\\/profile.php?id=100075399152223\",\"https:\\\/\\\/www.instagram.com\\\/milbaza.lv\\\/\",\"https:\\\/\\\/www.pinterest.com\\\/milbaza\\\/_saved\\\/\",\"https:\\\/\\\/www.youtube.com\\\/channel\\\/UCrPXltd8hsNIiGAKc37hGfQ\"]}]}<\/script>\n<!-- \/ Yoast SEO plugin. -->","yoast_head_json":{"title":"Kost\u012bms \"Gorka\" (greta) - MILBAZA \u2013 viss akt\u012bvai atp\u016btai","description":"Nopirkt Kost\u012bms \"Gorka\" (greta), izdev\u012bga cena un pieg\u0101de. T\u016brisma pre\u010du interneta veikals, pas\u016bt\u012bt online 24\/7!","robots":{"index":"index","follow":"follow","max-snippet":"max-snippet:-1","max-image-preview":"max-image-preview:large","max-video-preview":"max-video-preview:-1"},"canonical":"https:\/\/milbaza.lv\/ru\/produkts\/kostims-gorka-greta\/","og_locale":"ru_RU","og_type":"article","og_title":"Kost\u012bms \"Gorka\" (greta) - MILBAZA \u2013 viss akt\u012bvai atp\u016btai","og_description":"Nopirkt Kost\u012bms \"Gorka\" (greta), izdev\u012bga cena un pieg\u0101de. T\u016brisma pre\u010du interneta veikals, pas\u016bt\u012bt online 24\/7!","og_url":"https:\/\/milbaza.lv\/ru\/produkts\/kostims-gorka-greta\/","og_site_name":"MILBAZA \u2013 viss akt\u012bvai atp\u016btai","article_publisher":"https:\/\/www.facebook.com\/profile.php?id=100075399152223","article_modified_time":"2026-05-06T09:08:39+00:00","og_image":[{"width":960,"height":1434,"url":"https:\/\/milbaza.lv\/wp-content\/uploads\/2022\/02\/71dfdebd-a29a-11eb-8fa0-00155dc1232d_6e52aeea-a419-11eb-8fa0-00155dc1232d-1.jpg","type":"image\/jpeg"}],"twitter_card":"summary_large_image","twitter_misc":{"\u041f\u0440\u0438\u043c\u0435\u0440\u043d\u043e\u0435 \u0432\u0440\u0435\u043c\u044f \u0434\u043b\u044f \u0447\u0442\u0435\u043d\u0438\u044f":"1 \u043c\u0438\u043d\u0443\u0442\u0430"},"schema":{"@context":"https:\/\/schema.org","@graph":[{"@type":"WebPage","@id":"https:\/\/milbaza.lv\/ru\/produkts\/kostims-gorka-greta\/","url":"https:\/\/milbaza.lv\/ru\/produkts\/kostims-gorka-greta\/","name":"Kost\u012bms \"Gorka\" (greta) - MILBAZA \u2013 viss akt\u012bvai atp\u016btai","isPartOf":{"@id":"https:\/\/milbaza.lv\/ru\/#website"},"primaryImageOfPage":{"@id":"https:\/\/milbaza.lv\/ru\/produkts\/kostims-gorka-greta\/#primaryimage"},"image":{"@id":"https:\/\/milbaza.lv\/ru\/produkts\/kostims-gorka-greta\/#primaryimage"},"thumbnailUrl":"https:\/\/milbaza.lv\/wp-content\/uploads\/2022\/02\/71dfdebd-a29a-11eb-8fa0-00155dc1232d_6e52aeea-a419-11eb-8fa0-00155dc1232d-1.jpg","datePublished":"2022-02-21T14:10:22+00:00","dateModified":"2026-05-06T09:08:39+00:00","description":"Nopirkt Kost\u012bms \"Gorka\" (greta), izdev\u012bga cena un pieg\u0101de. T\u016brisma pre\u010du interneta veikals, pas\u016bt\u012bt online 24\/7!","breadcrumb":{"@id":"https:\/\/milbaza.lv\/ru\/produkts\/kostims-gorka-greta\/#breadcrumb"},"inLanguage":"ru-RU","potentialAction":[{"@type":"ReadAction","target":["https:\/\/milbaza.lv\/ru\/produkts\/kostims-gorka-greta\/"]}]},{"@type":"ImageObject","inLanguage":"ru-RU","@id":"https:\/\/milbaza.lv\/ru\/produkts\/kostims-gorka-greta\/#primaryimage","url":"https:\/\/milbaza.lv\/wp-content\/uploads\/2022\/02\/71dfdebd-a29a-11eb-8fa0-00155dc1232d_6e52aeea-a419-11eb-8fa0-00155dc1232d-1.jpg","contentUrl":"https:\/\/milbaza.lv\/wp-content\/uploads\/2022\/02\/71dfdebd-a29a-11eb-8fa0-00155dc1232d_6e52aeea-a419-11eb-8fa0-00155dc1232d-1.jpg","width":960,"height":1434},{"@type":"BreadcrumbList","@id":"https:\/\/milbaza.lv\/ru\/produkts\/kostims-gorka-greta\/#breadcrumb","itemListElement":[{"@type":"ListItem","position":1,"name":"Home","item":"https:\/\/milbaza.lv\/ru\/"},{"@type":"ListItem","position":2,"name":"\u041c\u0430\u0433\u0430\u0437\u0438\u043d","item":"https:\/\/milbaza.lv\/ru\/%d0%bc%d0%b0%d0%b3%d0%b0%d0%b7%d0%b8%d0%bd\/"},{"@type":"ListItem","position":3,"name":"Kost\u012bms &#8220;Gorka&#8221; (greta)"}]},{"@type":"WebSite","@id":"https:\/\/milbaza.lv\/ru\/#website","url":"https:\/\/milbaza.lv\/ru\/","name":"MILBAZA \u2013 viss akt\u012bvai atp\u016btai","description":"Viss akt\u012bvai atp\u016btai","publisher":{"@id":"https:\/\/milbaza.lv\/ru\/#organization"},"potentialAction":[{"@type":"SearchAction","target":{"@type":"EntryPoint","urlTemplate":"https:\/\/milbaza.lv\/ru\/?s={search_term_string}"},"query-input":{"@type":"PropertyValueSpecification","valueRequired":true,"valueName":"search_term_string"}}],"inLanguage":"ru-RU"},{"@type":"Organization","@id":"https:\/\/milbaza.lv\/ru\/#organization","name":"Milbaza","url":"https:\/\/milbaza.lv\/ru\/","logo":{"@type":"ImageObject","inLanguage":"ru-RU","@id":"https:\/\/milbaza.lv\/ru\/#\/schema\/logo\/image\/","url":"https:\/\/milbaza.lv\/wp-content\/uploads\/2021\/11\/Mil_BAZA_logo3.png","contentUrl":"https:\/\/milbaza.lv\/wp-content\/uploads\/2021\/11\/Mil_BAZA_logo3.png","width":564,"height":226,"caption":"Milbaza"},"image":{"@id":"https:\/\/milbaza.lv\/ru\/#\/schema\/logo\/image\/"},"sameAs":["https:\/\/www.facebook.com\/profile.php?id=100075399152223","https:\/\/www.instagram.com\/milbaza.lv\/","https:\/\/www.pinterest.com\/milbaza\/_saved\/","https:\/\/www.youtube.com\/channel\/UCrPXltd8hsNIiGAKc37hGfQ"]}]}},"_links":{"self":[{"href":"https:\/\/milbaza.lv\/ru\/wp-json\/wp\/v2\/product\/4032","targetHints":{"allow":["GET"]}}],"collection":[{"href":"https:\/\/milbaza.lv\/ru\/wp-json\/wp\/v2\/product"}],"about":[{"href":"https:\/\/milbaza.lv\/ru\/wp-json\/wp\/v2\/types\/product"}],"replies":[{"embeddable":true,"href":"https:\/\/milbaza.lv\/ru\/wp-json\/wp\/v2\/comments?post=4032"}],"wp:featuredmedia":[{"embeddable":true,"href":"https:\/\/milbaza.lv\/ru\/wp-json\/wp\/v2\/media\/4045"}],"wp:attachment":[{"href":"https:\/\/milbaza.lv\/ru\/wp-json\/wp\/v2\/media?parent=4032"}],"wp:term":[{"taxonomy":"product_brand","embeddable":true,"href":"https:\/\/milbaza.lv\/ru\/wp-json\/wp\/v2\/product_brand?post=4032"},{"taxonomy":"product_cat","embeddable":true,"href":"https:\/\/milbaza.lv\/ru\/wp-json\/wp\/v2\/product_cat?post=4032"},{"taxonomy":"product_tag","embeddable":true,"href":"https:\/\/milbaza.lv\/ru\/wp-json\/wp\/v2\/product_tag?post=4032"}],"curies":[{"name":"wp","href":"https:\/\/api.w.org\/{rel}","templated":true}]}}