{"id":4066,"date":"2022-02-21T18:03:14","date_gmt":"2022-02-21T16:03:14","guid":{"rendered":"https:\/\/milbaza.lv\/?post_type=product&#038;p=4066"},"modified":"2026-05-09T09:53:16","modified_gmt":"2026-05-09T06:53:16","slug":"pretencefalita-kostims-ar-slazdiem-telts","status":"publish","type":"product","link":"https:\/\/milbaza.lv\/ru\/produkts\/pretencefalita-kostims-ar-slazdiem-telts\/","title":{"rendered":"Pretencefal\u012bta kost\u012bms ar slazdiem &#8220;Telts&#8221;"},"content":{"rendered":"<p>Pretencefal\u012bta kost\u012bms ar lamat\u0101m &#8220;Telts&#8221;<\/p>\n<p>Aizsarg\u0101 pret kukai\u0146iem, dodoties p\u0101rg\u0101jien\u0101 pa me\u017eu, piem\u0113rots med\u012bb\u0101m, mak\u0161\u0137er\u0113\u0161anai un t\u016brismam. Izgatavots no telts auduma. Telts auduma priek\u0161roc\u012bbas ir: augsti higroskopiskums un gaisa caurlaid\u012bba, iztur\u012bba, iztur\u012bba pret nodilumu un pl\u012bsumiem, praktiskums, ilgs izstr\u0101d\u0101jumu kalpo\u0161anas laiks.<\/p>\n<p>Audums &#8211; telts (100% kokvilna)<\/p>\n<p>Pretencefal\u012bta kost\u012bms sast\u0101v no jakas un biks\u0113m.<br \/>\nKr\u016b\u0161u kabata ar atloku + maza sl\u0113pta kabata mosk\u012btu t\u012bklam.<br \/>\nKr\u016b\u0161kurvja zon\u0101 un aizmugur\u0113 ir \u0113r\u010du slazds.<br \/>\nUz piedurkn\u0113m virs elko\u0146a ir ar\u012b slazda kroka, kas ne\u013cauj \u0113rc\u0113m pacelties augst\u0101k.<br \/>\nKapuce ir viengabala, ar apl\u012b piestiprin\u0101tu mosk\u012btu t\u012bklu.<br \/>\nAd\u012btas man\u017eetes uz piedurkn\u0113m.<\/p>\n<p>Bikses uz elast\u012bgas lentes. Priek\u0161pus\u0113 divas kabatas ar atlokiem. Virs ce\u013cgala &#8211; kroka-slazds no \u0113rc\u0113m.<\/p>\n<p>Piez\u012bme! Izstr\u0101d\u0101jumu tonis var at\u0161\u0137irties no fotogr\u0101fij\u0101s redzam\u0101, jo audumu ra\u017eot\u0101ji pie\u013cauj to\u0146u nesakrit\u012bbu da\u017e\u0101d\u0101s ra\u017eo\u0161anas partij\u0101s.<\/p>\n","protected":false},"excerpt":{"rendered":"<p>Pretencefal\u012bta kost\u012bms ar lamat\u0101m &#8220;Telts&#8221; Aizsarg\u0101 pret kukai\u0146iem, dodoties p\u0101rg\u0101jien\u0101 pa me\u017eu, piem\u0113rots med\u012bb\u0101m, mak\u0161\u0137er\u0113\u0161anai un t\u016brismam. Izgatavots no telts auduma. Telts auduma priek\u0161roc\u012bbas ir: augsti higroskopiskums un gaisa caurlaid\u012bba, iztur\u012bba, iztur\u012bba pret nodilumu un pl\u012bsumiem, praktiskums, ilgs izstr\u0101d\u0101jumu kalpo\u0161anas laiks. Audums &#8211; telts (100% kokvilna) Pretencefal\u012bta kost\u012bms sast\u0101v no jakas un biks\u0113m. Kr\u016b\u0161u kabata [&#8230;]\n","protected":false},"featured_media":4071,"comment_status":"open","ping_status":"closed","template":"","meta":{"_acf_changed":false},"product_brand":[],"product_cat":[24,228],"product_tag":[],"class_list":{"0":"post-4066","1":"product","2":"type-product","3":"status-publish","4":"has-post-thumbnail","6":"product_cat-apgerbi","7":"product_cat-kostimi","9":"first","10":"instock","11":"taxable","12":"shipping-taxable","13":"purchasable","14":"product-type-variable"},"acf":[],"yoast_head":"<!-- This site is optimized with the Yoast SEO plugin v27.4 - https:\/\/yoast.com\/product\/yoast-seo-wordpress\/ -->\n<title>Pretencefal\u012bta kost\u012bms ar slazdiem &quot;Telts&quot; - MILBAZA \u2013 viss akt\u012bvai atp\u016btai<\/title>\n<meta name=\"description\" content=\"Nopirkt Pretencefal\u012bta kost\u012bms ar slazdiem &quot;Telts&quot;, izdev\u012bga cena un pieg\u0101de. T\u016brisma pre\u010du interneta veikals, pas\u016bt\u012bt online 24\/7!\" \/>\n<meta name=\"robots\" content=\"index, follow, max-snippet:-1, max-image-preview:large, max-video-preview:-1\" \/>\n<link rel=\"canonical\" href=\"https:\/\/milbaza.lv\/ru\/produkts\/pretencefalita-kostims-ar-slazdiem-telts\/\" \/>\n<meta property=\"og:locale\" content=\"ru_RU\" \/>\n<meta property=\"og:type\" content=\"article\" \/>\n<meta property=\"og:title\" content=\"Pretencefal\u012bta kost\u012bms ar slazdiem &quot;Telts&quot; - MILBAZA \u2013 viss akt\u012bvai atp\u016btai\" \/>\n<meta property=\"og:description\" content=\"Nopirkt Pretencefal\u012bta kost\u012bms ar slazdiem &quot;Telts&quot;, izdev\u012bga cena un pieg\u0101de. T\u016brisma pre\u010du interneta veikals, pas\u016bt\u012bt online 24\/7!\" \/>\n<meta property=\"og:url\" content=\"https:\/\/milbaza.lv\/ru\/produkts\/pretencefalita-kostims-ar-slazdiem-telts\/\" \/>\n<meta property=\"og:site_name\" content=\"MILBAZA \u2013 viss akt\u012bvai atp\u016btai\" \/>\n<meta property=\"article:publisher\" content=\"https:\/\/www.facebook.com\/profile.php?id=100075399152223\" \/>\n<meta property=\"article:modified_time\" content=\"2026-05-09T06:53:16+00:00\" \/>\n<meta property=\"og:image\" content=\"https:\/\/milbaza.lv\/wp-content\/uploads\/2022\/02\/1dc27daf-a2a2-11eb-8fa0-00155dc1232d_5b0625aa-a433-11eb-8fa0-00155dc1232d-1.jpg\" \/>\n\t<meta property=\"og:image:width\" content=\"1386\" \/>\n\t<meta property=\"og:image:height\" content=\"1387\" \/>\n\t<meta property=\"og:image:type\" content=\"image\/jpeg\" \/>\n<meta name=\"twitter:card\" content=\"summary_large_image\" \/>\n<meta name=\"twitter:label1\" content=\"\u041f\u0440\u0438\u043c\u0435\u0440\u043d\u043e\u0435 \u0432\u0440\u0435\u043c\u044f \u0434\u043b\u044f \u0447\u0442\u0435\u043d\u0438\u044f\" \/>\n\t<meta name=\"twitter:data1\" content=\"1 \u043c\u0438\u043d\u0443\u0442\u0430\" \/>\n<script type=\"application\/ld+json\" class=\"yoast-schema-graph\">{\"@context\":\"https:\\\/\\\/schema.org\",\"@graph\":[{\"@type\":\"WebPage\",\"@id\":\"https:\\\/\\\/milbaza.lv\\\/ru\\\/produkts\\\/pretencefalita-kostims-ar-slazdiem-telts\\\/\",\"url\":\"https:\\\/\\\/milbaza.lv\\\/ru\\\/produkts\\\/pretencefalita-kostims-ar-slazdiem-telts\\\/\",\"name\":\"Pretencefal\u012bta kost\u012bms ar slazdiem \\\"Telts\\\" - MILBAZA \u2013 viss akt\u012bvai atp\u016btai\",\"isPartOf\":{\"@id\":\"https:\\\/\\\/milbaza.lv\\\/ru\\\/#website\"},\"primaryImageOfPage\":{\"@id\":\"https:\\\/\\\/milbaza.lv\\\/ru\\\/produkts\\\/pretencefalita-kostims-ar-slazdiem-telts\\\/#primaryimage\"},\"image\":{\"@id\":\"https:\\\/\\\/milbaza.lv\\\/ru\\\/produkts\\\/pretencefalita-kostims-ar-slazdiem-telts\\\/#primaryimage\"},\"thumbnailUrl\":\"https:\\\/\\\/milbaza.lv\\\/wp-content\\\/uploads\\\/2022\\\/02\\\/1dc27daf-a2a2-11eb-8fa0-00155dc1232d_5b0625aa-a433-11eb-8fa0-00155dc1232d-1.jpg\",\"datePublished\":\"2022-02-21T16:03:14+00:00\",\"dateModified\":\"2026-05-09T06:53:16+00:00\",\"description\":\"Nopirkt Pretencefal\u012bta kost\u012bms ar slazdiem \\\"Telts\\\", izdev\u012bga cena un pieg\u0101de. T\u016brisma pre\u010du interneta veikals, pas\u016bt\u012bt online 24\\\/7!\",\"breadcrumb\":{\"@id\":\"https:\\\/\\\/milbaza.lv\\\/ru\\\/produkts\\\/pretencefalita-kostims-ar-slazdiem-telts\\\/#breadcrumb\"},\"inLanguage\":\"ru-RU\",\"potentialAction\":[{\"@type\":\"ReadAction\",\"target\":[\"https:\\\/\\\/milbaza.lv\\\/ru\\\/produkts\\\/pretencefalita-kostims-ar-slazdiem-telts\\\/\"]}]},{\"@type\":\"ImageObject\",\"inLanguage\":\"ru-RU\",\"@id\":\"https:\\\/\\\/milbaza.lv\\\/ru\\\/produkts\\\/pretencefalita-kostims-ar-slazdiem-telts\\\/#primaryimage\",\"url\":\"https:\\\/\\\/milbaza.lv\\\/wp-content\\\/uploads\\\/2022\\\/02\\\/1dc27daf-a2a2-11eb-8fa0-00155dc1232d_5b0625aa-a433-11eb-8fa0-00155dc1232d-1.jpg\",\"contentUrl\":\"https:\\\/\\\/milbaza.lv\\\/wp-content\\\/uploads\\\/2022\\\/02\\\/1dc27daf-a2a2-11eb-8fa0-00155dc1232d_5b0625aa-a433-11eb-8fa0-00155dc1232d-1.jpg\",\"width\":1386,\"height\":1387},{\"@type\":\"BreadcrumbList\",\"@id\":\"https:\\\/\\\/milbaza.lv\\\/ru\\\/produkts\\\/pretencefalita-kostims-ar-slazdiem-telts\\\/#breadcrumb\",\"itemListElement\":[{\"@type\":\"ListItem\",\"position\":1,\"name\":\"Home\",\"item\":\"https:\\\/\\\/milbaza.lv\\\/ru\\\/\"},{\"@type\":\"ListItem\",\"position\":2,\"name\":\"\u041c\u0430\u0433\u0430\u0437\u0438\u043d\",\"item\":\"https:\\\/\\\/milbaza.lv\\\/ru\\\/%d0%bc%d0%b0%d0%b3%d0%b0%d0%b7%d0%b8%d0%bd\\\/\"},{\"@type\":\"ListItem\",\"position\":3,\"name\":\"Pretencefal\u012bta kost\u012bms ar slazdiem &#8220;Telts&#8221;\"}]},{\"@type\":\"WebSite\",\"@id\":\"https:\\\/\\\/milbaza.lv\\\/ru\\\/#website\",\"url\":\"https:\\\/\\\/milbaza.lv\\\/ru\\\/\",\"name\":\"MILBAZA \u2013 viss akt\u012bvai atp\u016btai\",\"description\":\"Viss akt\u012bvai atp\u016btai\",\"publisher\":{\"@id\":\"https:\\\/\\\/milbaza.lv\\\/ru\\\/#organization\"},\"potentialAction\":[{\"@type\":\"SearchAction\",\"target\":{\"@type\":\"EntryPoint\",\"urlTemplate\":\"https:\\\/\\\/milbaza.lv\\\/ru\\\/?s={search_term_string}\"},\"query-input\":{\"@type\":\"PropertyValueSpecification\",\"valueRequired\":true,\"valueName\":\"search_term_string\"}}],\"inLanguage\":\"ru-RU\"},{\"@type\":\"Organization\",\"@id\":\"https:\\\/\\\/milbaza.lv\\\/ru\\\/#organization\",\"name\":\"Milbaza\",\"url\":\"https:\\\/\\\/milbaza.lv\\\/ru\\\/\",\"logo\":{\"@type\":\"ImageObject\",\"inLanguage\":\"ru-RU\",\"@id\":\"https:\\\/\\\/milbaza.lv\\\/ru\\\/#\\\/schema\\\/logo\\\/image\\\/\",\"url\":\"https:\\\/\\\/milbaza.lv\\\/wp-content\\\/uploads\\\/2021\\\/11\\\/Mil_BAZA_logo3.png\",\"contentUrl\":\"https:\\\/\\\/milbaza.lv\\\/wp-content\\\/uploads\\\/2021\\\/11\\\/Mil_BAZA_logo3.png\",\"width\":564,\"height\":226,\"caption\":\"Milbaza\"},\"image\":{\"@id\":\"https:\\\/\\\/milbaza.lv\\\/ru\\\/#\\\/schema\\\/logo\\\/image\\\/\"},\"sameAs\":[\"https:\\\/\\\/www.facebook.com\\\/profile.php?id=100075399152223\",\"https:\\\/\\\/www.instagram.com\\\/milbaza.lv\\\/\",\"https:\\\/\\\/www.pinterest.com\\\/milbaza\\\/_saved\\\/\",\"https:\\\/\\\/www.youtube.com\\\/channel\\\/UCrPXltd8hsNIiGAKc37hGfQ\"]}]}<\/script>\n<!-- \/ Yoast SEO plugin. -->","yoast_head_json":{"title":"Pretencefal\u012bta kost\u012bms ar slazdiem \"Telts\" - MILBAZA \u2013 viss akt\u012bvai atp\u016btai","description":"Nopirkt Pretencefal\u012bta kost\u012bms ar slazdiem \"Telts\", izdev\u012bga cena un pieg\u0101de. T\u016brisma pre\u010du interneta veikals, pas\u016bt\u012bt online 24\/7!","robots":{"index":"index","follow":"follow","max-snippet":"max-snippet:-1","max-image-preview":"max-image-preview:large","max-video-preview":"max-video-preview:-1"},"canonical":"https:\/\/milbaza.lv\/ru\/produkts\/pretencefalita-kostims-ar-slazdiem-telts\/","og_locale":"ru_RU","og_type":"article","og_title":"Pretencefal\u012bta kost\u012bms ar slazdiem \"Telts\" - MILBAZA \u2013 viss akt\u012bvai atp\u016btai","og_description":"Nopirkt Pretencefal\u012bta kost\u012bms ar slazdiem \"Telts\", izdev\u012bga cena un pieg\u0101de. T\u016brisma pre\u010du interneta veikals, pas\u016bt\u012bt online 24\/7!","og_url":"https:\/\/milbaza.lv\/ru\/produkts\/pretencefalita-kostims-ar-slazdiem-telts\/","og_site_name":"MILBAZA \u2013 viss akt\u012bvai atp\u016btai","article_publisher":"https:\/\/www.facebook.com\/profile.php?id=100075399152223","article_modified_time":"2026-05-09T06:53:16+00:00","og_image":[{"width":1386,"height":1387,"url":"https:\/\/milbaza.lv\/wp-content\/uploads\/2022\/02\/1dc27daf-a2a2-11eb-8fa0-00155dc1232d_5b0625aa-a433-11eb-8fa0-00155dc1232d-1.jpg","type":"image\/jpeg"}],"twitter_card":"summary_large_image","twitter_misc":{"\u041f\u0440\u0438\u043c\u0435\u0440\u043d\u043e\u0435 \u0432\u0440\u0435\u043c\u044f \u0434\u043b\u044f \u0447\u0442\u0435\u043d\u0438\u044f":"1 \u043c\u0438\u043d\u0443\u0442\u0430"},"schema":{"@context":"https:\/\/schema.org","@graph":[{"@type":"WebPage","@id":"https:\/\/milbaza.lv\/ru\/produkts\/pretencefalita-kostims-ar-slazdiem-telts\/","url":"https:\/\/milbaza.lv\/ru\/produkts\/pretencefalita-kostims-ar-slazdiem-telts\/","name":"Pretencefal\u012bta kost\u012bms ar slazdiem \"Telts\" - MILBAZA \u2013 viss akt\u012bvai atp\u016btai","isPartOf":{"@id":"https:\/\/milbaza.lv\/ru\/#website"},"primaryImageOfPage":{"@id":"https:\/\/milbaza.lv\/ru\/produkts\/pretencefalita-kostims-ar-slazdiem-telts\/#primaryimage"},"image":{"@id":"https:\/\/milbaza.lv\/ru\/produkts\/pretencefalita-kostims-ar-slazdiem-telts\/#primaryimage"},"thumbnailUrl":"https:\/\/milbaza.lv\/wp-content\/uploads\/2022\/02\/1dc27daf-a2a2-11eb-8fa0-00155dc1232d_5b0625aa-a433-11eb-8fa0-00155dc1232d-1.jpg","datePublished":"2022-02-21T16:03:14+00:00","dateModified":"2026-05-09T06:53:16+00:00","description":"Nopirkt Pretencefal\u012bta kost\u012bms ar slazdiem \"Telts\", izdev\u012bga cena un pieg\u0101de. T\u016brisma pre\u010du interneta veikals, pas\u016bt\u012bt online 24\/7!","breadcrumb":{"@id":"https:\/\/milbaza.lv\/ru\/produkts\/pretencefalita-kostims-ar-slazdiem-telts\/#breadcrumb"},"inLanguage":"ru-RU","potentialAction":[{"@type":"ReadAction","target":["https:\/\/milbaza.lv\/ru\/produkts\/pretencefalita-kostims-ar-slazdiem-telts\/"]}]},{"@type":"ImageObject","inLanguage":"ru-RU","@id":"https:\/\/milbaza.lv\/ru\/produkts\/pretencefalita-kostims-ar-slazdiem-telts\/#primaryimage","url":"https:\/\/milbaza.lv\/wp-content\/uploads\/2022\/02\/1dc27daf-a2a2-11eb-8fa0-00155dc1232d_5b0625aa-a433-11eb-8fa0-00155dc1232d-1.jpg","contentUrl":"https:\/\/milbaza.lv\/wp-content\/uploads\/2022\/02\/1dc27daf-a2a2-11eb-8fa0-00155dc1232d_5b0625aa-a433-11eb-8fa0-00155dc1232d-1.jpg","width":1386,"height":1387},{"@type":"BreadcrumbList","@id":"https:\/\/milbaza.lv\/ru\/produkts\/pretencefalita-kostims-ar-slazdiem-telts\/#breadcrumb","itemListElement":[{"@type":"ListItem","position":1,"name":"Home","item":"https:\/\/milbaza.lv\/ru\/"},{"@type":"ListItem","position":2,"name":"\u041c\u0430\u0433\u0430\u0437\u0438\u043d","item":"https:\/\/milbaza.lv\/ru\/%d0%bc%d0%b0%d0%b3%d0%b0%d0%b7%d0%b8%d0%bd\/"},{"@type":"ListItem","position":3,"name":"Pretencefal\u012bta kost\u012bms ar slazdiem &#8220;Telts&#8221;"}]},{"@type":"WebSite","@id":"https:\/\/milbaza.lv\/ru\/#website","url":"https:\/\/milbaza.lv\/ru\/","name":"MILBAZA \u2013 viss akt\u012bvai atp\u016btai","description":"Viss akt\u012bvai atp\u016btai","publisher":{"@id":"https:\/\/milbaza.lv\/ru\/#organization"},"potentialAction":[{"@type":"SearchAction","target":{"@type":"EntryPoint","urlTemplate":"https:\/\/milbaza.lv\/ru\/?s={search_term_string}"},"query-input":{"@type":"PropertyValueSpecification","valueRequired":true,"valueName":"search_term_string"}}],"inLanguage":"ru-RU"},{"@type":"Organization","@id":"https:\/\/milbaza.lv\/ru\/#organization","name":"Milbaza","url":"https:\/\/milbaza.lv\/ru\/","logo":{"@type":"ImageObject","inLanguage":"ru-RU","@id":"https:\/\/milbaza.lv\/ru\/#\/schema\/logo\/image\/","url":"https:\/\/milbaza.lv\/wp-content\/uploads\/2021\/11\/Mil_BAZA_logo3.png","contentUrl":"https:\/\/milbaza.lv\/wp-content\/uploads\/2021\/11\/Mil_BAZA_logo3.png","width":564,"height":226,"caption":"Milbaza"},"image":{"@id":"https:\/\/milbaza.lv\/ru\/#\/schema\/logo\/image\/"},"sameAs":["https:\/\/www.facebook.com\/profile.php?id=100075399152223","https:\/\/www.instagram.com\/milbaza.lv\/","https:\/\/www.pinterest.com\/milbaza\/_saved\/","https:\/\/www.youtube.com\/channel\/UCrPXltd8hsNIiGAKc37hGfQ"]}]}},"_links":{"self":[{"href":"https:\/\/milbaza.lv\/ru\/wp-json\/wp\/v2\/product\/4066","targetHints":{"allow":["GET"]}}],"collection":[{"href":"https:\/\/milbaza.lv\/ru\/wp-json\/wp\/v2\/product"}],"about":[{"href":"https:\/\/milbaza.lv\/ru\/wp-json\/wp\/v2\/types\/product"}],"replies":[{"embeddable":true,"href":"https:\/\/milbaza.lv\/ru\/wp-json\/wp\/v2\/comments?post=4066"}],"wp:featuredmedia":[{"embeddable":true,"href":"https:\/\/milbaza.lv\/ru\/wp-json\/wp\/v2\/media\/4071"}],"wp:attachment":[{"href":"https:\/\/milbaza.lv\/ru\/wp-json\/wp\/v2\/media?parent=4066"}],"wp:term":[{"taxonomy":"product_brand","embeddable":true,"href":"https:\/\/milbaza.lv\/ru\/wp-json\/wp\/v2\/product_brand?post=4066"},{"taxonomy":"product_cat","embeddable":true,"href":"https:\/\/milbaza.lv\/ru\/wp-json\/wp\/v2\/product_cat?post=4066"},{"taxonomy":"product_tag","embeddable":true,"href":"https:\/\/milbaza.lv\/ru\/wp-json\/wp\/v2\/product_tag?post=4066"}],"curies":[{"name":"wp","href":"https:\/\/api.w.org\/{rel}","templated":true}]}}