{"id":4149,"date":"2022-02-22T11:00:47","date_gmt":"2022-02-22T09:00:47","guid":{"rendered":"https:\/\/milbaza.lv\/?post_type=product&#038;p=4149"},"modified":"2026-04-04T20:27:41","modified_gmt":"2026-04-04T17:27:41","slug":"udensizturigs-kamuflazas-kostims","status":"publish","type":"product","link":"https:\/\/milbaza.lv\/ru\/produkts\/udensizturigs-kamuflazas-kostims\/","title":{"rendered":"Mil-Tec \u016bdensiztur\u012bgs kamufl\u0101\u017eas kost\u012bms"},"content":{"rendered":"<p>Iztur\u012bgs un viegls kost\u012bms aizsardz\u012bbai pret laikapst\u0101k\u013ciem.<\/p>\n<p>Kost\u012bms \u016bdensiztur\u012bgs kamufl\u0101\u017eas. \u012apa\u0161\u012bbas:<br \/>\n&#8211; kost\u012bms salok\u0101ms maz\u0101 maci\u0146\u0101 (iek\u013cauts),<br \/>\n&#8211; jaka aiztais\u0101ma ar r\u0101v\u0113jsl\u0113dz\u0113ju,<br \/>\n\u2013 kapuci var saloc\u012bt apkakl\u012bt\u0113,<br \/>\n&#8211; divas s\u0101nu kabatas,<br \/>\n&#8211; bik\u0161u jostasvieta ar aukli\u0146u un gumiju,<br \/>\n\u2013 izgatavots no vulkaniz\u0113ta poliestera ar PVC p\u0101rkl\u0101jumu,<br \/>\n&#8211; materi\u0101ls ir piln\u012bb\u0101 \u016bdensiztur\u012bgs un dro\u0161i pasarg\u0101 no v\u0113ja, \u0161uves ir l\u012bmetas.<br \/>\n&#8211; ir s\u0101nu atveres, lai \u0113rti piek\u013c\u016btu bik\u0161u kabat\u0101m, gad\u012bjum\u0101, ja kost\u012bms tiek vilkts virs galven\u0101 ap\u0123\u0113rba.<br \/>\n&#8211; regul\u0113jams k\u0101ju platums, regul\u0113jams ar pog\u0101m.<br \/>\n&#8211; kost\u012bms nel\u012bp pie ap\u0123\u0113rba un neierobe\u017eo kust\u012bbas.<br \/>\n\u2013 aizmugur\u0113 ir v\u0101rsti ventil\u0101cijai.<\/p>\n<p>Sast\u0101vs: 100% poliesters, p\u0101rkl\u0101ts ar PVC<br \/>\nAuduma bl\u012bvums: 200 g \/ kv.m<br \/>\n\u016adens stabs: 3.000 mm<\/p>\n","protected":false},"excerpt":{"rendered":"<p>Iztur\u012bgs un viegls kost\u012bms aizsardz\u012bbai pret laikapst\u0101k\u013ciem. Kost\u012bms \u016bdensiztur\u012bgs kamufl\u0101\u017eas. \u012apa\u0161\u012bbas: &#8211; kost\u012bms salok\u0101ms maz\u0101 maci\u0146\u0101 (iek\u013cauts), &#8211; jaka aiztais\u0101ma ar r\u0101v\u0113jsl\u0113dz\u0113ju, \u2013 kapuci var saloc\u012bt apkakl\u012bt\u0113, &#8211; divas s\u0101nu kabatas, &#8211; bik\u0161u jostasvieta ar aukli\u0146u un gumiju, \u2013 izgatavots no vulkaniz\u0113ta poliestera ar PVC p\u0101rkl\u0101jumu, &#8211; materi\u0101ls ir piln\u012bb\u0101 \u016bdensiztur\u012bgs un dro\u0161i pasarg\u0101 no [&#8230;]\n","protected":false},"featured_media":4150,"comment_status":"open","ping_status":"closed","template":"","meta":{"_acf_changed":false},"product_brand":[],"product_cat":[228,24],"product_tag":[],"class_list":{"0":"post-4149","1":"product","2":"type-product","3":"status-publish","4":"has-post-thumbnail","6":"product_cat-kostimi","7":"product_cat-apgerbi","9":"first","10":"instock","11":"taxable","12":"shipping-taxable","13":"purchasable","14":"product-type-variable"},"acf":[],"yoast_head":"<!-- This site is optimized with the Yoast SEO plugin v26.7 - https:\/\/yoast.com\/wordpress\/plugins\/seo\/ -->\n<title>Mil-Tec \u016bdensiztur\u012bgs kamufl\u0101\u017eas kost\u012bms - MILBAZA \u2013 viss akt\u012bvai atp\u016btai<\/title>\n<meta name=\"description\" content=\"Nopirkt \u016adensiztur\u012bgs kamufl\u0101\u017eas kost\u012bms, izdev\u012bga cena un pieg\u0101de. T\u016brisma pre\u010du interneta veikals, pas\u016bt\u012bt online 24\/7!\" \/>\n<meta name=\"robots\" content=\"index, follow, max-snippet:-1, max-image-preview:large, max-video-preview:-1\" \/>\n<link rel=\"canonical\" href=\"https:\/\/milbaza.lv\/ru\/produkts\/udensizturigs-kamuflazas-kostims\/\" \/>\n<meta property=\"og:locale\" content=\"ru_RU\" \/>\n<meta property=\"og:type\" content=\"article\" \/>\n<meta property=\"og:title\" content=\"Mil-Tec \u016bdensiztur\u012bgs kamufl\u0101\u017eas kost\u012bms - MILBAZA \u2013 viss akt\u012bvai atp\u016btai\" \/>\n<meta property=\"og:description\" content=\"Nopirkt \u016adensiztur\u012bgs kamufl\u0101\u017eas kost\u012bms, izdev\u012bga cena un pieg\u0101de. T\u016brisma pre\u010du interneta veikals, pas\u016bt\u012bt online 24\/7!\" \/>\n<meta property=\"og:url\" content=\"https:\/\/milbaza.lv\/ru\/produkts\/udensizturigs-kamuflazas-kostims\/\" \/>\n<meta property=\"og:site_name\" content=\"MILBAZA \u2013 viss akt\u012bvai atp\u016btai\" \/>\n<meta property=\"article:publisher\" content=\"https:\/\/www.facebook.com\/profile.php?id=100075399152223\" \/>\n<meta property=\"article:modified_time\" content=\"2026-04-04T17:27:41+00:00\" \/>\n<meta property=\"og:image\" content=\"https:\/\/milbaza.lv\/wp-content\/uploads\/2022\/02\/6836e908-8659-11eb-8fa0-00155dc1232d_6884dd89-da40-11eb-8fa6-00155dd95b07-1.jpg\" \/>\n\t<meta property=\"og:image:width\" content=\"745\" \/>\n\t<meta property=\"og:image:height\" content=\"746\" \/>\n\t<meta property=\"og:image:type\" content=\"image\/jpeg\" \/>\n<meta name=\"twitter:card\" content=\"summary_large_image\" \/>\n<meta name=\"twitter:label1\" content=\"\u041f\u0440\u0438\u043c\u0435\u0440\u043d\u043e\u0435 \u0432\u0440\u0435\u043c\u044f \u0434\u043b\u044f \u0447\u0442\u0435\u043d\u0438\u044f\" \/>\n\t<meta name=\"twitter:data1\" content=\"1 \u043c\u0438\u043d\u0443\u0442\u0430\" \/>\n<script type=\"application\/ld+json\" class=\"yoast-schema-graph\">{\"@context\":\"https:\/\/schema.org\",\"@graph\":[{\"@type\":\"WebPage\",\"@id\":\"https:\/\/milbaza.lv\/ru\/produkts\/udensizturigs-kamuflazas-kostims\/\",\"url\":\"https:\/\/milbaza.lv\/ru\/produkts\/udensizturigs-kamuflazas-kostims\/\",\"name\":\"Mil-Tec \u016bdensiztur\u012bgs kamufl\u0101\u017eas kost\u012bms - MILBAZA \u2013 viss akt\u012bvai atp\u016btai\",\"isPartOf\":{\"@id\":\"https:\/\/milbaza.lv\/ru\/#website\"},\"primaryImageOfPage\":{\"@id\":\"https:\/\/milbaza.lv\/ru\/produkts\/udensizturigs-kamuflazas-kostims\/#primaryimage\"},\"image\":{\"@id\":\"https:\/\/milbaza.lv\/ru\/produkts\/udensizturigs-kamuflazas-kostims\/#primaryimage\"},\"thumbnailUrl\":\"https:\/\/milbaza.lv\/wp-content\/uploads\/2022\/02\/6836e908-8659-11eb-8fa0-00155dc1232d_6884dd89-da40-11eb-8fa6-00155dd95b07-1.jpg\",\"datePublished\":\"2022-02-22T09:00:47+00:00\",\"dateModified\":\"2026-04-04T17:27:41+00:00\",\"description\":\"Nopirkt \u016adensiztur\u012bgs kamufl\u0101\u017eas kost\u012bms, izdev\u012bga cena un pieg\u0101de. T\u016brisma pre\u010du interneta veikals, pas\u016bt\u012bt online 24\/7!\",\"breadcrumb\":{\"@id\":\"https:\/\/milbaza.lv\/ru\/produkts\/udensizturigs-kamuflazas-kostims\/#breadcrumb\"},\"inLanguage\":\"ru-RU\",\"potentialAction\":[{\"@type\":\"ReadAction\",\"target\":[\"https:\/\/milbaza.lv\/ru\/produkts\/udensizturigs-kamuflazas-kostims\/\"]}]},{\"@type\":\"ImageObject\",\"inLanguage\":\"ru-RU\",\"@id\":\"https:\/\/milbaza.lv\/ru\/produkts\/udensizturigs-kamuflazas-kostims\/#primaryimage\",\"url\":\"https:\/\/milbaza.lv\/wp-content\/uploads\/2022\/02\/6836e908-8659-11eb-8fa0-00155dc1232d_6884dd89-da40-11eb-8fa6-00155dd95b07-1.jpg\",\"contentUrl\":\"https:\/\/milbaza.lv\/wp-content\/uploads\/2022\/02\/6836e908-8659-11eb-8fa0-00155dc1232d_6884dd89-da40-11eb-8fa6-00155dd95b07-1.jpg\",\"width\":745,\"height\":746},{\"@type\":\"BreadcrumbList\",\"@id\":\"https:\/\/milbaza.lv\/ru\/produkts\/udensizturigs-kamuflazas-kostims\/#breadcrumb\",\"itemListElement\":[{\"@type\":\"ListItem\",\"position\":1,\"name\":\"Home\",\"item\":\"https:\/\/milbaza.lv\/ru\/\"},{\"@type\":\"ListItem\",\"position\":2,\"name\":\"\u041c\u0430\u0433\u0430\u0437\u0438\u043d\",\"item\":\"https:\/\/milbaza.lv\/ru\/%d0%bc%d0%b0%d0%b3%d0%b0%d0%b7%d0%b8%d0%bd\/\"},{\"@type\":\"ListItem\",\"position\":3,\"name\":\"Mil-Tec \u016bdensiztur\u012bgs kamufl\u0101\u017eas kost\u012bms\"}]},{\"@type\":\"WebSite\",\"@id\":\"https:\/\/milbaza.lv\/ru\/#website\",\"url\":\"https:\/\/milbaza.lv\/ru\/\",\"name\":\"MILBAZA \u2013 viss akt\u012bvai atp\u016btai\",\"description\":\"Viss akt\u012bvai atp\u016btai\",\"publisher\":{\"@id\":\"https:\/\/milbaza.lv\/ru\/#organization\"},\"potentialAction\":[{\"@type\":\"SearchAction\",\"target\":{\"@type\":\"EntryPoint\",\"urlTemplate\":\"https:\/\/milbaza.lv\/ru\/?s={search_term_string}\"},\"query-input\":{\"@type\":\"PropertyValueSpecification\",\"valueRequired\":true,\"valueName\":\"search_term_string\"}}],\"inLanguage\":\"ru-RU\"},{\"@type\":\"Organization\",\"@id\":\"https:\/\/milbaza.lv\/ru\/#organization\",\"name\":\"Milbaza\",\"url\":\"https:\/\/milbaza.lv\/ru\/\",\"logo\":{\"@type\":\"ImageObject\",\"inLanguage\":\"ru-RU\",\"@id\":\"https:\/\/milbaza.lv\/ru\/#\/schema\/logo\/image\/\",\"url\":\"https:\/\/milbaza.lv\/wp-content\/uploads\/2021\/11\/Mil_BAZA_logo3.png\",\"contentUrl\":\"https:\/\/milbaza.lv\/wp-content\/uploads\/2021\/11\/Mil_BAZA_logo3.png\",\"width\":564,\"height\":226,\"caption\":\"Milbaza\"},\"image\":{\"@id\":\"https:\/\/milbaza.lv\/ru\/#\/schema\/logo\/image\/\"},\"sameAs\":[\"https:\/\/www.facebook.com\/profile.php?id=100075399152223\",\"https:\/\/www.instagram.com\/milbaza.lv\/\",\"https:\/\/www.pinterest.com\/milbaza\/_saved\/\",\"https:\/\/www.youtube.com\/channel\/UCrPXltd8hsNIiGAKc37hGfQ\"]}]}<\/script>\n<!-- \/ Yoast SEO plugin. -->","yoast_head_json":{"title":"Mil-Tec \u016bdensiztur\u012bgs kamufl\u0101\u017eas kost\u012bms - MILBAZA \u2013 viss akt\u012bvai atp\u016btai","description":"Nopirkt \u016adensiztur\u012bgs kamufl\u0101\u017eas kost\u012bms, izdev\u012bga cena un pieg\u0101de. T\u016brisma pre\u010du interneta veikals, pas\u016bt\u012bt online 24\/7!","robots":{"index":"index","follow":"follow","max-snippet":"max-snippet:-1","max-image-preview":"max-image-preview:large","max-video-preview":"max-video-preview:-1"},"canonical":"https:\/\/milbaza.lv\/ru\/produkts\/udensizturigs-kamuflazas-kostims\/","og_locale":"ru_RU","og_type":"article","og_title":"Mil-Tec \u016bdensiztur\u012bgs kamufl\u0101\u017eas kost\u012bms - MILBAZA \u2013 viss akt\u012bvai atp\u016btai","og_description":"Nopirkt \u016adensiztur\u012bgs kamufl\u0101\u017eas kost\u012bms, izdev\u012bga cena un pieg\u0101de. T\u016brisma pre\u010du interneta veikals, pas\u016bt\u012bt online 24\/7!","og_url":"https:\/\/milbaza.lv\/ru\/produkts\/udensizturigs-kamuflazas-kostims\/","og_site_name":"MILBAZA \u2013 viss akt\u012bvai atp\u016btai","article_publisher":"https:\/\/www.facebook.com\/profile.php?id=100075399152223","article_modified_time":"2026-04-04T17:27:41+00:00","og_image":[{"width":745,"height":746,"url":"https:\/\/milbaza.lv\/wp-content\/uploads\/2022\/02\/6836e908-8659-11eb-8fa0-00155dc1232d_6884dd89-da40-11eb-8fa6-00155dd95b07-1.jpg","type":"image\/jpeg"}],"twitter_card":"summary_large_image","twitter_misc":{"\u041f\u0440\u0438\u043c\u0435\u0440\u043d\u043e\u0435 \u0432\u0440\u0435\u043c\u044f \u0434\u043b\u044f \u0447\u0442\u0435\u043d\u0438\u044f":"1 \u043c\u0438\u043d\u0443\u0442\u0430"},"schema":{"@context":"https:\/\/schema.org","@graph":[{"@type":"WebPage","@id":"https:\/\/milbaza.lv\/ru\/produkts\/udensizturigs-kamuflazas-kostims\/","url":"https:\/\/milbaza.lv\/ru\/produkts\/udensizturigs-kamuflazas-kostims\/","name":"Mil-Tec \u016bdensiztur\u012bgs kamufl\u0101\u017eas kost\u012bms - MILBAZA \u2013 viss akt\u012bvai atp\u016btai","isPartOf":{"@id":"https:\/\/milbaza.lv\/ru\/#website"},"primaryImageOfPage":{"@id":"https:\/\/milbaza.lv\/ru\/produkts\/udensizturigs-kamuflazas-kostims\/#primaryimage"},"image":{"@id":"https:\/\/milbaza.lv\/ru\/produkts\/udensizturigs-kamuflazas-kostims\/#primaryimage"},"thumbnailUrl":"https:\/\/milbaza.lv\/wp-content\/uploads\/2022\/02\/6836e908-8659-11eb-8fa0-00155dc1232d_6884dd89-da40-11eb-8fa6-00155dd95b07-1.jpg","datePublished":"2022-02-22T09:00:47+00:00","dateModified":"2026-04-04T17:27:41+00:00","description":"Nopirkt \u016adensiztur\u012bgs kamufl\u0101\u017eas kost\u012bms, izdev\u012bga cena un pieg\u0101de. T\u016brisma pre\u010du interneta veikals, pas\u016bt\u012bt online 24\/7!","breadcrumb":{"@id":"https:\/\/milbaza.lv\/ru\/produkts\/udensizturigs-kamuflazas-kostims\/#breadcrumb"},"inLanguage":"ru-RU","potentialAction":[{"@type":"ReadAction","target":["https:\/\/milbaza.lv\/ru\/produkts\/udensizturigs-kamuflazas-kostims\/"]}]},{"@type":"ImageObject","inLanguage":"ru-RU","@id":"https:\/\/milbaza.lv\/ru\/produkts\/udensizturigs-kamuflazas-kostims\/#primaryimage","url":"https:\/\/milbaza.lv\/wp-content\/uploads\/2022\/02\/6836e908-8659-11eb-8fa0-00155dc1232d_6884dd89-da40-11eb-8fa6-00155dd95b07-1.jpg","contentUrl":"https:\/\/milbaza.lv\/wp-content\/uploads\/2022\/02\/6836e908-8659-11eb-8fa0-00155dc1232d_6884dd89-da40-11eb-8fa6-00155dd95b07-1.jpg","width":745,"height":746},{"@type":"BreadcrumbList","@id":"https:\/\/milbaza.lv\/ru\/produkts\/udensizturigs-kamuflazas-kostims\/#breadcrumb","itemListElement":[{"@type":"ListItem","position":1,"name":"Home","item":"https:\/\/milbaza.lv\/ru\/"},{"@type":"ListItem","position":2,"name":"\u041c\u0430\u0433\u0430\u0437\u0438\u043d","item":"https:\/\/milbaza.lv\/ru\/%d0%bc%d0%b0%d0%b3%d0%b0%d0%b7%d0%b8%d0%bd\/"},{"@type":"ListItem","position":3,"name":"Mil-Tec \u016bdensiztur\u012bgs kamufl\u0101\u017eas kost\u012bms"}]},{"@type":"WebSite","@id":"https:\/\/milbaza.lv\/ru\/#website","url":"https:\/\/milbaza.lv\/ru\/","name":"MILBAZA \u2013 viss akt\u012bvai atp\u016btai","description":"Viss akt\u012bvai atp\u016btai","publisher":{"@id":"https:\/\/milbaza.lv\/ru\/#organization"},"potentialAction":[{"@type":"SearchAction","target":{"@type":"EntryPoint","urlTemplate":"https:\/\/milbaza.lv\/ru\/?s={search_term_string}"},"query-input":{"@type":"PropertyValueSpecification","valueRequired":true,"valueName":"search_term_string"}}],"inLanguage":"ru-RU"},{"@type":"Organization","@id":"https:\/\/milbaza.lv\/ru\/#organization","name":"Milbaza","url":"https:\/\/milbaza.lv\/ru\/","logo":{"@type":"ImageObject","inLanguage":"ru-RU","@id":"https:\/\/milbaza.lv\/ru\/#\/schema\/logo\/image\/","url":"https:\/\/milbaza.lv\/wp-content\/uploads\/2021\/11\/Mil_BAZA_logo3.png","contentUrl":"https:\/\/milbaza.lv\/wp-content\/uploads\/2021\/11\/Mil_BAZA_logo3.png","width":564,"height":226,"caption":"Milbaza"},"image":{"@id":"https:\/\/milbaza.lv\/ru\/#\/schema\/logo\/image\/"},"sameAs":["https:\/\/www.facebook.com\/profile.php?id=100075399152223","https:\/\/www.instagram.com\/milbaza.lv\/","https:\/\/www.pinterest.com\/milbaza\/_saved\/","https:\/\/www.youtube.com\/channel\/UCrPXltd8hsNIiGAKc37hGfQ"]}]}},"_links":{"self":[{"href":"https:\/\/milbaza.lv\/ru\/wp-json\/wp\/v2\/product\/4149","targetHints":{"allow":["GET"]}}],"collection":[{"href":"https:\/\/milbaza.lv\/ru\/wp-json\/wp\/v2\/product"}],"about":[{"href":"https:\/\/milbaza.lv\/ru\/wp-json\/wp\/v2\/types\/product"}],"replies":[{"embeddable":true,"href":"https:\/\/milbaza.lv\/ru\/wp-json\/wp\/v2\/comments?post=4149"}],"wp:featuredmedia":[{"embeddable":true,"href":"https:\/\/milbaza.lv\/ru\/wp-json\/wp\/v2\/media\/4150"}],"wp:attachment":[{"href":"https:\/\/milbaza.lv\/ru\/wp-json\/wp\/v2\/media?parent=4149"}],"wp:term":[{"taxonomy":"product_brand","embeddable":true,"href":"https:\/\/milbaza.lv\/ru\/wp-json\/wp\/v2\/product_brand?post=4149"},{"taxonomy":"product_cat","embeddable":true,"href":"https:\/\/milbaza.lv\/ru\/wp-json\/wp\/v2\/product_cat?post=4149"},{"taxonomy":"product_tag","embeddable":true,"href":"https:\/\/milbaza.lv\/ru\/wp-json\/wp\/v2\/product_tag?post=4149"}],"curies":[{"name":"wp","href":"https:\/\/api.w.org\/{rel}","templated":true}]}}