{"id":41852,"date":"2024-02-08T16:47:17","date_gmt":"2024-02-09T14:34:06","guid":{"rendered":"https:\/\/milbaza.lv\/?post_type=product&#038;p=41852"},"modified":"2024-02-09T16:34:06","modified_gmt":"2024-02-09T14:34:06","slug":"mil-tec-army-%d0%b2%d0%be%d0%b4%d0%be%d0%bd%d0%b5%d0%bf%d1%80%d0%be%d0%bd%d0%b8%d1%86%d0%b0%d0%b5%d0%bc%d1%8b%d0%b5-%d1%87%d0%b0%d1%81%d1%8b-%d1%87%d0%b5%d1%80%d0%bd%d1%8b%d0%b5","status":"publish","type":"product","link":"https:\/\/milbaza.lv\/ru\/produkts\/mil-tec-army-%d0%b2%d0%be%d0%b4%d0%be%d0%bd%d0%b5%d0%bf%d1%80%d0%be%d0%bd%d0%b8%d1%86%d0%b0%d0%b5%d0%bc%d1%8b%d0%b5-%d1%87%d0%b0%d1%81%d1%8b-%d1%87%d0%b5%d1%80%d0%bd%d1%8b%d0%b5\/","title":{"rendered":"MIL-TEC ARMY \u0412\u041e\u0414\u041e\u041d\u0415\u041f\u0420\u041e\u041d\u0418\u0426\u0410\u0415\u041c\u042b\u0415 \u0427\u0410\u0421\u042b  &#8211; \u0427\u0415\u0420\u041d\u042b\u0415"},"content":{"rendered":"<p>\u0412\u043e\u0434\u043e\u043d\u0435\u043f\u0440\u043e\u043d\u0438\u0446\u0430\u0435\u043c\u044b\u0435 \u0447\u0430\u0441\u044b \u0432 \u0441\u0442\u0438\u043b\u0435 \u043c\u0438\u043b\u0438\u0442\u0430\u0440\u0438 \u0441 \u043e\u0440\u0438\u0433\u0438\u043d\u0430\u043b\u044c\u043d\u044b\u043c \u0438 \u0444\u0443\u043d\u043a\u0446\u0438\u043e\u043d\u0430\u043b\u044c\u043d\u044b\u043c \u0440\u0435\u043c\u0435\u0448\u043a\u043e\u043c \u2013 \u043e\u0442\u043b\u0438\u0447\u043d\u044b\u0439 \u0432\u044b\u0431\u043e\u0440 \u0434\u043b\u044f \u0441\u0438\u043b\u044c\u043d\u044b\u0445 \u0438 \u0443\u0432\u0435\u0440\u0435\u043d\u043d\u044b\u0445 \u0432 \u0441\u0435\u0431\u0435 \u043c\u0443\u0436\u0447\u0438\u043d. \u0411\u0440\u0430\u0441\u043b\u0435\u0442 \u0441\u043f\u043b\u0435\u0442\u0435\u043d \u0438\u0437 \u043f\u0430\u0440\u0430\u043a\u043e\u0440\u0434\u0430, \u043a\u043e\u0442\u043e\u0440\u044b\u0439 \u0432 \u0441\u043b\u0443\u0447\u0430\u0435 \u0447\u0440\u0435\u0437\u0432\u044b\u0447\u0430\u0439\u043d\u043e\u0439 \u0441\u0438\u0442\u0443\u0430\u0446\u0438\u0438 \u0437\u0430 \u0441\u0447\u0438\u0442\u0430\u043d\u043d\u044b\u0435 \u0441\u0435\u043a\u0443\u043d\u0434\u044b \u0442\u0440\u0430\u043d\u0441\u0444\u043e\u0440\u043c\u0438\u0440\u0443\u0435\u0442\u0441\u044f \u0432 \u043f\u0440\u043e\u0447\u043d\u044b\u0439, \u043d\u0435\u0440\u0443\u0448\u0438\u043c\u044b\u0439 \u0442\u0440\u043e\u0441. \u041c\u043e\u0434\u0435\u043b\u044c \u0438\u043c\u0435\u0435\u0442 \u043f\u0440\u043e\u0442\u0438\u0432\u043e\u0443\u0434\u0430\u0440\u043d\u0443\u044e \u0437\u0430\u0449\u0438\u0442\u0443. \u041d\u0430 \u0434\u0438\u0441\u043f\u043b\u0435\u044f\u0445 \u043e\u0442\u043e\u0431\u0440\u0430\u0436\u0430\u044e\u0442\u0441\u044f \u0447\u0430\u0441\u044b, \u043c\u0438\u043d\u0443\u0442\u044b, \u0441\u0435\u043a\u0443\u043d\u0434\u044b, \u043a\u0430\u043b\u0435\u043d\u0434\u0430\u0440\u044c. \u042d\u0442\u0438 \u0447\u0430\u0441\u044b \u043f\u043e\u0437\u0432\u043e\u043b\u044f\u044e\u0442 \u0432\u0438\u0434\u0435\u0442\u044c \u0432\u0440\u0435\u043c\u044f \u0434\u0430\u0436\u0435 \u0432 \u0442\u0435\u043c\u043d\u043e\u0442\u0435.<\/p>\n<p>&#8211; \u041a\u043e\u0440\u043f\u0443\u0441 \u0438\u0437 \u043d\u0435\u0440\u0436\u0430\u0432\u0435\u044e\u0449\u0435\u0439 \u0441\u0442\u0430\u043b\u0438, \u0432\u043e\u0434\u043e\u043d\u0435\u043f\u0440\u043e\u043d\u0438\u0446\u0430\u0435\u043c\u044b\u0439.<\/p>\n<div class=\"ng-star-inserted\">\n<div class=\"tld-highlight-tree ng-star-inserted\"><span class=\"highlight-tree-child-wrapper ng-star-inserted\"><span class=\"highlight-tree-child-wrapper tld-sentence tld-sentence-0-0 ng-star-inserted\"><span class=\"tld-sibling-0-0-0 tld-word tld-word-0-0-0 ng-star-inserted\">&#8211;<\/span> <span class=\"tld-sibling-0-0-1 tld-sibling-0-0-2 tld-word tld-word-0-0-1 ng-star-inserted\">\u0420\u0430\u0437\u043c\u0435\u0440<\/span> <span class=\"highlight-tree-child-wrapper multiple-word-wrapper ng-star-inserted\"><span class=\"tld-sibling-0-0-3 tld-word tld-word-0-0-2 ng-star-inserted\">\u041c<\/span><span class=\"tld-sibling-0-0-3 tld-word tld-word-0-0-3 ng-star-inserted\">:<\/span><\/span> <span class=\"tld-sibling-0-0-5 tld-word tld-word-0-0-4 ng-star-inserted\">\u043e\u043a\u0440\u0443\u0436\u043d\u043e\u0441\u0442\u044c<\/span> <span class=\"tld-sibling-0-0-4 tld-word tld-word-0-0-5 ng-star-inserted\">\u043b\u0430\u0434\u043e\u043d\u0438<\/span> <span class=\"highlight-tree-child-wrapper multiple-word-wrapper ng-star-inserted\"><span class=\"tld-sibling-0-0-6 tld-word tld-word-0-0-6 ng-star-inserted\">\u041c\u0430\u043a\u0441<\/span><span class=\"tld-sibling-0-0-6 tld-word tld-word-0-0-7 ng-star-inserted\">.<\/span><\/span><\/span><span class=\"highlight-tree-child-wrapper tld-sentence tld-sentence-0-1 ng-star-inserted\"> <span class=\"tld-sibling-0-1-7 tld-word tld-word-0-1-8 ng-star-inserted\">21<\/span> <span class=\"tld-sibling-0-1-8 tld-word tld-word-0-1-9 ng-star-inserted\">\u0441\u043c<\/span><\/span><\/span><\/div>\n<\/div>\n<div class=\"ng-star-inserted\">\n<div><\/div>\n<div class=\"tld-highlight-tree ng-star-inserted\"><span class=\"highlight-tree-child-wrapper tld-sentence tld-sentence-2-0 ng-star-inserted\" style=\"font-size: 14.4px;\"><span class=\"tld-sibling-2-0-0 tld-word tld-word-2-0-0 ng-star-inserted\">&#8211;<\/span> <span class=\"tld-sibling-2-0-2 tld-word tld-word-2-0-1 ng-star-inserted\">\u0420\u0430\u0437\u043c\u0435\u0440<\/span> <span class=\"highlight-tree-child-wrapper multiple-word-wrapper ng-star-inserted\"><span class=\"tld-sibling-2-0-1 tld-word tld-word-2-0-2 ng-star-inserted\">L<\/span><span class=\"tld-sibling-2-0-3 tld-word tld-word-2-0-3 ng-star-inserted\">:<\/span><\/span> <span class=\"highlight-tree-child-wrapper ng-star-inserted\"><span class=\"highlight-tree-child-wrapper tld-sentence tld-sentence-0-0 ng-star-inserted\"><span class=\"tld-sibling-0-0-5 tld-word tld-word-0-0-4 ng-star-inserted\">\u043e\u043a\u0440\u0443\u0436\u043d\u043e\u0441\u0442\u044c<\/span><\/span><\/span>\u00a0<span class=\"tld-sibling-2-0-4 tld-word tld-word-2-0-5 ng-star-inserted\">\u043b\u0430\u0434\u043e\u043d\u0438<\/span> <span class=\"highlight-tree-child-wrapper multiple-word-wrapper ng-star-inserted\"><span class=\"tld-sibling-2-0-6 tld-word tld-word-2-0-6 ng-star-inserted\">\u041c\u0430\u043a\u0441<\/span><span class=\"tld-sibling-2-0-6 tld-word tld-word-2-0-7 ng-star-inserted\">.<\/span><\/span><\/span><span class=\"highlight-tree-child-wrapper tld-sentence tld-sentence-2-1 ng-star-inserted hovered\" style=\"font-size: 14.4px;\"> <span class=\"tld-sibling-2-1-7 tld-word tld-word-2-1-8 ng-star-inserted hovered\">23<\/span> <span class=\"tld-sibling-2-1-8 tld-word tld-word-2-1-9 ng-star-inserted\">\u0441\u043c<\/span><\/span><\/div>\n<\/div>\n","protected":false},"excerpt":{"rendered":"<p>\u0412\u043e\u0434\u043e\u043d\u0435\u043f\u0440\u043e\u043d\u0438\u0446\u0430\u0435\u043c\u044b\u0435 \u0447\u0430\u0441\u044b \u0432 \u0441\u0442\u0438\u043b\u0435 \u043c\u0438\u043b\u0438\u0442\u0430\u0440\u0438 \u0441 \u043e\u0440\u0438\u0433\u0438\u043d\u0430\u043b\u044c\u043d\u044b\u043c \u0438 \u0444\u0443\u043d\u043a\u0446\u0438\u043e\u043d\u0430\u043b\u044c\u043d\u044b\u043c \u0440\u0435\u043c\u0435\u0448\u043a\u043e\u043c \u2013 \u043e\u0442\u043b\u0438\u0447\u043d\u044b\u0439 \u0432\u044b\u0431\u043e\u0440 \u0434\u043b\u044f \u0441\u0438\u043b\u044c\u043d\u044b\u0445 \u0438 \u0443\u0432\u0435\u0440\u0435\u043d\u043d\u044b\u0445 \u0432 \u0441\u0435\u0431\u0435 \u043c\u0443\u0436\u0447\u0438\u043d. \u0411\u0440\u0430\u0441\u043b\u0435\u0442 \u0441\u043f\u043b\u0435\u0442\u0435\u043d \u0438\u0437 \u043f\u0430\u0440\u0430\u043a\u043e\u0440\u0434\u0430, \u043a\u043e\u0442\u043e\u0440\u044b\u0439 \u0432 \u0441\u043b\u0443\u0447\u0430\u0435 \u0447\u0440\u0435\u0437\u0432\u044b\u0447\u0430\u0439\u043d\u043e\u0439 \u0441\u0438\u0442\u0443\u0430\u0446\u0438\u0438 \u0437\u0430 \u0441\u0447\u0438\u0442\u0430\u043d\u043d\u044b\u0435 \u0441\u0435\u043a\u0443\u043d\u0434\u044b \u0442\u0440\u0430\u043d\u0441\u0444\u043e\u0440\u043c\u0438\u0440\u0443\u0435\u0442\u0441\u044f \u0432 \u043f\u0440\u043e\u0447\u043d\u044b\u0439, \u043d\u0435\u0440\u0443\u0448\u0438\u043c\u044b\u0439 \u0442\u0440\u043e\u0441. \u041c\u043e\u0434\u0435\u043b\u044c \u0438\u043c\u0435\u0435\u0442 \u043f\u0440\u043e\u0442\u0438\u0432\u043e\u0443\u0434\u0430\u0440\u043d\u0443\u044e \u0437\u0430\u0449\u0438\u0442\u0443. \u041d\u0430 \u0434\u0438\u0441\u043f\u043b\u0435\u044f\u0445 \u043e\u0442\u043e\u0431\u0440\u0430\u0436\u0430\u044e\u0442\u0441\u044f \u0447\u0430\u0441\u044b, \u043c\u0438\u043d\u0443\u0442\u044b, \u0441\u0435\u043a\u0443\u043d\u0434\u044b, \u043a\u0430\u043b\u0435\u043d\u0434\u0430\u0440\u044c. \u042d\u0442\u0438 \u0447\u0430\u0441\u044b \u043f\u043e\u0437\u0432\u043e\u043b\u044f\u044e\u0442 \u0432\u0438\u0434\u0435\u0442\u044c \u0432\u0440\u0435\u043c\u044f \u0434\u0430\u0436\u0435 \u0432 [&#8230;]\n","protected":false},"featured_media":41850,"comment_status":"open","ping_status":"closed","template":"","meta":{"_acf_changed":false},"product_brand":[],"product_cat":[347,365],"product_tag":[],"class_list":{"0":"post-41852","1":"product","2":"type-product","3":"status-publish","4":"has-post-thumbnail","6":"product_cat--ru","7":"product_cat-365","9":"first","10":"instock","11":"taxable","12":"shipping-taxable","13":"purchasable","14":"product-type-variable"},"acf":[],"yoast_head":"<!-- This site is optimized with the Yoast SEO plugin v27.4 - https:\/\/yoast.com\/product\/yoast-seo-wordpress\/ -->\n<title>MIL-TEC ARMY \u0412\u041e\u0414\u041e\u041d\u0415\u041f\u0420\u041e\u041d\u0418\u0426\u0410\u0415\u041c\u042b\u0415 \u0427\u0410\u0421\u042b - \u0427\u0415\u0420\u041d\u042b\u0415 - MILBAZA \u2013 viss akt\u012bvai atp\u016btai<\/title>\n<meta name=\"description\" content=\"\u041a\u0443\u043f\u0438\u0442\u044c \u0427\u0410\u0421\u042b MIL-TEC ARMY WATERPROOF - \u0427\u0415\u0420\u041d\u042b\u0415 \u0445\u043e\u0440\u043e\u0448\u0430\u044f \u0446\u0435\u043d\u0430 \u0438 \u0434\u043e\u0441\u0442\u0430\u0432\u043a\u0430. \u0418\u043d\u0442\u0435\u0440\u043d\u0435\u0442-\u043c\u0430\u0433\u0430\u0437\u0438\u043d \u0442\u043e\u0432\u0430\u0440\u043e\u0432 \u0434\u043b\u044f \u0442\u0443\u0440\u0438\u0437\u043c\u0430, \u0437\u0430\u043a\u0430\u0437\u044b\u0432\u0430\u0439\u0442\u0435 \u043e\u043d\u043b\u0430\u0439\u043d 24\/7!\" \/>\n<meta name=\"robots\" content=\"index, follow, max-snippet:-1, max-image-preview:large, max-video-preview:-1\" \/>\n<link rel=\"canonical\" href=\"https:\/\/milbaza.lv\/ru\/produkts\/mil-tec-army-%d0%b2%d0%be%d0%b4%d0%be%d0%bd%d0%b5%d0%bf%d1%80%d0%be%d0%bd%d0%b8%d1%86%d0%b0%d0%b5%d0%bc%d1%8b%d0%b5-%d1%87%d0%b0%d1%81%d1%8b-%d1%87%d0%b5%d1%80%d0%bd%d1%8b%d0%b5\/\" \/>\n<meta property=\"og:locale\" content=\"ru_RU\" \/>\n<meta property=\"og:type\" content=\"article\" \/>\n<meta property=\"og:title\" content=\"MIL-TEC ARMY \u0412\u041e\u0414\u041e\u041d\u0415\u041f\u0420\u041e\u041d\u0418\u0426\u0410\u0415\u041c\u042b\u0415 \u0427\u0410\u0421\u042b - \u0427\u0415\u0420\u041d\u042b\u0415 - MILBAZA \u2013 viss akt\u012bvai atp\u016btai\" \/>\n<meta property=\"og:description\" content=\"\u041a\u0443\u043f\u0438\u0442\u044c \u0427\u0410\u0421\u042b MIL-TEC ARMY WATERPROOF - \u0427\u0415\u0420\u041d\u042b\u0415 \u0445\u043e\u0440\u043e\u0448\u0430\u044f \u0446\u0435\u043d\u0430 \u0438 \u0434\u043e\u0441\u0442\u0430\u0432\u043a\u0430. \u0418\u043d\u0442\u0435\u0440\u043d\u0435\u0442-\u043c\u0430\u0433\u0430\u0437\u0438\u043d \u0442\u043e\u0432\u0430\u0440\u043e\u0432 \u0434\u043b\u044f \u0442\u0443\u0440\u0438\u0437\u043c\u0430, \u0437\u0430\u043a\u0430\u0437\u044b\u0432\u0430\u0439\u0442\u0435 \u043e\u043d\u043b\u0430\u0439\u043d 24\/7!\" \/>\n<meta property=\"og:url\" content=\"https:\/\/milbaza.lv\/ru\/produkts\/mil-tec-army-%d0%b2%d0%be%d0%b4%d0%be%d0%bd%d0%b5%d0%bf%d1%80%d0%be%d0%bd%d0%b8%d1%86%d0%b0%d0%b5%d0%bc%d1%8b%d0%b5-%d1%87%d0%b0%d1%81%d1%8b-%d1%87%d0%b5%d1%80%d0%bd%d1%8b%d0%b5\/\" \/>\n<meta property=\"og:site_name\" content=\"MILBAZA \u2013 viss akt\u012bvai atp\u016btai\" \/>\n<meta property=\"article:publisher\" content=\"https:\/\/www.facebook.com\/profile.php?id=100075399152223\" \/>\n<meta property=\"og:image\" content=\"https:\/\/milbaza.lv\/wp-content\/uploads\/2024\/02\/15774002-jpg.webp\" \/>\n\t<meta property=\"og:image:width\" content=\"799\" \/>\n\t<meta property=\"og:image:height\" content=\"999\" \/>\n\t<meta property=\"og:image:type\" content=\"image\/jpeg\" \/>\n<meta name=\"twitter:card\" content=\"summary_large_image\" \/>\n<script type=\"application\/ld+json\" class=\"yoast-schema-graph\">{\"@context\":\"https:\\\/\\\/schema.org\",\"@graph\":[{\"@type\":\"WebPage\",\"@id\":\"https:\\\/\\\/milbaza.lv\\\/ru\\\/produkts\\\/mil-tec-army-%d0%b2%d0%be%d0%b4%d0%be%d0%bd%d0%b5%d0%bf%d1%80%d0%be%d0%bd%d0%b8%d1%86%d0%b0%d0%b5%d0%bc%d1%8b%d0%b5-%d1%87%d0%b0%d1%81%d1%8b-%d1%87%d0%b5%d1%80%d0%bd%d1%8b%d0%b5\\\/\",\"url\":\"https:\\\/\\\/milbaza.lv\\\/ru\\\/produkts\\\/mil-tec-army-%d0%b2%d0%be%d0%b4%d0%be%d0%bd%d0%b5%d0%bf%d1%80%d0%be%d0%bd%d0%b8%d1%86%d0%b0%d0%b5%d0%bc%d1%8b%d0%b5-%d1%87%d0%b0%d1%81%d1%8b-%d1%87%d0%b5%d1%80%d0%bd%d1%8b%d0%b5\\\/\",\"name\":\"MIL-TEC ARMY \u0412\u041e\u0414\u041e\u041d\u0415\u041f\u0420\u041e\u041d\u0418\u0426\u0410\u0415\u041c\u042b\u0415 \u0427\u0410\u0421\u042b - \u0427\u0415\u0420\u041d\u042b\u0415 - MILBAZA \u2013 viss akt\u012bvai atp\u016btai\",\"isPartOf\":{\"@id\":\"https:\\\/\\\/milbaza.lv\\\/ru\\\/#website\"},\"primaryImageOfPage\":{\"@id\":\"https:\\\/\\\/milbaza.lv\\\/ru\\\/produkts\\\/mil-tec-army-%d0%b2%d0%be%d0%b4%d0%be%d0%bd%d0%b5%d0%bf%d1%80%d0%be%d0%bd%d0%b8%d1%86%d0%b0%d0%b5%d0%bc%d1%8b%d0%b5-%d1%87%d0%b0%d1%81%d1%8b-%d1%87%d0%b5%d1%80%d0%bd%d1%8b%d0%b5\\\/#primaryimage\"},\"image\":{\"@id\":\"https:\\\/\\\/milbaza.lv\\\/ru\\\/produkts\\\/mil-tec-army-%d0%b2%d0%be%d0%b4%d0%be%d0%bd%d0%b5%d0%bf%d1%80%d0%be%d0%bd%d0%b8%d1%86%d0%b0%d0%b5%d0%bc%d1%8b%d0%b5-%d1%87%d0%b0%d1%81%d1%8b-%d1%87%d0%b5%d1%80%d0%bd%d1%8b%d0%b5\\\/#primaryimage\"},\"thumbnailUrl\":\"https:\\\/\\\/milbaza.lv\\\/wp-content\\\/uploads\\\/2024\\\/02\\\/15774002-jpg.webp\",\"datePublished\":\"2024-02-09T14:34:06+00:00\",\"description\":\"\u041a\u0443\u043f\u0438\u0442\u044c \u0427\u0410\u0421\u042b MIL-TEC ARMY WATERPROOF - \u0427\u0415\u0420\u041d\u042b\u0415 \u0445\u043e\u0440\u043e\u0448\u0430\u044f \u0446\u0435\u043d\u0430 \u0438 \u0434\u043e\u0441\u0442\u0430\u0432\u043a\u0430. \u0418\u043d\u0442\u0435\u0440\u043d\u0435\u0442-\u043c\u0430\u0433\u0430\u0437\u0438\u043d \u0442\u043e\u0432\u0430\u0440\u043e\u0432 \u0434\u043b\u044f \u0442\u0443\u0440\u0438\u0437\u043c\u0430, \u0437\u0430\u043a\u0430\u0437\u044b\u0432\u0430\u0439\u0442\u0435 \u043e\u043d\u043b\u0430\u0439\u043d 24\\\/7!\",\"breadcrumb\":{\"@id\":\"https:\\\/\\\/milbaza.lv\\\/ru\\\/produkts\\\/mil-tec-army-%d0%b2%d0%be%d0%b4%d0%be%d0%bd%d0%b5%d0%bf%d1%80%d0%be%d0%bd%d0%b8%d1%86%d0%b0%d0%b5%d0%bc%d1%8b%d0%b5-%d1%87%d0%b0%d1%81%d1%8b-%d1%87%d0%b5%d1%80%d0%bd%d1%8b%d0%b5\\\/#breadcrumb\"},\"inLanguage\":\"ru-RU\",\"potentialAction\":[{\"@type\":\"ReadAction\",\"target\":[\"https:\\\/\\\/milbaza.lv\\\/ru\\\/produkts\\\/mil-tec-army-%d0%b2%d0%be%d0%b4%d0%be%d0%bd%d0%b5%d0%bf%d1%80%d0%be%d0%bd%d0%b8%d1%86%d0%b0%d0%b5%d0%bc%d1%8b%d0%b5-%d1%87%d0%b0%d1%81%d1%8b-%d1%87%d0%b5%d1%80%d0%bd%d1%8b%d0%b5\\\/\"]}]},{\"@type\":\"ImageObject\",\"inLanguage\":\"ru-RU\",\"@id\":\"https:\\\/\\\/milbaza.lv\\\/ru\\\/produkts\\\/mil-tec-army-%d0%b2%d0%be%d0%b4%d0%be%d0%bd%d0%b5%d0%bf%d1%80%d0%be%d0%bd%d0%b8%d1%86%d0%b0%d0%b5%d0%bc%d1%8b%d0%b5-%d1%87%d0%b0%d1%81%d1%8b-%d1%87%d0%b5%d1%80%d0%bd%d1%8b%d0%b5\\\/#primaryimage\",\"url\":\"https:\\\/\\\/milbaza.lv\\\/wp-content\\\/uploads\\\/2024\\\/02\\\/15774002-jpg.webp\",\"contentUrl\":\"https:\\\/\\\/milbaza.lv\\\/wp-content\\\/uploads\\\/2024\\\/02\\\/15774002-jpg.webp\",\"width\":799,\"height\":999},{\"@type\":\"BreadcrumbList\",\"@id\":\"https:\\\/\\\/milbaza.lv\\\/ru\\\/produkts\\\/mil-tec-army-%d0%b2%d0%be%d0%b4%d0%be%d0%bd%d0%b5%d0%bf%d1%80%d0%be%d0%bd%d0%b8%d1%86%d0%b0%d0%b5%d0%bc%d1%8b%d0%b5-%d1%87%d0%b0%d1%81%d1%8b-%d1%87%d0%b5%d1%80%d0%bd%d1%8b%d0%b5\\\/#breadcrumb\",\"itemListElement\":[{\"@type\":\"ListItem\",\"position\":1,\"name\":\"Home\",\"item\":\"https:\\\/\\\/milbaza.lv\\\/ru\\\/\"},{\"@type\":\"ListItem\",\"position\":2,\"name\":\"\u041c\u0430\u0433\u0430\u0437\u0438\u043d\",\"item\":\"https:\\\/\\\/milbaza.lv\\\/ru\\\/%d0%bc%d0%b0%d0%b3%d0%b0%d0%b7%d0%b8%d0%bd\\\/\"},{\"@type\":\"ListItem\",\"position\":3,\"name\":\"MIL-TEC ARMY \u0412\u041e\u0414\u041e\u041d\u0415\u041f\u0420\u041e\u041d\u0418\u0426\u0410\u0415\u041c\u042b\u0415 \u0427\u0410\u0421\u042b &#8211; \u0427\u0415\u0420\u041d\u042b\u0415\"}]},{\"@type\":\"WebSite\",\"@id\":\"https:\\\/\\\/milbaza.lv\\\/ru\\\/#website\",\"url\":\"https:\\\/\\\/milbaza.lv\\\/ru\\\/\",\"name\":\"MILBAZA \u2013 viss akt\u012bvai atp\u016btai\",\"description\":\"Viss akt\u012bvai atp\u016btai\",\"publisher\":{\"@id\":\"https:\\\/\\\/milbaza.lv\\\/ru\\\/#organization\"},\"potentialAction\":[{\"@type\":\"SearchAction\",\"target\":{\"@type\":\"EntryPoint\",\"urlTemplate\":\"https:\\\/\\\/milbaza.lv\\\/ru\\\/?s={search_term_string}\"},\"query-input\":{\"@type\":\"PropertyValueSpecification\",\"valueRequired\":true,\"valueName\":\"search_term_string\"}}],\"inLanguage\":\"ru-RU\"},{\"@type\":\"Organization\",\"@id\":\"https:\\\/\\\/milbaza.lv\\\/ru\\\/#organization\",\"name\":\"Milbaza\",\"url\":\"https:\\\/\\\/milbaza.lv\\\/ru\\\/\",\"logo\":{\"@type\":\"ImageObject\",\"inLanguage\":\"ru-RU\",\"@id\":\"https:\\\/\\\/milbaza.lv\\\/ru\\\/#\\\/schema\\\/logo\\\/image\\\/\",\"url\":\"https:\\\/\\\/milbaza.lv\\\/wp-content\\\/uploads\\\/2021\\\/11\\\/Mil_BAZA_logo3.png\",\"contentUrl\":\"https:\\\/\\\/milbaza.lv\\\/wp-content\\\/uploads\\\/2021\\\/11\\\/Mil_BAZA_logo3.png\",\"width\":564,\"height\":226,\"caption\":\"Milbaza\"},\"image\":{\"@id\":\"https:\\\/\\\/milbaza.lv\\\/ru\\\/#\\\/schema\\\/logo\\\/image\\\/\"},\"sameAs\":[\"https:\\\/\\\/www.facebook.com\\\/profile.php?id=100075399152223\",\"https:\\\/\\\/www.instagram.com\\\/milbaza.lv\\\/\",\"https:\\\/\\\/www.pinterest.com\\\/milbaza\\\/_saved\\\/\",\"https:\\\/\\\/www.youtube.com\\\/channel\\\/UCrPXltd8hsNIiGAKc37hGfQ\"]}]}<\/script>\n<!-- \/ Yoast SEO plugin. -->","yoast_head_json":{"title":"MIL-TEC ARMY \u0412\u041e\u0414\u041e\u041d\u0415\u041f\u0420\u041e\u041d\u0418\u0426\u0410\u0415\u041c\u042b\u0415 \u0427\u0410\u0421\u042b - \u0427\u0415\u0420\u041d\u042b\u0415 - MILBAZA \u2013 viss akt\u012bvai atp\u016btai","description":"\u041a\u0443\u043f\u0438\u0442\u044c \u0427\u0410\u0421\u042b MIL-TEC ARMY WATERPROOF - \u0427\u0415\u0420\u041d\u042b\u0415 \u0445\u043e\u0440\u043e\u0448\u0430\u044f \u0446\u0435\u043d\u0430 \u0438 \u0434\u043e\u0441\u0442\u0430\u0432\u043a\u0430. \u0418\u043d\u0442\u0435\u0440\u043d\u0435\u0442-\u043c\u0430\u0433\u0430\u0437\u0438\u043d \u0442\u043e\u0432\u0430\u0440\u043e\u0432 \u0434\u043b\u044f \u0442\u0443\u0440\u0438\u0437\u043c\u0430, \u0437\u0430\u043a\u0430\u0437\u044b\u0432\u0430\u0439\u0442\u0435 \u043e\u043d\u043b\u0430\u0439\u043d 24\/7!","robots":{"index":"index","follow":"follow","max-snippet":"max-snippet:-1","max-image-preview":"max-image-preview:large","max-video-preview":"max-video-preview:-1"},"canonical":"https:\/\/milbaza.lv\/ru\/produkts\/mil-tec-army-%d0%b2%d0%be%d0%b4%d0%be%d0%bd%d0%b5%d0%bf%d1%80%d0%be%d0%bd%d0%b8%d1%86%d0%b0%d0%b5%d0%bc%d1%8b%d0%b5-%d1%87%d0%b0%d1%81%d1%8b-%d1%87%d0%b5%d1%80%d0%bd%d1%8b%d0%b5\/","og_locale":"ru_RU","og_type":"article","og_title":"MIL-TEC ARMY \u0412\u041e\u0414\u041e\u041d\u0415\u041f\u0420\u041e\u041d\u0418\u0426\u0410\u0415\u041c\u042b\u0415 \u0427\u0410\u0421\u042b - \u0427\u0415\u0420\u041d\u042b\u0415 - MILBAZA \u2013 viss akt\u012bvai atp\u016btai","og_description":"\u041a\u0443\u043f\u0438\u0442\u044c \u0427\u0410\u0421\u042b MIL-TEC ARMY WATERPROOF - \u0427\u0415\u0420\u041d\u042b\u0415 \u0445\u043e\u0440\u043e\u0448\u0430\u044f \u0446\u0435\u043d\u0430 \u0438 \u0434\u043e\u0441\u0442\u0430\u0432\u043a\u0430. \u0418\u043d\u0442\u0435\u0440\u043d\u0435\u0442-\u043c\u0430\u0433\u0430\u0437\u0438\u043d \u0442\u043e\u0432\u0430\u0440\u043e\u0432 \u0434\u043b\u044f \u0442\u0443\u0440\u0438\u0437\u043c\u0430, \u0437\u0430\u043a\u0430\u0437\u044b\u0432\u0430\u0439\u0442\u0435 \u043e\u043d\u043b\u0430\u0439\u043d 24\/7!","og_url":"https:\/\/milbaza.lv\/ru\/produkts\/mil-tec-army-%d0%b2%d0%be%d0%b4%d0%be%d0%bd%d0%b5%d0%bf%d1%80%d0%be%d0%bd%d0%b8%d1%86%d0%b0%d0%b5%d0%bc%d1%8b%d0%b5-%d1%87%d0%b0%d1%81%d1%8b-%d1%87%d0%b5%d1%80%d0%bd%d1%8b%d0%b5\/","og_site_name":"MILBAZA \u2013 viss akt\u012bvai atp\u016btai","article_publisher":"https:\/\/www.facebook.com\/profile.php?id=100075399152223","og_image":[{"width":799,"height":999,"url":"https:\/\/milbaza.lv\/wp-content\/uploads\/2024\/02\/15774002-jpg.webp","type":"image\/jpeg"}],"twitter_card":"summary_large_image","schema":{"@context":"https:\/\/schema.org","@graph":[{"@type":"WebPage","@id":"https:\/\/milbaza.lv\/ru\/produkts\/mil-tec-army-%d0%b2%d0%be%d0%b4%d0%be%d0%bd%d0%b5%d0%bf%d1%80%d0%be%d0%bd%d0%b8%d1%86%d0%b0%d0%b5%d0%bc%d1%8b%d0%b5-%d1%87%d0%b0%d1%81%d1%8b-%d1%87%d0%b5%d1%80%d0%bd%d1%8b%d0%b5\/","url":"https:\/\/milbaza.lv\/ru\/produkts\/mil-tec-army-%d0%b2%d0%be%d0%b4%d0%be%d0%bd%d0%b5%d0%bf%d1%80%d0%be%d0%bd%d0%b8%d1%86%d0%b0%d0%b5%d0%bc%d1%8b%d0%b5-%d1%87%d0%b0%d1%81%d1%8b-%d1%87%d0%b5%d1%80%d0%bd%d1%8b%d0%b5\/","name":"MIL-TEC ARMY \u0412\u041e\u0414\u041e\u041d\u0415\u041f\u0420\u041e\u041d\u0418\u0426\u0410\u0415\u041c\u042b\u0415 \u0427\u0410\u0421\u042b - \u0427\u0415\u0420\u041d\u042b\u0415 - MILBAZA \u2013 viss akt\u012bvai atp\u016btai","isPartOf":{"@id":"https:\/\/milbaza.lv\/ru\/#website"},"primaryImageOfPage":{"@id":"https:\/\/milbaza.lv\/ru\/produkts\/mil-tec-army-%d0%b2%d0%be%d0%b4%d0%be%d0%bd%d0%b5%d0%bf%d1%80%d0%be%d0%bd%d0%b8%d1%86%d0%b0%d0%b5%d0%bc%d1%8b%d0%b5-%d1%87%d0%b0%d1%81%d1%8b-%d1%87%d0%b5%d1%80%d0%bd%d1%8b%d0%b5\/#primaryimage"},"image":{"@id":"https:\/\/milbaza.lv\/ru\/produkts\/mil-tec-army-%d0%b2%d0%be%d0%b4%d0%be%d0%bd%d0%b5%d0%bf%d1%80%d0%be%d0%bd%d0%b8%d1%86%d0%b0%d0%b5%d0%bc%d1%8b%d0%b5-%d1%87%d0%b0%d1%81%d1%8b-%d1%87%d0%b5%d1%80%d0%bd%d1%8b%d0%b5\/#primaryimage"},"thumbnailUrl":"https:\/\/milbaza.lv\/wp-content\/uploads\/2024\/02\/15774002-jpg.webp","datePublished":"2024-02-09T14:34:06+00:00","description":"\u041a\u0443\u043f\u0438\u0442\u044c \u0427\u0410\u0421\u042b MIL-TEC ARMY WATERPROOF - \u0427\u0415\u0420\u041d\u042b\u0415 \u0445\u043e\u0440\u043e\u0448\u0430\u044f \u0446\u0435\u043d\u0430 \u0438 \u0434\u043e\u0441\u0442\u0430\u0432\u043a\u0430. \u0418\u043d\u0442\u0435\u0440\u043d\u0435\u0442-\u043c\u0430\u0433\u0430\u0437\u0438\u043d \u0442\u043e\u0432\u0430\u0440\u043e\u0432 \u0434\u043b\u044f \u0442\u0443\u0440\u0438\u0437\u043c\u0430, \u0437\u0430\u043a\u0430\u0437\u044b\u0432\u0430\u0439\u0442\u0435 \u043e\u043d\u043b\u0430\u0439\u043d 24\/7!","breadcrumb":{"@id":"https:\/\/milbaza.lv\/ru\/produkts\/mil-tec-army-%d0%b2%d0%be%d0%b4%d0%be%d0%bd%d0%b5%d0%bf%d1%80%d0%be%d0%bd%d0%b8%d1%86%d0%b0%d0%b5%d0%bc%d1%8b%d0%b5-%d1%87%d0%b0%d1%81%d1%8b-%d1%87%d0%b5%d1%80%d0%bd%d1%8b%d0%b5\/#breadcrumb"},"inLanguage":"ru-RU","potentialAction":[{"@type":"ReadAction","target":["https:\/\/milbaza.lv\/ru\/produkts\/mil-tec-army-%d0%b2%d0%be%d0%b4%d0%be%d0%bd%d0%b5%d0%bf%d1%80%d0%be%d0%bd%d0%b8%d1%86%d0%b0%d0%b5%d0%bc%d1%8b%d0%b5-%d1%87%d0%b0%d1%81%d1%8b-%d1%87%d0%b5%d1%80%d0%bd%d1%8b%d0%b5\/"]}]},{"@type":"ImageObject","inLanguage":"ru-RU","@id":"https:\/\/milbaza.lv\/ru\/produkts\/mil-tec-army-%d0%b2%d0%be%d0%b4%d0%be%d0%bd%d0%b5%d0%bf%d1%80%d0%be%d0%bd%d0%b8%d1%86%d0%b0%d0%b5%d0%bc%d1%8b%d0%b5-%d1%87%d0%b0%d1%81%d1%8b-%d1%87%d0%b5%d1%80%d0%bd%d1%8b%d0%b5\/#primaryimage","url":"https:\/\/milbaza.lv\/wp-content\/uploads\/2024\/02\/15774002-jpg.webp","contentUrl":"https:\/\/milbaza.lv\/wp-content\/uploads\/2024\/02\/15774002-jpg.webp","width":799,"height":999},{"@type":"BreadcrumbList","@id":"https:\/\/milbaza.lv\/ru\/produkts\/mil-tec-army-%d0%b2%d0%be%d0%b4%d0%be%d0%bd%d0%b5%d0%bf%d1%80%d0%be%d0%bd%d0%b8%d1%86%d0%b0%d0%b5%d0%bc%d1%8b%d0%b5-%d1%87%d0%b0%d1%81%d1%8b-%d1%87%d0%b5%d1%80%d0%bd%d1%8b%d0%b5\/#breadcrumb","itemListElement":[{"@type":"ListItem","position":1,"name":"Home","item":"https:\/\/milbaza.lv\/ru\/"},{"@type":"ListItem","position":2,"name":"\u041c\u0430\u0433\u0430\u0437\u0438\u043d","item":"https:\/\/milbaza.lv\/ru\/%d0%bc%d0%b0%d0%b3%d0%b0%d0%b7%d0%b8%d0%bd\/"},{"@type":"ListItem","position":3,"name":"MIL-TEC ARMY \u0412\u041e\u0414\u041e\u041d\u0415\u041f\u0420\u041e\u041d\u0418\u0426\u0410\u0415\u041c\u042b\u0415 \u0427\u0410\u0421\u042b &#8211; \u0427\u0415\u0420\u041d\u042b\u0415"}]},{"@type":"WebSite","@id":"https:\/\/milbaza.lv\/ru\/#website","url":"https:\/\/milbaza.lv\/ru\/","name":"MILBAZA \u2013 viss akt\u012bvai atp\u016btai","description":"Viss akt\u012bvai atp\u016btai","publisher":{"@id":"https:\/\/milbaza.lv\/ru\/#organization"},"potentialAction":[{"@type":"SearchAction","target":{"@type":"EntryPoint","urlTemplate":"https:\/\/milbaza.lv\/ru\/?s={search_term_string}"},"query-input":{"@type":"PropertyValueSpecification","valueRequired":true,"valueName":"search_term_string"}}],"inLanguage":"ru-RU"},{"@type":"Organization","@id":"https:\/\/milbaza.lv\/ru\/#organization","name":"Milbaza","url":"https:\/\/milbaza.lv\/ru\/","logo":{"@type":"ImageObject","inLanguage":"ru-RU","@id":"https:\/\/milbaza.lv\/ru\/#\/schema\/logo\/image\/","url":"https:\/\/milbaza.lv\/wp-content\/uploads\/2021\/11\/Mil_BAZA_logo3.png","contentUrl":"https:\/\/milbaza.lv\/wp-content\/uploads\/2021\/11\/Mil_BAZA_logo3.png","width":564,"height":226,"caption":"Milbaza"},"image":{"@id":"https:\/\/milbaza.lv\/ru\/#\/schema\/logo\/image\/"},"sameAs":["https:\/\/www.facebook.com\/profile.php?id=100075399152223","https:\/\/www.instagram.com\/milbaza.lv\/","https:\/\/www.pinterest.com\/milbaza\/_saved\/","https:\/\/www.youtube.com\/channel\/UCrPXltd8hsNIiGAKc37hGfQ"]}]}},"_links":{"self":[{"href":"https:\/\/milbaza.lv\/ru\/wp-json\/wp\/v2\/product\/41852","targetHints":{"allow":["GET"]}}],"collection":[{"href":"https:\/\/milbaza.lv\/ru\/wp-json\/wp\/v2\/product"}],"about":[{"href":"https:\/\/milbaza.lv\/ru\/wp-json\/wp\/v2\/types\/product"}],"replies":[{"embeddable":true,"href":"https:\/\/milbaza.lv\/ru\/wp-json\/wp\/v2\/comments?post=41852"}],"wp:featuredmedia":[{"embeddable":true,"href":"https:\/\/milbaza.lv\/ru\/wp-json\/wp\/v2\/media\/41850"}],"wp:attachment":[{"href":"https:\/\/milbaza.lv\/ru\/wp-json\/wp\/v2\/media?parent=41852"}],"wp:term":[{"taxonomy":"product_brand","embeddable":true,"href":"https:\/\/milbaza.lv\/ru\/wp-json\/wp\/v2\/product_brand?post=41852"},{"taxonomy":"product_cat","embeddable":true,"href":"https:\/\/milbaza.lv\/ru\/wp-json\/wp\/v2\/product_cat?post=41852"},{"taxonomy":"product_tag","embeddable":true,"href":"https:\/\/milbaza.lv\/ru\/wp-json\/wp\/v2\/product_tag?post=41852"}],"curies":[{"name":"wp","href":"https:\/\/api.w.org\/{rel}","templated":true}]}}