{"id":4336,"date":"2022-02-28T13:25:19","date_gmt":"2022-02-28T11:25:19","guid":{"rendered":"https:\/\/milbaza.lv\/?post_type=product&#038;p=4336"},"modified":"2026-05-06T13:21:35","modified_gmt":"2026-05-06T10:21:35","slug":"remington-lapsta-folding-shovel-16cm","status":"publish","type":"product","link":"https:\/\/milbaza.lv\/ru\/produkts\/remington-lapsta-folding-shovel-16cm\/","title":{"rendered":"REMINGTON L\u0100PSTA FOLDING SHOVEL 16CM"},"content":{"rendered":"<p>Garums:<br \/>\nAtverta &#8211; 44 cm<br \/>\nSaloc\u012bta &#8211; 16 cm<\/p>\n","protected":false},"excerpt":{"rendered":"<p>Garums: Atverta &#8211; 44 cm Saloc\u012bta &#8211; 16 cm<\/p>\n","protected":false},"featured_media":4338,"comment_status":"open","ping_status":"closed","template":"","meta":{"_acf_changed":false},"product_brand":[],"product_cat":[196],"product_tag":[],"class_list":{"0":"post-4336","1":"product","2":"type-product","3":"status-publish","4":"has-post-thumbnail","6":"product_cat-aksesuari-ekipejums","8":"first","9":"outofstock","10":"taxable","11":"shipping-taxable","12":"purchasable","13":"product-type-simple"},"acf":[],"yoast_head":"<!-- This site is optimized with the Yoast SEO plugin v27.4 - https:\/\/yoast.com\/product\/yoast-seo-wordpress\/ -->\n<title>REMINGTON L\u0100PSTA FOLDING SHOVEL 16CM - MILBAZA \u2013 viss akt\u012bvai atp\u016btai<\/title>\n<meta name=\"description\" content=\"Nopirkt REMINGTON L\u0100PSTA FOLDING SHOVEL 16CM, izdev\u012bga cena un pieg\u0101de. T\u016brisma pre\u010du interneta veikals, pas\u016bt\u012bt online 24\/7!\" \/>\n<meta name=\"robots\" content=\"index, follow, max-snippet:-1, max-image-preview:large, max-video-preview:-1\" \/>\n<link rel=\"canonical\" href=\"https:\/\/milbaza.lv\/ru\/produkts\/remington-lapsta-folding-shovel-16cm\/\" \/>\n<meta property=\"og:locale\" content=\"ru_RU\" \/>\n<meta property=\"og:type\" content=\"article\" \/>\n<meta property=\"og:title\" content=\"REMINGTON L\u0100PSTA FOLDING SHOVEL 16CM - MILBAZA \u2013 viss akt\u012bvai atp\u016btai\" \/>\n<meta property=\"og:description\" content=\"Nopirkt REMINGTON L\u0100PSTA FOLDING SHOVEL 16CM, izdev\u012bga cena un pieg\u0101de. T\u016brisma pre\u010du interneta veikals, pas\u016bt\u012bt online 24\/7!\" \/>\n<meta property=\"og:url\" content=\"https:\/\/milbaza.lv\/ru\/produkts\/remington-lapsta-folding-shovel-16cm\/\" \/>\n<meta property=\"og:site_name\" content=\"MILBAZA \u2013 viss akt\u012bvai atp\u016btai\" \/>\n<meta property=\"article:publisher\" content=\"https:\/\/www.facebook.com\/profile.php?id=100075399152223\" \/>\n<meta property=\"article:modified_time\" content=\"2026-05-06T10:21:35+00:00\" \/>\n<meta property=\"og:image\" content=\"https:\/\/milbaza.lv\/wp-content\/uploads\/2022\/02\/0bc05bcf-d8a4-11ea-8100-00155dc12307_d57cf257-7e86-11ec-8fb1-00155dd95b07-1.png\" \/>\n\t<meta property=\"og:image:width\" content=\"2363\" \/>\n\t<meta property=\"og:image:height\" content=\"2363\" \/>\n\t<meta property=\"og:image:type\" content=\"image\/png\" \/>\n<meta name=\"twitter:card\" content=\"summary_large_image\" \/>\n<script type=\"application\/ld+json\" class=\"yoast-schema-graph\">{\"@context\":\"https:\\\/\\\/schema.org\",\"@graph\":[{\"@type\":\"WebPage\",\"@id\":\"https:\\\/\\\/milbaza.lv\\\/ru\\\/produkts\\\/remington-lapsta-folding-shovel-16cm\\\/\",\"url\":\"https:\\\/\\\/milbaza.lv\\\/ru\\\/produkts\\\/remington-lapsta-folding-shovel-16cm\\\/\",\"name\":\"REMINGTON L\u0100PSTA FOLDING SHOVEL 16CM - MILBAZA \u2013 viss akt\u012bvai atp\u016btai\",\"isPartOf\":{\"@id\":\"https:\\\/\\\/milbaza.lv\\\/ru\\\/#website\"},\"primaryImageOfPage\":{\"@id\":\"https:\\\/\\\/milbaza.lv\\\/ru\\\/produkts\\\/remington-lapsta-folding-shovel-16cm\\\/#primaryimage\"},\"image\":{\"@id\":\"https:\\\/\\\/milbaza.lv\\\/ru\\\/produkts\\\/remington-lapsta-folding-shovel-16cm\\\/#primaryimage\"},\"thumbnailUrl\":\"https:\\\/\\\/milbaza.lv\\\/wp-content\\\/uploads\\\/2022\\\/02\\\/0bc05bcf-d8a4-11ea-8100-00155dc12307_d57cf257-7e86-11ec-8fb1-00155dd95b07-1.png\",\"datePublished\":\"2022-02-28T11:25:19+00:00\",\"dateModified\":\"2026-05-06T10:21:35+00:00\",\"description\":\"Nopirkt REMINGTON L\u0100PSTA FOLDING SHOVEL 16CM, izdev\u012bga cena un pieg\u0101de. T\u016brisma pre\u010du interneta veikals, pas\u016bt\u012bt online 24\\\/7!\",\"breadcrumb\":{\"@id\":\"https:\\\/\\\/milbaza.lv\\\/ru\\\/produkts\\\/remington-lapsta-folding-shovel-16cm\\\/#breadcrumb\"},\"inLanguage\":\"ru-RU\",\"potentialAction\":[{\"@type\":\"ReadAction\",\"target\":[\"https:\\\/\\\/milbaza.lv\\\/ru\\\/produkts\\\/remington-lapsta-folding-shovel-16cm\\\/\"]}]},{\"@type\":\"ImageObject\",\"inLanguage\":\"ru-RU\",\"@id\":\"https:\\\/\\\/milbaza.lv\\\/ru\\\/produkts\\\/remington-lapsta-folding-shovel-16cm\\\/#primaryimage\",\"url\":\"https:\\\/\\\/milbaza.lv\\\/wp-content\\\/uploads\\\/2022\\\/02\\\/0bc05bcf-d8a4-11ea-8100-00155dc12307_d57cf257-7e86-11ec-8fb1-00155dd95b07-1.png\",\"contentUrl\":\"https:\\\/\\\/milbaza.lv\\\/wp-content\\\/uploads\\\/2022\\\/02\\\/0bc05bcf-d8a4-11ea-8100-00155dc12307_d57cf257-7e86-11ec-8fb1-00155dd95b07-1.png\",\"width\":2363,\"height\":2363},{\"@type\":\"BreadcrumbList\",\"@id\":\"https:\\\/\\\/milbaza.lv\\\/ru\\\/produkts\\\/remington-lapsta-folding-shovel-16cm\\\/#breadcrumb\",\"itemListElement\":[{\"@type\":\"ListItem\",\"position\":1,\"name\":\"Home\",\"item\":\"https:\\\/\\\/milbaza.lv\\\/ru\\\/\"},{\"@type\":\"ListItem\",\"position\":2,\"name\":\"\u041c\u0430\u0433\u0430\u0437\u0438\u043d\",\"item\":\"https:\\\/\\\/milbaza.lv\\\/ru\\\/%d0%bc%d0%b0%d0%b3%d0%b0%d0%b7%d0%b8%d0%bd\\\/\"},{\"@type\":\"ListItem\",\"position\":3,\"name\":\"REMINGTON L\u0100PSTA FOLDING SHOVEL 16CM\"}]},{\"@type\":\"WebSite\",\"@id\":\"https:\\\/\\\/milbaza.lv\\\/ru\\\/#website\",\"url\":\"https:\\\/\\\/milbaza.lv\\\/ru\\\/\",\"name\":\"MILBAZA \u2013 viss akt\u012bvai atp\u016btai\",\"description\":\"Viss akt\u012bvai atp\u016btai\",\"publisher\":{\"@id\":\"https:\\\/\\\/milbaza.lv\\\/ru\\\/#organization\"},\"potentialAction\":[{\"@type\":\"SearchAction\",\"target\":{\"@type\":\"EntryPoint\",\"urlTemplate\":\"https:\\\/\\\/milbaza.lv\\\/ru\\\/?s={search_term_string}\"},\"query-input\":{\"@type\":\"PropertyValueSpecification\",\"valueRequired\":true,\"valueName\":\"search_term_string\"}}],\"inLanguage\":\"ru-RU\"},{\"@type\":\"Organization\",\"@id\":\"https:\\\/\\\/milbaza.lv\\\/ru\\\/#organization\",\"name\":\"Milbaza\",\"url\":\"https:\\\/\\\/milbaza.lv\\\/ru\\\/\",\"logo\":{\"@type\":\"ImageObject\",\"inLanguage\":\"ru-RU\",\"@id\":\"https:\\\/\\\/milbaza.lv\\\/ru\\\/#\\\/schema\\\/logo\\\/image\\\/\",\"url\":\"https:\\\/\\\/milbaza.lv\\\/wp-content\\\/uploads\\\/2021\\\/11\\\/Mil_BAZA_logo3.png\",\"contentUrl\":\"https:\\\/\\\/milbaza.lv\\\/wp-content\\\/uploads\\\/2021\\\/11\\\/Mil_BAZA_logo3.png\",\"width\":564,\"height\":226,\"caption\":\"Milbaza\"},\"image\":{\"@id\":\"https:\\\/\\\/milbaza.lv\\\/ru\\\/#\\\/schema\\\/logo\\\/image\\\/\"},\"sameAs\":[\"https:\\\/\\\/www.facebook.com\\\/profile.php?id=100075399152223\",\"https:\\\/\\\/www.instagram.com\\\/milbaza.lv\\\/\",\"https:\\\/\\\/www.pinterest.com\\\/milbaza\\\/_saved\\\/\",\"https:\\\/\\\/www.youtube.com\\\/channel\\\/UCrPXltd8hsNIiGAKc37hGfQ\"]}]}<\/script>\n<!-- \/ Yoast SEO plugin. -->","yoast_head_json":{"title":"REMINGTON L\u0100PSTA FOLDING SHOVEL 16CM - MILBAZA \u2013 viss akt\u012bvai atp\u016btai","description":"Nopirkt REMINGTON L\u0100PSTA FOLDING SHOVEL 16CM, izdev\u012bga cena un pieg\u0101de. T\u016brisma pre\u010du interneta veikals, pas\u016bt\u012bt online 24\/7!","robots":{"index":"index","follow":"follow","max-snippet":"max-snippet:-1","max-image-preview":"max-image-preview:large","max-video-preview":"max-video-preview:-1"},"canonical":"https:\/\/milbaza.lv\/ru\/produkts\/remington-lapsta-folding-shovel-16cm\/","og_locale":"ru_RU","og_type":"article","og_title":"REMINGTON L\u0100PSTA FOLDING SHOVEL 16CM - MILBAZA \u2013 viss akt\u012bvai atp\u016btai","og_description":"Nopirkt REMINGTON L\u0100PSTA FOLDING SHOVEL 16CM, izdev\u012bga cena un pieg\u0101de. T\u016brisma pre\u010du interneta veikals, pas\u016bt\u012bt online 24\/7!","og_url":"https:\/\/milbaza.lv\/ru\/produkts\/remington-lapsta-folding-shovel-16cm\/","og_site_name":"MILBAZA \u2013 viss akt\u012bvai atp\u016btai","article_publisher":"https:\/\/www.facebook.com\/profile.php?id=100075399152223","article_modified_time":"2026-05-06T10:21:35+00:00","og_image":[{"width":2363,"height":2363,"url":"https:\/\/milbaza.lv\/wp-content\/uploads\/2022\/02\/0bc05bcf-d8a4-11ea-8100-00155dc12307_d57cf257-7e86-11ec-8fb1-00155dd95b07-1.png","type":"image\/png"}],"twitter_card":"summary_large_image","schema":{"@context":"https:\/\/schema.org","@graph":[{"@type":"WebPage","@id":"https:\/\/milbaza.lv\/ru\/produkts\/remington-lapsta-folding-shovel-16cm\/","url":"https:\/\/milbaza.lv\/ru\/produkts\/remington-lapsta-folding-shovel-16cm\/","name":"REMINGTON L\u0100PSTA FOLDING SHOVEL 16CM - MILBAZA \u2013 viss akt\u012bvai atp\u016btai","isPartOf":{"@id":"https:\/\/milbaza.lv\/ru\/#website"},"primaryImageOfPage":{"@id":"https:\/\/milbaza.lv\/ru\/produkts\/remington-lapsta-folding-shovel-16cm\/#primaryimage"},"image":{"@id":"https:\/\/milbaza.lv\/ru\/produkts\/remington-lapsta-folding-shovel-16cm\/#primaryimage"},"thumbnailUrl":"https:\/\/milbaza.lv\/wp-content\/uploads\/2022\/02\/0bc05bcf-d8a4-11ea-8100-00155dc12307_d57cf257-7e86-11ec-8fb1-00155dd95b07-1.png","datePublished":"2022-02-28T11:25:19+00:00","dateModified":"2026-05-06T10:21:35+00:00","description":"Nopirkt REMINGTON L\u0100PSTA FOLDING SHOVEL 16CM, izdev\u012bga cena un pieg\u0101de. T\u016brisma pre\u010du interneta veikals, pas\u016bt\u012bt online 24\/7!","breadcrumb":{"@id":"https:\/\/milbaza.lv\/ru\/produkts\/remington-lapsta-folding-shovel-16cm\/#breadcrumb"},"inLanguage":"ru-RU","potentialAction":[{"@type":"ReadAction","target":["https:\/\/milbaza.lv\/ru\/produkts\/remington-lapsta-folding-shovel-16cm\/"]}]},{"@type":"ImageObject","inLanguage":"ru-RU","@id":"https:\/\/milbaza.lv\/ru\/produkts\/remington-lapsta-folding-shovel-16cm\/#primaryimage","url":"https:\/\/milbaza.lv\/wp-content\/uploads\/2022\/02\/0bc05bcf-d8a4-11ea-8100-00155dc12307_d57cf257-7e86-11ec-8fb1-00155dd95b07-1.png","contentUrl":"https:\/\/milbaza.lv\/wp-content\/uploads\/2022\/02\/0bc05bcf-d8a4-11ea-8100-00155dc12307_d57cf257-7e86-11ec-8fb1-00155dd95b07-1.png","width":2363,"height":2363},{"@type":"BreadcrumbList","@id":"https:\/\/milbaza.lv\/ru\/produkts\/remington-lapsta-folding-shovel-16cm\/#breadcrumb","itemListElement":[{"@type":"ListItem","position":1,"name":"Home","item":"https:\/\/milbaza.lv\/ru\/"},{"@type":"ListItem","position":2,"name":"\u041c\u0430\u0433\u0430\u0437\u0438\u043d","item":"https:\/\/milbaza.lv\/ru\/%d0%bc%d0%b0%d0%b3%d0%b0%d0%b7%d0%b8%d0%bd\/"},{"@type":"ListItem","position":3,"name":"REMINGTON L\u0100PSTA FOLDING SHOVEL 16CM"}]},{"@type":"WebSite","@id":"https:\/\/milbaza.lv\/ru\/#website","url":"https:\/\/milbaza.lv\/ru\/","name":"MILBAZA \u2013 viss akt\u012bvai atp\u016btai","description":"Viss akt\u012bvai atp\u016btai","publisher":{"@id":"https:\/\/milbaza.lv\/ru\/#organization"},"potentialAction":[{"@type":"SearchAction","target":{"@type":"EntryPoint","urlTemplate":"https:\/\/milbaza.lv\/ru\/?s={search_term_string}"},"query-input":{"@type":"PropertyValueSpecification","valueRequired":true,"valueName":"search_term_string"}}],"inLanguage":"ru-RU"},{"@type":"Organization","@id":"https:\/\/milbaza.lv\/ru\/#organization","name":"Milbaza","url":"https:\/\/milbaza.lv\/ru\/","logo":{"@type":"ImageObject","inLanguage":"ru-RU","@id":"https:\/\/milbaza.lv\/ru\/#\/schema\/logo\/image\/","url":"https:\/\/milbaza.lv\/wp-content\/uploads\/2021\/11\/Mil_BAZA_logo3.png","contentUrl":"https:\/\/milbaza.lv\/wp-content\/uploads\/2021\/11\/Mil_BAZA_logo3.png","width":564,"height":226,"caption":"Milbaza"},"image":{"@id":"https:\/\/milbaza.lv\/ru\/#\/schema\/logo\/image\/"},"sameAs":["https:\/\/www.facebook.com\/profile.php?id=100075399152223","https:\/\/www.instagram.com\/milbaza.lv\/","https:\/\/www.pinterest.com\/milbaza\/_saved\/","https:\/\/www.youtube.com\/channel\/UCrPXltd8hsNIiGAKc37hGfQ"]}]}},"_links":{"self":[{"href":"https:\/\/milbaza.lv\/ru\/wp-json\/wp\/v2\/product\/4336","targetHints":{"allow":["GET"]}}],"collection":[{"href":"https:\/\/milbaza.lv\/ru\/wp-json\/wp\/v2\/product"}],"about":[{"href":"https:\/\/milbaza.lv\/ru\/wp-json\/wp\/v2\/types\/product"}],"replies":[{"embeddable":true,"href":"https:\/\/milbaza.lv\/ru\/wp-json\/wp\/v2\/comments?post=4336"}],"wp:featuredmedia":[{"embeddable":true,"href":"https:\/\/milbaza.lv\/ru\/wp-json\/wp\/v2\/media\/4338"}],"wp:attachment":[{"href":"https:\/\/milbaza.lv\/ru\/wp-json\/wp\/v2\/media?parent=4336"}],"wp:term":[{"taxonomy":"product_brand","embeddable":true,"href":"https:\/\/milbaza.lv\/ru\/wp-json\/wp\/v2\/product_brand?post=4336"},{"taxonomy":"product_cat","embeddable":true,"href":"https:\/\/milbaza.lv\/ru\/wp-json\/wp\/v2\/product_cat?post=4336"},{"taxonomy":"product_tag","embeddable":true,"href":"https:\/\/milbaza.lv\/ru\/wp-json\/wp\/v2\/product_tag?post=4336"}],"curies":[{"name":"wp","href":"https:\/\/api.w.org\/{rel}","templated":true}]}}