{"id":43781,"date":"2022-04-27T15:55:53","date_gmt":"2022-04-27T12:55:53","guid":{"rendered":"https:\/\/milbaza.lv\/produkts\/%d1%81%d1%80%d0%b5%d0%b4%d1%81%d1%82%d0%b2%d0%be-%d0%be%d1%82-%d0%ba%d0%be%d0%bc%d0%b0%d1%80%d0%be%d0%b2-bens-max-37%d0%bc%d0%bb\/"},"modified":"2025-07-31T12:17:30","modified_gmt":"2025-07-31T09:17:30","slug":"%d1%81%d1%80%d0%b5%d0%b4%d1%81%d1%82%d0%b2%d0%be-%d0%be%d1%82-%d0%ba%d0%be%d0%bc%d0%b0%d1%80%d0%be%d0%b2-bens-max-37%d0%bc%d0%bb","status":"publish","type":"product","link":"https:\/\/milbaza.lv\/ru\/produkts\/%d1%81%d1%80%d0%b5%d0%b4%d1%81%d1%82%d0%b2%d0%be-%d0%be%d1%82-%d0%ba%d0%be%d0%bc%d0%b0%d1%80%d0%be%d0%b2-bens-max-37%d0%bc%d0%bb\/","title":{"rendered":"\u0421\u0420\u0415\u0414\u0421\u0422\u0412\u041e \u041e\u0422 \u041a\u041e\u041c\u0410\u0420\u041e\u0412 BENS MAX 37\u043c\u043b"},"content":{"rendered":"<p>Ben&#8217;s\u00ae MAX \u0441 50% \u0430\u043a\u0442\u0438\u0432\u043d\u043e\u0433\u043e \u0438\u043d\u0433\u0440\u0435\u0434\u0438\u0435\u043d\u0442\u0430 \u0414\u042d\u0422\u0410) \u0421\u0440\u0435\u0434\u0441\u0442\u0432\u043e \u043e\u0442 \u043a\u043b\u0435\u0449\u0435\u0439 \u0438 \u043d\u0430\u0441\u0435\u043a\u043e\u043c\u044b\u0445 \u043e\u0431\u0435\u0441\u043f\u0435\u0447\u0438\u0432\u0430\u0435\u0442 \u0437\u0430\u0449\u0438\u0442\u0443 \u043e\u0442 \u043a\u043b\u0435\u0449\u0435\u0439 \u0438 \u0440\u0430\u0437\u043b\u0438\u0447\u043d\u044b\u0445 \u043d\u0430\u0441\u0435\u043a\u043e\u043c\u044b\u0445, \u043a\u043e\u0442\u043e\u0440\u044b\u0435 \u043c\u043e\u0433\u0443\u0442 \u043f\u0435\u0440\u0435\u043d\u043e\u0441\u0438\u0442\u044c \u0440\u0430\u0437\u043b\u0438\u0447\u043d\u044b\u0435 \u0432\u0438\u0440\u0443\u0441\u044b, \u0442\u0430\u043a\u0438\u0435 \u043a\u0430\u043a \u0432\u0438\u0440\u0443\u0441 \u0417\u0438\u043a\u0430, \u0432\u0438\u0440\u0443\u0441 \u0417\u0430\u043f\u0430\u0434\u043d\u043e\u0433\u043e \u041d\u0438\u043b\u0430 (\u0412\u0417\u041d), \u0431\u043e\u043b\u0435\u0437\u043d\u044c \u041b\u0430\u0439\u043c\u0430, \u043c\u0430\u043b\u044f\u0440\u0438\u044f, \u0432\u043e\u0441\u0442\u043e\u0447\u043d\u044b\u0439 \u043b\u043e\u0448\u0430\u0434\u0438\u043d\u044b\u0439 \u044d\u043d\u0446\u0435\u0444\u0430\u043b\u0438\u0442 (\u0412\u042d\u0418), \u0430 \u0442\u0430\u043a\u0436\u0435 \u0432\u043e\u0437\u0431\u0443\u0434\u0438\u0442\u0435\u043b\u0438 \u0434\u0440\u0443\u0433\u0438\u0445 \u0438\u043d\u0444\u0435\u043a\u0446\u0438\u043e\u043d\u043d\u044b\u0445 \u0437\u0430\u0431\u043e\u043b\u0435\u0432\u0430\u043d\u0438\u0439.<\/p>\n<p>\u042d\u0442\u043e\u0442 \u043f\u0440\u043e\u0434\u0443\u043a\u0442 \u0441\u043e\u0437\u0434\u0430\u043d \u043d\u0430 \u0432\u043e\u0434\u043d\u043e\u0439 \u043e\u0441\u043d\u043e\u0432\u0435 \u0441 \u043c\u0435\u0434\u043b\u0435\u043d\u043d\u043e\u0439 \u0441\u043a\u043e\u0440\u043e\u0441\u0442\u044c\u044e \u0438\u0441\u043f\u0430\u0440\u0435\u043d\u0438\u044f, \u043f\u043e\u044d\u0442\u043e\u043c\u0443 \u043f\u0440\u043e\u0434\u0443\u043a\u0442 \u0434\u0435\u0439\u0441\u0442\u0432\u0443\u0435\u0442 \u0434\u043b\u0438\u0442\u0435\u043b\u044c\u043d\u043e\u0435 \u0432\u0440\u0435\u043c\u044f \u0441 \u043c\u0438\u043d\u0438\u043c\u0430\u043b\u044c\u043d\u044b\u043c \u0432\u043f\u0438\u0442\u044b\u0432\u0430\u043d\u0438\u0435\u043c \u0432 \u043a\u043e\u0436\u0443. \u042d\u043a\u0441\u043f\u0435\u0440\u0442\u0438\u0437\u0430, \u043f\u0440\u043e\u0432\u0435\u0434\u0435\u043d\u043d\u0430\u044f \u041c\u041a \u042d\u0441\u0442\u043e\u043d\u0438\u044f, \u043f\u0440\u0438\u0437\u043d\u0430\u043b\u0430 BEN&#8217;S 100 \u0441\u0430\u043c\u044b\u043c \u044d\u0444\u0444\u0435\u043a\u0442\u0438\u0432\u043d\u044b\u043c \u0441\u0440\u0435\u0434\u0441\u0442\u0432\u043e\u043c \u043e\u0442 \u043a\u043e\u043c\u0430\u0440\u043e\u0432!<\/p>\n<p>\u0414\u0435\u0439\u0441\u0442\u0432\u0443\u044e\u0449\u0435\u0435 \u0432\u0435\u0449\u0435\u0441\u0442\u0432\u043e \u0414\u042d\u0422\u0410 (N,N-\u0434\u0438\u043c\u0435\u0442\u0438\u043b-\u043c-\u0442\u043e\u043b\u0443\u0430\u043c\u0438\u0434) \u0441\u043e\u0441\u0442\u0430\u0432\u043b\u044f\u0435\u0442 50% \u0441\u043e\u0441\u0442\u0430\u0432\u0430 \u0430\u044d\u0440\u043e\u0437\u043e\u043b\u044f. \u042d\u0444\u0444\u0435\u043a\u0442\u0438\u0432\u0435\u043d \u043f\u0440\u043e\u0442\u0438\u0432 \u043a\u043e\u043c\u0430\u0440\u043e\u0432, \u043a\u043e\u043c\u0430\u0440\u043e\u0432, \u043a\u043e\u043c\u0430\u0440\u043e\u0432, \u043a\u043b\u0435\u0449\u0435\u0439, \u043c\u0443\u0445.<br \/>\n\u041e\u043f\u0440\u0435\u0434\u0435\u043b\u0435\u043d\u043d\u043e \u0440\u0435\u043a\u043e\u043c\u0435\u043d\u0434\u0443\u0435\u043c\u043e\u0435 \u0441\u043d\u0430\u0440\u044f\u0436\u0435\u043d\u0438\u0435 \u0434\u043b\u044f \u043f\u0435\u0448\u0438\u0445 \u043f\u0440\u043e\u0433\u0443\u043b\u043e\u043a, \u043a\u0435\u043c\u043f\u0438\u043d\u0433\u0430, \u043a\u0430\u0442\u0430\u043d\u0438\u044f \u043d\u0430 \u043b\u043e\u0434\u043a\u0430\u0445 \u0438 \u0430\u043b\u044c\u043f\u0438\u043d\u0438\u0437\u043c\u0430.<br \/>\n\u0421\u0442\u0440\u0430\u043d\u0430 \u043f\u0440\u043e\u0438\u0437\u0432\u043e\u0434\u0438\u0442\u0435\u043b\u044c \u2013 \u0421\u0428\u0410.<\/p>\n<p>\u2022 \u0421 \u043c\u0438\u043d\u0438\u043c\u0430\u043b\u044c\u043d\u044b\u043c \u0441\u043b\u0430\u0434\u043a\u0438\u043c \u0437\u0430\u043f\u0430\u0445\u043e\u043c<\/p>\n<p>\u2022 37 \u043c\u043b<\/p>\n<p>\u2022 \u041e\u0431\u0435\u0441\u043f\u0435\u0447\u0438\u0432\u0430\u0435\u0442 \u0434\u043e 5 \u0447\u0430\u0441\u043e\u0432 \u0437\u0430\u0449\u0438\u0442\u044b.<\/p>\n<p>&nbsp;<\/p>\n<p>\u041f\u0420\u0418\u041c\u0415\u041d\u0415\u041d\u0418\u0415: \u0420\u0435\u043f\u0435\u043b\u043b\u0435\u043d\u0442 \u043e\u0442 \u043d\u0430\u0441\u0435\u043a\u043e\u043c\u044b\u0445 \u0441\u043b\u0435\u0434\u0443\u0435\u0442 \u0440\u0430\u0441\u043f\u044b\u043b\u0438\u0442\u044c \u043d\u0430 \u043e\u0442\u043a\u0440\u044b\u0442\u044b\u0435 \u0443\u0447\u0430\u0441\u0442\u043a\u0438 \u043a\u043e\u0436\u0438 \u0438 \u0440\u0430\u0432\u043d\u043e\u043c\u0435\u0440\u043d\u043e \u0440\u0430\u0441\u043f\u0440\u0435\u0434\u0435\u043b\u0438\u0442\u044c \u0440\u0443\u043a\u0430\u043c\u0438 \u043f\u043e \u0432\u0441\u0435\u0439 \u043a\u043e\u0436\u0435, \u043a\u043e\u0442\u043e\u0440\u0443\u044e \u0432\u044b \u0445\u043e\u0442\u0438\u0442\u0435 \u0437\u0430\u0449\u0438\u0442\u0438\u0442\u044c.<\/p>\n<p>\u0412\u043d\u0438\u043c\u0430\u043d\u0438\u0435!<br \/>\n\u042d\u0442\u043e\u0442 \u043f\u0440\u043e\u0434\u0443\u043a\u0442 \u043f\u0440\u0435\u0434\u043d\u0430\u0437\u043d\u0430\u0447\u0435\u043d \u0442\u043e\u043b\u044c\u043a\u043e \u0434\u043b\u044f \u0443\u043f\u043e\u0442\u0440\u0435\u0431\u043b\u0435\u043d\u0438\u044f \u043b\u044e\u0434\u044c\u043c\u0438, \u043d\u0435\u0431\u043e\u043b\u044c\u0448\u0438\u043c\u0438 \u043f\u043e\u0440\u0446\u0438\u044f\u043c\u0438, \u043d\u0430 \u043e\u0442\u043a\u0440\u044b\u0442\u043e\u043c \u0432\u043e\u0437\u0434\u0443\u0445\u0435 \u0438\u043b\u0438 \u0432 \u0445\u043e\u0440\u043e\u0448\u043e \u043f\u0440\u043e\u0432\u0435\u0442\u0440\u0438\u0432\u0430\u0435\u043c\u044b\u0445 \u043f\u043e\u043c\u0435\u0449\u0435\u043d\u0438\u044f\u0445.<br \/>\n\u0417\u0430\u043f\u0440\u0435\u0449\u0435\u043d\u043e \u043f\u0440\u0438\u043c\u0435\u043d\u0435\u043d\u0438\u0435 \u0434\u0435\u0442\u044f\u043c, \u043d\u0435 \u0434\u043e\u0441\u0442\u0438\u0433\u0448\u0438\u043c 12-\u043b\u0435\u0442\u043d\u0435\u0433\u043e \u0432\u043e\u0437\u0440\u0430\u0441\u0442\u0430.<br \/>\n\u041d\u0435 \u0438\u0441\u043f\u043e\u043b\u044c\u0437\u0443\u0439\u0442\u0435 \u0441\u0440\u0435\u0434\u0441\u0442\u0432\u043e \u043d\u0430 \u043e\u0442\u043a\u0440\u044b\u0442\u044b\u0445 \u0440\u0430\u043d\u0430\u0445, \u0446\u0430\u0440\u0430\u043f\u0438\u043d\u0430\u0445.<br \/>\n\u041e\u043d \u044f\u0434\u043e\u0432\u0438\u0442 \u043f\u0440\u0438 \u043f\u0440\u043e\u0433\u043b\u0430\u0442\u044b\u0432\u0430\u043d\u0438\u0438.<br \/>\n\u042d\u0442\u043e \u0440\u0430\u0437\u0434\u0440\u0430\u0436\u0430\u0435\u0442 \u0433\u043b\u0430\u0437\u0430.<\/p>\n","protected":false},"excerpt":{"rendered":"<p>Ben&#8217;s\u00ae MAX \u0441 50% \u0430\u043a\u0442\u0438\u0432\u043d\u043e\u0433\u043e \u0438\u043d\u0433\u0440\u0435\u0434\u0438\u0435\u043d\u0442\u0430 \u0414\u042d\u0422\u0410) \u0421\u0440\u0435\u0434\u0441\u0442\u0432\u043e \u043e\u0442 \u043a\u043b\u0435\u0449\u0435\u0439 \u0438 \u043d\u0430\u0441\u0435\u043a\u043e\u043c\u044b\u0445 \u043e\u0431\u0435\u0441\u043f\u0435\u0447\u0438\u0432\u0430\u0435\u0442 \u0437\u0430\u0449\u0438\u0442\u0443 \u043e\u0442 \u043a\u043b\u0435\u0449\u0435\u0439 \u0438 \u0440\u0430\u0437\u043b\u0438\u0447\u043d\u044b\u0445 \u043d\u0430\u0441\u0435\u043a\u043e\u043c\u044b\u0445, \u043a\u043e\u0442\u043e\u0440\u044b\u0435 \u043c\u043e\u0433\u0443\u0442 \u043f\u0435\u0440\u0435\u043d\u043e\u0441\u0438\u0442\u044c \u0440\u0430\u0437\u043b\u0438\u0447\u043d\u044b\u0435 \u0432\u0438\u0440\u0443\u0441\u044b, \u0442\u0430\u043a\u0438\u0435 \u043a\u0430\u043a \u0432\u0438\u0440\u0443\u0441 \u0417\u0438\u043a\u0430, \u0432\u0438\u0440\u0443\u0441 \u0417\u0430\u043f\u0430\u0434\u043d\u043e\u0433\u043e \u041d\u0438\u043b\u0430 (\u0412\u0417\u041d), \u0431\u043e\u043b\u0435\u0437\u043d\u044c \u041b\u0430\u0439\u043c\u0430, \u043c\u0430\u043b\u044f\u0440\u0438\u044f, \u0432\u043e\u0441\u0442\u043e\u0447\u043d\u044b\u0439 \u043b\u043e\u0448\u0430\u0434\u0438\u043d\u044b\u0439 \u044d\u043d\u0446\u0435\u0444\u0430\u043b\u0438\u0442 (\u0412\u042d\u0418), \u0430 \u0442\u0430\u043a\u0436\u0435 \u0432\u043e\u0437\u0431\u0443\u0434\u0438\u0442\u0435\u043b\u0438 \u0434\u0440\u0443\u0433\u0438\u0445 \u0438\u043d\u0444\u0435\u043a\u0446\u0438\u043e\u043d\u043d\u044b\u0445 \u0437\u0430\u0431\u043e\u043b\u0435\u0432\u0430\u043d\u0438\u0439. \u042d\u0442\u043e\u0442 \u043f\u0440\u043e\u0434\u0443\u043a\u0442 \u0441\u043e\u0437\u0434\u0430\u043d \u043d\u0430 \u0432\u043e\u0434\u043d\u043e\u0439 \u043e\u0441\u043d\u043e\u0432\u0435 \u0441 \u043c\u0435\u0434\u043b\u0435\u043d\u043d\u043e\u0439 \u0441\u043a\u043e\u0440\u043e\u0441\u0442\u044c\u044e \u0438\u0441\u043f\u0430\u0440\u0435\u043d\u0438\u044f, [&#8230;]\n","protected":false},"featured_media":10160,"comment_status":"open","ping_status":"closed","template":"","meta":{"_acf_changed":false},"product_brand":[],"product_cat":[354,353],"product_tag":[],"class_list":{"0":"post-43781","1":"product","2":"type-product","3":"status-publish","4":"has-post-thumbnail","6":"product_cat--kempingam","7":"product_cat-353","9":"first","10":"instock","11":"taxable","12":"shipping-taxable","13":"purchasable","14":"product-type-simple"},"acf":[],"yoast_head":"<!-- This site is optimized with the Yoast SEO plugin v26.7 - https:\/\/yoast.com\/wordpress\/plugins\/seo\/ -->\n<title>\u0421\u0420\u0415\u0414\u0421\u0422\u0412\u041e \u041e\u0422 \u041a\u041e\u041c\u0410\u0420\u041e\u0412 BENS MAX 37\u043c\u043b - MILBAZA \u2013 viss akt\u012bvai atp\u016btai<\/title>\n<meta name=\"description\" content=\"\u041a\u0443\u043f\u0438\u0442\u044c \u0420\u0435\u043f\u0435\u043b\u043b\u0435\u043d\u0442 \u043e\u0442 \u043a\u043e\u043c\u0430\u0440\u043e\u0432 BENS MAX 37\u043c\u043b \u0445\u043e\u0440\u043e\u0448\u0430\u044f \u0446\u0435\u043d\u0430 \u0438 \u0434\u043e\u0441\u0442\u0430\u0432\u043a\u0430. \u0418\u043d\u0442\u0435\u0440\u043d\u0435\u0442-\u043c\u0430\u0433\u0430\u0437\u0438\u043d \u0442\u043e\u0432\u0430\u0440\u043e\u0432 \u0434\u043b\u044f \u0442\u0443\u0440\u0438\u0437\u043c\u0430, \u0437\u0430\u043a\u0430\u0437\u044b\u0432\u0430\u0439\u0442\u0435 \u043e\u043d\u043b\u0430\u0439\u043d 24\/7!\" \/>\n<meta name=\"robots\" content=\"index, follow, max-snippet:-1, max-image-preview:large, max-video-preview:-1\" \/>\n<link rel=\"canonical\" href=\"https:\/\/milbaza.lv\/ru\/produkts\/%d1%81%d1%80%d0%b5%d0%b4%d1%81%d1%82%d0%b2%d0%be-%d0%be%d1%82-%d0%ba%d0%be%d0%bc%d0%b0%d1%80%d0%be%d0%b2-bens-max-37%d0%bc%d0%bb\/\" \/>\n<meta property=\"og:locale\" content=\"ru_RU\" \/>\n<meta property=\"og:type\" content=\"article\" \/>\n<meta property=\"og:title\" content=\"\u0421\u0420\u0415\u0414\u0421\u0422\u0412\u041e \u041e\u0422 \u041a\u041e\u041c\u0410\u0420\u041e\u0412 BENS MAX 37\u043c\u043b - MILBAZA \u2013 viss akt\u012bvai atp\u016btai\" \/>\n<meta property=\"og:description\" content=\"\u041a\u0443\u043f\u0438\u0442\u044c \u0420\u0435\u043f\u0435\u043b\u043b\u0435\u043d\u0442 \u043e\u0442 \u043a\u043e\u043c\u0430\u0440\u043e\u0432 BENS MAX 37\u043c\u043b \u0445\u043e\u0440\u043e\u0448\u0430\u044f \u0446\u0435\u043d\u0430 \u0438 \u0434\u043e\u0441\u0442\u0430\u0432\u043a\u0430. \u0418\u043d\u0442\u0435\u0440\u043d\u0435\u0442-\u043c\u0430\u0433\u0430\u0437\u0438\u043d \u0442\u043e\u0432\u0430\u0440\u043e\u0432 \u0434\u043b\u044f \u0442\u0443\u0440\u0438\u0437\u043c\u0430, \u0437\u0430\u043a\u0430\u0437\u044b\u0432\u0430\u0439\u0442\u0435 \u043e\u043d\u043b\u0430\u0439\u043d 24\/7!\" \/>\n<meta property=\"og:url\" content=\"https:\/\/milbaza.lv\/ru\/produkts\/%d1%81%d1%80%d0%b5%d0%b4%d1%81%d1%82%d0%b2%d0%be-%d0%be%d1%82-%d0%ba%d0%be%d0%bc%d0%b0%d1%80%d0%be%d0%b2-bens-max-37%d0%bc%d0%bb\/\" \/>\n<meta property=\"og:site_name\" content=\"MILBAZA \u2013 viss akt\u012bvai atp\u016btai\" \/>\n<meta property=\"article:publisher\" content=\"https:\/\/www.facebook.com\/profile.php?id=100075399152223\" \/>\n<meta property=\"article:modified_time\" content=\"2025-07-31T09:17:30+00:00\" \/>\n<meta property=\"og:image\" content=\"https:\/\/milbaza.lv\/wp-content\/uploads\/2022\/05\/BENS-MAX.jpg\" \/>\n\t<meta property=\"og:image:width\" content=\"700\" \/>\n\t<meta property=\"og:image:height\" content=\"700\" \/>\n\t<meta property=\"og:image:type\" content=\"image\/jpeg\" \/>\n<meta name=\"twitter:card\" content=\"summary_large_image\" \/>\n<script type=\"application\/ld+json\" class=\"yoast-schema-graph\">{\"@context\":\"https:\/\/schema.org\",\"@graph\":[{\"@type\":\"WebPage\",\"@id\":\"https:\/\/milbaza.lv\/ru\/produkts\/%d1%81%d1%80%d0%b5%d0%b4%d1%81%d1%82%d0%b2%d0%be-%d0%be%d1%82-%d0%ba%d0%be%d0%bc%d0%b0%d1%80%d0%be%d0%b2-bens-max-37%d0%bc%d0%bb\/\",\"url\":\"https:\/\/milbaza.lv\/ru\/produkts\/%d1%81%d1%80%d0%b5%d0%b4%d1%81%d1%82%d0%b2%d0%be-%d0%be%d1%82-%d0%ba%d0%be%d0%bc%d0%b0%d1%80%d0%be%d0%b2-bens-max-37%d0%bc%d0%bb\/\",\"name\":\"\u0421\u0420\u0415\u0414\u0421\u0422\u0412\u041e \u041e\u0422 \u041a\u041e\u041c\u0410\u0420\u041e\u0412 BENS MAX 37\u043c\u043b - MILBAZA \u2013 viss akt\u012bvai atp\u016btai\",\"isPartOf\":{\"@id\":\"https:\/\/milbaza.lv\/ru\/#website\"},\"primaryImageOfPage\":{\"@id\":\"https:\/\/milbaza.lv\/ru\/produkts\/%d1%81%d1%80%d0%b5%d0%b4%d1%81%d1%82%d0%b2%d0%be-%d0%be%d1%82-%d0%ba%d0%be%d0%bc%d0%b0%d1%80%d0%be%d0%b2-bens-max-37%d0%bc%d0%bb\/#primaryimage\"},\"image\":{\"@id\":\"https:\/\/milbaza.lv\/ru\/produkts\/%d1%81%d1%80%d0%b5%d0%b4%d1%81%d1%82%d0%b2%d0%be-%d0%be%d1%82-%d0%ba%d0%be%d0%bc%d0%b0%d1%80%d0%be%d0%b2-bens-max-37%d0%bc%d0%bb\/#primaryimage\"},\"thumbnailUrl\":\"https:\/\/milbaza.lv\/wp-content\/uploads\/2022\/05\/BENS-MAX.jpg\",\"datePublished\":\"2022-04-27T12:55:53+00:00\",\"dateModified\":\"2025-07-31T09:17:30+00:00\",\"description\":\"\u041a\u0443\u043f\u0438\u0442\u044c \u0420\u0435\u043f\u0435\u043b\u043b\u0435\u043d\u0442 \u043e\u0442 \u043a\u043e\u043c\u0430\u0440\u043e\u0432 BENS MAX 37\u043c\u043b \u0445\u043e\u0440\u043e\u0448\u0430\u044f \u0446\u0435\u043d\u0430 \u0438 \u0434\u043e\u0441\u0442\u0430\u0432\u043a\u0430. \u0418\u043d\u0442\u0435\u0440\u043d\u0435\u0442-\u043c\u0430\u0433\u0430\u0437\u0438\u043d \u0442\u043e\u0432\u0430\u0440\u043e\u0432 \u0434\u043b\u044f \u0442\u0443\u0440\u0438\u0437\u043c\u0430, \u0437\u0430\u043a\u0430\u0437\u044b\u0432\u0430\u0439\u0442\u0435 \u043e\u043d\u043b\u0430\u0439\u043d 24\/7!\",\"breadcrumb\":{\"@id\":\"https:\/\/milbaza.lv\/ru\/produkts\/%d1%81%d1%80%d0%b5%d0%b4%d1%81%d1%82%d0%b2%d0%be-%d0%be%d1%82-%d0%ba%d0%be%d0%bc%d0%b0%d1%80%d0%be%d0%b2-bens-max-37%d0%bc%d0%bb\/#breadcrumb\"},\"inLanguage\":\"ru-RU\",\"potentialAction\":[{\"@type\":\"ReadAction\",\"target\":[\"https:\/\/milbaza.lv\/ru\/produkts\/%d1%81%d1%80%d0%b5%d0%b4%d1%81%d1%82%d0%b2%d0%be-%d0%be%d1%82-%d0%ba%d0%be%d0%bc%d0%b0%d1%80%d0%be%d0%b2-bens-max-37%d0%bc%d0%bb\/\"]}]},{\"@type\":\"ImageObject\",\"inLanguage\":\"ru-RU\",\"@id\":\"https:\/\/milbaza.lv\/ru\/produkts\/%d1%81%d1%80%d0%b5%d0%b4%d1%81%d1%82%d0%b2%d0%be-%d0%be%d1%82-%d0%ba%d0%be%d0%bc%d0%b0%d1%80%d0%be%d0%b2-bens-max-37%d0%bc%d0%bb\/#primaryimage\",\"url\":\"https:\/\/milbaza.lv\/wp-content\/uploads\/2022\/05\/BENS-MAX.jpg\",\"contentUrl\":\"https:\/\/milbaza.lv\/wp-content\/uploads\/2022\/05\/BENS-MAX.jpg\",\"width\":700,\"height\":700},{\"@type\":\"BreadcrumbList\",\"@id\":\"https:\/\/milbaza.lv\/ru\/produkts\/%d1%81%d1%80%d0%b5%d0%b4%d1%81%d1%82%d0%b2%d0%be-%d0%be%d1%82-%d0%ba%d0%be%d0%bc%d0%b0%d1%80%d0%be%d0%b2-bens-max-37%d0%bc%d0%bb\/#breadcrumb\",\"itemListElement\":[{\"@type\":\"ListItem\",\"position\":1,\"name\":\"Home\",\"item\":\"https:\/\/milbaza.lv\/ru\/\"},{\"@type\":\"ListItem\",\"position\":2,\"name\":\"\u041c\u0430\u0433\u0430\u0437\u0438\u043d\",\"item\":\"https:\/\/milbaza.lv\/ru\/%d0%bc%d0%b0%d0%b3%d0%b0%d0%b7%d0%b8%d0%bd\/\"},{\"@type\":\"ListItem\",\"position\":3,\"name\":\"\u0421\u0420\u0415\u0414\u0421\u0422\u0412\u041e \u041e\u0422 \u041a\u041e\u041c\u0410\u0420\u041e\u0412 BENS MAX 37\u043c\u043b\"}]},{\"@type\":\"WebSite\",\"@id\":\"https:\/\/milbaza.lv\/ru\/#website\",\"url\":\"https:\/\/milbaza.lv\/ru\/\",\"name\":\"MILBAZA \u2013 viss akt\u012bvai atp\u016btai\",\"description\":\"Viss akt\u012bvai atp\u016btai\",\"publisher\":{\"@id\":\"https:\/\/milbaza.lv\/ru\/#organization\"},\"potentialAction\":[{\"@type\":\"SearchAction\",\"target\":{\"@type\":\"EntryPoint\",\"urlTemplate\":\"https:\/\/milbaza.lv\/ru\/?s={search_term_string}\"},\"query-input\":{\"@type\":\"PropertyValueSpecification\",\"valueRequired\":true,\"valueName\":\"search_term_string\"}}],\"inLanguage\":\"ru-RU\"},{\"@type\":\"Organization\",\"@id\":\"https:\/\/milbaza.lv\/ru\/#organization\",\"name\":\"Milbaza\",\"url\":\"https:\/\/milbaza.lv\/ru\/\",\"logo\":{\"@type\":\"ImageObject\",\"inLanguage\":\"ru-RU\",\"@id\":\"https:\/\/milbaza.lv\/ru\/#\/schema\/logo\/image\/\",\"url\":\"https:\/\/milbaza.lv\/wp-content\/uploads\/2021\/11\/Mil_BAZA_logo3.png\",\"contentUrl\":\"https:\/\/milbaza.lv\/wp-content\/uploads\/2021\/11\/Mil_BAZA_logo3.png\",\"width\":564,\"height\":226,\"caption\":\"Milbaza\"},\"image\":{\"@id\":\"https:\/\/milbaza.lv\/ru\/#\/schema\/logo\/image\/\"},\"sameAs\":[\"https:\/\/www.facebook.com\/profile.php?id=100075399152223\",\"https:\/\/www.instagram.com\/milbaza.lv\/\",\"https:\/\/www.pinterest.com\/milbaza\/_saved\/\",\"https:\/\/www.youtube.com\/channel\/UCrPXltd8hsNIiGAKc37hGfQ\"]}]}<\/script>\n<!-- \/ Yoast SEO plugin. -->","yoast_head_json":{"title":"\u0421\u0420\u0415\u0414\u0421\u0422\u0412\u041e \u041e\u0422 \u041a\u041e\u041c\u0410\u0420\u041e\u0412 BENS MAX 37\u043c\u043b - MILBAZA \u2013 viss akt\u012bvai atp\u016btai","description":"\u041a\u0443\u043f\u0438\u0442\u044c \u0420\u0435\u043f\u0435\u043b\u043b\u0435\u043d\u0442 \u043e\u0442 \u043a\u043e\u043c\u0430\u0440\u043e\u0432 BENS MAX 37\u043c\u043b \u0445\u043e\u0440\u043e\u0448\u0430\u044f \u0446\u0435\u043d\u0430 \u0438 \u0434\u043e\u0441\u0442\u0430\u0432\u043a\u0430. \u0418\u043d\u0442\u0435\u0440\u043d\u0435\u0442-\u043c\u0430\u0433\u0430\u0437\u0438\u043d \u0442\u043e\u0432\u0430\u0440\u043e\u0432 \u0434\u043b\u044f \u0442\u0443\u0440\u0438\u0437\u043c\u0430, \u0437\u0430\u043a\u0430\u0437\u044b\u0432\u0430\u0439\u0442\u0435 \u043e\u043d\u043b\u0430\u0439\u043d 24\/7!","robots":{"index":"index","follow":"follow","max-snippet":"max-snippet:-1","max-image-preview":"max-image-preview:large","max-video-preview":"max-video-preview:-1"},"canonical":"https:\/\/milbaza.lv\/ru\/produkts\/%d1%81%d1%80%d0%b5%d0%b4%d1%81%d1%82%d0%b2%d0%be-%d0%be%d1%82-%d0%ba%d0%be%d0%bc%d0%b0%d1%80%d0%be%d0%b2-bens-max-37%d0%bc%d0%bb\/","og_locale":"ru_RU","og_type":"article","og_title":"\u0421\u0420\u0415\u0414\u0421\u0422\u0412\u041e \u041e\u0422 \u041a\u041e\u041c\u0410\u0420\u041e\u0412 BENS MAX 37\u043c\u043b - MILBAZA \u2013 viss akt\u012bvai atp\u016btai","og_description":"\u041a\u0443\u043f\u0438\u0442\u044c \u0420\u0435\u043f\u0435\u043b\u043b\u0435\u043d\u0442 \u043e\u0442 \u043a\u043e\u043c\u0430\u0440\u043e\u0432 BENS MAX 37\u043c\u043b \u0445\u043e\u0440\u043e\u0448\u0430\u044f \u0446\u0435\u043d\u0430 \u0438 \u0434\u043e\u0441\u0442\u0430\u0432\u043a\u0430. \u0418\u043d\u0442\u0435\u0440\u043d\u0435\u0442-\u043c\u0430\u0433\u0430\u0437\u0438\u043d \u0442\u043e\u0432\u0430\u0440\u043e\u0432 \u0434\u043b\u044f \u0442\u0443\u0440\u0438\u0437\u043c\u0430, \u0437\u0430\u043a\u0430\u0437\u044b\u0432\u0430\u0439\u0442\u0435 \u043e\u043d\u043b\u0430\u0439\u043d 24\/7!","og_url":"https:\/\/milbaza.lv\/ru\/produkts\/%d1%81%d1%80%d0%b5%d0%b4%d1%81%d1%82%d0%b2%d0%be-%d0%be%d1%82-%d0%ba%d0%be%d0%bc%d0%b0%d1%80%d0%be%d0%b2-bens-max-37%d0%bc%d0%bb\/","og_site_name":"MILBAZA \u2013 viss akt\u012bvai atp\u016btai","article_publisher":"https:\/\/www.facebook.com\/profile.php?id=100075399152223","article_modified_time":"2025-07-31T09:17:30+00:00","og_image":[{"width":700,"height":700,"url":"https:\/\/milbaza.lv\/wp-content\/uploads\/2022\/05\/BENS-MAX.jpg","type":"image\/jpeg"}],"twitter_card":"summary_large_image","schema":{"@context":"https:\/\/schema.org","@graph":[{"@type":"WebPage","@id":"https:\/\/milbaza.lv\/ru\/produkts\/%d1%81%d1%80%d0%b5%d0%b4%d1%81%d1%82%d0%b2%d0%be-%d0%be%d1%82-%d0%ba%d0%be%d0%bc%d0%b0%d1%80%d0%be%d0%b2-bens-max-37%d0%bc%d0%bb\/","url":"https:\/\/milbaza.lv\/ru\/produkts\/%d1%81%d1%80%d0%b5%d0%b4%d1%81%d1%82%d0%b2%d0%be-%d0%be%d1%82-%d0%ba%d0%be%d0%bc%d0%b0%d1%80%d0%be%d0%b2-bens-max-37%d0%bc%d0%bb\/","name":"\u0421\u0420\u0415\u0414\u0421\u0422\u0412\u041e \u041e\u0422 \u041a\u041e\u041c\u0410\u0420\u041e\u0412 BENS MAX 37\u043c\u043b - MILBAZA \u2013 viss akt\u012bvai atp\u016btai","isPartOf":{"@id":"https:\/\/milbaza.lv\/ru\/#website"},"primaryImageOfPage":{"@id":"https:\/\/milbaza.lv\/ru\/produkts\/%d1%81%d1%80%d0%b5%d0%b4%d1%81%d1%82%d0%b2%d0%be-%d0%be%d1%82-%d0%ba%d0%be%d0%bc%d0%b0%d1%80%d0%be%d0%b2-bens-max-37%d0%bc%d0%bb\/#primaryimage"},"image":{"@id":"https:\/\/milbaza.lv\/ru\/produkts\/%d1%81%d1%80%d0%b5%d0%b4%d1%81%d1%82%d0%b2%d0%be-%d0%be%d1%82-%d0%ba%d0%be%d0%bc%d0%b0%d1%80%d0%be%d0%b2-bens-max-37%d0%bc%d0%bb\/#primaryimage"},"thumbnailUrl":"https:\/\/milbaza.lv\/wp-content\/uploads\/2022\/05\/BENS-MAX.jpg","datePublished":"2022-04-27T12:55:53+00:00","dateModified":"2025-07-31T09:17:30+00:00","description":"\u041a\u0443\u043f\u0438\u0442\u044c \u0420\u0435\u043f\u0435\u043b\u043b\u0435\u043d\u0442 \u043e\u0442 \u043a\u043e\u043c\u0430\u0440\u043e\u0432 BENS MAX 37\u043c\u043b \u0445\u043e\u0440\u043e\u0448\u0430\u044f \u0446\u0435\u043d\u0430 \u0438 \u0434\u043e\u0441\u0442\u0430\u0432\u043a\u0430. \u0418\u043d\u0442\u0435\u0440\u043d\u0435\u0442-\u043c\u0430\u0433\u0430\u0437\u0438\u043d \u0442\u043e\u0432\u0430\u0440\u043e\u0432 \u0434\u043b\u044f \u0442\u0443\u0440\u0438\u0437\u043c\u0430, \u0437\u0430\u043a\u0430\u0437\u044b\u0432\u0430\u0439\u0442\u0435 \u043e\u043d\u043b\u0430\u0439\u043d 24\/7!","breadcrumb":{"@id":"https:\/\/milbaza.lv\/ru\/produkts\/%d1%81%d1%80%d0%b5%d0%b4%d1%81%d1%82%d0%b2%d0%be-%d0%be%d1%82-%d0%ba%d0%be%d0%bc%d0%b0%d1%80%d0%be%d0%b2-bens-max-37%d0%bc%d0%bb\/#breadcrumb"},"inLanguage":"ru-RU","potentialAction":[{"@type":"ReadAction","target":["https:\/\/milbaza.lv\/ru\/produkts\/%d1%81%d1%80%d0%b5%d0%b4%d1%81%d1%82%d0%b2%d0%be-%d0%be%d1%82-%d0%ba%d0%be%d0%bc%d0%b0%d1%80%d0%be%d0%b2-bens-max-37%d0%bc%d0%bb\/"]}]},{"@type":"ImageObject","inLanguage":"ru-RU","@id":"https:\/\/milbaza.lv\/ru\/produkts\/%d1%81%d1%80%d0%b5%d0%b4%d1%81%d1%82%d0%b2%d0%be-%d0%be%d1%82-%d0%ba%d0%be%d0%bc%d0%b0%d1%80%d0%be%d0%b2-bens-max-37%d0%bc%d0%bb\/#primaryimage","url":"https:\/\/milbaza.lv\/wp-content\/uploads\/2022\/05\/BENS-MAX.jpg","contentUrl":"https:\/\/milbaza.lv\/wp-content\/uploads\/2022\/05\/BENS-MAX.jpg","width":700,"height":700},{"@type":"BreadcrumbList","@id":"https:\/\/milbaza.lv\/ru\/produkts\/%d1%81%d1%80%d0%b5%d0%b4%d1%81%d1%82%d0%b2%d0%be-%d0%be%d1%82-%d0%ba%d0%be%d0%bc%d0%b0%d1%80%d0%be%d0%b2-bens-max-37%d0%bc%d0%bb\/#breadcrumb","itemListElement":[{"@type":"ListItem","position":1,"name":"Home","item":"https:\/\/milbaza.lv\/ru\/"},{"@type":"ListItem","position":2,"name":"\u041c\u0430\u0433\u0430\u0437\u0438\u043d","item":"https:\/\/milbaza.lv\/ru\/%d0%bc%d0%b0%d0%b3%d0%b0%d0%b7%d0%b8%d0%bd\/"},{"@type":"ListItem","position":3,"name":"\u0421\u0420\u0415\u0414\u0421\u0422\u0412\u041e \u041e\u0422 \u041a\u041e\u041c\u0410\u0420\u041e\u0412 BENS MAX 37\u043c\u043b"}]},{"@type":"WebSite","@id":"https:\/\/milbaza.lv\/ru\/#website","url":"https:\/\/milbaza.lv\/ru\/","name":"MILBAZA \u2013 viss akt\u012bvai atp\u016btai","description":"Viss akt\u012bvai atp\u016btai","publisher":{"@id":"https:\/\/milbaza.lv\/ru\/#organization"},"potentialAction":[{"@type":"SearchAction","target":{"@type":"EntryPoint","urlTemplate":"https:\/\/milbaza.lv\/ru\/?s={search_term_string}"},"query-input":{"@type":"PropertyValueSpecification","valueRequired":true,"valueName":"search_term_string"}}],"inLanguage":"ru-RU"},{"@type":"Organization","@id":"https:\/\/milbaza.lv\/ru\/#organization","name":"Milbaza","url":"https:\/\/milbaza.lv\/ru\/","logo":{"@type":"ImageObject","inLanguage":"ru-RU","@id":"https:\/\/milbaza.lv\/ru\/#\/schema\/logo\/image\/","url":"https:\/\/milbaza.lv\/wp-content\/uploads\/2021\/11\/Mil_BAZA_logo3.png","contentUrl":"https:\/\/milbaza.lv\/wp-content\/uploads\/2021\/11\/Mil_BAZA_logo3.png","width":564,"height":226,"caption":"Milbaza"},"image":{"@id":"https:\/\/milbaza.lv\/ru\/#\/schema\/logo\/image\/"},"sameAs":["https:\/\/www.facebook.com\/profile.php?id=100075399152223","https:\/\/www.instagram.com\/milbaza.lv\/","https:\/\/www.pinterest.com\/milbaza\/_saved\/","https:\/\/www.youtube.com\/channel\/UCrPXltd8hsNIiGAKc37hGfQ"]}]}},"_links":{"self":[{"href":"https:\/\/milbaza.lv\/ru\/wp-json\/wp\/v2\/product\/43781","targetHints":{"allow":["GET"]}}],"collection":[{"href":"https:\/\/milbaza.lv\/ru\/wp-json\/wp\/v2\/product"}],"about":[{"href":"https:\/\/milbaza.lv\/ru\/wp-json\/wp\/v2\/types\/product"}],"replies":[{"embeddable":true,"href":"https:\/\/milbaza.lv\/ru\/wp-json\/wp\/v2\/comments?post=43781"}],"wp:featuredmedia":[{"embeddable":true,"href":"https:\/\/milbaza.lv\/ru\/wp-json\/wp\/v2\/media\/10160"}],"wp:attachment":[{"href":"https:\/\/milbaza.lv\/ru\/wp-json\/wp\/v2\/media?parent=43781"}],"wp:term":[{"taxonomy":"product_brand","embeddable":true,"href":"https:\/\/milbaza.lv\/ru\/wp-json\/wp\/v2\/product_brand?post=43781"},{"taxonomy":"product_cat","embeddable":true,"href":"https:\/\/milbaza.lv\/ru\/wp-json\/wp\/v2\/product_cat?post=43781"},{"taxonomy":"product_tag","embeddable":true,"href":"https:\/\/milbaza.lv\/ru\/wp-json\/wp\/v2\/product_tag?post=43781"}],"curies":[{"name":"wp","href":"https:\/\/api.w.org\/{rel}","templated":true}]}}