{"id":47603,"date":"2025-05-09T16:59:32","date_gmt":"2025-08-07T10:11:12","guid":{"rendered":"https:\/\/milbaza.lv\/?post_type=product&#038;p=47603"},"modified":"2025-08-07T13:11:20","modified_gmt":"2025-08-07T10:11:20","slug":"helikon-tex-%d0%bd%d0%b0%d1%88%d0%b8%d0%b2%d0%ba%d0%b0-lead-overdose","status":"publish","type":"product","link":"https:\/\/milbaza.lv\/ru\/produkts\/helikon-tex-%d0%bd%d0%b0%d1%88%d0%b8%d0%b2%d0%ba%d0%b0-lead-overdose\/","title":{"rendered":"HELIKON-TEX \u041d\u0410\u0428\u0418\u0412\u041a\u0410 &#8221;LEAD OVERDOSE!&#8221;"},"content":{"rendered":"<p>\u041d\u0430 \u043d\u0430\u0448\u0438\u0432\u043a\u0435 Helikon \u0438\u0437\u043e\u0431\u0440\u0430\u0436\u0435\u043d \u043c\u043e\u0442\u0438\u0432 \u0431\u0430\u043b\u043b\u0438\u0441\u0442\u0438\u0447\u0435\u0441\u043a\u043e\u0439 \u043f\u043b\u0430\u0441\u0442\u0438\u043d\u044b, \u0441\u043e\u043f\u0440\u043e\u0432\u043e\u0436\u0434\u0430\u0435\u043c\u044b\u0439 \u044e\u043c\u043e\u0440\u0438\u0441\u0442\u0438\u0447\u0435\u0441\u043a\u043e\u0439 \u043d\u0430\u0434\u043f\u0438\u0441\u044c\u044e, \u043a\u043e\u0442\u043e\u0440\u0430\u044f \u043f\u0440\u0438\u043c\u0435\u0440\u043d\u043e \u043f\u0435\u0440\u0435\u0432\u043e\u0434\u0438\u0442\u0441\u044f \u043a\u0430\u043a \u00ab\u0437\u0430\u0449\u0438\u0442\u0430 \u043e\u0442 \u043f\u0435\u0440\u0435\u0434\u043e\u0437\u0438\u0440\u043e\u0432\u043a\u0438 \u0441\u0432\u0438\u043d\u0446\u0430\u00bb. \u0422\u0430\u043a\u0438\u043c \u043e\u0431\u0440\u0430\u0437\u043e\u043c, \u043f\u0440\u043e\u0438\u0437\u0432\u043e\u0434\u0438\u0442\u0435\u043b\u044c \u0438\u0440\u043e\u043d\u0438\u0447\u043d\u043e \u0438 \u0432\u0435\u0441\u0435\u043b\u043e \u043e\u0442\u043d\u043e\u0441\u0438\u0442\u0441\u044f \u043a \u0441\u0442\u0440\u0430\u0441\u0442\u0438 \u043a \u0441\u0442\u0440\u0435\u043b\u044c\u0431\u0435. \u041d\u0430\u0448\u0438\u0432\u043a\u0443 \u043c\u043e\u0436\u043d\u043e \u043f\u0440\u0438\u043a\u0440\u0435\u043f\u0438\u0442\u044c \u043a \u0441\u043d\u0430\u0440\u044f\u0436\u0435\u043d\u0438\u044e \u0438\u043b\u0438 \u0442\u0430\u043a\u0442\u0438\u0447\u0435\u0441\u043a\u043e\u0439 \u043e\u0434\u0435\u0436\u0434\u0435 \u0441 \u043b\u0438\u043f\u0443\u0447\u043a\u043e\u0439, \u043d\u0430\u043f\u0440\u0438\u043c\u0435\u0440, \u043a \u0440\u0443\u0431\u0430\u0448\u043a\u0435 \u0438\u043b\u0438 \u0431\u0435\u0439\u0441\u0431\u043e\u043b\u043a\u0435.<br \/>\n\u041d\u0430\u0448\u0438\u0432\u043a\u0430 \u043f\u043e\u0434\u043e\u0439\u0434\u0435\u0442 \u0434\u043b\u044f \u043b\u044e\u0431\u0438\u0442\u0435\u043b\u0435\u0439 \u0432\u043e\u0435\u043d\u043d\u043e\u0433\u043e \u0434\u0435\u043b\u0430 \u0438 \u0441\u0442\u0440\u0435\u043b\u044c\u0431\u044b.<\/p>\n<p>\u0421\u043f\u0435\u0446\u0438\u0444\u0438\u043a\u0430\u0446\u0438\u044f<\/p>\n<p>\u0412\u0435\u0441: 10 \u0433<\/p>\n<p>\u041b\u0438\u043d\u0435\u0439\u043a\u0430 \u043f\u0440\u043e\u0434\u0443\u043a\u0446\u0438\u0438: \u0410\u0441\u0441\u043e\u0440\u0442\u0438\u043c\u0435\u043d\u0442<\/p>\n<p>\u0414\u043e\u043f\u043e\u043b\u043d\u0438\u0442\u0435\u043b\u044c\u043d\u0430\u044f \u043b\u0438\u043d\u0435\u0439\u043a\u0430 \u043f\u0440\u043e\u0434\u0443\u043a\u0446\u0438\u0438: Urban<\/p>\n<p>\u0420\u0430\u0437\u043c\u0435\u0440\u044b (\u0412\/\u0413\/\u0414): 7,5 \u0441\u043c x 4,5 \u0441\u043c \/ 3 \u0434\u044e\u0439\u043c\u0430 x 1,8 \u0434\u044e\u0439\u043c\u0430<\/p>\n<p>\u041c\u0430\u0442\u0435\u0440\u0438\u0430\u043b<\/p>\n<p>\u0421\u043e\u0441\u0442\u0430\u0432 \u043e\u0441\u043d\u043e\u0432\u043d\u043e\u0439 \u0442\u043a\u0430\u043d\u0438: 100% \u041f\u0412\u0425<\/p>\n<p>\u041e\u0441\u043d\u043e\u0432\u043d\u0430\u044f \u0442\u043a\u0430\u043d\u044c: \u041f\u0412\u0425<\/p>\n","protected":false},"excerpt":{"rendered":"<p>\u041d\u0430 \u043d\u0430\u0448\u0438\u0432\u043a\u0435 Helikon \u0438\u0437\u043e\u0431\u0440\u0430\u0436\u0435\u043d \u043c\u043e\u0442\u0438\u0432 \u0431\u0430\u043b\u043b\u0438\u0441\u0442\u0438\u0447\u0435\u0441\u043a\u043e\u0439 \u043f\u043b\u0430\u0441\u0442\u0438\u043d\u044b, \u0441\u043e\u043f\u0440\u043e\u0432\u043e\u0436\u0434\u0430\u0435\u043c\u044b\u0439 \u044e\u043c\u043e\u0440\u0438\u0441\u0442\u0438\u0447\u0435\u0441\u043a\u043e\u0439 \u043d\u0430\u0434\u043f\u0438\u0441\u044c\u044e, \u043a\u043e\u0442\u043e\u0440\u0430\u044f \u043f\u0440\u0438\u043c\u0435\u0440\u043d\u043e \u043f\u0435\u0440\u0435\u0432\u043e\u0434\u0438\u0442\u0441\u044f \u043a\u0430\u043a \u00ab\u0437\u0430\u0449\u0438\u0442\u0430 \u043e\u0442 \u043f\u0435\u0440\u0435\u0434\u043e\u0437\u0438\u0440\u043e\u0432\u043a\u0438 \u0441\u0432\u0438\u043d\u0446\u0430\u00bb. \u0422\u0430\u043a\u0438\u043c \u043e\u0431\u0440\u0430\u0437\u043e\u043c, \u043f\u0440\u043e\u0438\u0437\u0432\u043e\u0434\u0438\u0442\u0435\u043b\u044c \u0438\u0440\u043e\u043d\u0438\u0447\u043d\u043e \u0438 \u0432\u0435\u0441\u0435\u043b\u043e \u043e\u0442\u043d\u043e\u0441\u0438\u0442\u0441\u044f \u043a \u0441\u0442\u0440\u0430\u0441\u0442\u0438 \u043a \u0441\u0442\u0440\u0435\u043b\u044c\u0431\u0435. \u041d\u0430\u0448\u0438\u0432\u043a\u0443 \u043c\u043e\u0436\u043d\u043e \u043f\u0440\u0438\u043a\u0440\u0435\u043f\u0438\u0442\u044c \u043a \u0441\u043d\u0430\u0440\u044f\u0436\u0435\u043d\u0438\u044e \u0438\u043b\u0438 \u0442\u0430\u043a\u0442\u0438\u0447\u0435\u0441\u043a\u043e\u0439 \u043e\u0434\u0435\u0436\u0434\u0435 \u0441 \u043b\u0438\u043f\u0443\u0447\u043a\u043e\u0439, \u043d\u0430\u043f\u0440\u0438\u043c\u0435\u0440, \u043a \u0440\u0443\u0431\u0430\u0448\u043a\u0435 \u0438\u043b\u0438 \u0431\u0435\u0439\u0441\u0431\u043e\u043b\u043a\u0435. \u041d\u0430\u0448\u0438\u0432\u043a\u0430 \u043f\u043e\u0434\u043e\u0439\u0434\u0435\u0442 \u0434\u043b\u044f \u043b\u044e\u0431\u0438\u0442\u0435\u043b\u0435\u0439 \u0432\u043e\u0435\u043d\u043d\u043e\u0433\u043e \u0434\u0435\u043b\u0430 \u0438 \u0441\u0442\u0440\u0435\u043b\u044c\u0431\u044b. \u0421\u043f\u0435\u0446\u0438\u0444\u0438\u043a\u0430\u0446\u0438\u044f \u0412\u0435\u0441: 10 [&#8230;]\n","protected":false},"featured_media":47606,"comment_status":"open","ping_status":"closed","template":"","meta":{"_acf_changed":false},"product_brand":[],"product_cat":[451,346],"product_tag":[],"class_list":{"0":"post-47603","1":"product","2":"type-product","3":"status-publish","4":"has-post-thumbnail","6":"product_cat-451","7":"product_cat-346","9":"first","10":"instock","11":"taxable","12":"shipping-taxable","13":"purchasable","14":"product-type-simple"},"acf":[],"yoast_head":"<!-- This site is optimized with the Yoast SEO plugin v26.7 - https:\/\/yoast.com\/wordpress\/plugins\/seo\/ -->\n<title>HELIKON-TEX \u041d\u0410\u0428\u0418\u0412\u041a\u0410 &#039;&#039;LEAD OVERDOSE!&#039;&#039; - MILBAZA \u2013 viss akt\u012bvai atp\u016btai<\/title>\n<meta name=\"description\" content=\"\u041a\u0443\u043f\u0438\u0442\u0435 \u041f\u041b\u0410\u0421\u0422\u041c\u0423 HELIKON-TEX &#039;&#039;\u041f\u0415\u0420\u0415\u0414\u041e\u0417\u0418\u0420\u041e\u0412\u041a\u0410 \u0421\u0412\u0418\u041d\u0426\u0410!&#039;&#039; \u043f\u043e \u0432\u044b\u0433\u043e\u0434\u043d\u043e\u0439 \u0446\u0435\u043d\u0435 \u0438 \u0441 \u0434\u043e\u0441\u0442\u0430\u0432\u043a\u043e\u0439. \u0418\u043d\u0442\u0435\u0440\u043d\u0435\u0442-\u043c\u0430\u0433\u0430\u0437\u0438\u043d \u0442\u0443\u0440\u0438\u0441\u0442\u0438\u0447\u0435\u0441\u043a\u0438\u0445 \u0442\u043e\u0432\u0430\u0440\u043e\u0432, \u0437\u0430\u043a\u0430\u0437\u044b\u0432\u0430\u0439\u0442\u0435 \u043e\u043d\u043b\u0430\u0439\u043d 24\/7!\" \/>\n<meta name=\"robots\" content=\"index, follow, max-snippet:-1, max-image-preview:large, max-video-preview:-1\" \/>\n<link rel=\"canonical\" href=\"https:\/\/milbaza.lv\/ru\/produkts\/helikon-tex-%d0%bd%d0%b0%d1%88%d0%b8%d0%b2%d0%ba%d0%b0-lead-overdose\/\" \/>\n<meta property=\"og:locale\" content=\"ru_RU\" \/>\n<meta property=\"og:type\" content=\"article\" \/>\n<meta property=\"og:title\" content=\"HELIKON-TEX \u041d\u0410\u0428\u0418\u0412\u041a\u0410 &#039;&#039;LEAD OVERDOSE!&#039;&#039; - MILBAZA \u2013 viss akt\u012bvai atp\u016btai\" \/>\n<meta property=\"og:description\" content=\"\u041a\u0443\u043f\u0438\u0442\u0435 \u041f\u041b\u0410\u0421\u0422\u041c\u0423 HELIKON-TEX &#039;&#039;\u041f\u0415\u0420\u0415\u0414\u041e\u0417\u0418\u0420\u041e\u0412\u041a\u0410 \u0421\u0412\u0418\u041d\u0426\u0410!&#039;&#039; \u043f\u043e \u0432\u044b\u0433\u043e\u0434\u043d\u043e\u0439 \u0446\u0435\u043d\u0435 \u0438 \u0441 \u0434\u043e\u0441\u0442\u0430\u0432\u043a\u043e\u0439. \u0418\u043d\u0442\u0435\u0440\u043d\u0435\u0442-\u043c\u0430\u0433\u0430\u0437\u0438\u043d \u0442\u0443\u0440\u0438\u0441\u0442\u0438\u0447\u0435\u0441\u043a\u0438\u0445 \u0442\u043e\u0432\u0430\u0440\u043e\u0432, \u0437\u0430\u043a\u0430\u0437\u044b\u0432\u0430\u0439\u0442\u0435 \u043e\u043d\u043b\u0430\u0439\u043d 24\/7!\" \/>\n<meta property=\"og:url\" content=\"https:\/\/milbaza.lv\/ru\/produkts\/helikon-tex-%d0%bd%d0%b0%d1%88%d0%b8%d0%b2%d0%ba%d0%b0-lead-overdose\/\" \/>\n<meta property=\"og:site_name\" content=\"MILBAZA \u2013 viss akt\u012bvai atp\u016btai\" \/>\n<meta property=\"article:publisher\" content=\"https:\/\/www.facebook.com\/profile.php?id=100075399152223\" \/>\n<meta property=\"article:modified_time\" content=\"2025-08-07T10:11:20+00:00\" \/>\n<meta property=\"og:image\" content=\"https:\/\/milbaza.lv\/wp-content\/uploads\/2025\/05\/eng_pm_Helikon-Lead-Overdose-Morale-Patch-OD-LOD-RB-20-31107_1.jpg\" \/>\n\t<meta property=\"og:image:width\" content=\"500\" \/>\n\t<meta property=\"og:image:height\" content=\"500\" \/>\n\t<meta property=\"og:image:type\" content=\"image\/jpeg\" \/>\n<meta name=\"twitter:card\" content=\"summary_large_image\" \/>\n<script type=\"application\/ld+json\" class=\"yoast-schema-graph\">{\"@context\":\"https:\/\/schema.org\",\"@graph\":[{\"@type\":\"WebPage\",\"@id\":\"https:\/\/milbaza.lv\/ru\/produkts\/helikon-tex-%d0%bd%d0%b0%d1%88%d0%b8%d0%b2%d0%ba%d0%b0-lead-overdose\/\",\"url\":\"https:\/\/milbaza.lv\/ru\/produkts\/helikon-tex-%d0%bd%d0%b0%d1%88%d0%b8%d0%b2%d0%ba%d0%b0-lead-overdose\/\",\"name\":\"HELIKON-TEX \u041d\u0410\u0428\u0418\u0412\u041a\u0410 ''LEAD OVERDOSE!'' - MILBAZA \u2013 viss akt\u012bvai atp\u016btai\",\"isPartOf\":{\"@id\":\"https:\/\/milbaza.lv\/ru\/#website\"},\"primaryImageOfPage\":{\"@id\":\"https:\/\/milbaza.lv\/ru\/produkts\/helikon-tex-%d0%bd%d0%b0%d1%88%d0%b8%d0%b2%d0%ba%d0%b0-lead-overdose\/#primaryimage\"},\"image\":{\"@id\":\"https:\/\/milbaza.lv\/ru\/produkts\/helikon-tex-%d0%bd%d0%b0%d1%88%d0%b8%d0%b2%d0%ba%d0%b0-lead-overdose\/#primaryimage\"},\"thumbnailUrl\":\"https:\/\/milbaza.lv\/wp-content\/uploads\/2025\/05\/eng_pm_Helikon-Lead-Overdose-Morale-Patch-OD-LOD-RB-20-31107_1.jpg\",\"datePublished\":\"2025-08-07T10:11:12+00:00\",\"dateModified\":\"2025-08-07T10:11:20+00:00\",\"description\":\"\u041a\u0443\u043f\u0438\u0442\u0435 \u041f\u041b\u0410\u0421\u0422\u041c\u0423 HELIKON-TEX ''\u041f\u0415\u0420\u0415\u0414\u041e\u0417\u0418\u0420\u041e\u0412\u041a\u0410 \u0421\u0412\u0418\u041d\u0426\u0410!'' \u043f\u043e \u0432\u044b\u0433\u043e\u0434\u043d\u043e\u0439 \u0446\u0435\u043d\u0435 \u0438 \u0441 \u0434\u043e\u0441\u0442\u0430\u0432\u043a\u043e\u0439. \u0418\u043d\u0442\u0435\u0440\u043d\u0435\u0442-\u043c\u0430\u0433\u0430\u0437\u0438\u043d \u0442\u0443\u0440\u0438\u0441\u0442\u0438\u0447\u0435\u0441\u043a\u0438\u0445 \u0442\u043e\u0432\u0430\u0440\u043e\u0432, \u0437\u0430\u043a\u0430\u0437\u044b\u0432\u0430\u0439\u0442\u0435 \u043e\u043d\u043b\u0430\u0439\u043d 24\/7!\",\"breadcrumb\":{\"@id\":\"https:\/\/milbaza.lv\/ru\/produkts\/helikon-tex-%d0%bd%d0%b0%d1%88%d0%b8%d0%b2%d0%ba%d0%b0-lead-overdose\/#breadcrumb\"},\"inLanguage\":\"ru-RU\",\"potentialAction\":[{\"@type\":\"ReadAction\",\"target\":[\"https:\/\/milbaza.lv\/ru\/produkts\/helikon-tex-%d0%bd%d0%b0%d1%88%d0%b8%d0%b2%d0%ba%d0%b0-lead-overdose\/\"]}]},{\"@type\":\"ImageObject\",\"inLanguage\":\"ru-RU\",\"@id\":\"https:\/\/milbaza.lv\/ru\/produkts\/helikon-tex-%d0%bd%d0%b0%d1%88%d0%b8%d0%b2%d0%ba%d0%b0-lead-overdose\/#primaryimage\",\"url\":\"https:\/\/milbaza.lv\/wp-content\/uploads\/2025\/05\/eng_pm_Helikon-Lead-Overdose-Morale-Patch-OD-LOD-RB-20-31107_1.jpg\",\"contentUrl\":\"https:\/\/milbaza.lv\/wp-content\/uploads\/2025\/05\/eng_pm_Helikon-Lead-Overdose-Morale-Patch-OD-LOD-RB-20-31107_1.jpg\",\"width\":500,\"height\":500},{\"@type\":\"BreadcrumbList\",\"@id\":\"https:\/\/milbaza.lv\/ru\/produkts\/helikon-tex-%d0%bd%d0%b0%d1%88%d0%b8%d0%b2%d0%ba%d0%b0-lead-overdose\/#breadcrumb\",\"itemListElement\":[{\"@type\":\"ListItem\",\"position\":1,\"name\":\"Home\",\"item\":\"https:\/\/milbaza.lv\/ru\/\"},{\"@type\":\"ListItem\",\"position\":2,\"name\":\"\u041c\u0430\u0433\u0430\u0437\u0438\u043d\",\"item\":\"https:\/\/milbaza.lv\/ru\/%d0%bc%d0%b0%d0%b3%d0%b0%d0%b7%d0%b8%d0%bd\/\"},{\"@type\":\"ListItem\",\"position\":3,\"name\":\"HELIKON-TEX \u041d\u0410\u0428\u0418\u0412\u041a\u0410 &#8221;LEAD OVERDOSE!&#8221;\"}]},{\"@type\":\"WebSite\",\"@id\":\"https:\/\/milbaza.lv\/ru\/#website\",\"url\":\"https:\/\/milbaza.lv\/ru\/\",\"name\":\"MILBAZA \u2013 viss akt\u012bvai atp\u016btai\",\"description\":\"Viss akt\u012bvai atp\u016btai\",\"publisher\":{\"@id\":\"https:\/\/milbaza.lv\/ru\/#organization\"},\"potentialAction\":[{\"@type\":\"SearchAction\",\"target\":{\"@type\":\"EntryPoint\",\"urlTemplate\":\"https:\/\/milbaza.lv\/ru\/?s={search_term_string}\"},\"query-input\":{\"@type\":\"PropertyValueSpecification\",\"valueRequired\":true,\"valueName\":\"search_term_string\"}}],\"inLanguage\":\"ru-RU\"},{\"@type\":\"Organization\",\"@id\":\"https:\/\/milbaza.lv\/ru\/#organization\",\"name\":\"Milbaza\",\"url\":\"https:\/\/milbaza.lv\/ru\/\",\"logo\":{\"@type\":\"ImageObject\",\"inLanguage\":\"ru-RU\",\"@id\":\"https:\/\/milbaza.lv\/ru\/#\/schema\/logo\/image\/\",\"url\":\"https:\/\/milbaza.lv\/wp-content\/uploads\/2021\/11\/Mil_BAZA_logo3.png\",\"contentUrl\":\"https:\/\/milbaza.lv\/wp-content\/uploads\/2021\/11\/Mil_BAZA_logo3.png\",\"width\":564,\"height\":226,\"caption\":\"Milbaza\"},\"image\":{\"@id\":\"https:\/\/milbaza.lv\/ru\/#\/schema\/logo\/image\/\"},\"sameAs\":[\"https:\/\/www.facebook.com\/profile.php?id=100075399152223\",\"https:\/\/www.instagram.com\/milbaza.lv\/\",\"https:\/\/www.pinterest.com\/milbaza\/_saved\/\",\"https:\/\/www.youtube.com\/channel\/UCrPXltd8hsNIiGAKc37hGfQ\"]}]}<\/script>\n<!-- \/ Yoast SEO plugin. -->","yoast_head_json":{"title":"HELIKON-TEX \u041d\u0410\u0428\u0418\u0412\u041a\u0410 ''LEAD OVERDOSE!'' - MILBAZA \u2013 viss akt\u012bvai atp\u016btai","description":"\u041a\u0443\u043f\u0438\u0442\u0435 \u041f\u041b\u0410\u0421\u0422\u041c\u0423 HELIKON-TEX ''\u041f\u0415\u0420\u0415\u0414\u041e\u0417\u0418\u0420\u041e\u0412\u041a\u0410 \u0421\u0412\u0418\u041d\u0426\u0410!'' \u043f\u043e \u0432\u044b\u0433\u043e\u0434\u043d\u043e\u0439 \u0446\u0435\u043d\u0435 \u0438 \u0441 \u0434\u043e\u0441\u0442\u0430\u0432\u043a\u043e\u0439. \u0418\u043d\u0442\u0435\u0440\u043d\u0435\u0442-\u043c\u0430\u0433\u0430\u0437\u0438\u043d \u0442\u0443\u0440\u0438\u0441\u0442\u0438\u0447\u0435\u0441\u043a\u0438\u0445 \u0442\u043e\u0432\u0430\u0440\u043e\u0432, \u0437\u0430\u043a\u0430\u0437\u044b\u0432\u0430\u0439\u0442\u0435 \u043e\u043d\u043b\u0430\u0439\u043d 24\/7!","robots":{"index":"index","follow":"follow","max-snippet":"max-snippet:-1","max-image-preview":"max-image-preview:large","max-video-preview":"max-video-preview:-1"},"canonical":"https:\/\/milbaza.lv\/ru\/produkts\/helikon-tex-%d0%bd%d0%b0%d1%88%d0%b8%d0%b2%d0%ba%d0%b0-lead-overdose\/","og_locale":"ru_RU","og_type":"article","og_title":"HELIKON-TEX \u041d\u0410\u0428\u0418\u0412\u041a\u0410 ''LEAD OVERDOSE!'' - MILBAZA \u2013 viss akt\u012bvai atp\u016btai","og_description":"\u041a\u0443\u043f\u0438\u0442\u0435 \u041f\u041b\u0410\u0421\u0422\u041c\u0423 HELIKON-TEX ''\u041f\u0415\u0420\u0415\u0414\u041e\u0417\u0418\u0420\u041e\u0412\u041a\u0410 \u0421\u0412\u0418\u041d\u0426\u0410!'' \u043f\u043e \u0432\u044b\u0433\u043e\u0434\u043d\u043e\u0439 \u0446\u0435\u043d\u0435 \u0438 \u0441 \u0434\u043e\u0441\u0442\u0430\u0432\u043a\u043e\u0439. \u0418\u043d\u0442\u0435\u0440\u043d\u0435\u0442-\u043c\u0430\u0433\u0430\u0437\u0438\u043d \u0442\u0443\u0440\u0438\u0441\u0442\u0438\u0447\u0435\u0441\u043a\u0438\u0445 \u0442\u043e\u0432\u0430\u0440\u043e\u0432, \u0437\u0430\u043a\u0430\u0437\u044b\u0432\u0430\u0439\u0442\u0435 \u043e\u043d\u043b\u0430\u0439\u043d 24\/7!","og_url":"https:\/\/milbaza.lv\/ru\/produkts\/helikon-tex-%d0%bd%d0%b0%d1%88%d0%b8%d0%b2%d0%ba%d0%b0-lead-overdose\/","og_site_name":"MILBAZA \u2013 viss akt\u012bvai atp\u016btai","article_publisher":"https:\/\/www.facebook.com\/profile.php?id=100075399152223","article_modified_time":"2025-08-07T10:11:20+00:00","og_image":[{"width":500,"height":500,"url":"https:\/\/milbaza.lv\/wp-content\/uploads\/2025\/05\/eng_pm_Helikon-Lead-Overdose-Morale-Patch-OD-LOD-RB-20-31107_1.jpg","type":"image\/jpeg"}],"twitter_card":"summary_large_image","schema":{"@context":"https:\/\/schema.org","@graph":[{"@type":"WebPage","@id":"https:\/\/milbaza.lv\/ru\/produkts\/helikon-tex-%d0%bd%d0%b0%d1%88%d0%b8%d0%b2%d0%ba%d0%b0-lead-overdose\/","url":"https:\/\/milbaza.lv\/ru\/produkts\/helikon-tex-%d0%bd%d0%b0%d1%88%d0%b8%d0%b2%d0%ba%d0%b0-lead-overdose\/","name":"HELIKON-TEX \u041d\u0410\u0428\u0418\u0412\u041a\u0410 ''LEAD OVERDOSE!'' - MILBAZA \u2013 viss akt\u012bvai atp\u016btai","isPartOf":{"@id":"https:\/\/milbaza.lv\/ru\/#website"},"primaryImageOfPage":{"@id":"https:\/\/milbaza.lv\/ru\/produkts\/helikon-tex-%d0%bd%d0%b0%d1%88%d0%b8%d0%b2%d0%ba%d0%b0-lead-overdose\/#primaryimage"},"image":{"@id":"https:\/\/milbaza.lv\/ru\/produkts\/helikon-tex-%d0%bd%d0%b0%d1%88%d0%b8%d0%b2%d0%ba%d0%b0-lead-overdose\/#primaryimage"},"thumbnailUrl":"https:\/\/milbaza.lv\/wp-content\/uploads\/2025\/05\/eng_pm_Helikon-Lead-Overdose-Morale-Patch-OD-LOD-RB-20-31107_1.jpg","datePublished":"2025-08-07T10:11:12+00:00","dateModified":"2025-08-07T10:11:20+00:00","description":"\u041a\u0443\u043f\u0438\u0442\u0435 \u041f\u041b\u0410\u0421\u0422\u041c\u0423 HELIKON-TEX ''\u041f\u0415\u0420\u0415\u0414\u041e\u0417\u0418\u0420\u041e\u0412\u041a\u0410 \u0421\u0412\u0418\u041d\u0426\u0410!'' \u043f\u043e \u0432\u044b\u0433\u043e\u0434\u043d\u043e\u0439 \u0446\u0435\u043d\u0435 \u0438 \u0441 \u0434\u043e\u0441\u0442\u0430\u0432\u043a\u043e\u0439. \u0418\u043d\u0442\u0435\u0440\u043d\u0435\u0442-\u043c\u0430\u0433\u0430\u0437\u0438\u043d \u0442\u0443\u0440\u0438\u0441\u0442\u0438\u0447\u0435\u0441\u043a\u0438\u0445 \u0442\u043e\u0432\u0430\u0440\u043e\u0432, \u0437\u0430\u043a\u0430\u0437\u044b\u0432\u0430\u0439\u0442\u0435 \u043e\u043d\u043b\u0430\u0439\u043d 24\/7!","breadcrumb":{"@id":"https:\/\/milbaza.lv\/ru\/produkts\/helikon-tex-%d0%bd%d0%b0%d1%88%d0%b8%d0%b2%d0%ba%d0%b0-lead-overdose\/#breadcrumb"},"inLanguage":"ru-RU","potentialAction":[{"@type":"ReadAction","target":["https:\/\/milbaza.lv\/ru\/produkts\/helikon-tex-%d0%bd%d0%b0%d1%88%d0%b8%d0%b2%d0%ba%d0%b0-lead-overdose\/"]}]},{"@type":"ImageObject","inLanguage":"ru-RU","@id":"https:\/\/milbaza.lv\/ru\/produkts\/helikon-tex-%d0%bd%d0%b0%d1%88%d0%b8%d0%b2%d0%ba%d0%b0-lead-overdose\/#primaryimage","url":"https:\/\/milbaza.lv\/wp-content\/uploads\/2025\/05\/eng_pm_Helikon-Lead-Overdose-Morale-Patch-OD-LOD-RB-20-31107_1.jpg","contentUrl":"https:\/\/milbaza.lv\/wp-content\/uploads\/2025\/05\/eng_pm_Helikon-Lead-Overdose-Morale-Patch-OD-LOD-RB-20-31107_1.jpg","width":500,"height":500},{"@type":"BreadcrumbList","@id":"https:\/\/milbaza.lv\/ru\/produkts\/helikon-tex-%d0%bd%d0%b0%d1%88%d0%b8%d0%b2%d0%ba%d0%b0-lead-overdose\/#breadcrumb","itemListElement":[{"@type":"ListItem","position":1,"name":"Home","item":"https:\/\/milbaza.lv\/ru\/"},{"@type":"ListItem","position":2,"name":"\u041c\u0430\u0433\u0430\u0437\u0438\u043d","item":"https:\/\/milbaza.lv\/ru\/%d0%bc%d0%b0%d0%b3%d0%b0%d0%b7%d0%b8%d0%bd\/"},{"@type":"ListItem","position":3,"name":"HELIKON-TEX \u041d\u0410\u0428\u0418\u0412\u041a\u0410 &#8221;LEAD OVERDOSE!&#8221;"}]},{"@type":"WebSite","@id":"https:\/\/milbaza.lv\/ru\/#website","url":"https:\/\/milbaza.lv\/ru\/","name":"MILBAZA \u2013 viss akt\u012bvai atp\u016btai","description":"Viss akt\u012bvai atp\u016btai","publisher":{"@id":"https:\/\/milbaza.lv\/ru\/#organization"},"potentialAction":[{"@type":"SearchAction","target":{"@type":"EntryPoint","urlTemplate":"https:\/\/milbaza.lv\/ru\/?s={search_term_string}"},"query-input":{"@type":"PropertyValueSpecification","valueRequired":true,"valueName":"search_term_string"}}],"inLanguage":"ru-RU"},{"@type":"Organization","@id":"https:\/\/milbaza.lv\/ru\/#organization","name":"Milbaza","url":"https:\/\/milbaza.lv\/ru\/","logo":{"@type":"ImageObject","inLanguage":"ru-RU","@id":"https:\/\/milbaza.lv\/ru\/#\/schema\/logo\/image\/","url":"https:\/\/milbaza.lv\/wp-content\/uploads\/2021\/11\/Mil_BAZA_logo3.png","contentUrl":"https:\/\/milbaza.lv\/wp-content\/uploads\/2021\/11\/Mil_BAZA_logo3.png","width":564,"height":226,"caption":"Milbaza"},"image":{"@id":"https:\/\/milbaza.lv\/ru\/#\/schema\/logo\/image\/"},"sameAs":["https:\/\/www.facebook.com\/profile.php?id=100075399152223","https:\/\/www.instagram.com\/milbaza.lv\/","https:\/\/www.pinterest.com\/milbaza\/_saved\/","https:\/\/www.youtube.com\/channel\/UCrPXltd8hsNIiGAKc37hGfQ"]}]}},"_links":{"self":[{"href":"https:\/\/milbaza.lv\/ru\/wp-json\/wp\/v2\/product\/47603","targetHints":{"allow":["GET"]}}],"collection":[{"href":"https:\/\/milbaza.lv\/ru\/wp-json\/wp\/v2\/product"}],"about":[{"href":"https:\/\/milbaza.lv\/ru\/wp-json\/wp\/v2\/types\/product"}],"replies":[{"embeddable":true,"href":"https:\/\/milbaza.lv\/ru\/wp-json\/wp\/v2\/comments?post=47603"}],"wp:featuredmedia":[{"embeddable":true,"href":"https:\/\/milbaza.lv\/ru\/wp-json\/wp\/v2\/media\/47606"}],"wp:attachment":[{"href":"https:\/\/milbaza.lv\/ru\/wp-json\/wp\/v2\/media?parent=47603"}],"wp:term":[{"taxonomy":"product_brand","embeddable":true,"href":"https:\/\/milbaza.lv\/ru\/wp-json\/wp\/v2\/product_brand?post=47603"},{"taxonomy":"product_cat","embeddable":true,"href":"https:\/\/milbaza.lv\/ru\/wp-json\/wp\/v2\/product_cat?post=47603"},{"taxonomy":"product_tag","embeddable":true,"href":"https:\/\/milbaza.lv\/ru\/wp-json\/wp\/v2\/product_tag?post=47603"}],"curies":[{"name":"wp","href":"https:\/\/api.w.org\/{rel}","templated":true}]}}