{"id":47731,"date":"2022-03-09T16:33:23","date_gmt":"2022-03-09T14:33:23","guid":{"rendered":"https:\/\/milbaza.lv\/produkts\/mil-tec-%d1%81%d1%83%d0%bc%d0%ba%d0%b0-%d0%bd%d0%b0-%d0%bf%d0%be%d1%8f%d1%81-large-od\/"},"modified":"2025-05-17T13:51:56","modified_gmt":"2025-05-17T10:51:56","slug":"mil-tec-%d1%81%d1%83%d0%bc%d0%ba%d0%b0-%d0%bd%d0%b0-%d0%bf%d0%be%d1%8f%d1%81-large-od","status":"publish","type":"product","link":"https:\/\/milbaza.lv\/ru\/produkts\/mil-tec-%d1%81%d1%83%d0%bc%d0%ba%d0%b0-%d0%bd%d0%b0-%d0%bf%d0%be%d1%8f%d1%81-large-od\/","title":{"rendered":"MIL-TEC \u0421\u0423\u041c\u041a\u0410 \u041d\u0410 \u041f\u041e\u042f\u0421 LARGE OD"},"content":{"rendered":"<p>\u0411\u043e\u043b\u044c\u0448\u043e\u0439 \u043c\u043e\u0434\u0443\u043b\u044c\u043d\u044b\u0439 \u0442\u0430\u043a\u0442\u0438\u0447\u0435\u0441\u043a\u0438\u0439 \u043a\u0430\u0440\u043c\u0430\u043d \u0434\u043b\u044f \u043f\u0435\u0440\u0435\u043d\u043e\u0441\u043a\u0438 \u0441\u043d\u0430\u0440\u044f\u0436\u0435\u043d\u0438\u044f<br \/>\n\u042d\u0442\u043e\u0442 \u0431\u043e\u043b\u044c\u0448\u043e\u0439 \u043c\u043e\u0434\u0443\u043b\u044c\u043d\u044b\u0439 \u043a\u0430\u0440\u043c\u0430\u043d \u043f\u0440\u0435\u0434\u043d\u0430\u0437\u043d\u0430\u0447\u0435\u043d \u0434\u043b\u044f \u0438\u0441\u043f\u043e\u043b\u044c\u0437\u043e\u0432\u0430\u043d\u0438\u044f \u0441 \u0442\u0430\u043a\u0442\u0438\u0447\u0435\u0441\u043a\u0438\u043c\u0438 \u0440\u0435\u043c\u043d\u044f\u043c\u0438 \u0438 \u043e\u0431\u0435\u0441\u043f\u0435\u0447\u0438\u0432\u0430\u0435\u0442 \u0434\u043e\u043f\u043e\u043b\u043d\u0438\u0442\u0435\u043b\u044c\u043d\u043e\u0435 \u043f\u0440\u043e\u0441\u0442\u0440\u0430\u043d\u0441\u0442\u0432\u043e \u0434\u043b\u044f \u0445\u0440\u0430\u043d\u0435\u043d\u0438\u044f \u0438 \u043b\u0435\u0433\u043a\u0438\u0439 \u0434\u043e\u0441\u0442\u0443\u043f \u043a \u043d\u0435\u043e\u0431\u0445\u043e\u0434\u0438\u043c\u043e\u043c\u0443 \u0441\u043d\u0430\u0440\u044f\u0436\u0435\u043d\u0438\u044e. \u0418\u0434\u0435\u0430\u043b\u044c\u043d\u043e \u043f\u043e\u0434\u0445\u043e\u0434\u0438\u0442 \u0434\u043b\u044f \u0438\u0441\u043f\u043e\u043b\u044c\u0437\u043e\u0432\u0430\u043d\u0438\u044f \u0432 \u043f\u043e\u043b\u0435\u0432\u044b\u0445 \u0443\u0441\u043b\u043e\u0432\u0438\u044f\u0445.<\/p>\n<p>\u041a\u0430\u0440\u043c\u0430\u043d \u0438\u0437\u0433\u043e\u0442\u043e\u0432\u043b\u0435\u043d \u0438\u0437 \u043f\u0440\u043e\u0447\u043d\u043e\u0433\u043e \u043f\u043e\u043b\u0438\u044d\u0441\u0442\u0435\u0440\u0430, \u043f\u043e\u043a\u0440\u044b\u0442\u043e\u0433\u043e \u0437\u0430\u0449\u0438\u0442\u043d\u044b\u043c \u0441\u043b\u043e\u0435\u043c \u041f\u0412\u0425, \u0447\u0442\u043e \u0434\u0435\u043b\u0430\u0435\u0442 \u0435\u0433\u043e \u0432\u043b\u0430\u0433\u043e\u0441\u0442\u043e\u0439\u043a\u0438\u043c \u0438 \u0438\u0437\u043d\u043e\u0441\u043e\u0441\u0442\u043e\u0439\u043a\u0438\u043c.<\/p>\n<p>\u0414\u0432\u0443\u0441\u0442\u043e\u0440\u043e\u043d\u043d\u044f\u044f \u043c\u043e\u043b\u043d\u0438\u044f \u0441 \u043e\u0431\u0435\u0438\u0445 \u0441\u0442\u043e\u0440\u043e\u043d \u043e\u0431\u0435\u0441\u043f\u0435\u0447\u0438\u0432\u0430\u0435\u0442 \u0431\u044b\u0441\u0442\u0440\u043e\u0435 \u043e\u0442\u043a\u0440\u044b\u0432\u0430\u043d\u0438\u0435 \u0438 \u0434\u043e\u0441\u0442\u0443\u043f \u043a \u0441\u043e\u0434\u0435\u0440\u0436\u0438\u043c\u043e\u043c\u0443. \u0412\u043d\u0443\u0442\u0440\u0438 \u043e\u0434\u043d\u0430 \u0441\u0442\u0435\u043d\u043a\u0430 \u043e\u0431\u043e\u0440\u0443\u0434\u043e\u0432\u0430\u043d\u0430 \u0433\u0438\u0431\u043a\u0438\u043c \u043e\u0442\u0434\u0435\u043b\u0435\u043d\u0438\u0435\u043c \u0441 \u0437\u0430\u0441\u0442\u0435\u0436\u043a\u043e\u0439-\u043b\u0438\u043f\u0443\u0447\u043a\u043e\u0439, \u0434\u0440\u0443\u0433\u0430\u044f \u2014 \u0441 \u0434\u0432\u0443\u043c\u044f \u0440\u0435\u0437\u0438\u043d\u043a\u0430\u043c\u0438, \u0433\u0434\u0435 \u043c\u043e\u0436\u043d\u043e \u0440\u0430\u0437\u043c\u0435\u0441\u0442\u0438\u0442\u044c, \u043d\u0430\u043f\u0440\u0438\u043c\u0435\u0440, \u0441\u0442\u043e\u043b\u043e\u0432\u044b\u0435 \u043f\u0440\u0438\u0431\u043e\u0440\u044b, \u0438\u043d\u0441\u0442\u0440\u0443\u043c\u0435\u043d\u0442\u044b \u0438\u043b\u0438 \u0434\u0440\u0443\u0433\u0438\u0435 \u043c\u0435\u043b\u043a\u0438\u0435 \u043f\u0440\u0435\u0434\u043c\u0435\u0442\u044b.<\/p>\n<p>\u0412\u043d\u0438\u0437\u0443 \u043a\u0430\u0440\u043c\u0430\u043d\u0430 \u0438\u043c\u0435\u0435\u0442\u0441\u044f \u043c\u0435\u0442\u0430\u043b\u043b\u0438\u0447\u0435\u0441\u043a\u043e\u0435 \u043e\u0442\u0432\u0435\u0440\u0441\u0442\u0438\u0435, \u043e\u0431\u0435\u0441\u043f\u0435\u0447\u0438\u0432\u0430\u044e\u0449\u0435\u0435 \u0432\u0435\u043d\u0442\u0438\u043b\u044f\u0446\u0438\u044e \u0438 \u043e\u0442\u0432\u043e\u0434 \u0432\u043e\u0434\u044b, \u043d\u0430\u043f\u0440\u0438\u043c\u0435\u0440, \u0432 \u0434\u043e\u0436\u0434\u043b\u0438\u0432\u0443\u044e \u043f\u043e\u0433\u043e\u0434\u0443.<\/p>\n<p>\u0421\u043f\u0435\u0440\u0435\u0434\u0438 \u0438\u043c\u0435\u044e\u0442\u0441\u044f \u0441\u0442\u0440\u043e\u043f\u044b \u0441\u0438\u0441\u0442\u0435\u043c\u044b MOLLE, \u0442\u0440\u0438 \u0438\u0437 \u043a\u043e\u0442\u043e\u0440\u044b\u0445 \u043f\u043e\u043a\u0440\u044b\u0442\u044b \u043b\u0438\u043f\u0443\u0447\u043a\u0430\u043c\u0438 \u0434\u043b\u044f \u043a\u0440\u0435\u043f\u043b\u0435\u043d\u0438\u044f \u0437\u043d\u0430\u0447\u043a\u043e\u0432, \u043d\u0430\u0448\u0438\u0432\u043e\u043a \u0438\u043b\u0438 \u0434\u0440\u0443\u0433\u0438\u0445 \u0430\u043a\u0441\u0435\u0441\u0441\u0443\u0430\u0440\u043e\u0432. \u041f\u043e\u0434\u0441\u0443\u043c\u043e\u043a \u043c\u043e\u0436\u043d\u043e \u0437\u0430\u043a\u0440\u0435\u043f\u0438\u0442\u044c \u043d\u0430 \u0440\u0435\u043c\u043d\u0435 \u0441 \u043f\u043e\u043c\u043e\u0449\u044c\u044e \u0434\u0432\u0443\u0445 \u043f\u0435\u0442\u0435\u043b\u044c \u0441 \u043a\u043d\u043e\u043f\u043a\u0430\u043c\u0438 (\u043f\u043e\u0434\u0445\u043e\u0434\u0438\u0442 \u0434\u043b\u044f \u0440\u0435\u043c\u043d\u0435\u0439 \u0448\u0438\u0440\u0438\u043d\u043e\u0439 \u0434\u043e 18 \u0441\u043c) \u0438\u043b\u0438 \u0441 \u043f\u043e\u043c\u043e\u0449\u044c\u044e \u0441\u0438\u0441\u0442\u0435\u043c\u044b MOLLE.<\/p>\n<p>\u0422\u0435\u0445\u043d\u0438\u0447\u0435\u0441\u043a\u0438\u0435 \u0434\u0430\u043d\u043d\u044b\u0435:<\/p>\n<p>\u0420\u0430\u0437\u043c\u0435\u0440\u044b: 19 \u00d7 7 \u00d7 23 \u0441\u043c.<\/p>\n<p>\u0412\u0435\u0441: 214 \u0433.<\/p>\n<p>\u041c\u0430\u0442\u0435\u0440\u0438\u0430\u043b: \u043f\u043e\u043b\u0438\u044d\u0441\u0442\u0435\u0440 \u0441 \u041f\u0412\u0425 \u043f\u043e\u043a\u0440\u044b\u0442\u0438\u0435\u043c<\/p>\n<p>\u0426\u0432\u0435\u0442: OD \u0437\u0435\u043b\u0435\u043d\u044b\u0439 (Olive Drab)<\/p>\n","protected":false},"excerpt":{"rendered":"<p>\u0411\u043e\u043b\u044c\u0448\u043e\u0439 \u043c\u043e\u0434\u0443\u043b\u044c\u043d\u044b\u0439 \u0442\u0430\u043a\u0442\u0438\u0447\u0435\u0441\u043a\u0438\u0439 \u043a\u0430\u0440\u043c\u0430\u043d \u0434\u043b\u044f \u043f\u0435\u0440\u0435\u043d\u043e\u0441\u043a\u0438 \u0441\u043d\u0430\u0440\u044f\u0436\u0435\u043d\u0438\u044f \u042d\u0442\u043e\u0442 \u0431\u043e\u043b\u044c\u0448\u043e\u0439 \u043c\u043e\u0434\u0443\u043b\u044c\u043d\u044b\u0439 \u043a\u0430\u0440\u043c\u0430\u043d \u043f\u0440\u0435\u0434\u043d\u0430\u0437\u043d\u0430\u0447\u0435\u043d \u0434\u043b\u044f \u0438\u0441\u043f\u043e\u043b\u044c\u0437\u043e\u0432\u0430\u043d\u0438\u044f \u0441 \u0442\u0430\u043a\u0442\u0438\u0447\u0435\u0441\u043a\u0438\u043c\u0438 \u0440\u0435\u043c\u043d\u044f\u043c\u0438 \u0438 \u043e\u0431\u0435\u0441\u043f\u0435\u0447\u0438\u0432\u0430\u0435\u0442 \u0434\u043e\u043f\u043e\u043b\u043d\u0438\u0442\u0435\u043b\u044c\u043d\u043e\u0435 \u043f\u0440\u043e\u0441\u0442\u0440\u0430\u043d\u0441\u0442\u0432\u043e \u0434\u043b\u044f \u0445\u0440\u0430\u043d\u0435\u043d\u0438\u044f \u0438 \u043b\u0435\u0433\u043a\u0438\u0439 \u0434\u043e\u0441\u0442\u0443\u043f \u043a \u043d\u0435\u043e\u0431\u0445\u043e\u0434\u0438\u043c\u043e\u043c\u0443 \u0441\u043d\u0430\u0440\u044f\u0436\u0435\u043d\u0438\u044e. \u0418\u0434\u0435\u0430\u043b\u044c\u043d\u043e \u043f\u043e\u0434\u0445\u043e\u0434\u0438\u0442 \u0434\u043b\u044f \u0438\u0441\u043f\u043e\u043b\u044c\u0437\u043e\u0432\u0430\u043d\u0438\u044f \u0432 \u043f\u043e\u043b\u0435\u0432\u044b\u0445 \u0443\u0441\u043b\u043e\u0432\u0438\u044f\u0445. \u041a\u0430\u0440\u043c\u0430\u043d \u0438\u0437\u0433\u043e\u0442\u043e\u0432\u043b\u0435\u043d \u0438\u0437 \u043f\u0440\u043e\u0447\u043d\u043e\u0433\u043e \u043f\u043e\u043b\u0438\u044d\u0441\u0442\u0435\u0440\u0430, \u043f\u043e\u043a\u0440\u044b\u0442\u043e\u0433\u043e \u0437\u0430\u0449\u0438\u0442\u043d\u044b\u043c \u0441\u043b\u043e\u0435\u043c \u041f\u0412\u0425, \u0447\u0442\u043e \u0434\u0435\u043b\u0430\u0435\u0442 \u0435\u0433\u043e \u0432\u043b\u0430\u0433\u043e\u0441\u0442\u043e\u0439\u043a\u0438\u043c \u0438 \u0438\u0437\u043d\u043e\u0441\u043e\u0441\u0442\u043e\u0439\u043a\u0438\u043c. \u0414\u0432\u0443\u0441\u0442\u043e\u0440\u043e\u043d\u043d\u044f\u044f \u043c\u043e\u043b\u043d\u0438\u044f \u0441 \u043e\u0431\u0435\u0438\u0445 [&#8230;]\n","protected":false},"featured_media":5125,"comment_status":"open","ping_status":"closed","template":"","meta":{"_acf_changed":false},"product_brand":[],"product_cat":[359,363],"product_tag":[],"class_list":{"0":"post-47731","1":"product","2":"type-product","3":"status-publish","4":"has-post-thumbnail","6":"product_cat-359","7":"product_cat-363","9":"first","10":"outofstock","11":"taxable","12":"shipping-taxable","13":"purchasable","14":"product-type-simple"},"acf":[],"yoast_head":"<!-- This site is optimized with the Yoast SEO plugin v27.4 - https:\/\/yoast.com\/product\/yoast-seo-wordpress\/ -->\n<title>MIL-TEC \u0421\u0423\u041c\u041a\u0410 \u041d\u0410 \u041f\u041e\u042f\u0421 LARGE OD - MILBAZA \u2013 viss akt\u012bvai atp\u016btai<\/title>\n<meta name=\"description\" content=\"\u041a\u0443\u043f\u0438\u0442\u044c MIL-TEC BELT BAG LARGE OD, \u0432\u044b\u0433\u043e\u0434\u043d\u0430\u044f \u0446\u0435\u043d\u0430 \u0438 \u0434\u043e\u0441\u0442\u0430\u0432\u043a\u0430. \u0418\u043d\u0442\u0435\u0440\u043d\u0435\u0442-\u043c\u0430\u0433\u0430\u0437\u0438\u043d \u0442\u0443\u0440\u0438\u0441\u0442\u0438\u0447\u0435\u0441\u043a\u0438\u0445 \u0442\u043e\u0432\u0430\u0440\u043e\u0432, \u0437\u0430\u043a\u0430\u0437\u044b\u0432\u0430\u0439\u0442\u0435 \u043e\u043d\u043b\u0430\u0439\u043d 24\/7!\" \/>\n<meta name=\"robots\" content=\"index, follow, max-snippet:-1, max-image-preview:large, max-video-preview:-1\" \/>\n<link rel=\"canonical\" href=\"https:\/\/milbaza.lv\/ru\/produkts\/mil-tec-%d1%81%d1%83%d0%bc%d0%ba%d0%b0-%d0%bd%d0%b0-%d0%bf%d0%be%d1%8f%d1%81-large-od\/\" \/>\n<meta property=\"og:locale\" content=\"ru_RU\" \/>\n<meta property=\"og:type\" content=\"article\" \/>\n<meta property=\"og:title\" content=\"MIL-TEC \u0421\u0423\u041c\u041a\u0410 \u041d\u0410 \u041f\u041e\u042f\u0421 LARGE OD - MILBAZA \u2013 viss akt\u012bvai atp\u016btai\" \/>\n<meta property=\"og:description\" content=\"\u041a\u0443\u043f\u0438\u0442\u044c MIL-TEC BELT BAG LARGE OD, \u0432\u044b\u0433\u043e\u0434\u043d\u0430\u044f \u0446\u0435\u043d\u0430 \u0438 \u0434\u043e\u0441\u0442\u0430\u0432\u043a\u0430. \u0418\u043d\u0442\u0435\u0440\u043d\u0435\u0442-\u043c\u0430\u0433\u0430\u0437\u0438\u043d \u0442\u0443\u0440\u0438\u0441\u0442\u0438\u0447\u0435\u0441\u043a\u0438\u0445 \u0442\u043e\u0432\u0430\u0440\u043e\u0432, \u0437\u0430\u043a\u0430\u0437\u044b\u0432\u0430\u0439\u0442\u0435 \u043e\u043d\u043b\u0430\u0439\u043d 24\/7!\" \/>\n<meta property=\"og:url\" content=\"https:\/\/milbaza.lv\/ru\/produkts\/mil-tec-%d1%81%d1%83%d0%bc%d0%ba%d0%b0-%d0%bd%d0%b0-%d0%bf%d0%be%d1%8f%d1%81-large-od\/\" \/>\n<meta property=\"og:site_name\" content=\"MILBAZA \u2013 viss akt\u012bvai atp\u016btai\" \/>\n<meta property=\"article:publisher\" content=\"https:\/\/www.facebook.com\/profile.php?id=100075399152223\" \/>\n<meta property=\"article:modified_time\" content=\"2025-05-17T10:51:56+00:00\" \/>\n<meta property=\"og:image\" content=\"https:\/\/milbaza.lv\/wp-content\/uploads\/2022\/03\/31e36c9e-dd68-11ea-8100-00155dc12307_31e36c9f-dd68-11ea-8100-00155dc12307-1.png\" \/>\n\t<meta property=\"og:image:width\" content=\"500\" \/>\n\t<meta property=\"og:image:height\" content=\"500\" \/>\n\t<meta property=\"og:image:type\" content=\"image\/png\" \/>\n<meta name=\"twitter:card\" content=\"summary_large_image\" \/>\n<script type=\"application\/ld+json\" class=\"yoast-schema-graph\">{\"@context\":\"https:\\\/\\\/schema.org\",\"@graph\":[{\"@type\":\"WebPage\",\"@id\":\"https:\\\/\\\/milbaza.lv\\\/ru\\\/produkts\\\/mil-tec-%d1%81%d1%83%d0%bc%d0%ba%d0%b0-%d0%bd%d0%b0-%d0%bf%d0%be%d1%8f%d1%81-large-od\\\/\",\"url\":\"https:\\\/\\\/milbaza.lv\\\/ru\\\/produkts\\\/mil-tec-%d1%81%d1%83%d0%bc%d0%ba%d0%b0-%d0%bd%d0%b0-%d0%bf%d0%be%d1%8f%d1%81-large-od\\\/\",\"name\":\"MIL-TEC \u0421\u0423\u041c\u041a\u0410 \u041d\u0410 \u041f\u041e\u042f\u0421 LARGE OD - MILBAZA \u2013 viss akt\u012bvai atp\u016btai\",\"isPartOf\":{\"@id\":\"https:\\\/\\\/milbaza.lv\\\/ru\\\/#website\"},\"primaryImageOfPage\":{\"@id\":\"https:\\\/\\\/milbaza.lv\\\/ru\\\/produkts\\\/mil-tec-%d1%81%d1%83%d0%bc%d0%ba%d0%b0-%d0%bd%d0%b0-%d0%bf%d0%be%d1%8f%d1%81-large-od\\\/#primaryimage\"},\"image\":{\"@id\":\"https:\\\/\\\/milbaza.lv\\\/ru\\\/produkts\\\/mil-tec-%d1%81%d1%83%d0%bc%d0%ba%d0%b0-%d0%bd%d0%b0-%d0%bf%d0%be%d1%8f%d1%81-large-od\\\/#primaryimage\"},\"thumbnailUrl\":\"https:\\\/\\\/milbaza.lv\\\/wp-content\\\/uploads\\\/2022\\\/03\\\/31e36c9e-dd68-11ea-8100-00155dc12307_31e36c9f-dd68-11ea-8100-00155dc12307-1.png\",\"datePublished\":\"2022-03-09T14:33:23+00:00\",\"dateModified\":\"2025-05-17T10:51:56+00:00\",\"description\":\"\u041a\u0443\u043f\u0438\u0442\u044c MIL-TEC BELT BAG LARGE OD, \u0432\u044b\u0433\u043e\u0434\u043d\u0430\u044f \u0446\u0435\u043d\u0430 \u0438 \u0434\u043e\u0441\u0442\u0430\u0432\u043a\u0430. \u0418\u043d\u0442\u0435\u0440\u043d\u0435\u0442-\u043c\u0430\u0433\u0430\u0437\u0438\u043d \u0442\u0443\u0440\u0438\u0441\u0442\u0438\u0447\u0435\u0441\u043a\u0438\u0445 \u0442\u043e\u0432\u0430\u0440\u043e\u0432, \u0437\u0430\u043a\u0430\u0437\u044b\u0432\u0430\u0439\u0442\u0435 \u043e\u043d\u043b\u0430\u0439\u043d 24\\\/7!\",\"breadcrumb\":{\"@id\":\"https:\\\/\\\/milbaza.lv\\\/ru\\\/produkts\\\/mil-tec-%d1%81%d1%83%d0%bc%d0%ba%d0%b0-%d0%bd%d0%b0-%d0%bf%d0%be%d1%8f%d1%81-large-od\\\/#breadcrumb\"},\"inLanguage\":\"ru-RU\",\"potentialAction\":[{\"@type\":\"ReadAction\",\"target\":[\"https:\\\/\\\/milbaza.lv\\\/ru\\\/produkts\\\/mil-tec-%d1%81%d1%83%d0%bc%d0%ba%d0%b0-%d0%bd%d0%b0-%d0%bf%d0%be%d1%8f%d1%81-large-od\\\/\"]}]},{\"@type\":\"ImageObject\",\"inLanguage\":\"ru-RU\",\"@id\":\"https:\\\/\\\/milbaza.lv\\\/ru\\\/produkts\\\/mil-tec-%d1%81%d1%83%d0%bc%d0%ba%d0%b0-%d0%bd%d0%b0-%d0%bf%d0%be%d1%8f%d1%81-large-od\\\/#primaryimage\",\"url\":\"https:\\\/\\\/milbaza.lv\\\/wp-content\\\/uploads\\\/2022\\\/03\\\/31e36c9e-dd68-11ea-8100-00155dc12307_31e36c9f-dd68-11ea-8100-00155dc12307-1.png\",\"contentUrl\":\"https:\\\/\\\/milbaza.lv\\\/wp-content\\\/uploads\\\/2022\\\/03\\\/31e36c9e-dd68-11ea-8100-00155dc12307_31e36c9f-dd68-11ea-8100-00155dc12307-1.png\",\"width\":500,\"height\":500},{\"@type\":\"BreadcrumbList\",\"@id\":\"https:\\\/\\\/milbaza.lv\\\/ru\\\/produkts\\\/mil-tec-%d1%81%d1%83%d0%bc%d0%ba%d0%b0-%d0%bd%d0%b0-%d0%bf%d0%be%d1%8f%d1%81-large-od\\\/#breadcrumb\",\"itemListElement\":[{\"@type\":\"ListItem\",\"position\":1,\"name\":\"Home\",\"item\":\"https:\\\/\\\/milbaza.lv\\\/ru\\\/\"},{\"@type\":\"ListItem\",\"position\":2,\"name\":\"\u041c\u0430\u0433\u0430\u0437\u0438\u043d\",\"item\":\"https:\\\/\\\/milbaza.lv\\\/ru\\\/%d0%bc%d0%b0%d0%b3%d0%b0%d0%b7%d0%b8%d0%bd\\\/\"},{\"@type\":\"ListItem\",\"position\":3,\"name\":\"MIL-TEC \u0421\u0423\u041c\u041a\u0410 \u041d\u0410 \u041f\u041e\u042f\u0421 LARGE OD\"}]},{\"@type\":\"WebSite\",\"@id\":\"https:\\\/\\\/milbaza.lv\\\/ru\\\/#website\",\"url\":\"https:\\\/\\\/milbaza.lv\\\/ru\\\/\",\"name\":\"MILBAZA \u2013 viss akt\u012bvai atp\u016btai\",\"description\":\"Viss akt\u012bvai atp\u016btai\",\"publisher\":{\"@id\":\"https:\\\/\\\/milbaza.lv\\\/ru\\\/#organization\"},\"potentialAction\":[{\"@type\":\"SearchAction\",\"target\":{\"@type\":\"EntryPoint\",\"urlTemplate\":\"https:\\\/\\\/milbaza.lv\\\/ru\\\/?s={search_term_string}\"},\"query-input\":{\"@type\":\"PropertyValueSpecification\",\"valueRequired\":true,\"valueName\":\"search_term_string\"}}],\"inLanguage\":\"ru-RU\"},{\"@type\":\"Organization\",\"@id\":\"https:\\\/\\\/milbaza.lv\\\/ru\\\/#organization\",\"name\":\"Milbaza\",\"url\":\"https:\\\/\\\/milbaza.lv\\\/ru\\\/\",\"logo\":{\"@type\":\"ImageObject\",\"inLanguage\":\"ru-RU\",\"@id\":\"https:\\\/\\\/milbaza.lv\\\/ru\\\/#\\\/schema\\\/logo\\\/image\\\/\",\"url\":\"https:\\\/\\\/milbaza.lv\\\/wp-content\\\/uploads\\\/2021\\\/11\\\/Mil_BAZA_logo3.png\",\"contentUrl\":\"https:\\\/\\\/milbaza.lv\\\/wp-content\\\/uploads\\\/2021\\\/11\\\/Mil_BAZA_logo3.png\",\"width\":564,\"height\":226,\"caption\":\"Milbaza\"},\"image\":{\"@id\":\"https:\\\/\\\/milbaza.lv\\\/ru\\\/#\\\/schema\\\/logo\\\/image\\\/\"},\"sameAs\":[\"https:\\\/\\\/www.facebook.com\\\/profile.php?id=100075399152223\",\"https:\\\/\\\/www.instagram.com\\\/milbaza.lv\\\/\",\"https:\\\/\\\/www.pinterest.com\\\/milbaza\\\/_saved\\\/\",\"https:\\\/\\\/www.youtube.com\\\/channel\\\/UCrPXltd8hsNIiGAKc37hGfQ\"]}]}<\/script>\n<!-- \/ Yoast SEO plugin. -->","yoast_head_json":{"title":"MIL-TEC \u0421\u0423\u041c\u041a\u0410 \u041d\u0410 \u041f\u041e\u042f\u0421 LARGE OD - MILBAZA \u2013 viss akt\u012bvai atp\u016btai","description":"\u041a\u0443\u043f\u0438\u0442\u044c MIL-TEC BELT BAG LARGE OD, \u0432\u044b\u0433\u043e\u0434\u043d\u0430\u044f \u0446\u0435\u043d\u0430 \u0438 \u0434\u043e\u0441\u0442\u0430\u0432\u043a\u0430. \u0418\u043d\u0442\u0435\u0440\u043d\u0435\u0442-\u043c\u0430\u0433\u0430\u0437\u0438\u043d \u0442\u0443\u0440\u0438\u0441\u0442\u0438\u0447\u0435\u0441\u043a\u0438\u0445 \u0442\u043e\u0432\u0430\u0440\u043e\u0432, \u0437\u0430\u043a\u0430\u0437\u044b\u0432\u0430\u0439\u0442\u0435 \u043e\u043d\u043b\u0430\u0439\u043d 24\/7!","robots":{"index":"index","follow":"follow","max-snippet":"max-snippet:-1","max-image-preview":"max-image-preview:large","max-video-preview":"max-video-preview:-1"},"canonical":"https:\/\/milbaza.lv\/ru\/produkts\/mil-tec-%d1%81%d1%83%d0%bc%d0%ba%d0%b0-%d0%bd%d0%b0-%d0%bf%d0%be%d1%8f%d1%81-large-od\/","og_locale":"ru_RU","og_type":"article","og_title":"MIL-TEC \u0421\u0423\u041c\u041a\u0410 \u041d\u0410 \u041f\u041e\u042f\u0421 LARGE OD - MILBAZA \u2013 viss akt\u012bvai atp\u016btai","og_description":"\u041a\u0443\u043f\u0438\u0442\u044c MIL-TEC BELT BAG LARGE OD, \u0432\u044b\u0433\u043e\u0434\u043d\u0430\u044f \u0446\u0435\u043d\u0430 \u0438 \u0434\u043e\u0441\u0442\u0430\u0432\u043a\u0430. \u0418\u043d\u0442\u0435\u0440\u043d\u0435\u0442-\u043c\u0430\u0433\u0430\u0437\u0438\u043d \u0442\u0443\u0440\u0438\u0441\u0442\u0438\u0447\u0435\u0441\u043a\u0438\u0445 \u0442\u043e\u0432\u0430\u0440\u043e\u0432, \u0437\u0430\u043a\u0430\u0437\u044b\u0432\u0430\u0439\u0442\u0435 \u043e\u043d\u043b\u0430\u0439\u043d 24\/7!","og_url":"https:\/\/milbaza.lv\/ru\/produkts\/mil-tec-%d1%81%d1%83%d0%bc%d0%ba%d0%b0-%d0%bd%d0%b0-%d0%bf%d0%be%d1%8f%d1%81-large-od\/","og_site_name":"MILBAZA \u2013 viss akt\u012bvai atp\u016btai","article_publisher":"https:\/\/www.facebook.com\/profile.php?id=100075399152223","article_modified_time":"2025-05-17T10:51:56+00:00","og_image":[{"width":500,"height":500,"url":"https:\/\/milbaza.lv\/wp-content\/uploads\/2022\/03\/31e36c9e-dd68-11ea-8100-00155dc12307_31e36c9f-dd68-11ea-8100-00155dc12307-1.png","type":"image\/png"}],"twitter_card":"summary_large_image","schema":{"@context":"https:\/\/schema.org","@graph":[{"@type":"WebPage","@id":"https:\/\/milbaza.lv\/ru\/produkts\/mil-tec-%d1%81%d1%83%d0%bc%d0%ba%d0%b0-%d0%bd%d0%b0-%d0%bf%d0%be%d1%8f%d1%81-large-od\/","url":"https:\/\/milbaza.lv\/ru\/produkts\/mil-tec-%d1%81%d1%83%d0%bc%d0%ba%d0%b0-%d0%bd%d0%b0-%d0%bf%d0%be%d1%8f%d1%81-large-od\/","name":"MIL-TEC \u0421\u0423\u041c\u041a\u0410 \u041d\u0410 \u041f\u041e\u042f\u0421 LARGE OD - MILBAZA \u2013 viss akt\u012bvai atp\u016btai","isPartOf":{"@id":"https:\/\/milbaza.lv\/ru\/#website"},"primaryImageOfPage":{"@id":"https:\/\/milbaza.lv\/ru\/produkts\/mil-tec-%d1%81%d1%83%d0%bc%d0%ba%d0%b0-%d0%bd%d0%b0-%d0%bf%d0%be%d1%8f%d1%81-large-od\/#primaryimage"},"image":{"@id":"https:\/\/milbaza.lv\/ru\/produkts\/mil-tec-%d1%81%d1%83%d0%bc%d0%ba%d0%b0-%d0%bd%d0%b0-%d0%bf%d0%be%d1%8f%d1%81-large-od\/#primaryimage"},"thumbnailUrl":"https:\/\/milbaza.lv\/wp-content\/uploads\/2022\/03\/31e36c9e-dd68-11ea-8100-00155dc12307_31e36c9f-dd68-11ea-8100-00155dc12307-1.png","datePublished":"2022-03-09T14:33:23+00:00","dateModified":"2025-05-17T10:51:56+00:00","description":"\u041a\u0443\u043f\u0438\u0442\u044c MIL-TEC BELT BAG LARGE OD, \u0432\u044b\u0433\u043e\u0434\u043d\u0430\u044f \u0446\u0435\u043d\u0430 \u0438 \u0434\u043e\u0441\u0442\u0430\u0432\u043a\u0430. \u0418\u043d\u0442\u0435\u0440\u043d\u0435\u0442-\u043c\u0430\u0433\u0430\u0437\u0438\u043d \u0442\u0443\u0440\u0438\u0441\u0442\u0438\u0447\u0435\u0441\u043a\u0438\u0445 \u0442\u043e\u0432\u0430\u0440\u043e\u0432, \u0437\u0430\u043a\u0430\u0437\u044b\u0432\u0430\u0439\u0442\u0435 \u043e\u043d\u043b\u0430\u0439\u043d 24\/7!","breadcrumb":{"@id":"https:\/\/milbaza.lv\/ru\/produkts\/mil-tec-%d1%81%d1%83%d0%bc%d0%ba%d0%b0-%d0%bd%d0%b0-%d0%bf%d0%be%d1%8f%d1%81-large-od\/#breadcrumb"},"inLanguage":"ru-RU","potentialAction":[{"@type":"ReadAction","target":["https:\/\/milbaza.lv\/ru\/produkts\/mil-tec-%d1%81%d1%83%d0%bc%d0%ba%d0%b0-%d0%bd%d0%b0-%d0%bf%d0%be%d1%8f%d1%81-large-od\/"]}]},{"@type":"ImageObject","inLanguage":"ru-RU","@id":"https:\/\/milbaza.lv\/ru\/produkts\/mil-tec-%d1%81%d1%83%d0%bc%d0%ba%d0%b0-%d0%bd%d0%b0-%d0%bf%d0%be%d1%8f%d1%81-large-od\/#primaryimage","url":"https:\/\/milbaza.lv\/wp-content\/uploads\/2022\/03\/31e36c9e-dd68-11ea-8100-00155dc12307_31e36c9f-dd68-11ea-8100-00155dc12307-1.png","contentUrl":"https:\/\/milbaza.lv\/wp-content\/uploads\/2022\/03\/31e36c9e-dd68-11ea-8100-00155dc12307_31e36c9f-dd68-11ea-8100-00155dc12307-1.png","width":500,"height":500},{"@type":"BreadcrumbList","@id":"https:\/\/milbaza.lv\/ru\/produkts\/mil-tec-%d1%81%d1%83%d0%bc%d0%ba%d0%b0-%d0%bd%d0%b0-%d0%bf%d0%be%d1%8f%d1%81-large-od\/#breadcrumb","itemListElement":[{"@type":"ListItem","position":1,"name":"Home","item":"https:\/\/milbaza.lv\/ru\/"},{"@type":"ListItem","position":2,"name":"\u041c\u0430\u0433\u0430\u0437\u0438\u043d","item":"https:\/\/milbaza.lv\/ru\/%d0%bc%d0%b0%d0%b3%d0%b0%d0%b7%d0%b8%d0%bd\/"},{"@type":"ListItem","position":3,"name":"MIL-TEC \u0421\u0423\u041c\u041a\u0410 \u041d\u0410 \u041f\u041e\u042f\u0421 LARGE OD"}]},{"@type":"WebSite","@id":"https:\/\/milbaza.lv\/ru\/#website","url":"https:\/\/milbaza.lv\/ru\/","name":"MILBAZA \u2013 viss akt\u012bvai atp\u016btai","description":"Viss akt\u012bvai atp\u016btai","publisher":{"@id":"https:\/\/milbaza.lv\/ru\/#organization"},"potentialAction":[{"@type":"SearchAction","target":{"@type":"EntryPoint","urlTemplate":"https:\/\/milbaza.lv\/ru\/?s={search_term_string}"},"query-input":{"@type":"PropertyValueSpecification","valueRequired":true,"valueName":"search_term_string"}}],"inLanguage":"ru-RU"},{"@type":"Organization","@id":"https:\/\/milbaza.lv\/ru\/#organization","name":"Milbaza","url":"https:\/\/milbaza.lv\/ru\/","logo":{"@type":"ImageObject","inLanguage":"ru-RU","@id":"https:\/\/milbaza.lv\/ru\/#\/schema\/logo\/image\/","url":"https:\/\/milbaza.lv\/wp-content\/uploads\/2021\/11\/Mil_BAZA_logo3.png","contentUrl":"https:\/\/milbaza.lv\/wp-content\/uploads\/2021\/11\/Mil_BAZA_logo3.png","width":564,"height":226,"caption":"Milbaza"},"image":{"@id":"https:\/\/milbaza.lv\/ru\/#\/schema\/logo\/image\/"},"sameAs":["https:\/\/www.facebook.com\/profile.php?id=100075399152223","https:\/\/www.instagram.com\/milbaza.lv\/","https:\/\/www.pinterest.com\/milbaza\/_saved\/","https:\/\/www.youtube.com\/channel\/UCrPXltd8hsNIiGAKc37hGfQ"]}]}},"_links":{"self":[{"href":"https:\/\/milbaza.lv\/ru\/wp-json\/wp\/v2\/product\/47731","targetHints":{"allow":["GET"]}}],"collection":[{"href":"https:\/\/milbaza.lv\/ru\/wp-json\/wp\/v2\/product"}],"about":[{"href":"https:\/\/milbaza.lv\/ru\/wp-json\/wp\/v2\/types\/product"}],"replies":[{"embeddable":true,"href":"https:\/\/milbaza.lv\/ru\/wp-json\/wp\/v2\/comments?post=47731"}],"wp:featuredmedia":[{"embeddable":true,"href":"https:\/\/milbaza.lv\/ru\/wp-json\/wp\/v2\/media\/5125"}],"wp:attachment":[{"href":"https:\/\/milbaza.lv\/ru\/wp-json\/wp\/v2\/media?parent=47731"}],"wp:term":[{"taxonomy":"product_brand","embeddable":true,"href":"https:\/\/milbaza.lv\/ru\/wp-json\/wp\/v2\/product_brand?post=47731"},{"taxonomy":"product_cat","embeddable":true,"href":"https:\/\/milbaza.lv\/ru\/wp-json\/wp\/v2\/product_cat?post=47731"},{"taxonomy":"product_tag","embeddable":true,"href":"https:\/\/milbaza.lv\/ru\/wp-json\/wp\/v2\/product_tag?post=47731"}],"curies":[{"name":"wp","href":"https:\/\/api.w.org\/{rel}","templated":true}]}}