{"id":47971,"date":"2021-11-24T13:47:40","date_gmt":"2025-06-10T11:51:44","guid":{"rendered":"https:\/\/milbaza.lv\/produkts\/%d1%88%d0%b0%d0%bf%d0%ba%d0%b0-%d0%b0%d0%ba%d1%80%d0%b8%d0%bb%d0%be%d0%b2%d0%b0%d1%8f-watch-cap\/"},"modified":"2025-06-12T14:26:04","modified_gmt":"2025-06-12T11:26:04","slug":"%d1%88%d0%b0%d0%bf%d0%ba%d0%b0-%d0%b0%d0%ba%d1%80%d0%b8%d0%bb%d0%be%d0%b2%d0%b0%d1%8f-watch-cap","status":"publish","type":"product","link":"https:\/\/milbaza.lv\/ru\/produkts\/%d1%88%d0%b0%d0%bf%d0%ba%d0%b0-%d0%b0%d0%ba%d1%80%d0%b8%d0%bb%d0%be%d0%b2%d0%b0%d1%8f-watch-cap\/","title":{"rendered":"\u0428\u0430\u043f\u043a\u0430 \u0430\u043a\u0440\u0438\u043b\u043e\u0432\u0430\u044f Watch Cap"},"content":{"rendered":"<p>100% \u041f\u043e\u043b\u0438\u0430\u043a\u0440\u0438\u043b<\/p>\n","protected":false},"excerpt":{"rendered":"<p>100% \u041f\u043e\u043b\u0438\u0430\u043a\u0440\u0438\u043b<\/p>\n","protected":false},"featured_media":1448,"comment_status":"open","ping_status":"closed","template":"","meta":{"_acf_changed":false},"product_brand":[],"product_cat":[441,592,333],"product_tag":[],"class_list":{"0":"post-47971","1":"product","2":"type-product","3":"status-publish","4":"has-post-thumbnail","6":"product_cat-441","7":"product_cat-odezda","8":"product_cat-333","9":"pa_brand-mil-tec-ru","11":"first","12":"outofstock","13":"taxable","14":"shipping-taxable","15":"purchasable","16":"product-type-variable"},"acf":[],"yoast_head":"<!-- This site is optimized with the Yoast SEO plugin v27.4 - https:\/\/yoast.com\/product\/yoast-seo-wordpress\/ -->\n<title>\u0428\u0430\u043f\u043a\u0430 \u0430\u043a\u0440\u0438\u043b\u043e\u0432\u0430\u044f Watch Cap - MILBAZA \u2013 viss akt\u012bvai atp\u016btai<\/title>\n<meta name=\"robots\" content=\"index, follow, max-snippet:-1, max-image-preview:large, max-video-preview:-1\" \/>\n<link rel=\"canonical\" href=\"https:\/\/milbaza.lv\/ru\/produkts\/%d1%88%d0%b0%d0%bf%d0%ba%d0%b0-%d0%b0%d0%ba%d1%80%d0%b8%d0%bb%d0%be%d0%b2%d0%b0%d1%8f-watch-cap\/\" \/>\n<meta property=\"og:locale\" content=\"ru_RU\" \/>\n<meta property=\"og:type\" content=\"article\" \/>\n<meta property=\"og:title\" content=\"\u0428\u0430\u043f\u043a\u0430 \u0430\u043a\u0440\u0438\u043b\u043e\u0432\u0430\u044f Watch Cap - MILBAZA \u2013 viss akt\u012bvai atp\u016btai\" \/>\n<meta property=\"og:description\" content=\"100% \u041f\u043e\u043b\u0438\u0430\u043a\u0440\u0438\u043b\" \/>\n<meta property=\"og:url\" content=\"https:\/\/milbaza.lv\/ru\/produkts\/%d1%88%d0%b0%d0%bf%d0%ba%d0%b0-%d0%b0%d0%ba%d1%80%d0%b8%d0%bb%d0%be%d0%b2%d0%b0%d1%8f-watch-cap\/\" \/>\n<meta property=\"og:site_name\" content=\"MILBAZA \u2013 viss akt\u012bvai atp\u016btai\" \/>\n<meta property=\"article:publisher\" content=\"https:\/\/www.facebook.com\/profile.php?id=100075399152223\" \/>\n<meta property=\"article:modified_time\" content=\"2025-06-12T11:26:04+00:00\" \/>\n<meta property=\"og:image\" content=\"https:\/\/milbaza.lv\/wp-content\/uploads\/2021\/11\/10054594.jpg\" \/>\n\t<meta property=\"og:image:width\" content=\"1838\" \/>\n\t<meta property=\"og:image:height\" content=\"1838\" \/>\n\t<meta property=\"og:image:type\" content=\"image\/jpeg\" \/>\n<meta name=\"twitter:card\" content=\"summary_large_image\" \/>\n<script type=\"application\/ld+json\" class=\"yoast-schema-graph\">{\"@context\":\"https:\\\/\\\/schema.org\",\"@graph\":[{\"@type\":\"WebPage\",\"@id\":\"https:\\\/\\\/milbaza.lv\\\/ru\\\/produkts\\\/%d1%88%d0%b0%d0%bf%d0%ba%d0%b0-%d0%b0%d0%ba%d1%80%d0%b8%d0%bb%d0%be%d0%b2%d0%b0%d1%8f-watch-cap\\\/\",\"url\":\"https:\\\/\\\/milbaza.lv\\\/ru\\\/produkts\\\/%d1%88%d0%b0%d0%bf%d0%ba%d0%b0-%d0%b0%d0%ba%d1%80%d0%b8%d0%bb%d0%be%d0%b2%d0%b0%d1%8f-watch-cap\\\/\",\"name\":\"\u0428\u0430\u043f\u043a\u0430 \u0430\u043a\u0440\u0438\u043b\u043e\u0432\u0430\u044f Watch Cap - MILBAZA \u2013 viss akt\u012bvai atp\u016btai\",\"isPartOf\":{\"@id\":\"https:\\\/\\\/milbaza.lv\\\/ru\\\/#website\"},\"primaryImageOfPage\":{\"@id\":\"https:\\\/\\\/milbaza.lv\\\/ru\\\/produkts\\\/%d1%88%d0%b0%d0%bf%d0%ba%d0%b0-%d0%b0%d0%ba%d1%80%d0%b8%d0%bb%d0%be%d0%b2%d0%b0%d1%8f-watch-cap\\\/#primaryimage\"},\"image\":{\"@id\":\"https:\\\/\\\/milbaza.lv\\\/ru\\\/produkts\\\/%d1%88%d0%b0%d0%bf%d0%ba%d0%b0-%d0%b0%d0%ba%d1%80%d0%b8%d0%bb%d0%be%d0%b2%d0%b0%d1%8f-watch-cap\\\/#primaryimage\"},\"thumbnailUrl\":\"https:\\\/\\\/milbaza.lv\\\/wp-content\\\/uploads\\\/2021\\\/11\\\/10054594.jpg\",\"datePublished\":\"2025-06-10T11:51:44+00:00\",\"dateModified\":\"2025-06-12T11:26:04+00:00\",\"breadcrumb\":{\"@id\":\"https:\\\/\\\/milbaza.lv\\\/ru\\\/produkts\\\/%d1%88%d0%b0%d0%bf%d0%ba%d0%b0-%d0%b0%d0%ba%d1%80%d0%b8%d0%bb%d0%be%d0%b2%d0%b0%d1%8f-watch-cap\\\/#breadcrumb\"},\"inLanguage\":\"ru-RU\",\"potentialAction\":[{\"@type\":\"ReadAction\",\"target\":[\"https:\\\/\\\/milbaza.lv\\\/ru\\\/produkts\\\/%d1%88%d0%b0%d0%bf%d0%ba%d0%b0-%d0%b0%d0%ba%d1%80%d0%b8%d0%bb%d0%be%d0%b2%d0%b0%d1%8f-watch-cap\\\/\"]}]},{\"@type\":\"ImageObject\",\"inLanguage\":\"ru-RU\",\"@id\":\"https:\\\/\\\/milbaza.lv\\\/ru\\\/produkts\\\/%d1%88%d0%b0%d0%bf%d0%ba%d0%b0-%d0%b0%d0%ba%d1%80%d0%b8%d0%bb%d0%be%d0%b2%d0%b0%d1%8f-watch-cap\\\/#primaryimage\",\"url\":\"https:\\\/\\\/milbaza.lv\\\/wp-content\\\/uploads\\\/2021\\\/11\\\/10054594.jpg\",\"contentUrl\":\"https:\\\/\\\/milbaza.lv\\\/wp-content\\\/uploads\\\/2021\\\/11\\\/10054594.jpg\",\"width\":1838,\"height\":1838},{\"@type\":\"BreadcrumbList\",\"@id\":\"https:\\\/\\\/milbaza.lv\\\/ru\\\/produkts\\\/%d1%88%d0%b0%d0%bf%d0%ba%d0%b0-%d0%b0%d0%ba%d1%80%d0%b8%d0%bb%d0%be%d0%b2%d0%b0%d1%8f-watch-cap\\\/#breadcrumb\",\"itemListElement\":[{\"@type\":\"ListItem\",\"position\":1,\"name\":\"Home\",\"item\":\"https:\\\/\\\/milbaza.lv\\\/ru\\\/\"},{\"@type\":\"ListItem\",\"position\":2,\"name\":\"\u041c\u0430\u0433\u0430\u0437\u0438\u043d\",\"item\":\"https:\\\/\\\/milbaza.lv\\\/ru\\\/%d0%bc%d0%b0%d0%b3%d0%b0%d0%b7%d0%b8%d0%bd\\\/\"},{\"@type\":\"ListItem\",\"position\":3,\"name\":\"\u0428\u0430\u043f\u043a\u0430 \u0430\u043a\u0440\u0438\u043b\u043e\u0432\u0430\u044f Watch Cap\"}]},{\"@type\":\"WebSite\",\"@id\":\"https:\\\/\\\/milbaza.lv\\\/ru\\\/#website\",\"url\":\"https:\\\/\\\/milbaza.lv\\\/ru\\\/\",\"name\":\"MILBAZA \u2013 viss akt\u012bvai atp\u016btai\",\"description\":\"Viss akt\u012bvai atp\u016btai\",\"publisher\":{\"@id\":\"https:\\\/\\\/milbaza.lv\\\/ru\\\/#organization\"},\"potentialAction\":[{\"@type\":\"SearchAction\",\"target\":{\"@type\":\"EntryPoint\",\"urlTemplate\":\"https:\\\/\\\/milbaza.lv\\\/ru\\\/?s={search_term_string}\"},\"query-input\":{\"@type\":\"PropertyValueSpecification\",\"valueRequired\":true,\"valueName\":\"search_term_string\"}}],\"inLanguage\":\"ru-RU\"},{\"@type\":\"Organization\",\"@id\":\"https:\\\/\\\/milbaza.lv\\\/ru\\\/#organization\",\"name\":\"Milbaza\",\"url\":\"https:\\\/\\\/milbaza.lv\\\/ru\\\/\",\"logo\":{\"@type\":\"ImageObject\",\"inLanguage\":\"ru-RU\",\"@id\":\"https:\\\/\\\/milbaza.lv\\\/ru\\\/#\\\/schema\\\/logo\\\/image\\\/\",\"url\":\"https:\\\/\\\/milbaza.lv\\\/wp-content\\\/uploads\\\/2021\\\/11\\\/Mil_BAZA_logo3.png\",\"contentUrl\":\"https:\\\/\\\/milbaza.lv\\\/wp-content\\\/uploads\\\/2021\\\/11\\\/Mil_BAZA_logo3.png\",\"width\":564,\"height\":226,\"caption\":\"Milbaza\"},\"image\":{\"@id\":\"https:\\\/\\\/milbaza.lv\\\/ru\\\/#\\\/schema\\\/logo\\\/image\\\/\"},\"sameAs\":[\"https:\\\/\\\/www.facebook.com\\\/profile.php?id=100075399152223\",\"https:\\\/\\\/www.instagram.com\\\/milbaza.lv\\\/\",\"https:\\\/\\\/www.pinterest.com\\\/milbaza\\\/_saved\\\/\",\"https:\\\/\\\/www.youtube.com\\\/channel\\\/UCrPXltd8hsNIiGAKc37hGfQ\"]}]}<\/script>\n<!-- \/ Yoast SEO plugin. -->","yoast_head_json":{"title":"\u0428\u0430\u043f\u043a\u0430 \u0430\u043a\u0440\u0438\u043b\u043e\u0432\u0430\u044f Watch Cap - MILBAZA \u2013 viss akt\u012bvai atp\u016btai","robots":{"index":"index","follow":"follow","max-snippet":"max-snippet:-1","max-image-preview":"max-image-preview:large","max-video-preview":"max-video-preview:-1"},"canonical":"https:\/\/milbaza.lv\/ru\/produkts\/%d1%88%d0%b0%d0%bf%d0%ba%d0%b0-%d0%b0%d0%ba%d1%80%d0%b8%d0%bb%d0%be%d0%b2%d0%b0%d1%8f-watch-cap\/","og_locale":"ru_RU","og_type":"article","og_title":"\u0428\u0430\u043f\u043a\u0430 \u0430\u043a\u0440\u0438\u043b\u043e\u0432\u0430\u044f Watch Cap - MILBAZA \u2013 viss akt\u012bvai atp\u016btai","og_description":"100% \u041f\u043e\u043b\u0438\u0430\u043a\u0440\u0438\u043b","og_url":"https:\/\/milbaza.lv\/ru\/produkts\/%d1%88%d0%b0%d0%bf%d0%ba%d0%b0-%d0%b0%d0%ba%d1%80%d0%b8%d0%bb%d0%be%d0%b2%d0%b0%d1%8f-watch-cap\/","og_site_name":"MILBAZA \u2013 viss akt\u012bvai atp\u016btai","article_publisher":"https:\/\/www.facebook.com\/profile.php?id=100075399152223","article_modified_time":"2025-06-12T11:26:04+00:00","og_image":[{"width":1838,"height":1838,"url":"https:\/\/milbaza.lv\/wp-content\/uploads\/2021\/11\/10054594.jpg","type":"image\/jpeg"}],"twitter_card":"summary_large_image","schema":{"@context":"https:\/\/schema.org","@graph":[{"@type":"WebPage","@id":"https:\/\/milbaza.lv\/ru\/produkts\/%d1%88%d0%b0%d0%bf%d0%ba%d0%b0-%d0%b0%d0%ba%d1%80%d0%b8%d0%bb%d0%be%d0%b2%d0%b0%d1%8f-watch-cap\/","url":"https:\/\/milbaza.lv\/ru\/produkts\/%d1%88%d0%b0%d0%bf%d0%ba%d0%b0-%d0%b0%d0%ba%d1%80%d0%b8%d0%bb%d0%be%d0%b2%d0%b0%d1%8f-watch-cap\/","name":"\u0428\u0430\u043f\u043a\u0430 \u0430\u043a\u0440\u0438\u043b\u043e\u0432\u0430\u044f Watch Cap - MILBAZA \u2013 viss akt\u012bvai atp\u016btai","isPartOf":{"@id":"https:\/\/milbaza.lv\/ru\/#website"},"primaryImageOfPage":{"@id":"https:\/\/milbaza.lv\/ru\/produkts\/%d1%88%d0%b0%d0%bf%d0%ba%d0%b0-%d0%b0%d0%ba%d1%80%d0%b8%d0%bb%d0%be%d0%b2%d0%b0%d1%8f-watch-cap\/#primaryimage"},"image":{"@id":"https:\/\/milbaza.lv\/ru\/produkts\/%d1%88%d0%b0%d0%bf%d0%ba%d0%b0-%d0%b0%d0%ba%d1%80%d0%b8%d0%bb%d0%be%d0%b2%d0%b0%d1%8f-watch-cap\/#primaryimage"},"thumbnailUrl":"https:\/\/milbaza.lv\/wp-content\/uploads\/2021\/11\/10054594.jpg","datePublished":"2025-06-10T11:51:44+00:00","dateModified":"2025-06-12T11:26:04+00:00","breadcrumb":{"@id":"https:\/\/milbaza.lv\/ru\/produkts\/%d1%88%d0%b0%d0%bf%d0%ba%d0%b0-%d0%b0%d0%ba%d1%80%d0%b8%d0%bb%d0%be%d0%b2%d0%b0%d1%8f-watch-cap\/#breadcrumb"},"inLanguage":"ru-RU","potentialAction":[{"@type":"ReadAction","target":["https:\/\/milbaza.lv\/ru\/produkts\/%d1%88%d0%b0%d0%bf%d0%ba%d0%b0-%d0%b0%d0%ba%d1%80%d0%b8%d0%bb%d0%be%d0%b2%d0%b0%d1%8f-watch-cap\/"]}]},{"@type":"ImageObject","inLanguage":"ru-RU","@id":"https:\/\/milbaza.lv\/ru\/produkts\/%d1%88%d0%b0%d0%bf%d0%ba%d0%b0-%d0%b0%d0%ba%d1%80%d0%b8%d0%bb%d0%be%d0%b2%d0%b0%d1%8f-watch-cap\/#primaryimage","url":"https:\/\/milbaza.lv\/wp-content\/uploads\/2021\/11\/10054594.jpg","contentUrl":"https:\/\/milbaza.lv\/wp-content\/uploads\/2021\/11\/10054594.jpg","width":1838,"height":1838},{"@type":"BreadcrumbList","@id":"https:\/\/milbaza.lv\/ru\/produkts\/%d1%88%d0%b0%d0%bf%d0%ba%d0%b0-%d0%b0%d0%ba%d1%80%d0%b8%d0%bb%d0%be%d0%b2%d0%b0%d1%8f-watch-cap\/#breadcrumb","itemListElement":[{"@type":"ListItem","position":1,"name":"Home","item":"https:\/\/milbaza.lv\/ru\/"},{"@type":"ListItem","position":2,"name":"\u041c\u0430\u0433\u0430\u0437\u0438\u043d","item":"https:\/\/milbaza.lv\/ru\/%d0%bc%d0%b0%d0%b3%d0%b0%d0%b7%d0%b8%d0%bd\/"},{"@type":"ListItem","position":3,"name":"\u0428\u0430\u043f\u043a\u0430 \u0430\u043a\u0440\u0438\u043b\u043e\u0432\u0430\u044f Watch Cap"}]},{"@type":"WebSite","@id":"https:\/\/milbaza.lv\/ru\/#website","url":"https:\/\/milbaza.lv\/ru\/","name":"MILBAZA \u2013 viss akt\u012bvai atp\u016btai","description":"Viss akt\u012bvai atp\u016btai","publisher":{"@id":"https:\/\/milbaza.lv\/ru\/#organization"},"potentialAction":[{"@type":"SearchAction","target":{"@type":"EntryPoint","urlTemplate":"https:\/\/milbaza.lv\/ru\/?s={search_term_string}"},"query-input":{"@type":"PropertyValueSpecification","valueRequired":true,"valueName":"search_term_string"}}],"inLanguage":"ru-RU"},{"@type":"Organization","@id":"https:\/\/milbaza.lv\/ru\/#organization","name":"Milbaza","url":"https:\/\/milbaza.lv\/ru\/","logo":{"@type":"ImageObject","inLanguage":"ru-RU","@id":"https:\/\/milbaza.lv\/ru\/#\/schema\/logo\/image\/","url":"https:\/\/milbaza.lv\/wp-content\/uploads\/2021\/11\/Mil_BAZA_logo3.png","contentUrl":"https:\/\/milbaza.lv\/wp-content\/uploads\/2021\/11\/Mil_BAZA_logo3.png","width":564,"height":226,"caption":"Milbaza"},"image":{"@id":"https:\/\/milbaza.lv\/ru\/#\/schema\/logo\/image\/"},"sameAs":["https:\/\/www.facebook.com\/profile.php?id=100075399152223","https:\/\/www.instagram.com\/milbaza.lv\/","https:\/\/www.pinterest.com\/milbaza\/_saved\/","https:\/\/www.youtube.com\/channel\/UCrPXltd8hsNIiGAKc37hGfQ"]}]}},"_links":{"self":[{"href":"https:\/\/milbaza.lv\/ru\/wp-json\/wp\/v2\/product\/47971","targetHints":{"allow":["GET"]}}],"collection":[{"href":"https:\/\/milbaza.lv\/ru\/wp-json\/wp\/v2\/product"}],"about":[{"href":"https:\/\/milbaza.lv\/ru\/wp-json\/wp\/v2\/types\/product"}],"replies":[{"embeddable":true,"href":"https:\/\/milbaza.lv\/ru\/wp-json\/wp\/v2\/comments?post=47971"}],"wp:featuredmedia":[{"embeddable":true,"href":"https:\/\/milbaza.lv\/ru\/wp-json\/wp\/v2\/media\/1448"}],"wp:attachment":[{"href":"https:\/\/milbaza.lv\/ru\/wp-json\/wp\/v2\/media?parent=47971"}],"wp:term":[{"taxonomy":"product_brand","embeddable":true,"href":"https:\/\/milbaza.lv\/ru\/wp-json\/wp\/v2\/product_brand?post=47971"},{"taxonomy":"product_cat","embeddable":true,"href":"https:\/\/milbaza.lv\/ru\/wp-json\/wp\/v2\/product_cat?post=47971"},{"taxonomy":"product_tag","embeddable":true,"href":"https:\/\/milbaza.lv\/ru\/wp-json\/wp\/v2\/product_tag?post=47971"}],"curies":[{"name":"wp","href":"https:\/\/api.w.org\/{rel}","templated":true}]}}