{"id":523,"date":"2021-11-23T16:04:52","date_gmt":"2021-11-23T14:04:52","guid":{"rendered":"https:\/\/milbaza.lv\/?post_type=product&#038;p=523"},"modified":"2026-05-06T11:08:29","modified_gmt":"2026-05-06T08:08:29","slug":"udensnecaurlaidigas-bikses-miltec-zalas","status":"publish","type":"product","link":"https:\/\/milbaza.lv\/ru\/produkts\/udensnecaurlaidigas-bikses-miltec-zalas\/","title":{"rendered":"MIL-TEC \u016adensnecaurlaid\u012bgas bikses"},"content":{"rendered":"<p>Ar \u0161\u012bm iztur\u012bgaj\u0101m lietus biks\u0113m j\u016bs esat lieliski aizsarg\u0101ti mitr\u0101s dien\u0101s. Tr\u012bs elpojo\u0161i sl\u0101\u0146i un aizl\u012bm\u0113t\u0101s \u0161uves nodro\u0161ina, ka ap\u0123\u0113rb\u0101 neiek\u013c\u016bs mitrums. Individu\u0101lu piegul\u0161anu nodro\u0161ina jostasvieta, kas apr\u012bkota ar gumiju un aukli\u0146u. J\u016bs varat viegli ievietot vajadz\u012bgos s\u012bkumus div\u0101s sl\u0113pt\u0101s kabat\u0101s ar r\u0101v\u0113jsl\u0113dz\u0113ju. K\u0101ju gals ar regul\u0113jamu savilk\u0161anas auklu ir apr\u012bkots ar s\u0101nu r\u0101v\u0113jsl\u0113dz\u0113jiem un Velcro aizdari, lai to b\u016btu viegli uzvilkt pat virs z\u0101bakiem, k\u0101 ar\u012b virs biks\u0113m.<br \/>\n\u2013 \u016adens stabs: 5000 mm<br \/>\n\u2013 Elpo\u0161anas sp\u0113ja: 5000 g \/ kvm \/ 24 stundas<\/p>\n<p>materi\u0101ls:<br \/>\n\u2013 1. sl\u0101nis: 100% poliesters<br \/>\n\u2013 2. sl\u0101nis: 100% poliuret\u0101ns<br \/>\n\u2013 Tre\u0161ais sl\u0101nis: 100% poliesters<\/p>\n","protected":false},"excerpt":{"rendered":"<p>Ar \u0161\u012bm iztur\u012bgaj\u0101m lietus biks\u0113m j\u016bs esat lieliski aizsarg\u0101ti mitr\u0101s dien\u0101s. Tr\u012bs elpojo\u0161i sl\u0101\u0146i un aizl\u012bm\u0113t\u0101s \u0161uves nodro\u0161ina, ka ap\u0123\u0113rb\u0101 neiek\u013c\u016bs mitrums. Individu\u0101lu piegul\u0161anu nodro\u0161ina jostasvieta, kas apr\u012bkota ar gumiju un aukli\u0146u. J\u016bs varat viegli ievietot vajadz\u012bgos s\u012bkumus div\u0101s sl\u0113pt\u0101s kabat\u0101s ar r\u0101v\u0113jsl\u0113dz\u0113ju. K\u0101ju gals ar regul\u0113jamu savilk\u0161anas auklu ir apr\u012bkots ar s\u0101nu r\u0101v\u0113jsl\u0113dz\u0113jiem un [&#8230;]\n","protected":false},"featured_media":527,"comment_status":"open","ping_status":"closed","template":"","meta":{"_acf_changed":false},"product_brand":[],"product_cat":[24,138],"product_tag":[],"class_list":{"0":"post-523","1":"product","2":"type-product","3":"status-publish","4":"has-post-thumbnail","6":"product_cat-apgerbi","7":"product_cat-bikses","9":"first","10":"instock","11":"taxable","12":"shipping-taxable","13":"purchasable","14":"product-type-variable","15":"has-default-attributes"},"acf":[],"yoast_head":"<!-- This site is optimized with the Yoast SEO plugin v27.4 - https:\/\/yoast.com\/product\/yoast-seo-wordpress\/ -->\n<title>MIL-TEC \u016adensnecaurlaid\u012bgas bikses - MILBAZA \u2013 viss akt\u012bvai atp\u016btai<\/title>\n<meta name=\"robots\" content=\"index, follow, max-snippet:-1, max-image-preview:large, max-video-preview:-1\" \/>\n<link rel=\"canonical\" href=\"https:\/\/milbaza.lv\/ru\/produkts\/udensnecaurlaidigas-bikses-miltec-zalas\/\" \/>\n<meta property=\"og:locale\" content=\"ru_RU\" \/>\n<meta property=\"og:type\" content=\"article\" \/>\n<meta property=\"og:title\" content=\"MIL-TEC \u016adensnecaurlaid\u012bgas bikses - MILBAZA \u2013 viss akt\u012bvai atp\u016btai\" \/>\n<meta property=\"og:description\" content=\"Ar \u0161\u012bm iztur\u012bgaj\u0101m lietus biks\u0113m j\u016bs esat lieliski aizsarg\u0101ti mitr\u0101s dien\u0101s. Tr\u012bs elpojo\u0161i sl\u0101\u0146i un aizl\u012bm\u0113t\u0101s \u0161uves nodro\u0161ina, ka ap\u0123\u0113rb\u0101 neiek\u013c\u016bs mitrums. Individu\u0101lu piegul\u0161anu nodro\u0161ina jostasvieta, kas apr\u012bkota ar gumiju un aukli\u0146u. J\u016bs varat viegli ievietot vajadz\u012bgos s\u012bkumus div\u0101s sl\u0113pt\u0101s kabat\u0101s ar r\u0101v\u0113jsl\u0113dz\u0113ju. K\u0101ju gals ar regul\u0113jamu savilk\u0161anas auklu ir apr\u012bkots ar s\u0101nu r\u0101v\u0113jsl\u0113dz\u0113jiem un [...]\" \/>\n<meta property=\"og:url\" content=\"https:\/\/milbaza.lv\/ru\/produkts\/udensnecaurlaidigas-bikses-miltec-zalas\/\" \/>\n<meta property=\"og:site_name\" content=\"MILBAZA \u2013 viss akt\u012bvai atp\u016btai\" \/>\n<meta property=\"article:publisher\" content=\"https:\/\/www.facebook.com\/profile.php?id=100075399152223\" \/>\n<meta property=\"article:modified_time\" content=\"2026-05-06T08:08:29+00:00\" \/>\n<meta property=\"og:image\" content=\"https:\/\/milbaza.lv\/wp-content\/uploads\/2021\/11\/10625701.jpg\" \/>\n\t<meta property=\"og:image:width\" content=\"945\" \/>\n\t<meta property=\"og:image:height\" content=\"1181\" \/>\n\t<meta property=\"og:image:type\" content=\"image\/jpeg\" \/>\n<meta name=\"twitter:card\" content=\"summary_large_image\" \/>\n<meta name=\"twitter:label1\" content=\"\u041f\u0440\u0438\u043c\u0435\u0440\u043d\u043e\u0435 \u0432\u0440\u0435\u043c\u044f \u0434\u043b\u044f \u0447\u0442\u0435\u043d\u0438\u044f\" \/>\n\t<meta name=\"twitter:data1\" content=\"1 \u043c\u0438\u043d\u0443\u0442\u0430\" \/>\n<script type=\"application\/ld+json\" class=\"yoast-schema-graph\">{\"@context\":\"https:\\\/\\\/schema.org\",\"@graph\":[{\"@type\":\"WebPage\",\"@id\":\"https:\\\/\\\/milbaza.lv\\\/ru\\\/produkts\\\/udensnecaurlaidigas-bikses-miltec-zalas\\\/\",\"url\":\"https:\\\/\\\/milbaza.lv\\\/ru\\\/produkts\\\/udensnecaurlaidigas-bikses-miltec-zalas\\\/\",\"name\":\"MIL-TEC \u016adensnecaurlaid\u012bgas bikses - MILBAZA \u2013 viss akt\u012bvai atp\u016btai\",\"isPartOf\":{\"@id\":\"https:\\\/\\\/milbaza.lv\\\/ru\\\/#website\"},\"primaryImageOfPage\":{\"@id\":\"https:\\\/\\\/milbaza.lv\\\/ru\\\/produkts\\\/udensnecaurlaidigas-bikses-miltec-zalas\\\/#primaryimage\"},\"image\":{\"@id\":\"https:\\\/\\\/milbaza.lv\\\/ru\\\/produkts\\\/udensnecaurlaidigas-bikses-miltec-zalas\\\/#primaryimage\"},\"thumbnailUrl\":\"https:\\\/\\\/milbaza.lv\\\/wp-content\\\/uploads\\\/2021\\\/11\\\/10625701.jpg\",\"datePublished\":\"2021-11-23T14:04:52+00:00\",\"dateModified\":\"2026-05-06T08:08:29+00:00\",\"breadcrumb\":{\"@id\":\"https:\\\/\\\/milbaza.lv\\\/ru\\\/produkts\\\/udensnecaurlaidigas-bikses-miltec-zalas\\\/#breadcrumb\"},\"inLanguage\":\"ru-RU\",\"potentialAction\":[{\"@type\":\"ReadAction\",\"target\":[\"https:\\\/\\\/milbaza.lv\\\/ru\\\/produkts\\\/udensnecaurlaidigas-bikses-miltec-zalas\\\/\"]}]},{\"@type\":\"ImageObject\",\"inLanguage\":\"ru-RU\",\"@id\":\"https:\\\/\\\/milbaza.lv\\\/ru\\\/produkts\\\/udensnecaurlaidigas-bikses-miltec-zalas\\\/#primaryimage\",\"url\":\"https:\\\/\\\/milbaza.lv\\\/wp-content\\\/uploads\\\/2021\\\/11\\\/10625701.jpg\",\"contentUrl\":\"https:\\\/\\\/milbaza.lv\\\/wp-content\\\/uploads\\\/2021\\\/11\\\/10625701.jpg\",\"width\":945,\"height\":1181},{\"@type\":\"BreadcrumbList\",\"@id\":\"https:\\\/\\\/milbaza.lv\\\/ru\\\/produkts\\\/udensnecaurlaidigas-bikses-miltec-zalas\\\/#breadcrumb\",\"itemListElement\":[{\"@type\":\"ListItem\",\"position\":1,\"name\":\"Home\",\"item\":\"https:\\\/\\\/milbaza.lv\\\/ru\\\/\"},{\"@type\":\"ListItem\",\"position\":2,\"name\":\"\u041c\u0430\u0433\u0430\u0437\u0438\u043d\",\"item\":\"https:\\\/\\\/milbaza.lv\\\/ru\\\/%d0%bc%d0%b0%d0%b3%d0%b0%d0%b7%d0%b8%d0%bd\\\/\"},{\"@type\":\"ListItem\",\"position\":3,\"name\":\"MIL-TEC \u016adensnecaurlaid\u012bgas bikses\"}]},{\"@type\":\"WebSite\",\"@id\":\"https:\\\/\\\/milbaza.lv\\\/ru\\\/#website\",\"url\":\"https:\\\/\\\/milbaza.lv\\\/ru\\\/\",\"name\":\"MILBAZA \u2013 viss akt\u012bvai atp\u016btai\",\"description\":\"Viss akt\u012bvai atp\u016btai\",\"publisher\":{\"@id\":\"https:\\\/\\\/milbaza.lv\\\/ru\\\/#organization\"},\"potentialAction\":[{\"@type\":\"SearchAction\",\"target\":{\"@type\":\"EntryPoint\",\"urlTemplate\":\"https:\\\/\\\/milbaza.lv\\\/ru\\\/?s={search_term_string}\"},\"query-input\":{\"@type\":\"PropertyValueSpecification\",\"valueRequired\":true,\"valueName\":\"search_term_string\"}}],\"inLanguage\":\"ru-RU\"},{\"@type\":\"Organization\",\"@id\":\"https:\\\/\\\/milbaza.lv\\\/ru\\\/#organization\",\"name\":\"Milbaza\",\"url\":\"https:\\\/\\\/milbaza.lv\\\/ru\\\/\",\"logo\":{\"@type\":\"ImageObject\",\"inLanguage\":\"ru-RU\",\"@id\":\"https:\\\/\\\/milbaza.lv\\\/ru\\\/#\\\/schema\\\/logo\\\/image\\\/\",\"url\":\"https:\\\/\\\/milbaza.lv\\\/wp-content\\\/uploads\\\/2021\\\/11\\\/Mil_BAZA_logo3.png\",\"contentUrl\":\"https:\\\/\\\/milbaza.lv\\\/wp-content\\\/uploads\\\/2021\\\/11\\\/Mil_BAZA_logo3.png\",\"width\":564,\"height\":226,\"caption\":\"Milbaza\"},\"image\":{\"@id\":\"https:\\\/\\\/milbaza.lv\\\/ru\\\/#\\\/schema\\\/logo\\\/image\\\/\"},\"sameAs\":[\"https:\\\/\\\/www.facebook.com\\\/profile.php?id=100075399152223\",\"https:\\\/\\\/www.instagram.com\\\/milbaza.lv\\\/\",\"https:\\\/\\\/www.pinterest.com\\\/milbaza\\\/_saved\\\/\",\"https:\\\/\\\/www.youtube.com\\\/channel\\\/UCrPXltd8hsNIiGAKc37hGfQ\"]}]}<\/script>\n<!-- \/ Yoast SEO plugin. -->","yoast_head_json":{"title":"MIL-TEC \u016adensnecaurlaid\u012bgas bikses - MILBAZA \u2013 viss akt\u012bvai atp\u016btai","robots":{"index":"index","follow":"follow","max-snippet":"max-snippet:-1","max-image-preview":"max-image-preview:large","max-video-preview":"max-video-preview:-1"},"canonical":"https:\/\/milbaza.lv\/ru\/produkts\/udensnecaurlaidigas-bikses-miltec-zalas\/","og_locale":"ru_RU","og_type":"article","og_title":"MIL-TEC \u016adensnecaurlaid\u012bgas bikses - MILBAZA \u2013 viss akt\u012bvai atp\u016btai","og_description":"Ar \u0161\u012bm iztur\u012bgaj\u0101m lietus biks\u0113m j\u016bs esat lieliski aizsarg\u0101ti mitr\u0101s dien\u0101s. Tr\u012bs elpojo\u0161i sl\u0101\u0146i un aizl\u012bm\u0113t\u0101s \u0161uves nodro\u0161ina, ka ap\u0123\u0113rb\u0101 neiek\u013c\u016bs mitrums. Individu\u0101lu piegul\u0161anu nodro\u0161ina jostasvieta, kas apr\u012bkota ar gumiju un aukli\u0146u. J\u016bs varat viegli ievietot vajadz\u012bgos s\u012bkumus div\u0101s sl\u0113pt\u0101s kabat\u0101s ar r\u0101v\u0113jsl\u0113dz\u0113ju. K\u0101ju gals ar regul\u0113jamu savilk\u0161anas auklu ir apr\u012bkots ar s\u0101nu r\u0101v\u0113jsl\u0113dz\u0113jiem un [...]","og_url":"https:\/\/milbaza.lv\/ru\/produkts\/udensnecaurlaidigas-bikses-miltec-zalas\/","og_site_name":"MILBAZA \u2013 viss akt\u012bvai atp\u016btai","article_publisher":"https:\/\/www.facebook.com\/profile.php?id=100075399152223","article_modified_time":"2026-05-06T08:08:29+00:00","og_image":[{"width":945,"height":1181,"url":"https:\/\/milbaza.lv\/wp-content\/uploads\/2021\/11\/10625701.jpg","type":"image\/jpeg"}],"twitter_card":"summary_large_image","twitter_misc":{"\u041f\u0440\u0438\u043c\u0435\u0440\u043d\u043e\u0435 \u0432\u0440\u0435\u043c\u044f \u0434\u043b\u044f \u0447\u0442\u0435\u043d\u0438\u044f":"1 \u043c\u0438\u043d\u0443\u0442\u0430"},"schema":{"@context":"https:\/\/schema.org","@graph":[{"@type":"WebPage","@id":"https:\/\/milbaza.lv\/ru\/produkts\/udensnecaurlaidigas-bikses-miltec-zalas\/","url":"https:\/\/milbaza.lv\/ru\/produkts\/udensnecaurlaidigas-bikses-miltec-zalas\/","name":"MIL-TEC \u016adensnecaurlaid\u012bgas bikses - MILBAZA \u2013 viss akt\u012bvai atp\u016btai","isPartOf":{"@id":"https:\/\/milbaza.lv\/ru\/#website"},"primaryImageOfPage":{"@id":"https:\/\/milbaza.lv\/ru\/produkts\/udensnecaurlaidigas-bikses-miltec-zalas\/#primaryimage"},"image":{"@id":"https:\/\/milbaza.lv\/ru\/produkts\/udensnecaurlaidigas-bikses-miltec-zalas\/#primaryimage"},"thumbnailUrl":"https:\/\/milbaza.lv\/wp-content\/uploads\/2021\/11\/10625701.jpg","datePublished":"2021-11-23T14:04:52+00:00","dateModified":"2026-05-06T08:08:29+00:00","breadcrumb":{"@id":"https:\/\/milbaza.lv\/ru\/produkts\/udensnecaurlaidigas-bikses-miltec-zalas\/#breadcrumb"},"inLanguage":"ru-RU","potentialAction":[{"@type":"ReadAction","target":["https:\/\/milbaza.lv\/ru\/produkts\/udensnecaurlaidigas-bikses-miltec-zalas\/"]}]},{"@type":"ImageObject","inLanguage":"ru-RU","@id":"https:\/\/milbaza.lv\/ru\/produkts\/udensnecaurlaidigas-bikses-miltec-zalas\/#primaryimage","url":"https:\/\/milbaza.lv\/wp-content\/uploads\/2021\/11\/10625701.jpg","contentUrl":"https:\/\/milbaza.lv\/wp-content\/uploads\/2021\/11\/10625701.jpg","width":945,"height":1181},{"@type":"BreadcrumbList","@id":"https:\/\/milbaza.lv\/ru\/produkts\/udensnecaurlaidigas-bikses-miltec-zalas\/#breadcrumb","itemListElement":[{"@type":"ListItem","position":1,"name":"Home","item":"https:\/\/milbaza.lv\/ru\/"},{"@type":"ListItem","position":2,"name":"\u041c\u0430\u0433\u0430\u0437\u0438\u043d","item":"https:\/\/milbaza.lv\/ru\/%d0%bc%d0%b0%d0%b3%d0%b0%d0%b7%d0%b8%d0%bd\/"},{"@type":"ListItem","position":3,"name":"MIL-TEC \u016adensnecaurlaid\u012bgas bikses"}]},{"@type":"WebSite","@id":"https:\/\/milbaza.lv\/ru\/#website","url":"https:\/\/milbaza.lv\/ru\/","name":"MILBAZA \u2013 viss akt\u012bvai atp\u016btai","description":"Viss akt\u012bvai atp\u016btai","publisher":{"@id":"https:\/\/milbaza.lv\/ru\/#organization"},"potentialAction":[{"@type":"SearchAction","target":{"@type":"EntryPoint","urlTemplate":"https:\/\/milbaza.lv\/ru\/?s={search_term_string}"},"query-input":{"@type":"PropertyValueSpecification","valueRequired":true,"valueName":"search_term_string"}}],"inLanguage":"ru-RU"},{"@type":"Organization","@id":"https:\/\/milbaza.lv\/ru\/#organization","name":"Milbaza","url":"https:\/\/milbaza.lv\/ru\/","logo":{"@type":"ImageObject","inLanguage":"ru-RU","@id":"https:\/\/milbaza.lv\/ru\/#\/schema\/logo\/image\/","url":"https:\/\/milbaza.lv\/wp-content\/uploads\/2021\/11\/Mil_BAZA_logo3.png","contentUrl":"https:\/\/milbaza.lv\/wp-content\/uploads\/2021\/11\/Mil_BAZA_logo3.png","width":564,"height":226,"caption":"Milbaza"},"image":{"@id":"https:\/\/milbaza.lv\/ru\/#\/schema\/logo\/image\/"},"sameAs":["https:\/\/www.facebook.com\/profile.php?id=100075399152223","https:\/\/www.instagram.com\/milbaza.lv\/","https:\/\/www.pinterest.com\/milbaza\/_saved\/","https:\/\/www.youtube.com\/channel\/UCrPXltd8hsNIiGAKc37hGfQ"]}]}},"_links":{"self":[{"href":"https:\/\/milbaza.lv\/ru\/wp-json\/wp\/v2\/product\/523","targetHints":{"allow":["GET"]}}],"collection":[{"href":"https:\/\/milbaza.lv\/ru\/wp-json\/wp\/v2\/product"}],"about":[{"href":"https:\/\/milbaza.lv\/ru\/wp-json\/wp\/v2\/types\/product"}],"replies":[{"embeddable":true,"href":"https:\/\/milbaza.lv\/ru\/wp-json\/wp\/v2\/comments?post=523"}],"wp:featuredmedia":[{"embeddable":true,"href":"https:\/\/milbaza.lv\/ru\/wp-json\/wp\/v2\/media\/527"}],"wp:attachment":[{"href":"https:\/\/milbaza.lv\/ru\/wp-json\/wp\/v2\/media?parent=523"}],"wp:term":[{"taxonomy":"product_brand","embeddable":true,"href":"https:\/\/milbaza.lv\/ru\/wp-json\/wp\/v2\/product_brand?post=523"},{"taxonomy":"product_cat","embeddable":true,"href":"https:\/\/milbaza.lv\/ru\/wp-json\/wp\/v2\/product_cat?post=523"},{"taxonomy":"product_tag","embeddable":true,"href":"https:\/\/milbaza.lv\/ru\/wp-json\/wp\/v2\/product_tag?post=523"}],"curies":[{"name":"wp","href":"https:\/\/api.w.org\/{rel}","templated":true}]}}