{"id":52955,"date":"2022-09-30T11:26:45","date_gmt":"2022-09-30T08:26:45","guid":{"rendered":"https:\/\/milbaza.lv\/produkts\/mil-tec-%d0%ba%d0%b0%d0%bc%d1%83%d1%84%d0%bb%d1%8f%d0%b6%d0%bd%d1%8b%d0%b9-%d0%ba%d0%be%d1%81%d1%82%d1%8e%d0%bc-w-l-ghillie-parka-%e2%80%b2anti-fire%e2%80%b2-pro\/"},"modified":"2026-01-27T13:30:52","modified_gmt":"2026-01-27T11:30:52","slug":"mil-tec-%d0%ba%d0%b0%d0%bc%d1%83%d1%84%d0%bb%d1%8f%d0%b6%d0%bd%d1%8b%d0%b9-%d0%ba%d0%be%d1%81%d1%82%d1%8e%d0%bc-w-l-ghillie-parka-%e2%80%b2anti-fire%e2%80%b2-pro","status":"publish","type":"product","link":"https:\/\/milbaza.lv\/ru\/produkts\/mil-tec-%d0%ba%d0%b0%d0%bc%d1%83%d1%84%d0%bb%d1%8f%d0%b6%d0%bd%d1%8b%d0%b9-%d0%ba%d0%be%d1%81%d1%82%d1%8e%d0%bc-w-l-ghillie-parka-%e2%80%b2anti-fire%e2%80%b2-pro\/","title":{"rendered":"MIL-TEC \u041a\u0410\u041c\u0423\u0424\u041b\u042f\u0416\u041d\u042b\u0419 \u041a\u041e\u0421\u0422\u042e\u041c W\/L GHILLIE PARKA \u2032ANTI FIRE\u2032 PRO"},"content":{"rendered":"<div>\u041f\u043e\u0432\u0435\u0440\u0445\u043d\u043e\u0441\u0442\u044c: 100% \u043f\u043e\u043b\u0438\u044d\u0441\u0442\u0435\u0440<\/div>\n<div>\u041f\u043e\u0434\u043a\u043b\u0430\u0434\u043a\u0430: 100% \u043f\u043e\u043b\u0438\u044d\u0441\u0442\u0435\u0440 (\u0441\u0435\u0442\u043a\u0430)<\/div>\n<div>\u0422\u0440\u0430\u043d\u0441\u043f\u043e\u0440\u0442\u043d\u0430\u044f \u0441\u0443\u043c\u043a\u0430: 100% \u043f\u043e\u043b\u0438\u044d\u0441\u0442\u0435\u0440<\/div>\n<div><\/div>\n<div>&#8211; \u041e\u0431\u0440\u0430\u0431\u043e\u0442\u0430\u043d\u043d\u044b\u0439 \u043e\u0433\u043d\u0435\u0437\u0430\u0449\u0438\u0442\u043d\u044b\u043c \u0441\u043e\u0441\u0442\u0430\u0432\u043e\u043c<\/div>\n<div>&#8211; \u0432\u043a\u043b\u044e\u0447\u0430\u044f \u0441\u0443\u043c\u043a\u0443 \u0434\u043b\u044f \u0442\u0440\u0430\u043d\u0441\u043f\u043e\u0440\u0442\u0438\u0440\u043e\u0432\u043a\u0438<\/div>\n","protected":false},"excerpt":{"rendered":"<p>\u041f\u043e\u0432\u0435\u0440\u0445\u043d\u043e\u0441\u0442\u044c: 100% \u043f\u043e\u043b\u0438\u044d\u0441\u0442\u0435\u0440 \u041f\u043e\u0434\u043a\u043b\u0430\u0434\u043a\u0430: 100% \u043f\u043e\u043b\u0438\u044d\u0441\u0442\u0435\u0440 (\u0441\u0435\u0442\u043a\u0430) \u0422\u0440\u0430\u043d\u0441\u043f\u043e\u0440\u0442\u043d\u0430\u044f \u0441\u0443\u043c\u043a\u0430: 100% \u043f\u043e\u043b\u0438\u044d\u0441\u0442\u0435\u0440 &#8211; \u041e\u0431\u0440\u0430\u0431\u043e\u0442\u0430\u043d\u043d\u044b\u0439 \u043e\u0433\u043d\u0435\u0437\u0430\u0449\u0438\u0442\u043d\u044b\u043c \u0441\u043e\u0441\u0442\u0430\u0432\u043e\u043c &#8211; \u0432\u043a\u043b\u044e\u0447\u0430\u044f \u0441\u0443\u043c\u043a\u0443 \u0434\u043b\u044f \u0442\u0440\u0430\u043d\u0441\u043f\u043e\u0440\u0442\u0438\u0440\u043e\u0432\u043a\u0438<\/p>\n","protected":false},"featured_media":20701,"comment_status":"open","ping_status":"closed","template":"","meta":{"_acf_changed":false},"product_brand":[],"product_cat":[450,346],"product_tag":[],"class_list":{"0":"post-52955","1":"product","2":"type-product","3":"status-publish","4":"has-post-thumbnail","6":"product_cat-450","7":"product_cat-346","9":"first","10":"outofstock","11":"taxable","12":"shipping-taxable","13":"purchasable","14":"product-type-variable"},"acf":[],"yoast_head":"<!-- This site is optimized with the Yoast SEO plugin v27.4 - https:\/\/yoast.com\/product\/yoast-seo-wordpress\/ -->\n<title>MIL-TEC \u041a\u0410\u041c\u0423\u0424\u041b\u042f\u0416\u041d\u042b\u0419 \u041a\u041e\u0421\u0422\u042e\u041c W\/L GHILLIE PARKA \u2032ANTI FIRE\u2032 PRO - MILBAZA \u2013 viss akt\u012bvai atp\u016btai<\/title>\n<meta name=\"description\" content=\"\u041a\u0443\u043f\u0438\u0442\u044c MIL-TEC \u041c\u0410\u0421\u041a\u0418\u0420\u041e\u0412\u041e\u0427\u041d\u042b\u0419 \u041a\u041e\u0421\u0422\u042e\u041c W\/L GHILLIE PARKA \u2032ANTI FIRE\u2032 PRO \u043f\u043e \u0432\u044b\u0433\u043e\u0434\u043d\u043e\u0439 \u0446\u0435\u043d\u0435 \u0441 \u0434\u043e\u0441\u0442\u0430\u0432\u043a\u043e\u0439. \u0418\u043d\u0442\u0435\u0440\u043d\u0435\u0442-\u043c\u0430\u0433\u0430\u0437\u0438\u043d \u0442\u0443\u0440\u0438\u0441\u0442\u0438\u0447\u0435\u0441\u043a\u0438\u0445 \u0442\u043e\u0432\u0430\u0440\u043e\u0432, \u0432\u043e\u0437\u043c\u043e\u0436\u043d\u043e\u0441\u0442\u044c \u043e\u0444\u043e\u0440\u043c\u0438\u0442\u044c \u0437\u0430\u043a\u0430\u0437 \u043e\u043d\u043b\u0430\u0439\u043d 24\/7!\" \/>\n<meta name=\"robots\" content=\"index, follow, max-snippet:-1, max-image-preview:large, max-video-preview:-1\" \/>\n<link rel=\"canonical\" href=\"https:\/\/milbaza.lv\/ru\/produkts\/mil-tec-%d0%ba%d0%b0%d0%bc%d1%83%d1%84%d0%bb%d1%8f%d0%b6%d0%bd%d1%8b%d0%b9-%d0%ba%d0%be%d1%81%d1%82%d1%8e%d0%bc-w-l-ghillie-parka-%e2%80%b2anti-fire%e2%80%b2-pro\/\" \/>\n<meta property=\"og:locale\" content=\"ru_RU\" \/>\n<meta property=\"og:type\" content=\"article\" \/>\n<meta property=\"og:title\" content=\"MIL-TEC \u041a\u0410\u041c\u0423\u0424\u041b\u042f\u0416\u041d\u042b\u0419 \u041a\u041e\u0421\u0422\u042e\u041c W\/L GHILLIE PARKA \u2032ANTI FIRE\u2032 PRO - MILBAZA \u2013 viss akt\u012bvai atp\u016btai\" \/>\n<meta property=\"og:description\" content=\"\u041a\u0443\u043f\u0438\u0442\u044c MIL-TEC \u041c\u0410\u0421\u041a\u0418\u0420\u041e\u0412\u041e\u0427\u041d\u042b\u0419 \u041a\u041e\u0421\u0422\u042e\u041c W\/L GHILLIE PARKA \u2032ANTI FIRE\u2032 PRO \u043f\u043e \u0432\u044b\u0433\u043e\u0434\u043d\u043e\u0439 \u0446\u0435\u043d\u0435 \u0441 \u0434\u043e\u0441\u0442\u0430\u0432\u043a\u043e\u0439. \u0418\u043d\u0442\u0435\u0440\u043d\u0435\u0442-\u043c\u0430\u0433\u0430\u0437\u0438\u043d \u0442\u0443\u0440\u0438\u0441\u0442\u0438\u0447\u0435\u0441\u043a\u0438\u0445 \u0442\u043e\u0432\u0430\u0440\u043e\u0432, \u0432\u043e\u0437\u043c\u043e\u0436\u043d\u043e\u0441\u0442\u044c \u043e\u0444\u043e\u0440\u043c\u0438\u0442\u044c \u0437\u0430\u043a\u0430\u0437 \u043e\u043d\u043b\u0430\u0439\u043d 24\/7!\" \/>\n<meta property=\"og:url\" content=\"https:\/\/milbaza.lv\/ru\/produkts\/mil-tec-%d0%ba%d0%b0%d0%bc%d1%83%d1%84%d0%bb%d1%8f%d0%b6%d0%bd%d1%8b%d0%b9-%d0%ba%d0%be%d1%81%d1%82%d1%8e%d0%bc-w-l-ghillie-parka-%e2%80%b2anti-fire%e2%80%b2-pro\/\" \/>\n<meta property=\"og:site_name\" content=\"MILBAZA \u2013 viss akt\u012bvai atp\u016btai\" \/>\n<meta property=\"article:publisher\" content=\"https:\/\/www.facebook.com\/profile.php?id=100075399152223\" \/>\n<meta property=\"article:modified_time\" content=\"2026-01-27T11:30:52+00:00\" \/>\n<meta property=\"og:image\" content=\"https:\/\/milbaza.lv\/wp-content\/uploads\/2022\/09\/mil-tec-11962120-camo-woodland-size-2-medium-large-military-hunter-airsoft-ghillie-parka-anti-fire-pro-.jpg\" \/>\n\t<meta property=\"og:image:width\" content=\"455\" \/>\n\t<meta property=\"og:image:height\" content=\"455\" \/>\n\t<meta property=\"og:image:type\" content=\"image\/jpeg\" \/>\n<meta name=\"twitter:card\" content=\"summary_large_image\" \/>\n<script type=\"application\/ld+json\" class=\"yoast-schema-graph\">{\"@context\":\"https:\\\/\\\/schema.org\",\"@graph\":[{\"@type\":\"WebPage\",\"@id\":\"https:\\\/\\\/milbaza.lv\\\/ru\\\/produkts\\\/mil-tec-%d0%ba%d0%b0%d0%bc%d1%83%d1%84%d0%bb%d1%8f%d0%b6%d0%bd%d1%8b%d0%b9-%d0%ba%d0%be%d1%81%d1%82%d1%8e%d0%bc-w-l-ghillie-parka-%e2%80%b2anti-fire%e2%80%b2-pro\\\/\",\"url\":\"https:\\\/\\\/milbaza.lv\\\/ru\\\/produkts\\\/mil-tec-%d0%ba%d0%b0%d0%bc%d1%83%d1%84%d0%bb%d1%8f%d0%b6%d0%bd%d1%8b%d0%b9-%d0%ba%d0%be%d1%81%d1%82%d1%8e%d0%bc-w-l-ghillie-parka-%e2%80%b2anti-fire%e2%80%b2-pro\\\/\",\"name\":\"MIL-TEC \u041a\u0410\u041c\u0423\u0424\u041b\u042f\u0416\u041d\u042b\u0419 \u041a\u041e\u0421\u0422\u042e\u041c W\\\/L GHILLIE PARKA \u2032ANTI FIRE\u2032 PRO - MILBAZA \u2013 viss akt\u012bvai atp\u016btai\",\"isPartOf\":{\"@id\":\"https:\\\/\\\/milbaza.lv\\\/ru\\\/#website\"},\"primaryImageOfPage\":{\"@id\":\"https:\\\/\\\/milbaza.lv\\\/ru\\\/produkts\\\/mil-tec-%d0%ba%d0%b0%d0%bc%d1%83%d1%84%d0%bb%d1%8f%d0%b6%d0%bd%d1%8b%d0%b9-%d0%ba%d0%be%d1%81%d1%82%d1%8e%d0%bc-w-l-ghillie-parka-%e2%80%b2anti-fire%e2%80%b2-pro\\\/#primaryimage\"},\"image\":{\"@id\":\"https:\\\/\\\/milbaza.lv\\\/ru\\\/produkts\\\/mil-tec-%d0%ba%d0%b0%d0%bc%d1%83%d1%84%d0%bb%d1%8f%d0%b6%d0%bd%d1%8b%d0%b9-%d0%ba%d0%be%d1%81%d1%82%d1%8e%d0%bc-w-l-ghillie-parka-%e2%80%b2anti-fire%e2%80%b2-pro\\\/#primaryimage\"},\"thumbnailUrl\":\"https:\\\/\\\/milbaza.lv\\\/wp-content\\\/uploads\\\/2022\\\/09\\\/mil-tec-11962120-camo-woodland-size-2-medium-large-military-hunter-airsoft-ghillie-parka-anti-fire-pro-.jpg\",\"datePublished\":\"2022-09-30T08:26:45+00:00\",\"dateModified\":\"2026-01-27T11:30:52+00:00\",\"description\":\"\u041a\u0443\u043f\u0438\u0442\u044c MIL-TEC \u041c\u0410\u0421\u041a\u0418\u0420\u041e\u0412\u041e\u0427\u041d\u042b\u0419 \u041a\u041e\u0421\u0422\u042e\u041c W\\\/L GHILLIE PARKA \u2032ANTI FIRE\u2032 PRO \u043f\u043e \u0432\u044b\u0433\u043e\u0434\u043d\u043e\u0439 \u0446\u0435\u043d\u0435 \u0441 \u0434\u043e\u0441\u0442\u0430\u0432\u043a\u043e\u0439. \u0418\u043d\u0442\u0435\u0440\u043d\u0435\u0442-\u043c\u0430\u0433\u0430\u0437\u0438\u043d \u0442\u0443\u0440\u0438\u0441\u0442\u0438\u0447\u0435\u0441\u043a\u0438\u0445 \u0442\u043e\u0432\u0430\u0440\u043e\u0432, \u0432\u043e\u0437\u043c\u043e\u0436\u043d\u043e\u0441\u0442\u044c \u043e\u0444\u043e\u0440\u043c\u0438\u0442\u044c \u0437\u0430\u043a\u0430\u0437 \u043e\u043d\u043b\u0430\u0439\u043d 24\\\/7!\",\"breadcrumb\":{\"@id\":\"https:\\\/\\\/milbaza.lv\\\/ru\\\/produkts\\\/mil-tec-%d0%ba%d0%b0%d0%bc%d1%83%d1%84%d0%bb%d1%8f%d0%b6%d0%bd%d1%8b%d0%b9-%d0%ba%d0%be%d1%81%d1%82%d1%8e%d0%bc-w-l-ghillie-parka-%e2%80%b2anti-fire%e2%80%b2-pro\\\/#breadcrumb\"},\"inLanguage\":\"ru-RU\",\"potentialAction\":[{\"@type\":\"ReadAction\",\"target\":[\"https:\\\/\\\/milbaza.lv\\\/ru\\\/produkts\\\/mil-tec-%d0%ba%d0%b0%d0%bc%d1%83%d1%84%d0%bb%d1%8f%d0%b6%d0%bd%d1%8b%d0%b9-%d0%ba%d0%be%d1%81%d1%82%d1%8e%d0%bc-w-l-ghillie-parka-%e2%80%b2anti-fire%e2%80%b2-pro\\\/\"]}]},{\"@type\":\"ImageObject\",\"inLanguage\":\"ru-RU\",\"@id\":\"https:\\\/\\\/milbaza.lv\\\/ru\\\/produkts\\\/mil-tec-%d0%ba%d0%b0%d0%bc%d1%83%d1%84%d0%bb%d1%8f%d0%b6%d0%bd%d1%8b%d0%b9-%d0%ba%d0%be%d1%81%d1%82%d1%8e%d0%bc-w-l-ghillie-parka-%e2%80%b2anti-fire%e2%80%b2-pro\\\/#primaryimage\",\"url\":\"https:\\\/\\\/milbaza.lv\\\/wp-content\\\/uploads\\\/2022\\\/09\\\/mil-tec-11962120-camo-woodland-size-2-medium-large-military-hunter-airsoft-ghillie-parka-anti-fire-pro-.jpg\",\"contentUrl\":\"https:\\\/\\\/milbaza.lv\\\/wp-content\\\/uploads\\\/2022\\\/09\\\/mil-tec-11962120-camo-woodland-size-2-medium-large-military-hunter-airsoft-ghillie-parka-anti-fire-pro-.jpg\",\"width\":455,\"height\":455},{\"@type\":\"BreadcrumbList\",\"@id\":\"https:\\\/\\\/milbaza.lv\\\/ru\\\/produkts\\\/mil-tec-%d0%ba%d0%b0%d0%bc%d1%83%d1%84%d0%bb%d1%8f%d0%b6%d0%bd%d1%8b%d0%b9-%d0%ba%d0%be%d1%81%d1%82%d1%8e%d0%bc-w-l-ghillie-parka-%e2%80%b2anti-fire%e2%80%b2-pro\\\/#breadcrumb\",\"itemListElement\":[{\"@type\":\"ListItem\",\"position\":1,\"name\":\"Home\",\"item\":\"https:\\\/\\\/milbaza.lv\\\/ru\\\/\"},{\"@type\":\"ListItem\",\"position\":2,\"name\":\"\u041c\u0430\u0433\u0430\u0437\u0438\u043d\",\"item\":\"https:\\\/\\\/milbaza.lv\\\/ru\\\/%d0%bc%d0%b0%d0%b3%d0%b0%d0%b7%d0%b8%d0%bd\\\/\"},{\"@type\":\"ListItem\",\"position\":3,\"name\":\"MIL-TEC \u041a\u0410\u041c\u0423\u0424\u041b\u042f\u0416\u041d\u042b\u0419 \u041a\u041e\u0421\u0422\u042e\u041c W\\\/L GHILLIE PARKA \u2032ANTI FIRE\u2032 PRO\"}]},{\"@type\":\"WebSite\",\"@id\":\"https:\\\/\\\/milbaza.lv\\\/ru\\\/#website\",\"url\":\"https:\\\/\\\/milbaza.lv\\\/ru\\\/\",\"name\":\"MILBAZA \u2013 viss akt\u012bvai atp\u016btai\",\"description\":\"Viss akt\u012bvai atp\u016btai\",\"publisher\":{\"@id\":\"https:\\\/\\\/milbaza.lv\\\/ru\\\/#organization\"},\"potentialAction\":[{\"@type\":\"SearchAction\",\"target\":{\"@type\":\"EntryPoint\",\"urlTemplate\":\"https:\\\/\\\/milbaza.lv\\\/ru\\\/?s={search_term_string}\"},\"query-input\":{\"@type\":\"PropertyValueSpecification\",\"valueRequired\":true,\"valueName\":\"search_term_string\"}}],\"inLanguage\":\"ru-RU\"},{\"@type\":\"Organization\",\"@id\":\"https:\\\/\\\/milbaza.lv\\\/ru\\\/#organization\",\"name\":\"Milbaza\",\"url\":\"https:\\\/\\\/milbaza.lv\\\/ru\\\/\",\"logo\":{\"@type\":\"ImageObject\",\"inLanguage\":\"ru-RU\",\"@id\":\"https:\\\/\\\/milbaza.lv\\\/ru\\\/#\\\/schema\\\/logo\\\/image\\\/\",\"url\":\"https:\\\/\\\/milbaza.lv\\\/wp-content\\\/uploads\\\/2021\\\/11\\\/Mil_BAZA_logo3.png\",\"contentUrl\":\"https:\\\/\\\/milbaza.lv\\\/wp-content\\\/uploads\\\/2021\\\/11\\\/Mil_BAZA_logo3.png\",\"width\":564,\"height\":226,\"caption\":\"Milbaza\"},\"image\":{\"@id\":\"https:\\\/\\\/milbaza.lv\\\/ru\\\/#\\\/schema\\\/logo\\\/image\\\/\"},\"sameAs\":[\"https:\\\/\\\/www.facebook.com\\\/profile.php?id=100075399152223\",\"https:\\\/\\\/www.instagram.com\\\/milbaza.lv\\\/\",\"https:\\\/\\\/www.pinterest.com\\\/milbaza\\\/_saved\\\/\",\"https:\\\/\\\/www.youtube.com\\\/channel\\\/UCrPXltd8hsNIiGAKc37hGfQ\"]}]}<\/script>\n<!-- \/ Yoast SEO plugin. -->","yoast_head_json":{"title":"MIL-TEC \u041a\u0410\u041c\u0423\u0424\u041b\u042f\u0416\u041d\u042b\u0419 \u041a\u041e\u0421\u0422\u042e\u041c W\/L GHILLIE PARKA \u2032ANTI FIRE\u2032 PRO - MILBAZA \u2013 viss akt\u012bvai atp\u016btai","description":"\u041a\u0443\u043f\u0438\u0442\u044c MIL-TEC \u041c\u0410\u0421\u041a\u0418\u0420\u041e\u0412\u041e\u0427\u041d\u042b\u0419 \u041a\u041e\u0421\u0422\u042e\u041c W\/L GHILLIE PARKA \u2032ANTI FIRE\u2032 PRO \u043f\u043e \u0432\u044b\u0433\u043e\u0434\u043d\u043e\u0439 \u0446\u0435\u043d\u0435 \u0441 \u0434\u043e\u0441\u0442\u0430\u0432\u043a\u043e\u0439. \u0418\u043d\u0442\u0435\u0440\u043d\u0435\u0442-\u043c\u0430\u0433\u0430\u0437\u0438\u043d \u0442\u0443\u0440\u0438\u0441\u0442\u0438\u0447\u0435\u0441\u043a\u0438\u0445 \u0442\u043e\u0432\u0430\u0440\u043e\u0432, \u0432\u043e\u0437\u043c\u043e\u0436\u043d\u043e\u0441\u0442\u044c \u043e\u0444\u043e\u0440\u043c\u0438\u0442\u044c \u0437\u0430\u043a\u0430\u0437 \u043e\u043d\u043b\u0430\u0439\u043d 24\/7!","robots":{"index":"index","follow":"follow","max-snippet":"max-snippet:-1","max-image-preview":"max-image-preview:large","max-video-preview":"max-video-preview:-1"},"canonical":"https:\/\/milbaza.lv\/ru\/produkts\/mil-tec-%d0%ba%d0%b0%d0%bc%d1%83%d1%84%d0%bb%d1%8f%d0%b6%d0%bd%d1%8b%d0%b9-%d0%ba%d0%be%d1%81%d1%82%d1%8e%d0%bc-w-l-ghillie-parka-%e2%80%b2anti-fire%e2%80%b2-pro\/","og_locale":"ru_RU","og_type":"article","og_title":"MIL-TEC \u041a\u0410\u041c\u0423\u0424\u041b\u042f\u0416\u041d\u042b\u0419 \u041a\u041e\u0421\u0422\u042e\u041c W\/L GHILLIE PARKA \u2032ANTI FIRE\u2032 PRO - MILBAZA \u2013 viss akt\u012bvai atp\u016btai","og_description":"\u041a\u0443\u043f\u0438\u0442\u044c MIL-TEC \u041c\u0410\u0421\u041a\u0418\u0420\u041e\u0412\u041e\u0427\u041d\u042b\u0419 \u041a\u041e\u0421\u0422\u042e\u041c W\/L GHILLIE PARKA \u2032ANTI FIRE\u2032 PRO \u043f\u043e \u0432\u044b\u0433\u043e\u0434\u043d\u043e\u0439 \u0446\u0435\u043d\u0435 \u0441 \u0434\u043e\u0441\u0442\u0430\u0432\u043a\u043e\u0439. \u0418\u043d\u0442\u0435\u0440\u043d\u0435\u0442-\u043c\u0430\u0433\u0430\u0437\u0438\u043d \u0442\u0443\u0440\u0438\u0441\u0442\u0438\u0447\u0435\u0441\u043a\u0438\u0445 \u0442\u043e\u0432\u0430\u0440\u043e\u0432, \u0432\u043e\u0437\u043c\u043e\u0436\u043d\u043e\u0441\u0442\u044c \u043e\u0444\u043e\u0440\u043c\u0438\u0442\u044c \u0437\u0430\u043a\u0430\u0437 \u043e\u043d\u043b\u0430\u0439\u043d 24\/7!","og_url":"https:\/\/milbaza.lv\/ru\/produkts\/mil-tec-%d0%ba%d0%b0%d0%bc%d1%83%d1%84%d0%bb%d1%8f%d0%b6%d0%bd%d1%8b%d0%b9-%d0%ba%d0%be%d1%81%d1%82%d1%8e%d0%bc-w-l-ghillie-parka-%e2%80%b2anti-fire%e2%80%b2-pro\/","og_site_name":"MILBAZA \u2013 viss akt\u012bvai atp\u016btai","article_publisher":"https:\/\/www.facebook.com\/profile.php?id=100075399152223","article_modified_time":"2026-01-27T11:30:52+00:00","og_image":[{"width":455,"height":455,"url":"https:\/\/milbaza.lv\/wp-content\/uploads\/2022\/09\/mil-tec-11962120-camo-woodland-size-2-medium-large-military-hunter-airsoft-ghillie-parka-anti-fire-pro-.jpg","type":"image\/jpeg"}],"twitter_card":"summary_large_image","schema":{"@context":"https:\/\/schema.org","@graph":[{"@type":"WebPage","@id":"https:\/\/milbaza.lv\/ru\/produkts\/mil-tec-%d0%ba%d0%b0%d0%bc%d1%83%d1%84%d0%bb%d1%8f%d0%b6%d0%bd%d1%8b%d0%b9-%d0%ba%d0%be%d1%81%d1%82%d1%8e%d0%bc-w-l-ghillie-parka-%e2%80%b2anti-fire%e2%80%b2-pro\/","url":"https:\/\/milbaza.lv\/ru\/produkts\/mil-tec-%d0%ba%d0%b0%d0%bc%d1%83%d1%84%d0%bb%d1%8f%d0%b6%d0%bd%d1%8b%d0%b9-%d0%ba%d0%be%d1%81%d1%82%d1%8e%d0%bc-w-l-ghillie-parka-%e2%80%b2anti-fire%e2%80%b2-pro\/","name":"MIL-TEC \u041a\u0410\u041c\u0423\u0424\u041b\u042f\u0416\u041d\u042b\u0419 \u041a\u041e\u0421\u0422\u042e\u041c W\/L GHILLIE PARKA \u2032ANTI FIRE\u2032 PRO - MILBAZA \u2013 viss akt\u012bvai atp\u016btai","isPartOf":{"@id":"https:\/\/milbaza.lv\/ru\/#website"},"primaryImageOfPage":{"@id":"https:\/\/milbaza.lv\/ru\/produkts\/mil-tec-%d0%ba%d0%b0%d0%bc%d1%83%d1%84%d0%bb%d1%8f%d0%b6%d0%bd%d1%8b%d0%b9-%d0%ba%d0%be%d1%81%d1%82%d1%8e%d0%bc-w-l-ghillie-parka-%e2%80%b2anti-fire%e2%80%b2-pro\/#primaryimage"},"image":{"@id":"https:\/\/milbaza.lv\/ru\/produkts\/mil-tec-%d0%ba%d0%b0%d0%bc%d1%83%d1%84%d0%bb%d1%8f%d0%b6%d0%bd%d1%8b%d0%b9-%d0%ba%d0%be%d1%81%d1%82%d1%8e%d0%bc-w-l-ghillie-parka-%e2%80%b2anti-fire%e2%80%b2-pro\/#primaryimage"},"thumbnailUrl":"https:\/\/milbaza.lv\/wp-content\/uploads\/2022\/09\/mil-tec-11962120-camo-woodland-size-2-medium-large-military-hunter-airsoft-ghillie-parka-anti-fire-pro-.jpg","datePublished":"2022-09-30T08:26:45+00:00","dateModified":"2026-01-27T11:30:52+00:00","description":"\u041a\u0443\u043f\u0438\u0442\u044c MIL-TEC \u041c\u0410\u0421\u041a\u0418\u0420\u041e\u0412\u041e\u0427\u041d\u042b\u0419 \u041a\u041e\u0421\u0422\u042e\u041c W\/L GHILLIE PARKA \u2032ANTI FIRE\u2032 PRO \u043f\u043e \u0432\u044b\u0433\u043e\u0434\u043d\u043e\u0439 \u0446\u0435\u043d\u0435 \u0441 \u0434\u043e\u0441\u0442\u0430\u0432\u043a\u043e\u0439. \u0418\u043d\u0442\u0435\u0440\u043d\u0435\u0442-\u043c\u0430\u0433\u0430\u0437\u0438\u043d \u0442\u0443\u0440\u0438\u0441\u0442\u0438\u0447\u0435\u0441\u043a\u0438\u0445 \u0442\u043e\u0432\u0430\u0440\u043e\u0432, \u0432\u043e\u0437\u043c\u043e\u0436\u043d\u043e\u0441\u0442\u044c \u043e\u0444\u043e\u0440\u043c\u0438\u0442\u044c \u0437\u0430\u043a\u0430\u0437 \u043e\u043d\u043b\u0430\u0439\u043d 24\/7!","breadcrumb":{"@id":"https:\/\/milbaza.lv\/ru\/produkts\/mil-tec-%d0%ba%d0%b0%d0%bc%d1%83%d1%84%d0%bb%d1%8f%d0%b6%d0%bd%d1%8b%d0%b9-%d0%ba%d0%be%d1%81%d1%82%d1%8e%d0%bc-w-l-ghillie-parka-%e2%80%b2anti-fire%e2%80%b2-pro\/#breadcrumb"},"inLanguage":"ru-RU","potentialAction":[{"@type":"ReadAction","target":["https:\/\/milbaza.lv\/ru\/produkts\/mil-tec-%d0%ba%d0%b0%d0%bc%d1%83%d1%84%d0%bb%d1%8f%d0%b6%d0%bd%d1%8b%d0%b9-%d0%ba%d0%be%d1%81%d1%82%d1%8e%d0%bc-w-l-ghillie-parka-%e2%80%b2anti-fire%e2%80%b2-pro\/"]}]},{"@type":"ImageObject","inLanguage":"ru-RU","@id":"https:\/\/milbaza.lv\/ru\/produkts\/mil-tec-%d0%ba%d0%b0%d0%bc%d1%83%d1%84%d0%bb%d1%8f%d0%b6%d0%bd%d1%8b%d0%b9-%d0%ba%d0%be%d1%81%d1%82%d1%8e%d0%bc-w-l-ghillie-parka-%e2%80%b2anti-fire%e2%80%b2-pro\/#primaryimage","url":"https:\/\/milbaza.lv\/wp-content\/uploads\/2022\/09\/mil-tec-11962120-camo-woodland-size-2-medium-large-military-hunter-airsoft-ghillie-parka-anti-fire-pro-.jpg","contentUrl":"https:\/\/milbaza.lv\/wp-content\/uploads\/2022\/09\/mil-tec-11962120-camo-woodland-size-2-medium-large-military-hunter-airsoft-ghillie-parka-anti-fire-pro-.jpg","width":455,"height":455},{"@type":"BreadcrumbList","@id":"https:\/\/milbaza.lv\/ru\/produkts\/mil-tec-%d0%ba%d0%b0%d0%bc%d1%83%d1%84%d0%bb%d1%8f%d0%b6%d0%bd%d1%8b%d0%b9-%d0%ba%d0%be%d1%81%d1%82%d1%8e%d0%bc-w-l-ghillie-parka-%e2%80%b2anti-fire%e2%80%b2-pro\/#breadcrumb","itemListElement":[{"@type":"ListItem","position":1,"name":"Home","item":"https:\/\/milbaza.lv\/ru\/"},{"@type":"ListItem","position":2,"name":"\u041c\u0430\u0433\u0430\u0437\u0438\u043d","item":"https:\/\/milbaza.lv\/ru\/%d0%bc%d0%b0%d0%b3%d0%b0%d0%b7%d0%b8%d0%bd\/"},{"@type":"ListItem","position":3,"name":"MIL-TEC \u041a\u0410\u041c\u0423\u0424\u041b\u042f\u0416\u041d\u042b\u0419 \u041a\u041e\u0421\u0422\u042e\u041c W\/L GHILLIE PARKA \u2032ANTI FIRE\u2032 PRO"}]},{"@type":"WebSite","@id":"https:\/\/milbaza.lv\/ru\/#website","url":"https:\/\/milbaza.lv\/ru\/","name":"MILBAZA \u2013 viss akt\u012bvai atp\u016btai","description":"Viss akt\u012bvai atp\u016btai","publisher":{"@id":"https:\/\/milbaza.lv\/ru\/#organization"},"potentialAction":[{"@type":"SearchAction","target":{"@type":"EntryPoint","urlTemplate":"https:\/\/milbaza.lv\/ru\/?s={search_term_string}"},"query-input":{"@type":"PropertyValueSpecification","valueRequired":true,"valueName":"search_term_string"}}],"inLanguage":"ru-RU"},{"@type":"Organization","@id":"https:\/\/milbaza.lv\/ru\/#organization","name":"Milbaza","url":"https:\/\/milbaza.lv\/ru\/","logo":{"@type":"ImageObject","inLanguage":"ru-RU","@id":"https:\/\/milbaza.lv\/ru\/#\/schema\/logo\/image\/","url":"https:\/\/milbaza.lv\/wp-content\/uploads\/2021\/11\/Mil_BAZA_logo3.png","contentUrl":"https:\/\/milbaza.lv\/wp-content\/uploads\/2021\/11\/Mil_BAZA_logo3.png","width":564,"height":226,"caption":"Milbaza"},"image":{"@id":"https:\/\/milbaza.lv\/ru\/#\/schema\/logo\/image\/"},"sameAs":["https:\/\/www.facebook.com\/profile.php?id=100075399152223","https:\/\/www.instagram.com\/milbaza.lv\/","https:\/\/www.pinterest.com\/milbaza\/_saved\/","https:\/\/www.youtube.com\/channel\/UCrPXltd8hsNIiGAKc37hGfQ"]}]}},"_links":{"self":[{"href":"https:\/\/milbaza.lv\/ru\/wp-json\/wp\/v2\/product\/52955","targetHints":{"allow":["GET"]}}],"collection":[{"href":"https:\/\/milbaza.lv\/ru\/wp-json\/wp\/v2\/product"}],"about":[{"href":"https:\/\/milbaza.lv\/ru\/wp-json\/wp\/v2\/types\/product"}],"replies":[{"embeddable":true,"href":"https:\/\/milbaza.lv\/ru\/wp-json\/wp\/v2\/comments?post=52955"}],"wp:featuredmedia":[{"embeddable":true,"href":"https:\/\/milbaza.lv\/ru\/wp-json\/wp\/v2\/media\/20701"}],"wp:attachment":[{"href":"https:\/\/milbaza.lv\/ru\/wp-json\/wp\/v2\/media?parent=52955"}],"wp:term":[{"taxonomy":"product_brand","embeddable":true,"href":"https:\/\/milbaza.lv\/ru\/wp-json\/wp\/v2\/product_brand?post=52955"},{"taxonomy":"product_cat","embeddable":true,"href":"https:\/\/milbaza.lv\/ru\/wp-json\/wp\/v2\/product_cat?post=52955"},{"taxonomy":"product_tag","embeddable":true,"href":"https:\/\/milbaza.lv\/ru\/wp-json\/wp\/v2\/product_tag?post=52955"}],"curies":[{"name":"wp","href":"https:\/\/api.w.org\/{rel}","templated":true}]}}