{"id":530,"date":"2021-11-23T16:19:56","date_gmt":"2021-11-23T14:19:56","guid":{"rendered":"https:\/\/milbaza.lv\/?post_type=product&#038;p=530"},"modified":"2026-05-06T21:05:15","modified_gmt":"2026-05-06T18:05:15","slug":"ziemas-ponco-bw","status":"publish","type":"product","link":"https:\/\/milbaza.lv\/ru\/produkts\/ziemas-ponco-bw\/","title":{"rendered":"Mil-Tec Ziemas pon\u010do BW"},"content":{"rendered":"<p>V\u0101cu Bundesv\u0113ra sniega pon\u010do kopiju var viegli p\u0101rvilkt virs parast\u0101 ap\u0123\u0113rba, tas nodro\u0161ina aizsardz\u012bbu sniegot\u0101s viet\u0101s. To var regul\u0113t un nostiprin\u0101t ar savilk\u0161anas aukli\u0146\u0101m uz kapuces un s\u0101niem. Muguras da\u013ca ir nedaudz gar\u0101ka, lai j\u016bs var\u0113tu segt savu apr\u012bkojumu, piem\u0113ram, vesti vai mugursomu.<\/p>\n<p>&#8211; Viens izm\u0113rs der visiem<br \/>\n&#8211; Materi\u0101ls: 100% kokvilna<\/p>\n","protected":false},"excerpt":{"rendered":"<p>V\u0101cu Bundesv\u0113ra sniega pon\u010do kopiju var viegli p\u0101rvilkt virs parast\u0101 ap\u0123\u0113rba, tas nodro\u0161ina aizsardz\u012bbu sniegot\u0101s viet\u0101s. To var regul\u0113t un nostiprin\u0101t ar savilk\u0161anas aukli\u0146\u0101m uz kapuces un s\u0101niem. Muguras da\u013ca ir nedaudz gar\u0101ka, lai j\u016bs var\u0113tu segt savu apr\u012bkojumu, piem\u0113ram, vesti vai mugursomu. &#8211; Viens izm\u0113rs der visiem &#8211; Materi\u0101ls: 100% kokvilna<\/p>\n","protected":false},"featured_media":10476,"comment_status":"open","ping_status":"closed","template":"","meta":{"_acf_changed":false},"product_brand":[],"product_cat":[24,140,407],"product_tag":[],"class_list":{"0":"post-530","1":"product","2":"type-product","3":"status-publish","4":"has-post-thumbnail","6":"product_cat-apgerbi","7":"product_cat-ponco","8":"product_cat-ponco-2","10":"first","11":"outofstock","12":"taxable","13":"shipping-taxable","14":"purchasable","15":"product-type-simple"},"acf":[],"yoast_head":"<!-- This site is optimized with the Yoast SEO plugin v27.4 - https:\/\/yoast.com\/product\/yoast-seo-wordpress\/ -->\n<title>Mil-Tec Ziemas pon\u010do BW - MILBAZA \u2013 viss akt\u012bvai atp\u016btai<\/title>\n<meta name=\"robots\" content=\"index, follow, max-snippet:-1, max-image-preview:large, max-video-preview:-1\" \/>\n<link rel=\"canonical\" href=\"https:\/\/milbaza.lv\/ru\/produkts\/ziemas-ponco-bw\/\" \/>\n<meta property=\"og:locale\" content=\"ru_RU\" \/>\n<meta property=\"og:type\" content=\"article\" \/>\n<meta property=\"og:title\" content=\"Mil-Tec Ziemas pon\u010do BW - MILBAZA \u2013 viss akt\u012bvai atp\u016btai\" \/>\n<meta property=\"og:description\" content=\"V\u0101cu Bundesv\u0113ra sniega pon\u010do kopiju var viegli p\u0101rvilkt virs parast\u0101 ap\u0123\u0113rba, tas nodro\u0161ina aizsardz\u012bbu sniegot\u0101s viet\u0101s. To var regul\u0113t un nostiprin\u0101t ar savilk\u0161anas aukli\u0146\u0101m uz kapuces un s\u0101niem. Muguras da\u013ca ir nedaudz gar\u0101ka, lai j\u016bs var\u0113tu segt savu apr\u012bkojumu, piem\u0113ram, vesti vai mugursomu. &#8211; Viens izm\u0113rs der visiem &#8211; Materi\u0101ls: 100% kokvilna\" \/>\n<meta property=\"og:url\" content=\"https:\/\/milbaza.lv\/ru\/produkts\/ziemas-ponco-bw\/\" \/>\n<meta property=\"og:site_name\" content=\"MILBAZA \u2013 viss akt\u012bvai atp\u016btai\" \/>\n<meta property=\"article:publisher\" content=\"https:\/\/www.facebook.com\/profile.php?id=100075399152223\" \/>\n<meta property=\"article:modified_time\" content=\"2026-05-06T18:05:15+00:00\" \/>\n<meta property=\"og:image\" content=\"https:\/\/milbaza.lv\/wp-content\/uploads\/2021\/11\/10627000-1.jpg\" \/>\n\t<meta property=\"og:image:width\" content=\"700\" \/>\n\t<meta property=\"og:image:height\" content=\"700\" \/>\n\t<meta property=\"og:image:type\" content=\"image\/jpeg\" \/>\n<meta name=\"twitter:card\" content=\"summary_large_image\" \/>\n<script type=\"application\/ld+json\" class=\"yoast-schema-graph\">{\"@context\":\"https:\\\/\\\/schema.org\",\"@graph\":[{\"@type\":\"WebPage\",\"@id\":\"https:\\\/\\\/milbaza.lv\\\/ru\\\/produkts\\\/ziemas-ponco-bw\\\/\",\"url\":\"https:\\\/\\\/milbaza.lv\\\/ru\\\/produkts\\\/ziemas-ponco-bw\\\/\",\"name\":\"Mil-Tec Ziemas pon\u010do BW - MILBAZA \u2013 viss akt\u012bvai atp\u016btai\",\"isPartOf\":{\"@id\":\"https:\\\/\\\/milbaza.lv\\\/ru\\\/#website\"},\"primaryImageOfPage\":{\"@id\":\"https:\\\/\\\/milbaza.lv\\\/ru\\\/produkts\\\/ziemas-ponco-bw\\\/#primaryimage\"},\"image\":{\"@id\":\"https:\\\/\\\/milbaza.lv\\\/ru\\\/produkts\\\/ziemas-ponco-bw\\\/#primaryimage\"},\"thumbnailUrl\":\"https:\\\/\\\/milbaza.lv\\\/wp-content\\\/uploads\\\/2021\\\/11\\\/10627000-1.jpg\",\"datePublished\":\"2021-11-23T14:19:56+00:00\",\"dateModified\":\"2026-05-06T18:05:15+00:00\",\"breadcrumb\":{\"@id\":\"https:\\\/\\\/milbaza.lv\\\/ru\\\/produkts\\\/ziemas-ponco-bw\\\/#breadcrumb\"},\"inLanguage\":\"ru-RU\",\"potentialAction\":[{\"@type\":\"ReadAction\",\"target\":[\"https:\\\/\\\/milbaza.lv\\\/ru\\\/produkts\\\/ziemas-ponco-bw\\\/\"]}]},{\"@type\":\"ImageObject\",\"inLanguage\":\"ru-RU\",\"@id\":\"https:\\\/\\\/milbaza.lv\\\/ru\\\/produkts\\\/ziemas-ponco-bw\\\/#primaryimage\",\"url\":\"https:\\\/\\\/milbaza.lv\\\/wp-content\\\/uploads\\\/2021\\\/11\\\/10627000-1.jpg\",\"contentUrl\":\"https:\\\/\\\/milbaza.lv\\\/wp-content\\\/uploads\\\/2021\\\/11\\\/10627000-1.jpg\",\"width\":700,\"height\":700},{\"@type\":\"BreadcrumbList\",\"@id\":\"https:\\\/\\\/milbaza.lv\\\/ru\\\/produkts\\\/ziemas-ponco-bw\\\/#breadcrumb\",\"itemListElement\":[{\"@type\":\"ListItem\",\"position\":1,\"name\":\"Home\",\"item\":\"https:\\\/\\\/milbaza.lv\\\/ru\\\/\"},{\"@type\":\"ListItem\",\"position\":2,\"name\":\"\u041c\u0430\u0433\u0430\u0437\u0438\u043d\",\"item\":\"https:\\\/\\\/milbaza.lv\\\/ru\\\/%d0%bc%d0%b0%d0%b3%d0%b0%d0%b7%d0%b8%d0%bd\\\/\"},{\"@type\":\"ListItem\",\"position\":3,\"name\":\"Mil-Tec Ziemas pon\u010do BW\"}]},{\"@type\":\"WebSite\",\"@id\":\"https:\\\/\\\/milbaza.lv\\\/ru\\\/#website\",\"url\":\"https:\\\/\\\/milbaza.lv\\\/ru\\\/\",\"name\":\"MILBAZA \u2013 viss akt\u012bvai atp\u016btai\",\"description\":\"Viss akt\u012bvai atp\u016btai\",\"publisher\":{\"@id\":\"https:\\\/\\\/milbaza.lv\\\/ru\\\/#organization\"},\"potentialAction\":[{\"@type\":\"SearchAction\",\"target\":{\"@type\":\"EntryPoint\",\"urlTemplate\":\"https:\\\/\\\/milbaza.lv\\\/ru\\\/?s={search_term_string}\"},\"query-input\":{\"@type\":\"PropertyValueSpecification\",\"valueRequired\":true,\"valueName\":\"search_term_string\"}}],\"inLanguage\":\"ru-RU\"},{\"@type\":\"Organization\",\"@id\":\"https:\\\/\\\/milbaza.lv\\\/ru\\\/#organization\",\"name\":\"Milbaza\",\"url\":\"https:\\\/\\\/milbaza.lv\\\/ru\\\/\",\"logo\":{\"@type\":\"ImageObject\",\"inLanguage\":\"ru-RU\",\"@id\":\"https:\\\/\\\/milbaza.lv\\\/ru\\\/#\\\/schema\\\/logo\\\/image\\\/\",\"url\":\"https:\\\/\\\/milbaza.lv\\\/wp-content\\\/uploads\\\/2021\\\/11\\\/Mil_BAZA_logo3.png\",\"contentUrl\":\"https:\\\/\\\/milbaza.lv\\\/wp-content\\\/uploads\\\/2021\\\/11\\\/Mil_BAZA_logo3.png\",\"width\":564,\"height\":226,\"caption\":\"Milbaza\"},\"image\":{\"@id\":\"https:\\\/\\\/milbaza.lv\\\/ru\\\/#\\\/schema\\\/logo\\\/image\\\/\"},\"sameAs\":[\"https:\\\/\\\/www.facebook.com\\\/profile.php?id=100075399152223\",\"https:\\\/\\\/www.instagram.com\\\/milbaza.lv\\\/\",\"https:\\\/\\\/www.pinterest.com\\\/milbaza\\\/_saved\\\/\",\"https:\\\/\\\/www.youtube.com\\\/channel\\\/UCrPXltd8hsNIiGAKc37hGfQ\"]}]}<\/script>\n<!-- \/ Yoast SEO plugin. -->","yoast_head_json":{"title":"Mil-Tec Ziemas pon\u010do BW - MILBAZA \u2013 viss akt\u012bvai atp\u016btai","robots":{"index":"index","follow":"follow","max-snippet":"max-snippet:-1","max-image-preview":"max-image-preview:large","max-video-preview":"max-video-preview:-1"},"canonical":"https:\/\/milbaza.lv\/ru\/produkts\/ziemas-ponco-bw\/","og_locale":"ru_RU","og_type":"article","og_title":"Mil-Tec Ziemas pon\u010do BW - MILBAZA \u2013 viss akt\u012bvai atp\u016btai","og_description":"V\u0101cu Bundesv\u0113ra sniega pon\u010do kopiju var viegli p\u0101rvilkt virs parast\u0101 ap\u0123\u0113rba, tas nodro\u0161ina aizsardz\u012bbu sniegot\u0101s viet\u0101s. To var regul\u0113t un nostiprin\u0101t ar savilk\u0161anas aukli\u0146\u0101m uz kapuces un s\u0101niem. Muguras da\u013ca ir nedaudz gar\u0101ka, lai j\u016bs var\u0113tu segt savu apr\u012bkojumu, piem\u0113ram, vesti vai mugursomu. &#8211; Viens izm\u0113rs der visiem &#8211; Materi\u0101ls: 100% kokvilna","og_url":"https:\/\/milbaza.lv\/ru\/produkts\/ziemas-ponco-bw\/","og_site_name":"MILBAZA \u2013 viss akt\u012bvai atp\u016btai","article_publisher":"https:\/\/www.facebook.com\/profile.php?id=100075399152223","article_modified_time":"2026-05-06T18:05:15+00:00","og_image":[{"width":700,"height":700,"url":"https:\/\/milbaza.lv\/wp-content\/uploads\/2021\/11\/10627000-1.jpg","type":"image\/jpeg"}],"twitter_card":"summary_large_image","schema":{"@context":"https:\/\/schema.org","@graph":[{"@type":"WebPage","@id":"https:\/\/milbaza.lv\/ru\/produkts\/ziemas-ponco-bw\/","url":"https:\/\/milbaza.lv\/ru\/produkts\/ziemas-ponco-bw\/","name":"Mil-Tec Ziemas pon\u010do BW - MILBAZA \u2013 viss akt\u012bvai atp\u016btai","isPartOf":{"@id":"https:\/\/milbaza.lv\/ru\/#website"},"primaryImageOfPage":{"@id":"https:\/\/milbaza.lv\/ru\/produkts\/ziemas-ponco-bw\/#primaryimage"},"image":{"@id":"https:\/\/milbaza.lv\/ru\/produkts\/ziemas-ponco-bw\/#primaryimage"},"thumbnailUrl":"https:\/\/milbaza.lv\/wp-content\/uploads\/2021\/11\/10627000-1.jpg","datePublished":"2021-11-23T14:19:56+00:00","dateModified":"2026-05-06T18:05:15+00:00","breadcrumb":{"@id":"https:\/\/milbaza.lv\/ru\/produkts\/ziemas-ponco-bw\/#breadcrumb"},"inLanguage":"ru-RU","potentialAction":[{"@type":"ReadAction","target":["https:\/\/milbaza.lv\/ru\/produkts\/ziemas-ponco-bw\/"]}]},{"@type":"ImageObject","inLanguage":"ru-RU","@id":"https:\/\/milbaza.lv\/ru\/produkts\/ziemas-ponco-bw\/#primaryimage","url":"https:\/\/milbaza.lv\/wp-content\/uploads\/2021\/11\/10627000-1.jpg","contentUrl":"https:\/\/milbaza.lv\/wp-content\/uploads\/2021\/11\/10627000-1.jpg","width":700,"height":700},{"@type":"BreadcrumbList","@id":"https:\/\/milbaza.lv\/ru\/produkts\/ziemas-ponco-bw\/#breadcrumb","itemListElement":[{"@type":"ListItem","position":1,"name":"Home","item":"https:\/\/milbaza.lv\/ru\/"},{"@type":"ListItem","position":2,"name":"\u041c\u0430\u0433\u0430\u0437\u0438\u043d","item":"https:\/\/milbaza.lv\/ru\/%d0%bc%d0%b0%d0%b3%d0%b0%d0%b7%d0%b8%d0%bd\/"},{"@type":"ListItem","position":3,"name":"Mil-Tec Ziemas pon\u010do BW"}]},{"@type":"WebSite","@id":"https:\/\/milbaza.lv\/ru\/#website","url":"https:\/\/milbaza.lv\/ru\/","name":"MILBAZA \u2013 viss akt\u012bvai atp\u016btai","description":"Viss akt\u012bvai atp\u016btai","publisher":{"@id":"https:\/\/milbaza.lv\/ru\/#organization"},"potentialAction":[{"@type":"SearchAction","target":{"@type":"EntryPoint","urlTemplate":"https:\/\/milbaza.lv\/ru\/?s={search_term_string}"},"query-input":{"@type":"PropertyValueSpecification","valueRequired":true,"valueName":"search_term_string"}}],"inLanguage":"ru-RU"},{"@type":"Organization","@id":"https:\/\/milbaza.lv\/ru\/#organization","name":"Milbaza","url":"https:\/\/milbaza.lv\/ru\/","logo":{"@type":"ImageObject","inLanguage":"ru-RU","@id":"https:\/\/milbaza.lv\/ru\/#\/schema\/logo\/image\/","url":"https:\/\/milbaza.lv\/wp-content\/uploads\/2021\/11\/Mil_BAZA_logo3.png","contentUrl":"https:\/\/milbaza.lv\/wp-content\/uploads\/2021\/11\/Mil_BAZA_logo3.png","width":564,"height":226,"caption":"Milbaza"},"image":{"@id":"https:\/\/milbaza.lv\/ru\/#\/schema\/logo\/image\/"},"sameAs":["https:\/\/www.facebook.com\/profile.php?id=100075399152223","https:\/\/www.instagram.com\/milbaza.lv\/","https:\/\/www.pinterest.com\/milbaza\/_saved\/","https:\/\/www.youtube.com\/channel\/UCrPXltd8hsNIiGAKc37hGfQ"]}]}},"_links":{"self":[{"href":"https:\/\/milbaza.lv\/ru\/wp-json\/wp\/v2\/product\/530","targetHints":{"allow":["GET"]}}],"collection":[{"href":"https:\/\/milbaza.lv\/ru\/wp-json\/wp\/v2\/product"}],"about":[{"href":"https:\/\/milbaza.lv\/ru\/wp-json\/wp\/v2\/types\/product"}],"replies":[{"embeddable":true,"href":"https:\/\/milbaza.lv\/ru\/wp-json\/wp\/v2\/comments?post=530"}],"wp:featuredmedia":[{"embeddable":true,"href":"https:\/\/milbaza.lv\/ru\/wp-json\/wp\/v2\/media\/10476"}],"wp:attachment":[{"href":"https:\/\/milbaza.lv\/ru\/wp-json\/wp\/v2\/media?parent=530"}],"wp:term":[{"taxonomy":"product_brand","embeddable":true,"href":"https:\/\/milbaza.lv\/ru\/wp-json\/wp\/v2\/product_brand?post=530"},{"taxonomy":"product_cat","embeddable":true,"href":"https:\/\/milbaza.lv\/ru\/wp-json\/wp\/v2\/product_cat?post=530"},{"taxonomy":"product_tag","embeddable":true,"href":"https:\/\/milbaza.lv\/ru\/wp-json\/wp\/v2\/product_tag?post=530"}],"curies":[{"name":"wp","href":"https:\/\/api.w.org\/{rel}","templated":true}]}}