{"id":536,"date":"2021-11-23T16:24:47","date_gmt":"2021-11-23T14:24:47","guid":{"rendered":"https:\/\/milbaza.lv\/?post_type=product&#038;p=536"},"modified":"2026-05-06T21:07:47","modified_gmt":"2026-05-06T18:07:47","slug":"ponco-miltec-zals","status":"publish","type":"product","link":"https:\/\/milbaza.lv\/ru\/produkts\/ponco-miltec-zals\/","title":{"rendered":"Mil-Tec Pon\u010do"},"content":{"rendered":"<p>Pon\u010do no iztur\u012bga ripstop auduma ir daudzpus\u012bgs apr\u012bkojums, ko var izmantot ne tikai k\u0101 apmetni lietus laik\u0101, bet ar\u012b k\u0101 brezentu, aizsargtvertni vai p\u0101rsegu, bivak maisu vai k\u0101 av\u0101rijas telti kop\u0101 ar v\u0113l vienu pon\u010do. \u0112rtai lieto\u0161anai ir lielas cilpi\u0146as visos \u010detros st\u016bros un aizdares garaj\u0101 pus\u0113. Vietu taupot, pon\u010do var uzglab\u0101t iek\u013cautaj\u0101 som\u0101, kas aiz\u0146em minim\u0101lu vietu j\u016bsu iepakojum\u0101.<\/p>\n<p>\u2013 \u016adens stabs: 3000 mm<br \/>\n\u2013 Materi\u0101ls: 100% poliesters, ar poliuret\u0101na p\u0101rkl\u0101jumu, ripstop audums<br \/>\n\u2013 Izm\u0113ri: apm. 207 x 141 cm<\/p>\n","protected":false},"excerpt":{"rendered":"<p>Pon\u010do no iztur\u012bga ripstop auduma ir daudzpus\u012bgs apr\u012bkojums, ko var izmantot ne tikai k\u0101 apmetni lietus laik\u0101, bet ar\u012b k\u0101 brezentu, aizsargtvertni vai p\u0101rsegu, bivak maisu vai k\u0101 av\u0101rijas telti kop\u0101 ar v\u0113l vienu pon\u010do. \u0112rtai lieto\u0161anai ir lielas cilpi\u0146as visos \u010detros st\u016bros un aizdares garaj\u0101 pus\u0113. Vietu taupot, pon\u010do var uzglab\u0101t iek\u013cautaj\u0101 som\u0101, kas [&#8230;]\n","protected":false},"featured_media":12729,"comment_status":"open","ping_status":"closed","template":"","meta":{"_acf_changed":false},"product_brand":[],"product_cat":[24,407,140],"product_tag":[],"class_list":{"0":"post-536","1":"product","2":"type-product","3":"status-publish","4":"has-post-thumbnail","6":"product_cat-apgerbi","7":"product_cat-ponco-2","8":"product_cat-ponco","10":"first","11":"outofstock","12":"taxable","13":"shipping-taxable","14":"purchasable","15":"product-type-variable","16":"has-default-attributes"},"acf":[],"yoast_head":"<!-- This site is optimized with the Yoast SEO plugin v27.4 - https:\/\/yoast.com\/product\/yoast-seo-wordpress\/ -->\n<title>Mil-Tec Pon\u010do - MILBAZA \u2013 viss akt\u012bvai atp\u016btai<\/title>\n<meta name=\"robots\" content=\"index, follow, max-snippet:-1, max-image-preview:large, max-video-preview:-1\" \/>\n<link rel=\"canonical\" href=\"https:\/\/milbaza.lv\/ru\/produkts\/ponco-miltec-zals\/\" \/>\n<meta property=\"og:locale\" content=\"ru_RU\" \/>\n<meta property=\"og:type\" content=\"article\" \/>\n<meta property=\"og:title\" content=\"Mil-Tec Pon\u010do - MILBAZA \u2013 viss akt\u012bvai atp\u016btai\" \/>\n<meta property=\"og:description\" content=\"Pon\u010do no iztur\u012bga ripstop auduma ir daudzpus\u012bgs apr\u012bkojums, ko var izmantot ne tikai k\u0101 apmetni lietus laik\u0101, bet ar\u012b k\u0101 brezentu, aizsargtvertni vai p\u0101rsegu, bivak maisu vai k\u0101 av\u0101rijas telti kop\u0101 ar v\u0113l vienu pon\u010do. \u0112rtai lieto\u0161anai ir lielas cilpi\u0146as visos \u010detros st\u016bros un aizdares garaj\u0101 pus\u0113. Vietu taupot, pon\u010do var uzglab\u0101t iek\u013cautaj\u0101 som\u0101, kas [...]\" \/>\n<meta property=\"og:url\" content=\"https:\/\/milbaza.lv\/ru\/produkts\/ponco-miltec-zals\/\" \/>\n<meta property=\"og:site_name\" content=\"MILBAZA \u2013 viss akt\u012bvai atp\u016btai\" \/>\n<meta property=\"article:publisher\" content=\"https:\/\/www.facebook.com\/profile.php?id=100075399152223\" \/>\n<meta property=\"article:modified_time\" content=\"2026-05-06T18:07:47+00:00\" \/>\n<meta property=\"og:image\" content=\"https:\/\/milbaza.lv\/wp-content\/uploads\/2021\/11\/10628001-2.jpg\" \/>\n\t<meta property=\"og:image:width\" content=\"950\" \/>\n\t<meta property=\"og:image:height\" content=\"950\" \/>\n\t<meta property=\"og:image:type\" content=\"image\/jpeg\" \/>\n<meta name=\"twitter:card\" content=\"summary_large_image\" \/>\n<meta name=\"twitter:label1\" content=\"\u041f\u0440\u0438\u043c\u0435\u0440\u043d\u043e\u0435 \u0432\u0440\u0435\u043c\u044f \u0434\u043b\u044f \u0447\u0442\u0435\u043d\u0438\u044f\" \/>\n\t<meta name=\"twitter:data1\" content=\"1 \u043c\u0438\u043d\u0443\u0442\u0430\" \/>\n<script type=\"application\/ld+json\" class=\"yoast-schema-graph\">{\"@context\":\"https:\\\/\\\/schema.org\",\"@graph\":[{\"@type\":\"WebPage\",\"@id\":\"https:\\\/\\\/milbaza.lv\\\/ru\\\/produkts\\\/ponco-miltec-zals\\\/\",\"url\":\"https:\\\/\\\/milbaza.lv\\\/ru\\\/produkts\\\/ponco-miltec-zals\\\/\",\"name\":\"Mil-Tec Pon\u010do - MILBAZA \u2013 viss akt\u012bvai atp\u016btai\",\"isPartOf\":{\"@id\":\"https:\\\/\\\/milbaza.lv\\\/ru\\\/#website\"},\"primaryImageOfPage\":{\"@id\":\"https:\\\/\\\/milbaza.lv\\\/ru\\\/produkts\\\/ponco-miltec-zals\\\/#primaryimage\"},\"image\":{\"@id\":\"https:\\\/\\\/milbaza.lv\\\/ru\\\/produkts\\\/ponco-miltec-zals\\\/#primaryimage\"},\"thumbnailUrl\":\"https:\\\/\\\/milbaza.lv\\\/wp-content\\\/uploads\\\/2021\\\/11\\\/10628001-2.jpg\",\"datePublished\":\"2021-11-23T14:24:47+00:00\",\"dateModified\":\"2026-05-06T18:07:47+00:00\",\"breadcrumb\":{\"@id\":\"https:\\\/\\\/milbaza.lv\\\/ru\\\/produkts\\\/ponco-miltec-zals\\\/#breadcrumb\"},\"inLanguage\":\"ru-RU\",\"potentialAction\":[{\"@type\":\"ReadAction\",\"target\":[\"https:\\\/\\\/milbaza.lv\\\/ru\\\/produkts\\\/ponco-miltec-zals\\\/\"]}]},{\"@type\":\"ImageObject\",\"inLanguage\":\"ru-RU\",\"@id\":\"https:\\\/\\\/milbaza.lv\\\/ru\\\/produkts\\\/ponco-miltec-zals\\\/#primaryimage\",\"url\":\"https:\\\/\\\/milbaza.lv\\\/wp-content\\\/uploads\\\/2021\\\/11\\\/10628001-2.jpg\",\"contentUrl\":\"https:\\\/\\\/milbaza.lv\\\/wp-content\\\/uploads\\\/2021\\\/11\\\/10628001-2.jpg\",\"width\":950,\"height\":950},{\"@type\":\"BreadcrumbList\",\"@id\":\"https:\\\/\\\/milbaza.lv\\\/ru\\\/produkts\\\/ponco-miltec-zals\\\/#breadcrumb\",\"itemListElement\":[{\"@type\":\"ListItem\",\"position\":1,\"name\":\"Home\",\"item\":\"https:\\\/\\\/milbaza.lv\\\/ru\\\/\"},{\"@type\":\"ListItem\",\"position\":2,\"name\":\"\u041c\u0430\u0433\u0430\u0437\u0438\u043d\",\"item\":\"https:\\\/\\\/milbaza.lv\\\/ru\\\/%d0%bc%d0%b0%d0%b3%d0%b0%d0%b7%d0%b8%d0%bd\\\/\"},{\"@type\":\"ListItem\",\"position\":3,\"name\":\"Mil-Tec Pon\u010do\"}]},{\"@type\":\"WebSite\",\"@id\":\"https:\\\/\\\/milbaza.lv\\\/ru\\\/#website\",\"url\":\"https:\\\/\\\/milbaza.lv\\\/ru\\\/\",\"name\":\"MILBAZA \u2013 viss akt\u012bvai atp\u016btai\",\"description\":\"Viss akt\u012bvai atp\u016btai\",\"publisher\":{\"@id\":\"https:\\\/\\\/milbaza.lv\\\/ru\\\/#organization\"},\"potentialAction\":[{\"@type\":\"SearchAction\",\"target\":{\"@type\":\"EntryPoint\",\"urlTemplate\":\"https:\\\/\\\/milbaza.lv\\\/ru\\\/?s={search_term_string}\"},\"query-input\":{\"@type\":\"PropertyValueSpecification\",\"valueRequired\":true,\"valueName\":\"search_term_string\"}}],\"inLanguage\":\"ru-RU\"},{\"@type\":\"Organization\",\"@id\":\"https:\\\/\\\/milbaza.lv\\\/ru\\\/#organization\",\"name\":\"Milbaza\",\"url\":\"https:\\\/\\\/milbaza.lv\\\/ru\\\/\",\"logo\":{\"@type\":\"ImageObject\",\"inLanguage\":\"ru-RU\",\"@id\":\"https:\\\/\\\/milbaza.lv\\\/ru\\\/#\\\/schema\\\/logo\\\/image\\\/\",\"url\":\"https:\\\/\\\/milbaza.lv\\\/wp-content\\\/uploads\\\/2021\\\/11\\\/Mil_BAZA_logo3.png\",\"contentUrl\":\"https:\\\/\\\/milbaza.lv\\\/wp-content\\\/uploads\\\/2021\\\/11\\\/Mil_BAZA_logo3.png\",\"width\":564,\"height\":226,\"caption\":\"Milbaza\"},\"image\":{\"@id\":\"https:\\\/\\\/milbaza.lv\\\/ru\\\/#\\\/schema\\\/logo\\\/image\\\/\"},\"sameAs\":[\"https:\\\/\\\/www.facebook.com\\\/profile.php?id=100075399152223\",\"https:\\\/\\\/www.instagram.com\\\/milbaza.lv\\\/\",\"https:\\\/\\\/www.pinterest.com\\\/milbaza\\\/_saved\\\/\",\"https:\\\/\\\/www.youtube.com\\\/channel\\\/UCrPXltd8hsNIiGAKc37hGfQ\"]}]}<\/script>\n<!-- \/ Yoast SEO plugin. -->","yoast_head_json":{"title":"Mil-Tec Pon\u010do - MILBAZA \u2013 viss akt\u012bvai atp\u016btai","robots":{"index":"index","follow":"follow","max-snippet":"max-snippet:-1","max-image-preview":"max-image-preview:large","max-video-preview":"max-video-preview:-1"},"canonical":"https:\/\/milbaza.lv\/ru\/produkts\/ponco-miltec-zals\/","og_locale":"ru_RU","og_type":"article","og_title":"Mil-Tec Pon\u010do - MILBAZA \u2013 viss akt\u012bvai atp\u016btai","og_description":"Pon\u010do no iztur\u012bga ripstop auduma ir daudzpus\u012bgs apr\u012bkojums, ko var izmantot ne tikai k\u0101 apmetni lietus laik\u0101, bet ar\u012b k\u0101 brezentu, aizsargtvertni vai p\u0101rsegu, bivak maisu vai k\u0101 av\u0101rijas telti kop\u0101 ar v\u0113l vienu pon\u010do. \u0112rtai lieto\u0161anai ir lielas cilpi\u0146as visos \u010detros st\u016bros un aizdares garaj\u0101 pus\u0113. Vietu taupot, pon\u010do var uzglab\u0101t iek\u013cautaj\u0101 som\u0101, kas [...]","og_url":"https:\/\/milbaza.lv\/ru\/produkts\/ponco-miltec-zals\/","og_site_name":"MILBAZA \u2013 viss akt\u012bvai atp\u016btai","article_publisher":"https:\/\/www.facebook.com\/profile.php?id=100075399152223","article_modified_time":"2026-05-06T18:07:47+00:00","og_image":[{"width":950,"height":950,"url":"https:\/\/milbaza.lv\/wp-content\/uploads\/2021\/11\/10628001-2.jpg","type":"image\/jpeg"}],"twitter_card":"summary_large_image","twitter_misc":{"\u041f\u0440\u0438\u043c\u0435\u0440\u043d\u043e\u0435 \u0432\u0440\u0435\u043c\u044f \u0434\u043b\u044f \u0447\u0442\u0435\u043d\u0438\u044f":"1 \u043c\u0438\u043d\u0443\u0442\u0430"},"schema":{"@context":"https:\/\/schema.org","@graph":[{"@type":"WebPage","@id":"https:\/\/milbaza.lv\/ru\/produkts\/ponco-miltec-zals\/","url":"https:\/\/milbaza.lv\/ru\/produkts\/ponco-miltec-zals\/","name":"Mil-Tec Pon\u010do - MILBAZA \u2013 viss akt\u012bvai atp\u016btai","isPartOf":{"@id":"https:\/\/milbaza.lv\/ru\/#website"},"primaryImageOfPage":{"@id":"https:\/\/milbaza.lv\/ru\/produkts\/ponco-miltec-zals\/#primaryimage"},"image":{"@id":"https:\/\/milbaza.lv\/ru\/produkts\/ponco-miltec-zals\/#primaryimage"},"thumbnailUrl":"https:\/\/milbaza.lv\/wp-content\/uploads\/2021\/11\/10628001-2.jpg","datePublished":"2021-11-23T14:24:47+00:00","dateModified":"2026-05-06T18:07:47+00:00","breadcrumb":{"@id":"https:\/\/milbaza.lv\/ru\/produkts\/ponco-miltec-zals\/#breadcrumb"},"inLanguage":"ru-RU","potentialAction":[{"@type":"ReadAction","target":["https:\/\/milbaza.lv\/ru\/produkts\/ponco-miltec-zals\/"]}]},{"@type":"ImageObject","inLanguage":"ru-RU","@id":"https:\/\/milbaza.lv\/ru\/produkts\/ponco-miltec-zals\/#primaryimage","url":"https:\/\/milbaza.lv\/wp-content\/uploads\/2021\/11\/10628001-2.jpg","contentUrl":"https:\/\/milbaza.lv\/wp-content\/uploads\/2021\/11\/10628001-2.jpg","width":950,"height":950},{"@type":"BreadcrumbList","@id":"https:\/\/milbaza.lv\/ru\/produkts\/ponco-miltec-zals\/#breadcrumb","itemListElement":[{"@type":"ListItem","position":1,"name":"Home","item":"https:\/\/milbaza.lv\/ru\/"},{"@type":"ListItem","position":2,"name":"\u041c\u0430\u0433\u0430\u0437\u0438\u043d","item":"https:\/\/milbaza.lv\/ru\/%d0%bc%d0%b0%d0%b3%d0%b0%d0%b7%d0%b8%d0%bd\/"},{"@type":"ListItem","position":3,"name":"Mil-Tec Pon\u010do"}]},{"@type":"WebSite","@id":"https:\/\/milbaza.lv\/ru\/#website","url":"https:\/\/milbaza.lv\/ru\/","name":"MILBAZA \u2013 viss akt\u012bvai atp\u016btai","description":"Viss akt\u012bvai atp\u016btai","publisher":{"@id":"https:\/\/milbaza.lv\/ru\/#organization"},"potentialAction":[{"@type":"SearchAction","target":{"@type":"EntryPoint","urlTemplate":"https:\/\/milbaza.lv\/ru\/?s={search_term_string}"},"query-input":{"@type":"PropertyValueSpecification","valueRequired":true,"valueName":"search_term_string"}}],"inLanguage":"ru-RU"},{"@type":"Organization","@id":"https:\/\/milbaza.lv\/ru\/#organization","name":"Milbaza","url":"https:\/\/milbaza.lv\/ru\/","logo":{"@type":"ImageObject","inLanguage":"ru-RU","@id":"https:\/\/milbaza.lv\/ru\/#\/schema\/logo\/image\/","url":"https:\/\/milbaza.lv\/wp-content\/uploads\/2021\/11\/Mil_BAZA_logo3.png","contentUrl":"https:\/\/milbaza.lv\/wp-content\/uploads\/2021\/11\/Mil_BAZA_logo3.png","width":564,"height":226,"caption":"Milbaza"},"image":{"@id":"https:\/\/milbaza.lv\/ru\/#\/schema\/logo\/image\/"},"sameAs":["https:\/\/www.facebook.com\/profile.php?id=100075399152223","https:\/\/www.instagram.com\/milbaza.lv\/","https:\/\/www.pinterest.com\/milbaza\/_saved\/","https:\/\/www.youtube.com\/channel\/UCrPXltd8hsNIiGAKc37hGfQ"]}]}},"_links":{"self":[{"href":"https:\/\/milbaza.lv\/ru\/wp-json\/wp\/v2\/product\/536","targetHints":{"allow":["GET"]}}],"collection":[{"href":"https:\/\/milbaza.lv\/ru\/wp-json\/wp\/v2\/product"}],"about":[{"href":"https:\/\/milbaza.lv\/ru\/wp-json\/wp\/v2\/types\/product"}],"replies":[{"embeddable":true,"href":"https:\/\/milbaza.lv\/ru\/wp-json\/wp\/v2\/comments?post=536"}],"wp:featuredmedia":[{"embeddable":true,"href":"https:\/\/milbaza.lv\/ru\/wp-json\/wp\/v2\/media\/12729"}],"wp:attachment":[{"href":"https:\/\/milbaza.lv\/ru\/wp-json\/wp\/v2\/media?parent=536"}],"wp:term":[{"taxonomy":"product_brand","embeddable":true,"href":"https:\/\/milbaza.lv\/ru\/wp-json\/wp\/v2\/product_brand?post=536"},{"taxonomy":"product_cat","embeddable":true,"href":"https:\/\/milbaza.lv\/ru\/wp-json\/wp\/v2\/product_cat?post=536"},{"taxonomy":"product_tag","embeddable":true,"href":"https:\/\/milbaza.lv\/ru\/wp-json\/wp\/v2\/product_tag?post=536"}],"curies":[{"name":"wp","href":"https:\/\/api.w.org\/{rel}","templated":true}]}}