{"id":5918,"date":"2022-03-15T11:57:20","date_gmt":"2022-03-15T09:57:20","guid":{"rendered":"https:\/\/milbaza.lv\/?post_type=product&#038;p=5918"},"modified":"2026-05-06T16:21:45","modified_gmt":"2026-05-06T13:21:45","slug":"lidzeklis-kukainu-kodumu-arstesanai-bens-after-bite-14ml","status":"publish","type":"product","link":"https:\/\/milbaza.lv\/ru\/produkts\/lidzeklis-kukainu-kodumu-arstesanai-bens-after-bite-14ml\/","title":{"rendered":"L\u012aDZEKLIS KUKAI\u0145U KODUMU \u0100RST\u0112\u0160ANAI BEN&#8217;S AFTER BITE 14ML"},"content":{"rendered":"<p>After Bite\u00ae ir viens no popul\u0101r\u0101kajiem produktiem Amerik\u0101. Tas ir efekt\u012bvs pret kukai\u0146u kodumiem. (piem\u0113ram &#8211; odi, bites, lapsenes, zirgu mu\u0161as utt., k\u0101 ar\u012b pret n\u0101tru apdegumiem)<\/p>\n","protected":false},"excerpt":{"rendered":"<p>After Bite\u00ae ir viens no popul\u0101r\u0101kajiem produktiem Amerik\u0101. Tas ir efekt\u012bvs pret kukai\u0146u kodumiem. (piem\u0113ram &#8211; odi, bites, lapsenes, zirgu mu\u0161as utt., k\u0101 ar\u012b pret n\u0101tru apdegumiem)<\/p>\n","protected":false},"featured_media":5922,"comment_status":"open","ping_status":"closed","template":"","meta":{"_acf_changed":false},"product_brand":[],"product_cat":[269],"product_tag":[],"class_list":{"0":"post-5918","1":"product","2":"type-product","3":"status-publish","4":"has-post-thumbnail","6":"product_cat-medicina","8":"first","9":"instock","10":"taxable","11":"shipping-taxable","12":"purchasable","13":"product-type-simple"},"acf":[],"yoast_head":"<!-- This site is optimized with the Yoast SEO plugin v27.4 - https:\/\/yoast.com\/product\/yoast-seo-wordpress\/ -->\n<title>L\u012aDZEKLIS KUKAI\u0145U KODUMU \u0100RST\u0112\u0160ANAI BEN&#039;S AFTER BITE 14ML - MILBAZA \u2013 viss akt\u012bvai atp\u016btai<\/title>\n<meta name=\"description\" content=\"Nopirkt L\u012aDZEKLIS KUKAI\u0145U KODUMU \u0100RST\u0112\u0160ANAI BEN&#039;S AFTER BITE 14ML, izdev\u012bga cena un pieg\u0101de. T\u016brisma pre\u010du interneta veikals, pas\u016bt\u012bt online 24\/7!\" \/>\n<meta name=\"robots\" content=\"index, follow, max-snippet:-1, max-image-preview:large, max-video-preview:-1\" \/>\n<link rel=\"canonical\" href=\"https:\/\/milbaza.lv\/ru\/produkts\/lidzeklis-kukainu-kodumu-arstesanai-bens-after-bite-14ml\/\" \/>\n<meta property=\"og:locale\" content=\"ru_RU\" \/>\n<meta property=\"og:type\" content=\"article\" \/>\n<meta property=\"og:title\" content=\"L\u012aDZEKLIS KUKAI\u0145U KODUMU \u0100RST\u0112\u0160ANAI BEN&#039;S AFTER BITE 14ML - MILBAZA \u2013 viss akt\u012bvai atp\u016btai\" \/>\n<meta property=\"og:description\" content=\"Nopirkt L\u012aDZEKLIS KUKAI\u0145U KODUMU \u0100RST\u0112\u0160ANAI BEN&#039;S AFTER BITE 14ML, izdev\u012bga cena un pieg\u0101de. T\u016brisma pre\u010du interneta veikals, pas\u016bt\u012bt online 24\/7!\" \/>\n<meta property=\"og:url\" content=\"https:\/\/milbaza.lv\/ru\/produkts\/lidzeklis-kukainu-kodumu-arstesanai-bens-after-bite-14ml\/\" \/>\n<meta property=\"og:site_name\" content=\"MILBAZA \u2013 viss akt\u012bvai atp\u016btai\" \/>\n<meta property=\"article:publisher\" content=\"https:\/\/www.facebook.com\/profile.php?id=100075399152223\" \/>\n<meta property=\"article:modified_time\" content=\"2026-05-06T13:21:45+00:00\" \/>\n<meta property=\"og:image\" content=\"https:\/\/milbaza.lv\/wp-content\/uploads\/2022\/03\/Screen-Shot-2020-05-30-at-18.48.58.png\" \/>\n\t<meta property=\"og:image:width\" content=\"658\" \/>\n\t<meta property=\"og:image:height\" content=\"731\" \/>\n\t<meta property=\"og:image:type\" content=\"image\/png\" \/>\n<meta name=\"twitter:card\" content=\"summary_large_image\" \/>\n<script type=\"application\/ld+json\" class=\"yoast-schema-graph\">{\"@context\":\"https:\\\/\\\/schema.org\",\"@graph\":[{\"@type\":\"WebPage\",\"@id\":\"https:\\\/\\\/milbaza.lv\\\/ru\\\/produkts\\\/lidzeklis-kukainu-kodumu-arstesanai-bens-after-bite-14ml\\\/\",\"url\":\"https:\\\/\\\/milbaza.lv\\\/ru\\\/produkts\\\/lidzeklis-kukainu-kodumu-arstesanai-bens-after-bite-14ml\\\/\",\"name\":\"L\u012aDZEKLIS KUKAI\u0145U KODUMU \u0100RST\u0112\u0160ANAI BEN'S AFTER BITE 14ML - MILBAZA \u2013 viss akt\u012bvai atp\u016btai\",\"isPartOf\":{\"@id\":\"https:\\\/\\\/milbaza.lv\\\/ru\\\/#website\"},\"primaryImageOfPage\":{\"@id\":\"https:\\\/\\\/milbaza.lv\\\/ru\\\/produkts\\\/lidzeklis-kukainu-kodumu-arstesanai-bens-after-bite-14ml\\\/#primaryimage\"},\"image\":{\"@id\":\"https:\\\/\\\/milbaza.lv\\\/ru\\\/produkts\\\/lidzeklis-kukainu-kodumu-arstesanai-bens-after-bite-14ml\\\/#primaryimage\"},\"thumbnailUrl\":\"https:\\\/\\\/milbaza.lv\\\/wp-content\\\/uploads\\\/2022\\\/03\\\/Screen-Shot-2020-05-30-at-18.48.58.png\",\"datePublished\":\"2022-03-15T09:57:20+00:00\",\"dateModified\":\"2026-05-06T13:21:45+00:00\",\"description\":\"Nopirkt L\u012aDZEKLIS KUKAI\u0145U KODUMU \u0100RST\u0112\u0160ANAI BEN'S AFTER BITE 14ML, izdev\u012bga cena un pieg\u0101de. T\u016brisma pre\u010du interneta veikals, pas\u016bt\u012bt online 24\\\/7!\",\"breadcrumb\":{\"@id\":\"https:\\\/\\\/milbaza.lv\\\/ru\\\/produkts\\\/lidzeklis-kukainu-kodumu-arstesanai-bens-after-bite-14ml\\\/#breadcrumb\"},\"inLanguage\":\"ru-RU\",\"potentialAction\":[{\"@type\":\"ReadAction\",\"target\":[\"https:\\\/\\\/milbaza.lv\\\/ru\\\/produkts\\\/lidzeklis-kukainu-kodumu-arstesanai-bens-after-bite-14ml\\\/\"]}]},{\"@type\":\"ImageObject\",\"inLanguage\":\"ru-RU\",\"@id\":\"https:\\\/\\\/milbaza.lv\\\/ru\\\/produkts\\\/lidzeklis-kukainu-kodumu-arstesanai-bens-after-bite-14ml\\\/#primaryimage\",\"url\":\"https:\\\/\\\/milbaza.lv\\\/wp-content\\\/uploads\\\/2022\\\/03\\\/Screen-Shot-2020-05-30-at-18.48.58.png\",\"contentUrl\":\"https:\\\/\\\/milbaza.lv\\\/wp-content\\\/uploads\\\/2022\\\/03\\\/Screen-Shot-2020-05-30-at-18.48.58.png\",\"width\":658,\"height\":731},{\"@type\":\"BreadcrumbList\",\"@id\":\"https:\\\/\\\/milbaza.lv\\\/ru\\\/produkts\\\/lidzeklis-kukainu-kodumu-arstesanai-bens-after-bite-14ml\\\/#breadcrumb\",\"itemListElement\":[{\"@type\":\"ListItem\",\"position\":1,\"name\":\"Home\",\"item\":\"https:\\\/\\\/milbaza.lv\\\/ru\\\/\"},{\"@type\":\"ListItem\",\"position\":2,\"name\":\"\u041c\u0430\u0433\u0430\u0437\u0438\u043d\",\"item\":\"https:\\\/\\\/milbaza.lv\\\/ru\\\/%d0%bc%d0%b0%d0%b3%d0%b0%d0%b7%d0%b8%d0%bd\\\/\"},{\"@type\":\"ListItem\",\"position\":3,\"name\":\"L\u012aDZEKLIS KUKAI\u0145U KODUMU \u0100RST\u0112\u0160ANAI BEN&#8217;S AFTER BITE 14ML\"}]},{\"@type\":\"WebSite\",\"@id\":\"https:\\\/\\\/milbaza.lv\\\/ru\\\/#website\",\"url\":\"https:\\\/\\\/milbaza.lv\\\/ru\\\/\",\"name\":\"MILBAZA \u2013 viss akt\u012bvai atp\u016btai\",\"description\":\"Viss akt\u012bvai atp\u016btai\",\"publisher\":{\"@id\":\"https:\\\/\\\/milbaza.lv\\\/ru\\\/#organization\"},\"potentialAction\":[{\"@type\":\"SearchAction\",\"target\":{\"@type\":\"EntryPoint\",\"urlTemplate\":\"https:\\\/\\\/milbaza.lv\\\/ru\\\/?s={search_term_string}\"},\"query-input\":{\"@type\":\"PropertyValueSpecification\",\"valueRequired\":true,\"valueName\":\"search_term_string\"}}],\"inLanguage\":\"ru-RU\"},{\"@type\":\"Organization\",\"@id\":\"https:\\\/\\\/milbaza.lv\\\/ru\\\/#organization\",\"name\":\"Milbaza\",\"url\":\"https:\\\/\\\/milbaza.lv\\\/ru\\\/\",\"logo\":{\"@type\":\"ImageObject\",\"inLanguage\":\"ru-RU\",\"@id\":\"https:\\\/\\\/milbaza.lv\\\/ru\\\/#\\\/schema\\\/logo\\\/image\\\/\",\"url\":\"https:\\\/\\\/milbaza.lv\\\/wp-content\\\/uploads\\\/2021\\\/11\\\/Mil_BAZA_logo3.png\",\"contentUrl\":\"https:\\\/\\\/milbaza.lv\\\/wp-content\\\/uploads\\\/2021\\\/11\\\/Mil_BAZA_logo3.png\",\"width\":564,\"height\":226,\"caption\":\"Milbaza\"},\"image\":{\"@id\":\"https:\\\/\\\/milbaza.lv\\\/ru\\\/#\\\/schema\\\/logo\\\/image\\\/\"},\"sameAs\":[\"https:\\\/\\\/www.facebook.com\\\/profile.php?id=100075399152223\",\"https:\\\/\\\/www.instagram.com\\\/milbaza.lv\\\/\",\"https:\\\/\\\/www.pinterest.com\\\/milbaza\\\/_saved\\\/\",\"https:\\\/\\\/www.youtube.com\\\/channel\\\/UCrPXltd8hsNIiGAKc37hGfQ\"]}]}<\/script>\n<!-- \/ Yoast SEO plugin. -->","yoast_head_json":{"title":"L\u012aDZEKLIS KUKAI\u0145U KODUMU \u0100RST\u0112\u0160ANAI BEN'S AFTER BITE 14ML - MILBAZA \u2013 viss akt\u012bvai atp\u016btai","description":"Nopirkt L\u012aDZEKLIS KUKAI\u0145U KODUMU \u0100RST\u0112\u0160ANAI BEN'S AFTER BITE 14ML, izdev\u012bga cena un pieg\u0101de. T\u016brisma pre\u010du interneta veikals, pas\u016bt\u012bt online 24\/7!","robots":{"index":"index","follow":"follow","max-snippet":"max-snippet:-1","max-image-preview":"max-image-preview:large","max-video-preview":"max-video-preview:-1"},"canonical":"https:\/\/milbaza.lv\/ru\/produkts\/lidzeklis-kukainu-kodumu-arstesanai-bens-after-bite-14ml\/","og_locale":"ru_RU","og_type":"article","og_title":"L\u012aDZEKLIS KUKAI\u0145U KODUMU \u0100RST\u0112\u0160ANAI BEN'S AFTER BITE 14ML - MILBAZA \u2013 viss akt\u012bvai atp\u016btai","og_description":"Nopirkt L\u012aDZEKLIS KUKAI\u0145U KODUMU \u0100RST\u0112\u0160ANAI BEN'S AFTER BITE 14ML, izdev\u012bga cena un pieg\u0101de. T\u016brisma pre\u010du interneta veikals, pas\u016bt\u012bt online 24\/7!","og_url":"https:\/\/milbaza.lv\/ru\/produkts\/lidzeklis-kukainu-kodumu-arstesanai-bens-after-bite-14ml\/","og_site_name":"MILBAZA \u2013 viss akt\u012bvai atp\u016btai","article_publisher":"https:\/\/www.facebook.com\/profile.php?id=100075399152223","article_modified_time":"2026-05-06T13:21:45+00:00","og_image":[{"width":658,"height":731,"url":"https:\/\/milbaza.lv\/wp-content\/uploads\/2022\/03\/Screen-Shot-2020-05-30-at-18.48.58.png","type":"image\/png"}],"twitter_card":"summary_large_image","schema":{"@context":"https:\/\/schema.org","@graph":[{"@type":"WebPage","@id":"https:\/\/milbaza.lv\/ru\/produkts\/lidzeklis-kukainu-kodumu-arstesanai-bens-after-bite-14ml\/","url":"https:\/\/milbaza.lv\/ru\/produkts\/lidzeklis-kukainu-kodumu-arstesanai-bens-after-bite-14ml\/","name":"L\u012aDZEKLIS KUKAI\u0145U KODUMU \u0100RST\u0112\u0160ANAI BEN'S AFTER BITE 14ML - MILBAZA \u2013 viss akt\u012bvai atp\u016btai","isPartOf":{"@id":"https:\/\/milbaza.lv\/ru\/#website"},"primaryImageOfPage":{"@id":"https:\/\/milbaza.lv\/ru\/produkts\/lidzeklis-kukainu-kodumu-arstesanai-bens-after-bite-14ml\/#primaryimage"},"image":{"@id":"https:\/\/milbaza.lv\/ru\/produkts\/lidzeklis-kukainu-kodumu-arstesanai-bens-after-bite-14ml\/#primaryimage"},"thumbnailUrl":"https:\/\/milbaza.lv\/wp-content\/uploads\/2022\/03\/Screen-Shot-2020-05-30-at-18.48.58.png","datePublished":"2022-03-15T09:57:20+00:00","dateModified":"2026-05-06T13:21:45+00:00","description":"Nopirkt L\u012aDZEKLIS KUKAI\u0145U KODUMU \u0100RST\u0112\u0160ANAI BEN'S AFTER BITE 14ML, izdev\u012bga cena un pieg\u0101de. T\u016brisma pre\u010du interneta veikals, pas\u016bt\u012bt online 24\/7!","breadcrumb":{"@id":"https:\/\/milbaza.lv\/ru\/produkts\/lidzeklis-kukainu-kodumu-arstesanai-bens-after-bite-14ml\/#breadcrumb"},"inLanguage":"ru-RU","potentialAction":[{"@type":"ReadAction","target":["https:\/\/milbaza.lv\/ru\/produkts\/lidzeklis-kukainu-kodumu-arstesanai-bens-after-bite-14ml\/"]}]},{"@type":"ImageObject","inLanguage":"ru-RU","@id":"https:\/\/milbaza.lv\/ru\/produkts\/lidzeklis-kukainu-kodumu-arstesanai-bens-after-bite-14ml\/#primaryimage","url":"https:\/\/milbaza.lv\/wp-content\/uploads\/2022\/03\/Screen-Shot-2020-05-30-at-18.48.58.png","contentUrl":"https:\/\/milbaza.lv\/wp-content\/uploads\/2022\/03\/Screen-Shot-2020-05-30-at-18.48.58.png","width":658,"height":731},{"@type":"BreadcrumbList","@id":"https:\/\/milbaza.lv\/ru\/produkts\/lidzeklis-kukainu-kodumu-arstesanai-bens-after-bite-14ml\/#breadcrumb","itemListElement":[{"@type":"ListItem","position":1,"name":"Home","item":"https:\/\/milbaza.lv\/ru\/"},{"@type":"ListItem","position":2,"name":"\u041c\u0430\u0433\u0430\u0437\u0438\u043d","item":"https:\/\/milbaza.lv\/ru\/%d0%bc%d0%b0%d0%b3%d0%b0%d0%b7%d0%b8%d0%bd\/"},{"@type":"ListItem","position":3,"name":"L\u012aDZEKLIS KUKAI\u0145U KODUMU \u0100RST\u0112\u0160ANAI BEN&#8217;S AFTER BITE 14ML"}]},{"@type":"WebSite","@id":"https:\/\/milbaza.lv\/ru\/#website","url":"https:\/\/milbaza.lv\/ru\/","name":"MILBAZA \u2013 viss akt\u012bvai atp\u016btai","description":"Viss akt\u012bvai atp\u016btai","publisher":{"@id":"https:\/\/milbaza.lv\/ru\/#organization"},"potentialAction":[{"@type":"SearchAction","target":{"@type":"EntryPoint","urlTemplate":"https:\/\/milbaza.lv\/ru\/?s={search_term_string}"},"query-input":{"@type":"PropertyValueSpecification","valueRequired":true,"valueName":"search_term_string"}}],"inLanguage":"ru-RU"},{"@type":"Organization","@id":"https:\/\/milbaza.lv\/ru\/#organization","name":"Milbaza","url":"https:\/\/milbaza.lv\/ru\/","logo":{"@type":"ImageObject","inLanguage":"ru-RU","@id":"https:\/\/milbaza.lv\/ru\/#\/schema\/logo\/image\/","url":"https:\/\/milbaza.lv\/wp-content\/uploads\/2021\/11\/Mil_BAZA_logo3.png","contentUrl":"https:\/\/milbaza.lv\/wp-content\/uploads\/2021\/11\/Mil_BAZA_logo3.png","width":564,"height":226,"caption":"Milbaza"},"image":{"@id":"https:\/\/milbaza.lv\/ru\/#\/schema\/logo\/image\/"},"sameAs":["https:\/\/www.facebook.com\/profile.php?id=100075399152223","https:\/\/www.instagram.com\/milbaza.lv\/","https:\/\/www.pinterest.com\/milbaza\/_saved\/","https:\/\/www.youtube.com\/channel\/UCrPXltd8hsNIiGAKc37hGfQ"]}]}},"_links":{"self":[{"href":"https:\/\/milbaza.lv\/ru\/wp-json\/wp\/v2\/product\/5918","targetHints":{"allow":["GET"]}}],"collection":[{"href":"https:\/\/milbaza.lv\/ru\/wp-json\/wp\/v2\/product"}],"about":[{"href":"https:\/\/milbaza.lv\/ru\/wp-json\/wp\/v2\/types\/product"}],"replies":[{"embeddable":true,"href":"https:\/\/milbaza.lv\/ru\/wp-json\/wp\/v2\/comments?post=5918"}],"wp:featuredmedia":[{"embeddable":true,"href":"https:\/\/milbaza.lv\/ru\/wp-json\/wp\/v2\/media\/5922"}],"wp:attachment":[{"href":"https:\/\/milbaza.lv\/ru\/wp-json\/wp\/v2\/media?parent=5918"}],"wp:term":[{"taxonomy":"product_brand","embeddable":true,"href":"https:\/\/milbaza.lv\/ru\/wp-json\/wp\/v2\/product_brand?post=5918"},{"taxonomy":"product_cat","embeddable":true,"href":"https:\/\/milbaza.lv\/ru\/wp-json\/wp\/v2\/product_cat?post=5918"},{"taxonomy":"product_tag","embeddable":true,"href":"https:\/\/milbaza.lv\/ru\/wp-json\/wp\/v2\/product_tag?post=5918"}],"curies":[{"name":"wp","href":"https:\/\/api.w.org\/{rel}","templated":true}]}}