{"id":6492,"date":"2022-03-21T00:54:19","date_gmt":"2022-03-20T22:54:19","guid":{"rendered":"https:\/\/milbaza.lv\/?post_type=product&#038;p=6492"},"modified":"2026-05-06T12:23:33","modified_gmt":"2026-05-06T09:23:33","slug":"krekls-covert-concealed-carry-short-sleeve-helikon-tex-royal-blue-checkered","status":"publish","type":"product","link":"https:\/\/milbaza.lv\/ru\/produkts\/krekls-covert-concealed-carry-short-sleeve-helikon-tex-royal-blue-checkered\/","title":{"rendered":"HELIKON-TEX KREKLS COVERT CONCEALED CARRY SHORT SLEEVE"},"content":{"rendered":"<p>During urban operations on hot summer days, it is important to look good, whilst keeping a low profile but still feeling comfortable. Our Covert Concealed Carry Short Sleeve Shirt fulfills all these tasks. Made of lightweight, breathable fabric in a classic plaid pattern, this shirt will hold all your essentials in two classic chest pockets or one additional, concealed zippered pocket. What makes this shirt truly unique though is the fastening system, as at first it looks like any buttoned shirt. When needed though, just one strong pull reveals that the shirt is fastened with snap buttons, giving you instant access to your weapon, magazines, baton or anything else carried under the shirt. A microfiber patch for cleaning glasses has been sewn on the inside.<\/p>\n<p>Features:<br \/>\nTwo classic chest pockets<br \/>\nDummy buttons on front<br \/>\nClosed with snap buttons<br \/>\nZippered chest pocket<br \/>\nBreathable<br \/>\nLightweight<\/p>\n<p><iframe loading=\"lazy\" title=\"Helikon-Tex - Covert Concealed Carry Short Sleeve Shirt\" width=\"1020\" height=\"574\" src=\"https:\/\/www.youtube.com\/embed\/AlWZabXADz4?feature=oembed\" frameborder=\"0\" allow=\"accelerometer; autoplay; clipboard-write; encrypted-media; gyroscope; picture-in-picture; web-share\" referrerpolicy=\"strict-origin-when-cross-origin\" allowfullscreen><\/iframe><\/p>\n","protected":false},"excerpt":{"rendered":"<p>During urban operations on hot summer days, it is important to look good, whilst keeping a low profile but still feeling comfortable. Our Covert Concealed Carry Short Sleeve Shirt fulfills all these tasks. Made of lightweight, breathable fabric in a classic plaid pattern, this shirt will hold all your essentials in two classic chest pockets [&#8230;]\n","protected":false},"featured_media":6498,"comment_status":"open","ping_status":"closed","template":"","meta":{"_acf_changed":false},"product_brand":[],"product_cat":[24,142],"product_tag":[],"class_list":{"0":"post-6492","1":"product","2":"type-product","3":"status-publish","4":"has-post-thumbnail","6":"product_cat-apgerbi","7":"product_cat-krekli","9":"first","10":"instock","11":"sale","12":"taxable","13":"shipping-taxable","14":"purchasable","15":"product-type-variable","16":"has-default-attributes"},"acf":[],"yoast_head":"<!-- This site is optimized with the Yoast SEO plugin v27.4 - https:\/\/yoast.com\/product\/yoast-seo-wordpress\/ -->\n<title>HELIKON-TEX KREKLS COVERT CONCEALED CARRY SHORT SLEEVE - MILBAZA \u2013 viss akt\u012bvai atp\u016btai<\/title>\n<meta name=\"description\" content=\"Nopirkt KREKLS COVERT CONCEALED CARRY SHORT SLEEVE HELIKON-TEX - ROYAL BLUE CHECKERED, izdev\u012bga cena un pieg\u0101de. T\u016b\u0157isma pre\u010du interneta veikals, pas\u016bt\u012bt online 24\/7!\" \/>\n<meta name=\"robots\" content=\"index, follow, max-snippet:-1, max-image-preview:large, max-video-preview:-1\" \/>\n<link rel=\"canonical\" href=\"https:\/\/milbaza.lv\/ru\/produkts\/krekls-covert-concealed-carry-short-sleeve-helikon-tex-royal-blue-checkered\/\" \/>\n<meta property=\"og:locale\" content=\"ru_RU\" \/>\n<meta property=\"og:type\" content=\"article\" \/>\n<meta property=\"og:title\" content=\"HELIKON-TEX KREKLS COVERT CONCEALED CARRY SHORT SLEEVE - MILBAZA \u2013 viss akt\u012bvai atp\u016btai\" \/>\n<meta property=\"og:description\" content=\"Nopirkt KREKLS COVERT CONCEALED CARRY SHORT SLEEVE HELIKON-TEX - ROYAL BLUE CHECKERED, izdev\u012bga cena un pieg\u0101de. T\u016b\u0157isma pre\u010du interneta veikals, pas\u016bt\u012bt online 24\/7!\" \/>\n<meta property=\"og:url\" content=\"https:\/\/milbaza.lv\/ru\/produkts\/krekls-covert-concealed-carry-short-sleeve-helikon-tex-royal-blue-checkered\/\" \/>\n<meta property=\"og:site_name\" content=\"MILBAZA \u2013 viss akt\u012bvai atp\u016btai\" \/>\n<meta property=\"article:publisher\" content=\"https:\/\/www.facebook.com\/profile.php?id=100075399152223\" \/>\n<meta property=\"article:modified_time\" content=\"2026-05-06T09:23:33+00:00\" \/>\n<meta property=\"og:image\" content=\"https:\/\/milbaza.lv\/wp-content\/uploads\/2022\/03\/KO-CCS-CB-C4.png\" \/>\n\t<meta property=\"og:image:width\" content=\"1500\" \/>\n\t<meta property=\"og:image:height\" content=\"1500\" \/>\n\t<meta property=\"og:image:type\" content=\"image\/png\" \/>\n<meta name=\"twitter:card\" content=\"summary_large_image\" \/>\n<meta name=\"twitter:label1\" content=\"\u041f\u0440\u0438\u043c\u0435\u0440\u043d\u043e\u0435 \u0432\u0440\u0435\u043c\u044f \u0434\u043b\u044f \u0447\u0442\u0435\u043d\u0438\u044f\" \/>\n\t<meta name=\"twitter:data1\" content=\"1 \u043c\u0438\u043d\u0443\u0442\u0430\" \/>\n<script type=\"application\/ld+json\" class=\"yoast-schema-graph\">{\"@context\":\"https:\\\/\\\/schema.org\",\"@graph\":[{\"@type\":\"WebPage\",\"@id\":\"https:\\\/\\\/milbaza.lv\\\/ru\\\/produkts\\\/krekls-covert-concealed-carry-short-sleeve-helikon-tex-royal-blue-checkered\\\/\",\"url\":\"https:\\\/\\\/milbaza.lv\\\/ru\\\/produkts\\\/krekls-covert-concealed-carry-short-sleeve-helikon-tex-royal-blue-checkered\\\/\",\"name\":\"HELIKON-TEX KREKLS COVERT CONCEALED CARRY SHORT SLEEVE - MILBAZA \u2013 viss akt\u012bvai atp\u016btai\",\"isPartOf\":{\"@id\":\"https:\\\/\\\/milbaza.lv\\\/ru\\\/#website\"},\"primaryImageOfPage\":{\"@id\":\"https:\\\/\\\/milbaza.lv\\\/ru\\\/produkts\\\/krekls-covert-concealed-carry-short-sleeve-helikon-tex-royal-blue-checkered\\\/#primaryimage\"},\"image\":{\"@id\":\"https:\\\/\\\/milbaza.lv\\\/ru\\\/produkts\\\/krekls-covert-concealed-carry-short-sleeve-helikon-tex-royal-blue-checkered\\\/#primaryimage\"},\"thumbnailUrl\":\"https:\\\/\\\/milbaza.lv\\\/wp-content\\\/uploads\\\/2022\\\/03\\\/KO-CCS-CB-C4.png\",\"datePublished\":\"2022-03-20T22:54:19+00:00\",\"dateModified\":\"2026-05-06T09:23:33+00:00\",\"description\":\"Nopirkt KREKLS COVERT CONCEALED CARRY SHORT SLEEVE HELIKON-TEX - ROYAL BLUE CHECKERED, izdev\u012bga cena un pieg\u0101de. T\u016b\u0157isma pre\u010du interneta veikals, pas\u016bt\u012bt online 24\\\/7!\",\"breadcrumb\":{\"@id\":\"https:\\\/\\\/milbaza.lv\\\/ru\\\/produkts\\\/krekls-covert-concealed-carry-short-sleeve-helikon-tex-royal-blue-checkered\\\/#breadcrumb\"},\"inLanguage\":\"ru-RU\",\"potentialAction\":[{\"@type\":\"ReadAction\",\"target\":[\"https:\\\/\\\/milbaza.lv\\\/ru\\\/produkts\\\/krekls-covert-concealed-carry-short-sleeve-helikon-tex-royal-blue-checkered\\\/\"]}]},{\"@type\":\"ImageObject\",\"inLanguage\":\"ru-RU\",\"@id\":\"https:\\\/\\\/milbaza.lv\\\/ru\\\/produkts\\\/krekls-covert-concealed-carry-short-sleeve-helikon-tex-royal-blue-checkered\\\/#primaryimage\",\"url\":\"https:\\\/\\\/milbaza.lv\\\/wp-content\\\/uploads\\\/2022\\\/03\\\/KO-CCS-CB-C4.png\",\"contentUrl\":\"https:\\\/\\\/milbaza.lv\\\/wp-content\\\/uploads\\\/2022\\\/03\\\/KO-CCS-CB-C4.png\",\"width\":1500,\"height\":1500},{\"@type\":\"BreadcrumbList\",\"@id\":\"https:\\\/\\\/milbaza.lv\\\/ru\\\/produkts\\\/krekls-covert-concealed-carry-short-sleeve-helikon-tex-royal-blue-checkered\\\/#breadcrumb\",\"itemListElement\":[{\"@type\":\"ListItem\",\"position\":1,\"name\":\"Home\",\"item\":\"https:\\\/\\\/milbaza.lv\\\/ru\\\/\"},{\"@type\":\"ListItem\",\"position\":2,\"name\":\"\u041c\u0430\u0433\u0430\u0437\u0438\u043d\",\"item\":\"https:\\\/\\\/milbaza.lv\\\/ru\\\/%d0%bc%d0%b0%d0%b3%d0%b0%d0%b7%d0%b8%d0%bd\\\/\"},{\"@type\":\"ListItem\",\"position\":3,\"name\":\"HELIKON-TEX KREKLS COVERT CONCEALED CARRY SHORT SLEEVE\"}]},{\"@type\":\"WebSite\",\"@id\":\"https:\\\/\\\/milbaza.lv\\\/ru\\\/#website\",\"url\":\"https:\\\/\\\/milbaza.lv\\\/ru\\\/\",\"name\":\"MILBAZA \u2013 viss akt\u012bvai atp\u016btai\",\"description\":\"Viss akt\u012bvai atp\u016btai\",\"publisher\":{\"@id\":\"https:\\\/\\\/milbaza.lv\\\/ru\\\/#organization\"},\"potentialAction\":[{\"@type\":\"SearchAction\",\"target\":{\"@type\":\"EntryPoint\",\"urlTemplate\":\"https:\\\/\\\/milbaza.lv\\\/ru\\\/?s={search_term_string}\"},\"query-input\":{\"@type\":\"PropertyValueSpecification\",\"valueRequired\":true,\"valueName\":\"search_term_string\"}}],\"inLanguage\":\"ru-RU\"},{\"@type\":\"Organization\",\"@id\":\"https:\\\/\\\/milbaza.lv\\\/ru\\\/#organization\",\"name\":\"Milbaza\",\"url\":\"https:\\\/\\\/milbaza.lv\\\/ru\\\/\",\"logo\":{\"@type\":\"ImageObject\",\"inLanguage\":\"ru-RU\",\"@id\":\"https:\\\/\\\/milbaza.lv\\\/ru\\\/#\\\/schema\\\/logo\\\/image\\\/\",\"url\":\"https:\\\/\\\/milbaza.lv\\\/wp-content\\\/uploads\\\/2021\\\/11\\\/Mil_BAZA_logo3.png\",\"contentUrl\":\"https:\\\/\\\/milbaza.lv\\\/wp-content\\\/uploads\\\/2021\\\/11\\\/Mil_BAZA_logo3.png\",\"width\":564,\"height\":226,\"caption\":\"Milbaza\"},\"image\":{\"@id\":\"https:\\\/\\\/milbaza.lv\\\/ru\\\/#\\\/schema\\\/logo\\\/image\\\/\"},\"sameAs\":[\"https:\\\/\\\/www.facebook.com\\\/profile.php?id=100075399152223\",\"https:\\\/\\\/www.instagram.com\\\/milbaza.lv\\\/\",\"https:\\\/\\\/www.pinterest.com\\\/milbaza\\\/_saved\\\/\",\"https:\\\/\\\/www.youtube.com\\\/channel\\\/UCrPXltd8hsNIiGAKc37hGfQ\"]}]}<\/script>\n<!-- \/ Yoast SEO plugin. -->","yoast_head_json":{"title":"HELIKON-TEX KREKLS COVERT CONCEALED CARRY SHORT SLEEVE - MILBAZA \u2013 viss akt\u012bvai atp\u016btai","description":"Nopirkt KREKLS COVERT CONCEALED CARRY SHORT SLEEVE HELIKON-TEX - ROYAL BLUE CHECKERED, izdev\u012bga cena un pieg\u0101de. T\u016b\u0157isma pre\u010du interneta veikals, pas\u016bt\u012bt online 24\/7!","robots":{"index":"index","follow":"follow","max-snippet":"max-snippet:-1","max-image-preview":"max-image-preview:large","max-video-preview":"max-video-preview:-1"},"canonical":"https:\/\/milbaza.lv\/ru\/produkts\/krekls-covert-concealed-carry-short-sleeve-helikon-tex-royal-blue-checkered\/","og_locale":"ru_RU","og_type":"article","og_title":"HELIKON-TEX KREKLS COVERT CONCEALED CARRY SHORT SLEEVE - MILBAZA \u2013 viss akt\u012bvai atp\u016btai","og_description":"Nopirkt KREKLS COVERT CONCEALED CARRY SHORT SLEEVE HELIKON-TEX - ROYAL BLUE CHECKERED, izdev\u012bga cena un pieg\u0101de. T\u016b\u0157isma pre\u010du interneta veikals, pas\u016bt\u012bt online 24\/7!","og_url":"https:\/\/milbaza.lv\/ru\/produkts\/krekls-covert-concealed-carry-short-sleeve-helikon-tex-royal-blue-checkered\/","og_site_name":"MILBAZA \u2013 viss akt\u012bvai atp\u016btai","article_publisher":"https:\/\/www.facebook.com\/profile.php?id=100075399152223","article_modified_time":"2026-05-06T09:23:33+00:00","og_image":[{"width":1500,"height":1500,"url":"https:\/\/milbaza.lv\/wp-content\/uploads\/2022\/03\/KO-CCS-CB-C4.png","type":"image\/png"}],"twitter_card":"summary_large_image","twitter_misc":{"\u041f\u0440\u0438\u043c\u0435\u0440\u043d\u043e\u0435 \u0432\u0440\u0435\u043c\u044f \u0434\u043b\u044f \u0447\u0442\u0435\u043d\u0438\u044f":"1 \u043c\u0438\u043d\u0443\u0442\u0430"},"schema":{"@context":"https:\/\/schema.org","@graph":[{"@type":"WebPage","@id":"https:\/\/milbaza.lv\/ru\/produkts\/krekls-covert-concealed-carry-short-sleeve-helikon-tex-royal-blue-checkered\/","url":"https:\/\/milbaza.lv\/ru\/produkts\/krekls-covert-concealed-carry-short-sleeve-helikon-tex-royal-blue-checkered\/","name":"HELIKON-TEX KREKLS COVERT CONCEALED CARRY SHORT SLEEVE - MILBAZA \u2013 viss akt\u012bvai atp\u016btai","isPartOf":{"@id":"https:\/\/milbaza.lv\/ru\/#website"},"primaryImageOfPage":{"@id":"https:\/\/milbaza.lv\/ru\/produkts\/krekls-covert-concealed-carry-short-sleeve-helikon-tex-royal-blue-checkered\/#primaryimage"},"image":{"@id":"https:\/\/milbaza.lv\/ru\/produkts\/krekls-covert-concealed-carry-short-sleeve-helikon-tex-royal-blue-checkered\/#primaryimage"},"thumbnailUrl":"https:\/\/milbaza.lv\/wp-content\/uploads\/2022\/03\/KO-CCS-CB-C4.png","datePublished":"2022-03-20T22:54:19+00:00","dateModified":"2026-05-06T09:23:33+00:00","description":"Nopirkt KREKLS COVERT CONCEALED CARRY SHORT SLEEVE HELIKON-TEX - ROYAL BLUE CHECKERED, izdev\u012bga cena un pieg\u0101de. T\u016b\u0157isma pre\u010du interneta veikals, pas\u016bt\u012bt online 24\/7!","breadcrumb":{"@id":"https:\/\/milbaza.lv\/ru\/produkts\/krekls-covert-concealed-carry-short-sleeve-helikon-tex-royal-blue-checkered\/#breadcrumb"},"inLanguage":"ru-RU","potentialAction":[{"@type":"ReadAction","target":["https:\/\/milbaza.lv\/ru\/produkts\/krekls-covert-concealed-carry-short-sleeve-helikon-tex-royal-blue-checkered\/"]}]},{"@type":"ImageObject","inLanguage":"ru-RU","@id":"https:\/\/milbaza.lv\/ru\/produkts\/krekls-covert-concealed-carry-short-sleeve-helikon-tex-royal-blue-checkered\/#primaryimage","url":"https:\/\/milbaza.lv\/wp-content\/uploads\/2022\/03\/KO-CCS-CB-C4.png","contentUrl":"https:\/\/milbaza.lv\/wp-content\/uploads\/2022\/03\/KO-CCS-CB-C4.png","width":1500,"height":1500},{"@type":"BreadcrumbList","@id":"https:\/\/milbaza.lv\/ru\/produkts\/krekls-covert-concealed-carry-short-sleeve-helikon-tex-royal-blue-checkered\/#breadcrumb","itemListElement":[{"@type":"ListItem","position":1,"name":"Home","item":"https:\/\/milbaza.lv\/ru\/"},{"@type":"ListItem","position":2,"name":"\u041c\u0430\u0433\u0430\u0437\u0438\u043d","item":"https:\/\/milbaza.lv\/ru\/%d0%bc%d0%b0%d0%b3%d0%b0%d0%b7%d0%b8%d0%bd\/"},{"@type":"ListItem","position":3,"name":"HELIKON-TEX KREKLS COVERT CONCEALED CARRY SHORT SLEEVE"}]},{"@type":"WebSite","@id":"https:\/\/milbaza.lv\/ru\/#website","url":"https:\/\/milbaza.lv\/ru\/","name":"MILBAZA \u2013 viss akt\u012bvai atp\u016btai","description":"Viss akt\u012bvai atp\u016btai","publisher":{"@id":"https:\/\/milbaza.lv\/ru\/#organization"},"potentialAction":[{"@type":"SearchAction","target":{"@type":"EntryPoint","urlTemplate":"https:\/\/milbaza.lv\/ru\/?s={search_term_string}"},"query-input":{"@type":"PropertyValueSpecification","valueRequired":true,"valueName":"search_term_string"}}],"inLanguage":"ru-RU"},{"@type":"Organization","@id":"https:\/\/milbaza.lv\/ru\/#organization","name":"Milbaza","url":"https:\/\/milbaza.lv\/ru\/","logo":{"@type":"ImageObject","inLanguage":"ru-RU","@id":"https:\/\/milbaza.lv\/ru\/#\/schema\/logo\/image\/","url":"https:\/\/milbaza.lv\/wp-content\/uploads\/2021\/11\/Mil_BAZA_logo3.png","contentUrl":"https:\/\/milbaza.lv\/wp-content\/uploads\/2021\/11\/Mil_BAZA_logo3.png","width":564,"height":226,"caption":"Milbaza"},"image":{"@id":"https:\/\/milbaza.lv\/ru\/#\/schema\/logo\/image\/"},"sameAs":["https:\/\/www.facebook.com\/profile.php?id=100075399152223","https:\/\/www.instagram.com\/milbaza.lv\/","https:\/\/www.pinterest.com\/milbaza\/_saved\/","https:\/\/www.youtube.com\/channel\/UCrPXltd8hsNIiGAKc37hGfQ"]}]}},"_links":{"self":[{"href":"https:\/\/milbaza.lv\/ru\/wp-json\/wp\/v2\/product\/6492","targetHints":{"allow":["GET"]}}],"collection":[{"href":"https:\/\/milbaza.lv\/ru\/wp-json\/wp\/v2\/product"}],"about":[{"href":"https:\/\/milbaza.lv\/ru\/wp-json\/wp\/v2\/types\/product"}],"replies":[{"embeddable":true,"href":"https:\/\/milbaza.lv\/ru\/wp-json\/wp\/v2\/comments?post=6492"}],"wp:featuredmedia":[{"embeddable":true,"href":"https:\/\/milbaza.lv\/ru\/wp-json\/wp\/v2\/media\/6498"}],"wp:attachment":[{"href":"https:\/\/milbaza.lv\/ru\/wp-json\/wp\/v2\/media?parent=6492"}],"wp:term":[{"taxonomy":"product_brand","embeddable":true,"href":"https:\/\/milbaza.lv\/ru\/wp-json\/wp\/v2\/product_brand?post=6492"},{"taxonomy":"product_cat","embeddable":true,"href":"https:\/\/milbaza.lv\/ru\/wp-json\/wp\/v2\/product_cat?post=6492"},{"taxonomy":"product_tag","embeddable":true,"href":"https:\/\/milbaza.lv\/ru\/wp-json\/wp\/v2\/product_tag?post=6492"}],"curies":[{"name":"wp","href":"https:\/\/api.w.org\/{rel}","templated":true}]}}