{"id":6544,"date":"2022-03-21T01:06:24","date_gmt":"2022-03-20T23:06:24","guid":{"rendered":"https:\/\/milbaza.lv\/?post_type=product&#038;p=6544"},"modified":"2026-05-06T13:53:12","modified_gmt":"2026-05-06T10:53:12","slug":"krekls-greyman-helikon-tex-blue-stonework-plaid","status":"publish","type":"product","link":"https:\/\/milbaza.lv\/ru\/produkts\/krekls-greyman-helikon-tex-blue-stonework-plaid\/","title":{"rendered":"HELIKON-TEX KREKLS GREYMAN-BLUE STONEWORK PLAID"},"content":{"rendered":"<p>Pel\u0113ks, k\u0101 nor\u0101da nosaukums, ir persona, kas var viegli iek\u013cauties p\u016bl\u012b. Ide\u0101ls operators ir j\u0101uzskata par pel\u0113ko cilv\u0113ku, kur\u0161 sp\u0113j izvair\u012bties no atkl\u0101\u0161anas pat tad, ja vi\u0146u ieskauj citi cilv\u0113ki. Plaid raksts nodro\u0161ina ne tikai eleganci, bet ar\u012b zema profila izskatu, kas ir nepiecie\u0161am\u012bba sl\u0113pt\u0101s pils\u0113tas oper\u0101cij\u0101s. Klasisks izskats ar aizpog\u0101t\u0101m kr\u016b\u0161u kabat\u0101m, aizpog\u0101t\u0101m priek\u0161pus\u0113m un, k\u0101 ar\u012b aizpog\u0101t\u0101m piedurkn\u0113m, pal\u012bdz\u0113s jums sapl\u016bst p\u016bl\u012b, kad vien tas b\u016bs nepiecie\u0161ams. J\u016bsu svar\u012bg\u0101kajiem EDC priek\u0161metiem kreklam ir sl\u0113pta, iek\u0161\u0113ja r\u0101v\u0113jsl\u0113dz\u0113ja kabata, un v\u0113l viena sl\u0113pta, tom\u0113r noder\u012bga funkcija ir \u012bpa\u0161as dr\u0101nas paraugs bri\u013c\u013cu t\u012br\u012b\u0161anai, kas ir integr\u0113ts vien\u0101 no krekla s\u0101niem. Tas viss padara Greyman kreklu par perfektu izv\u0113li gan sl\u0113pt\u0101m oper\u0101cij\u0101m, gan ikdienas, civil\u0101m vajadz\u012bb\u0101m.<\/p>\n<p>Iesp\u0113jas:<br \/>\nViegls<br \/>\nElpojo\u0161s<br \/>\nSl\u0113pta iek\u0161\u0113j\u0101 kabata<br \/>\nPog\u0101ta<br \/>\nIeb\u016bv\u0113ta brilles salvete iek\u0161\u0113j\u0101 pus\u0113<br \/>\nDivas klasiskas kr\u016b\u0161u kabatas<\/p>\n<p><iframe loading=\"lazy\" title=\"Helikon-Tex - GreyMan Shirt\" width=\"1020\" height=\"574\" src=\"https:\/\/www.youtube.com\/embed\/OFQaPG6RpN8?feature=oembed\" frameborder=\"0\" allow=\"accelerometer; autoplay; clipboard-write; encrypted-media; gyroscope; picture-in-picture; web-share\" referrerpolicy=\"strict-origin-when-cross-origin\" allowfullscreen><\/iframe><\/p>\n<p><iframe loading=\"lazy\" title=\"Helikon-Tex - GreyMan Shirt\" width=\"1020\" height=\"574\" src=\"https:\/\/www.youtube.com\/embed\/OFQaPG6RpN8?feature=oembed\" frameborder=\"0\" allow=\"accelerometer; autoplay; clipboard-write; encrypted-media; gyroscope; picture-in-picture; web-share\" referrerpolicy=\"strict-origin-when-cross-origin\" allowfullscreen><\/iframe><\/p>\n","protected":false},"excerpt":{"rendered":"<p>Pel\u0113ks, k\u0101 nor\u0101da nosaukums, ir persona, kas var viegli iek\u013cauties p\u016bl\u012b. Ide\u0101ls operators ir j\u0101uzskata par pel\u0113ko cilv\u0113ku, kur\u0161 sp\u0113j izvair\u012bties no atkl\u0101\u0161anas pat tad, ja vi\u0146u ieskauj citi cilv\u0113ki. Plaid raksts nodro\u0161ina ne tikai eleganci, bet ar\u012b zema profila izskatu, kas ir nepiecie\u0161am\u012bba sl\u0113pt\u0101s pils\u0113tas oper\u0101cij\u0101s. Klasisks izskats ar aizpog\u0101t\u0101m kr\u016b\u0161u kabat\u0101m, aizpog\u0101t\u0101m priek\u0161pus\u0113m [&#8230;]\n","protected":false},"featured_media":6564,"comment_status":"open","ping_status":"closed","template":"","meta":{"_acf_changed":false},"product_brand":[],"product_cat":[24,142],"product_tag":[],"class_list":{"0":"post-6544","1":"product","2":"type-product","3":"status-publish","4":"has-post-thumbnail","6":"product_cat-apgerbi","7":"product_cat-krekli","9":"first","10":"outofstock","11":"taxable","12":"shipping-taxable","13":"purchasable","14":"product-type-variable"},"acf":[],"yoast_head":"<!-- This site is optimized with the Yoast SEO plugin v27.4 - https:\/\/yoast.com\/product\/yoast-seo-wordpress\/ -->\n<title>HELIKON-TEX KREKLS GREYMAN-BLUE STONEWORK PLAID - MILBAZA \u2013 viss akt\u012bvai atp\u016btai<\/title>\n<meta name=\"description\" content=\"Nopirkt KREKLS GREYMAN HELIKON-TEX - BLUE STONEWORK PLAID, izdev\u012bga cena un pieg\u0101de. T\u016brisma pre\u010du interneta veikals, pas\u016bt\u012bt online 24\/7!\" \/>\n<meta name=\"robots\" content=\"index, follow, max-snippet:-1, max-image-preview:large, max-video-preview:-1\" \/>\n<link rel=\"canonical\" href=\"https:\/\/milbaza.lv\/ru\/produkts\/krekls-greyman-helikon-tex-blue-stonework-plaid\/\" \/>\n<meta property=\"og:locale\" content=\"ru_RU\" \/>\n<meta property=\"og:type\" content=\"article\" \/>\n<meta property=\"og:title\" content=\"HELIKON-TEX KREKLS GREYMAN-BLUE STONEWORK PLAID - MILBAZA \u2013 viss akt\u012bvai atp\u016btai\" \/>\n<meta property=\"og:description\" content=\"Nopirkt KREKLS GREYMAN HELIKON-TEX - BLUE STONEWORK PLAID, izdev\u012bga cena un pieg\u0101de. T\u016brisma pre\u010du interneta veikals, pas\u016bt\u012bt online 24\/7!\" \/>\n<meta property=\"og:url\" content=\"https:\/\/milbaza.lv\/ru\/produkts\/krekls-greyman-helikon-tex-blue-stonework-plaid\/\" \/>\n<meta property=\"og:site_name\" content=\"MILBAZA \u2013 viss akt\u012bvai atp\u016btai\" \/>\n<meta property=\"article:publisher\" content=\"https:\/\/www.facebook.com\/profile.php?id=100075399152223\" \/>\n<meta property=\"article:modified_time\" content=\"2026-05-06T10:53:12+00:00\" \/>\n<meta property=\"og:image\" content=\"https:\/\/milbaza.lv\/wp-content\/uploads\/2022\/03\/KO-GMN-PN-PA.png\" \/>\n\t<meta property=\"og:image:width\" content=\"1500\" \/>\n\t<meta property=\"og:image:height\" content=\"1500\" \/>\n\t<meta property=\"og:image:type\" content=\"image\/png\" \/>\n<meta name=\"twitter:card\" content=\"summary_large_image\" \/>\n<meta name=\"twitter:label1\" content=\"\u041f\u0440\u0438\u043c\u0435\u0440\u043d\u043e\u0435 \u0432\u0440\u0435\u043c\u044f \u0434\u043b\u044f \u0447\u0442\u0435\u043d\u0438\u044f\" \/>\n\t<meta name=\"twitter:data1\" content=\"1 \u043c\u0438\u043d\u0443\u0442\u0430\" \/>\n<script type=\"application\/ld+json\" class=\"yoast-schema-graph\">{\"@context\":\"https:\\\/\\\/schema.org\",\"@graph\":[{\"@type\":\"WebPage\",\"@id\":\"https:\\\/\\\/milbaza.lv\\\/ru\\\/produkts\\\/krekls-greyman-helikon-tex-blue-stonework-plaid\\\/\",\"url\":\"https:\\\/\\\/milbaza.lv\\\/ru\\\/produkts\\\/krekls-greyman-helikon-tex-blue-stonework-plaid\\\/\",\"name\":\"HELIKON-TEX KREKLS GREYMAN-BLUE STONEWORK PLAID - MILBAZA \u2013 viss akt\u012bvai atp\u016btai\",\"isPartOf\":{\"@id\":\"https:\\\/\\\/milbaza.lv\\\/ru\\\/#website\"},\"primaryImageOfPage\":{\"@id\":\"https:\\\/\\\/milbaza.lv\\\/ru\\\/produkts\\\/krekls-greyman-helikon-tex-blue-stonework-plaid\\\/#primaryimage\"},\"image\":{\"@id\":\"https:\\\/\\\/milbaza.lv\\\/ru\\\/produkts\\\/krekls-greyman-helikon-tex-blue-stonework-plaid\\\/#primaryimage\"},\"thumbnailUrl\":\"https:\\\/\\\/milbaza.lv\\\/wp-content\\\/uploads\\\/2022\\\/03\\\/KO-GMN-PN-PA.png\",\"datePublished\":\"2022-03-20T23:06:24+00:00\",\"dateModified\":\"2026-05-06T10:53:12+00:00\",\"description\":\"Nopirkt KREKLS GREYMAN HELIKON-TEX - BLUE STONEWORK PLAID, izdev\u012bga cena un pieg\u0101de. T\u016brisma pre\u010du interneta veikals, pas\u016bt\u012bt online 24\\\/7!\",\"breadcrumb\":{\"@id\":\"https:\\\/\\\/milbaza.lv\\\/ru\\\/produkts\\\/krekls-greyman-helikon-tex-blue-stonework-plaid\\\/#breadcrumb\"},\"inLanguage\":\"ru-RU\",\"potentialAction\":[{\"@type\":\"ReadAction\",\"target\":[\"https:\\\/\\\/milbaza.lv\\\/ru\\\/produkts\\\/krekls-greyman-helikon-tex-blue-stonework-plaid\\\/\"]}]},{\"@type\":\"ImageObject\",\"inLanguage\":\"ru-RU\",\"@id\":\"https:\\\/\\\/milbaza.lv\\\/ru\\\/produkts\\\/krekls-greyman-helikon-tex-blue-stonework-plaid\\\/#primaryimage\",\"url\":\"https:\\\/\\\/milbaza.lv\\\/wp-content\\\/uploads\\\/2022\\\/03\\\/KO-GMN-PN-PA.png\",\"contentUrl\":\"https:\\\/\\\/milbaza.lv\\\/wp-content\\\/uploads\\\/2022\\\/03\\\/KO-GMN-PN-PA.png\",\"width\":1500,\"height\":1500},{\"@type\":\"BreadcrumbList\",\"@id\":\"https:\\\/\\\/milbaza.lv\\\/ru\\\/produkts\\\/krekls-greyman-helikon-tex-blue-stonework-plaid\\\/#breadcrumb\",\"itemListElement\":[{\"@type\":\"ListItem\",\"position\":1,\"name\":\"Home\",\"item\":\"https:\\\/\\\/milbaza.lv\\\/ru\\\/\"},{\"@type\":\"ListItem\",\"position\":2,\"name\":\"\u041c\u0430\u0433\u0430\u0437\u0438\u043d\",\"item\":\"https:\\\/\\\/milbaza.lv\\\/ru\\\/%d0%bc%d0%b0%d0%b3%d0%b0%d0%b7%d0%b8%d0%bd\\\/\"},{\"@type\":\"ListItem\",\"position\":3,\"name\":\"HELIKON-TEX KREKLS GREYMAN-BLUE STONEWORK PLAID\"}]},{\"@type\":\"WebSite\",\"@id\":\"https:\\\/\\\/milbaza.lv\\\/ru\\\/#website\",\"url\":\"https:\\\/\\\/milbaza.lv\\\/ru\\\/\",\"name\":\"MILBAZA \u2013 viss akt\u012bvai atp\u016btai\",\"description\":\"Viss akt\u012bvai atp\u016btai\",\"publisher\":{\"@id\":\"https:\\\/\\\/milbaza.lv\\\/ru\\\/#organization\"},\"potentialAction\":[{\"@type\":\"SearchAction\",\"target\":{\"@type\":\"EntryPoint\",\"urlTemplate\":\"https:\\\/\\\/milbaza.lv\\\/ru\\\/?s={search_term_string}\"},\"query-input\":{\"@type\":\"PropertyValueSpecification\",\"valueRequired\":true,\"valueName\":\"search_term_string\"}}],\"inLanguage\":\"ru-RU\"},{\"@type\":\"Organization\",\"@id\":\"https:\\\/\\\/milbaza.lv\\\/ru\\\/#organization\",\"name\":\"Milbaza\",\"url\":\"https:\\\/\\\/milbaza.lv\\\/ru\\\/\",\"logo\":{\"@type\":\"ImageObject\",\"inLanguage\":\"ru-RU\",\"@id\":\"https:\\\/\\\/milbaza.lv\\\/ru\\\/#\\\/schema\\\/logo\\\/image\\\/\",\"url\":\"https:\\\/\\\/milbaza.lv\\\/wp-content\\\/uploads\\\/2021\\\/11\\\/Mil_BAZA_logo3.png\",\"contentUrl\":\"https:\\\/\\\/milbaza.lv\\\/wp-content\\\/uploads\\\/2021\\\/11\\\/Mil_BAZA_logo3.png\",\"width\":564,\"height\":226,\"caption\":\"Milbaza\"},\"image\":{\"@id\":\"https:\\\/\\\/milbaza.lv\\\/ru\\\/#\\\/schema\\\/logo\\\/image\\\/\"},\"sameAs\":[\"https:\\\/\\\/www.facebook.com\\\/profile.php?id=100075399152223\",\"https:\\\/\\\/www.instagram.com\\\/milbaza.lv\\\/\",\"https:\\\/\\\/www.pinterest.com\\\/milbaza\\\/_saved\\\/\",\"https:\\\/\\\/www.youtube.com\\\/channel\\\/UCrPXltd8hsNIiGAKc37hGfQ\"]}]}<\/script>\n<!-- \/ Yoast SEO plugin. -->","yoast_head_json":{"title":"HELIKON-TEX KREKLS GREYMAN-BLUE STONEWORK PLAID - MILBAZA \u2013 viss akt\u012bvai atp\u016btai","description":"Nopirkt KREKLS GREYMAN HELIKON-TEX - BLUE STONEWORK PLAID, izdev\u012bga cena un pieg\u0101de. T\u016brisma pre\u010du interneta veikals, pas\u016bt\u012bt online 24\/7!","robots":{"index":"index","follow":"follow","max-snippet":"max-snippet:-1","max-image-preview":"max-image-preview:large","max-video-preview":"max-video-preview:-1"},"canonical":"https:\/\/milbaza.lv\/ru\/produkts\/krekls-greyman-helikon-tex-blue-stonework-plaid\/","og_locale":"ru_RU","og_type":"article","og_title":"HELIKON-TEX KREKLS GREYMAN-BLUE STONEWORK PLAID - MILBAZA \u2013 viss akt\u012bvai atp\u016btai","og_description":"Nopirkt KREKLS GREYMAN HELIKON-TEX - BLUE STONEWORK PLAID, izdev\u012bga cena un pieg\u0101de. T\u016brisma pre\u010du interneta veikals, pas\u016bt\u012bt online 24\/7!","og_url":"https:\/\/milbaza.lv\/ru\/produkts\/krekls-greyman-helikon-tex-blue-stonework-plaid\/","og_site_name":"MILBAZA \u2013 viss akt\u012bvai atp\u016btai","article_publisher":"https:\/\/www.facebook.com\/profile.php?id=100075399152223","article_modified_time":"2026-05-06T10:53:12+00:00","og_image":[{"width":1500,"height":1500,"url":"https:\/\/milbaza.lv\/wp-content\/uploads\/2022\/03\/KO-GMN-PN-PA.png","type":"image\/png"}],"twitter_card":"summary_large_image","twitter_misc":{"\u041f\u0440\u0438\u043c\u0435\u0440\u043d\u043e\u0435 \u0432\u0440\u0435\u043c\u044f \u0434\u043b\u044f \u0447\u0442\u0435\u043d\u0438\u044f":"1 \u043c\u0438\u043d\u0443\u0442\u0430"},"schema":{"@context":"https:\/\/schema.org","@graph":[{"@type":"WebPage","@id":"https:\/\/milbaza.lv\/ru\/produkts\/krekls-greyman-helikon-tex-blue-stonework-plaid\/","url":"https:\/\/milbaza.lv\/ru\/produkts\/krekls-greyman-helikon-tex-blue-stonework-plaid\/","name":"HELIKON-TEX KREKLS GREYMAN-BLUE STONEWORK PLAID - MILBAZA \u2013 viss akt\u012bvai atp\u016btai","isPartOf":{"@id":"https:\/\/milbaza.lv\/ru\/#website"},"primaryImageOfPage":{"@id":"https:\/\/milbaza.lv\/ru\/produkts\/krekls-greyman-helikon-tex-blue-stonework-plaid\/#primaryimage"},"image":{"@id":"https:\/\/milbaza.lv\/ru\/produkts\/krekls-greyman-helikon-tex-blue-stonework-plaid\/#primaryimage"},"thumbnailUrl":"https:\/\/milbaza.lv\/wp-content\/uploads\/2022\/03\/KO-GMN-PN-PA.png","datePublished":"2022-03-20T23:06:24+00:00","dateModified":"2026-05-06T10:53:12+00:00","description":"Nopirkt KREKLS GREYMAN HELIKON-TEX - BLUE STONEWORK PLAID, izdev\u012bga cena un pieg\u0101de. T\u016brisma pre\u010du interneta veikals, pas\u016bt\u012bt online 24\/7!","breadcrumb":{"@id":"https:\/\/milbaza.lv\/ru\/produkts\/krekls-greyman-helikon-tex-blue-stonework-plaid\/#breadcrumb"},"inLanguage":"ru-RU","potentialAction":[{"@type":"ReadAction","target":["https:\/\/milbaza.lv\/ru\/produkts\/krekls-greyman-helikon-tex-blue-stonework-plaid\/"]}]},{"@type":"ImageObject","inLanguage":"ru-RU","@id":"https:\/\/milbaza.lv\/ru\/produkts\/krekls-greyman-helikon-tex-blue-stonework-plaid\/#primaryimage","url":"https:\/\/milbaza.lv\/wp-content\/uploads\/2022\/03\/KO-GMN-PN-PA.png","contentUrl":"https:\/\/milbaza.lv\/wp-content\/uploads\/2022\/03\/KO-GMN-PN-PA.png","width":1500,"height":1500},{"@type":"BreadcrumbList","@id":"https:\/\/milbaza.lv\/ru\/produkts\/krekls-greyman-helikon-tex-blue-stonework-plaid\/#breadcrumb","itemListElement":[{"@type":"ListItem","position":1,"name":"Home","item":"https:\/\/milbaza.lv\/ru\/"},{"@type":"ListItem","position":2,"name":"\u041c\u0430\u0433\u0430\u0437\u0438\u043d","item":"https:\/\/milbaza.lv\/ru\/%d0%bc%d0%b0%d0%b3%d0%b0%d0%b7%d0%b8%d0%bd\/"},{"@type":"ListItem","position":3,"name":"HELIKON-TEX KREKLS GREYMAN-BLUE STONEWORK PLAID"}]},{"@type":"WebSite","@id":"https:\/\/milbaza.lv\/ru\/#website","url":"https:\/\/milbaza.lv\/ru\/","name":"MILBAZA \u2013 viss akt\u012bvai atp\u016btai","description":"Viss akt\u012bvai atp\u016btai","publisher":{"@id":"https:\/\/milbaza.lv\/ru\/#organization"},"potentialAction":[{"@type":"SearchAction","target":{"@type":"EntryPoint","urlTemplate":"https:\/\/milbaza.lv\/ru\/?s={search_term_string}"},"query-input":{"@type":"PropertyValueSpecification","valueRequired":true,"valueName":"search_term_string"}}],"inLanguage":"ru-RU"},{"@type":"Organization","@id":"https:\/\/milbaza.lv\/ru\/#organization","name":"Milbaza","url":"https:\/\/milbaza.lv\/ru\/","logo":{"@type":"ImageObject","inLanguage":"ru-RU","@id":"https:\/\/milbaza.lv\/ru\/#\/schema\/logo\/image\/","url":"https:\/\/milbaza.lv\/wp-content\/uploads\/2021\/11\/Mil_BAZA_logo3.png","contentUrl":"https:\/\/milbaza.lv\/wp-content\/uploads\/2021\/11\/Mil_BAZA_logo3.png","width":564,"height":226,"caption":"Milbaza"},"image":{"@id":"https:\/\/milbaza.lv\/ru\/#\/schema\/logo\/image\/"},"sameAs":["https:\/\/www.facebook.com\/profile.php?id=100075399152223","https:\/\/www.instagram.com\/milbaza.lv\/","https:\/\/www.pinterest.com\/milbaza\/_saved\/","https:\/\/www.youtube.com\/channel\/UCrPXltd8hsNIiGAKc37hGfQ"]}]}},"_links":{"self":[{"href":"https:\/\/milbaza.lv\/ru\/wp-json\/wp\/v2\/product\/6544","targetHints":{"allow":["GET"]}}],"collection":[{"href":"https:\/\/milbaza.lv\/ru\/wp-json\/wp\/v2\/product"}],"about":[{"href":"https:\/\/milbaza.lv\/ru\/wp-json\/wp\/v2\/types\/product"}],"replies":[{"embeddable":true,"href":"https:\/\/milbaza.lv\/ru\/wp-json\/wp\/v2\/comments?post=6544"}],"wp:featuredmedia":[{"embeddable":true,"href":"https:\/\/milbaza.lv\/ru\/wp-json\/wp\/v2\/media\/6564"}],"wp:attachment":[{"href":"https:\/\/milbaza.lv\/ru\/wp-json\/wp\/v2\/media?parent=6544"}],"wp:term":[{"taxonomy":"product_brand","embeddable":true,"href":"https:\/\/milbaza.lv\/ru\/wp-json\/wp\/v2\/product_brand?post=6544"},{"taxonomy":"product_cat","embeddable":true,"href":"https:\/\/milbaza.lv\/ru\/wp-json\/wp\/v2\/product_cat?post=6544"},{"taxonomy":"product_tag","embeddable":true,"href":"https:\/\/milbaza.lv\/ru\/wp-json\/wp\/v2\/product_tag?post=6544"}],"curies":[{"name":"wp","href":"https:\/\/api.w.org\/{rel}","templated":true}]}}