{"id":6567,"date":"2022-03-21T01:22:17","date_gmt":"2022-03-20T23:22:17","guid":{"rendered":"https:\/\/milbaza.lv\/?post_type=product&#038;p=6567"},"modified":"2026-04-20T03:23:25","modified_gmt":"2026-04-20T00:23:25","slug":"maskesanas-kostims-ghillie-helikon-tex-digital-woodland","status":"publish","type":"product","link":"https:\/\/milbaza.lv\/ru\/produkts\/maskesanas-kostims-ghillie-helikon-tex-digital-woodland\/","title":{"rendered":"MASK\u0112\u0160ANAS KOST\u012aMS GHILLIE HELIKON-TEX &#8211; DIGITAL WOODLAND"},"content":{"rendered":"<p>Ghillie Suit consists of four parts: tunic, pants, hat and weapon camouflaging tape. The garments are made out of breathable mesh with user&#8217;s silhouette obliterating camouflage attached. Thanks to its design the suit can be worn over the clothes or uniform. Slotted pockets inside tunic and pants allow access to equipment buried beneath the suit. The hat camouflages head and face, protecting it also against insects, and weapon camouflaging tape obliterates the weapon silhouette. Ghillie Suit is meant for scouts, snipers and civilian enthusiasts.<\/p>\n<p>Features:<br \/>\nTwo through on through pants pockets<br \/>\nWebbing for weapon camouflage included<br \/>\nPants with with welt in belt and leg cuffs<br \/>\nCut on the leg cuffs closed with plastic snap buttons<br \/>\nTunnel pockets on jacket&#8217;s bottom<br \/>\nLightweight and easy compressable<br \/>\nHat with mosquito mesh<br \/>\nJoining webbing and transport bag included<br \/>\nHighly breathable<br \/>\nJacket closed with plastic snap buttons<\/p>\n<p><iframe loading=\"lazy\" title=\"Helikon-Tex - Ghillie Suit\" width=\"1020\" height=\"574\" src=\"https:\/\/www.youtube.com\/embed\/8Rdq_nk--AY?feature=oembed\" frameborder=\"0\" allow=\"accelerometer; autoplay; clipboard-write; encrypted-media; gyroscope; picture-in-picture; web-share\" referrerpolicy=\"strict-origin-when-cross-origin\" allowfullscreen><\/iframe><\/p>\n","protected":false},"excerpt":{"rendered":"<p>Ghillie Suit consists of four parts: tunic, pants, hat and weapon camouflaging tape. The garments are made out of breathable mesh with user&#8217;s silhouette obliterating camouflage attached. Thanks to its design the suit can be worn over the clothes or uniform. Slotted pockets inside tunic and pants allow access to equipment buried beneath the suit. [&#8230;]\n","protected":false},"featured_media":6569,"comment_status":"open","ping_status":"closed","template":"","meta":{"_acf_changed":false},"product_brand":[],"product_cat":[412],"product_tag":[],"class_list":{"0":"post-6567","1":"product","2":"type-product","3":"status-publish","4":"has-post-thumbnail","6":"product_cat-maskesanas-kostimi","8":"first","9":"outofstock","10":"taxable","11":"shipping-taxable","12":"purchasable","13":"product-type-variable"},"acf":[],"yoast_head":"<!-- This site is optimized with the Yoast SEO plugin v26.7 - https:\/\/yoast.com\/wordpress\/plugins\/seo\/ -->\n<title>MASK\u0112\u0160ANAS KOST\u012aMS GHILLIE HELIKON-TEX - DIGITAL WOODLAND - MILBAZA \u2013 viss akt\u012bvai atp\u016btai<\/title>\n<meta name=\"description\" content=\"Nopirkt MASK\u0112\u0160ANAS KOST\u012aMS GHILLIE HELIKON-TEX - DIGITAL WOODLAND, izdev\u012bga cena un pieg\u0101de. T\u016brisma pre\u010du interneta veikals, pas\u016bt\u012bt online 24\/7!\" \/>\n<meta name=\"robots\" content=\"index, follow, max-snippet:-1, max-image-preview:large, max-video-preview:-1\" \/>\n<link rel=\"canonical\" href=\"https:\/\/milbaza.lv\/ru\/produkts\/maskesanas-kostims-ghillie-helikon-tex-digital-woodland\/\" \/>\n<meta property=\"og:locale\" content=\"ru_RU\" \/>\n<meta property=\"og:type\" content=\"article\" \/>\n<meta property=\"og:title\" content=\"MASK\u0112\u0160ANAS KOST\u012aMS GHILLIE HELIKON-TEX - DIGITAL WOODLAND - MILBAZA \u2013 viss akt\u012bvai atp\u016btai\" \/>\n<meta property=\"og:description\" content=\"Nopirkt MASK\u0112\u0160ANAS KOST\u012aMS GHILLIE HELIKON-TEX - DIGITAL WOODLAND, izdev\u012bga cena un pieg\u0101de. T\u016brisma pre\u010du interneta veikals, pas\u016bt\u012bt online 24\/7!\" \/>\n<meta property=\"og:url\" content=\"https:\/\/milbaza.lv\/ru\/produkts\/maskesanas-kostims-ghillie-helikon-tex-digital-woodland\/\" \/>\n<meta property=\"og:site_name\" content=\"MILBAZA \u2013 viss akt\u012bvai atp\u016btai\" \/>\n<meta property=\"article:publisher\" content=\"https:\/\/www.facebook.com\/profile.php?id=100075399152223\" \/>\n<meta property=\"article:modified_time\" content=\"2026-04-20T00:23:25+00:00\" \/>\n<meta property=\"og:image\" content=\"https:\/\/milbaza.lv\/wp-content\/uploads\/2022\/03\/KP-GHL-PO-07.png\" \/>\n\t<meta property=\"og:image:width\" content=\"1500\" \/>\n\t<meta property=\"og:image:height\" content=\"1500\" \/>\n\t<meta property=\"og:image:type\" content=\"image\/png\" \/>\n<meta name=\"twitter:card\" content=\"summary_large_image\" \/>\n<meta name=\"twitter:label1\" content=\"\u041f\u0440\u0438\u043c\u0435\u0440\u043d\u043e\u0435 \u0432\u0440\u0435\u043c\u044f \u0434\u043b\u044f \u0447\u0442\u0435\u043d\u0438\u044f\" \/>\n\t<meta name=\"twitter:data1\" content=\"1 \u043c\u0438\u043d\u0443\u0442\u0430\" \/>\n<script type=\"application\/ld+json\" class=\"yoast-schema-graph\">{\"@context\":\"https:\/\/schema.org\",\"@graph\":[{\"@type\":\"WebPage\",\"@id\":\"https:\/\/milbaza.lv\/ru\/produkts\/maskesanas-kostims-ghillie-helikon-tex-digital-woodland\/\",\"url\":\"https:\/\/milbaza.lv\/ru\/produkts\/maskesanas-kostims-ghillie-helikon-tex-digital-woodland\/\",\"name\":\"MASK\u0112\u0160ANAS KOST\u012aMS GHILLIE HELIKON-TEX - DIGITAL WOODLAND - MILBAZA \u2013 viss akt\u012bvai atp\u016btai\",\"isPartOf\":{\"@id\":\"https:\/\/milbaza.lv\/ru\/#website\"},\"primaryImageOfPage\":{\"@id\":\"https:\/\/milbaza.lv\/ru\/produkts\/maskesanas-kostims-ghillie-helikon-tex-digital-woodland\/#primaryimage\"},\"image\":{\"@id\":\"https:\/\/milbaza.lv\/ru\/produkts\/maskesanas-kostims-ghillie-helikon-tex-digital-woodland\/#primaryimage\"},\"thumbnailUrl\":\"https:\/\/milbaza.lv\/wp-content\/uploads\/2022\/03\/KP-GHL-PO-07.png\",\"datePublished\":\"2022-03-20T23:22:17+00:00\",\"dateModified\":\"2026-04-20T00:23:25+00:00\",\"description\":\"Nopirkt MASK\u0112\u0160ANAS KOST\u012aMS GHILLIE HELIKON-TEX - DIGITAL WOODLAND, izdev\u012bga cena un pieg\u0101de. T\u016brisma pre\u010du interneta veikals, pas\u016bt\u012bt online 24\/7!\",\"breadcrumb\":{\"@id\":\"https:\/\/milbaza.lv\/ru\/produkts\/maskesanas-kostims-ghillie-helikon-tex-digital-woodland\/#breadcrumb\"},\"inLanguage\":\"ru-RU\",\"potentialAction\":[{\"@type\":\"ReadAction\",\"target\":[\"https:\/\/milbaza.lv\/ru\/produkts\/maskesanas-kostims-ghillie-helikon-tex-digital-woodland\/\"]}]},{\"@type\":\"ImageObject\",\"inLanguage\":\"ru-RU\",\"@id\":\"https:\/\/milbaza.lv\/ru\/produkts\/maskesanas-kostims-ghillie-helikon-tex-digital-woodland\/#primaryimage\",\"url\":\"https:\/\/milbaza.lv\/wp-content\/uploads\/2022\/03\/KP-GHL-PO-07.png\",\"contentUrl\":\"https:\/\/milbaza.lv\/wp-content\/uploads\/2022\/03\/KP-GHL-PO-07.png\",\"width\":1500,\"height\":1500},{\"@type\":\"BreadcrumbList\",\"@id\":\"https:\/\/milbaza.lv\/ru\/produkts\/maskesanas-kostims-ghillie-helikon-tex-digital-woodland\/#breadcrumb\",\"itemListElement\":[{\"@type\":\"ListItem\",\"position\":1,\"name\":\"Home\",\"item\":\"https:\/\/milbaza.lv\/ru\/\"},{\"@type\":\"ListItem\",\"position\":2,\"name\":\"\u041c\u0430\u0433\u0430\u0437\u0438\u043d\",\"item\":\"https:\/\/milbaza.lv\/ru\/%d0%bc%d0%b0%d0%b3%d0%b0%d0%b7%d0%b8%d0%bd\/\"},{\"@type\":\"ListItem\",\"position\":3,\"name\":\"MASK\u0112\u0160ANAS KOST\u012aMS GHILLIE HELIKON-TEX &#8211; DIGITAL WOODLAND\"}]},{\"@type\":\"WebSite\",\"@id\":\"https:\/\/milbaza.lv\/ru\/#website\",\"url\":\"https:\/\/milbaza.lv\/ru\/\",\"name\":\"MILBAZA \u2013 viss akt\u012bvai atp\u016btai\",\"description\":\"Viss akt\u012bvai atp\u016btai\",\"publisher\":{\"@id\":\"https:\/\/milbaza.lv\/ru\/#organization\"},\"potentialAction\":[{\"@type\":\"SearchAction\",\"target\":{\"@type\":\"EntryPoint\",\"urlTemplate\":\"https:\/\/milbaza.lv\/ru\/?s={search_term_string}\"},\"query-input\":{\"@type\":\"PropertyValueSpecification\",\"valueRequired\":true,\"valueName\":\"search_term_string\"}}],\"inLanguage\":\"ru-RU\"},{\"@type\":\"Organization\",\"@id\":\"https:\/\/milbaza.lv\/ru\/#organization\",\"name\":\"Milbaza\",\"url\":\"https:\/\/milbaza.lv\/ru\/\",\"logo\":{\"@type\":\"ImageObject\",\"inLanguage\":\"ru-RU\",\"@id\":\"https:\/\/milbaza.lv\/ru\/#\/schema\/logo\/image\/\",\"url\":\"https:\/\/milbaza.lv\/wp-content\/uploads\/2021\/11\/Mil_BAZA_logo3.png\",\"contentUrl\":\"https:\/\/milbaza.lv\/wp-content\/uploads\/2021\/11\/Mil_BAZA_logo3.png\",\"width\":564,\"height\":226,\"caption\":\"Milbaza\"},\"image\":{\"@id\":\"https:\/\/milbaza.lv\/ru\/#\/schema\/logo\/image\/\"},\"sameAs\":[\"https:\/\/www.facebook.com\/profile.php?id=100075399152223\",\"https:\/\/www.instagram.com\/milbaza.lv\/\",\"https:\/\/www.pinterest.com\/milbaza\/_saved\/\",\"https:\/\/www.youtube.com\/channel\/UCrPXltd8hsNIiGAKc37hGfQ\"]}]}<\/script>\n<!-- \/ Yoast SEO plugin. -->","yoast_head_json":{"title":"MASK\u0112\u0160ANAS KOST\u012aMS GHILLIE HELIKON-TEX - DIGITAL WOODLAND - MILBAZA \u2013 viss akt\u012bvai atp\u016btai","description":"Nopirkt MASK\u0112\u0160ANAS KOST\u012aMS GHILLIE HELIKON-TEX - DIGITAL WOODLAND, izdev\u012bga cena un pieg\u0101de. T\u016brisma pre\u010du interneta veikals, pas\u016bt\u012bt online 24\/7!","robots":{"index":"index","follow":"follow","max-snippet":"max-snippet:-1","max-image-preview":"max-image-preview:large","max-video-preview":"max-video-preview:-1"},"canonical":"https:\/\/milbaza.lv\/ru\/produkts\/maskesanas-kostims-ghillie-helikon-tex-digital-woodland\/","og_locale":"ru_RU","og_type":"article","og_title":"MASK\u0112\u0160ANAS KOST\u012aMS GHILLIE HELIKON-TEX - DIGITAL WOODLAND - MILBAZA \u2013 viss akt\u012bvai atp\u016btai","og_description":"Nopirkt MASK\u0112\u0160ANAS KOST\u012aMS GHILLIE HELIKON-TEX - DIGITAL WOODLAND, izdev\u012bga cena un pieg\u0101de. T\u016brisma pre\u010du interneta veikals, pas\u016bt\u012bt online 24\/7!","og_url":"https:\/\/milbaza.lv\/ru\/produkts\/maskesanas-kostims-ghillie-helikon-tex-digital-woodland\/","og_site_name":"MILBAZA \u2013 viss akt\u012bvai atp\u016btai","article_publisher":"https:\/\/www.facebook.com\/profile.php?id=100075399152223","article_modified_time":"2026-04-20T00:23:25+00:00","og_image":[{"width":1500,"height":1500,"url":"https:\/\/milbaza.lv\/wp-content\/uploads\/2022\/03\/KP-GHL-PO-07.png","type":"image\/png"}],"twitter_card":"summary_large_image","twitter_misc":{"\u041f\u0440\u0438\u043c\u0435\u0440\u043d\u043e\u0435 \u0432\u0440\u0435\u043c\u044f \u0434\u043b\u044f \u0447\u0442\u0435\u043d\u0438\u044f":"1 \u043c\u0438\u043d\u0443\u0442\u0430"},"schema":{"@context":"https:\/\/schema.org","@graph":[{"@type":"WebPage","@id":"https:\/\/milbaza.lv\/ru\/produkts\/maskesanas-kostims-ghillie-helikon-tex-digital-woodland\/","url":"https:\/\/milbaza.lv\/ru\/produkts\/maskesanas-kostims-ghillie-helikon-tex-digital-woodland\/","name":"MASK\u0112\u0160ANAS KOST\u012aMS GHILLIE HELIKON-TEX - DIGITAL WOODLAND - MILBAZA \u2013 viss akt\u012bvai atp\u016btai","isPartOf":{"@id":"https:\/\/milbaza.lv\/ru\/#website"},"primaryImageOfPage":{"@id":"https:\/\/milbaza.lv\/ru\/produkts\/maskesanas-kostims-ghillie-helikon-tex-digital-woodland\/#primaryimage"},"image":{"@id":"https:\/\/milbaza.lv\/ru\/produkts\/maskesanas-kostims-ghillie-helikon-tex-digital-woodland\/#primaryimage"},"thumbnailUrl":"https:\/\/milbaza.lv\/wp-content\/uploads\/2022\/03\/KP-GHL-PO-07.png","datePublished":"2022-03-20T23:22:17+00:00","dateModified":"2026-04-20T00:23:25+00:00","description":"Nopirkt MASK\u0112\u0160ANAS KOST\u012aMS GHILLIE HELIKON-TEX - DIGITAL WOODLAND, izdev\u012bga cena un pieg\u0101de. T\u016brisma pre\u010du interneta veikals, pas\u016bt\u012bt online 24\/7!","breadcrumb":{"@id":"https:\/\/milbaza.lv\/ru\/produkts\/maskesanas-kostims-ghillie-helikon-tex-digital-woodland\/#breadcrumb"},"inLanguage":"ru-RU","potentialAction":[{"@type":"ReadAction","target":["https:\/\/milbaza.lv\/ru\/produkts\/maskesanas-kostims-ghillie-helikon-tex-digital-woodland\/"]}]},{"@type":"ImageObject","inLanguage":"ru-RU","@id":"https:\/\/milbaza.lv\/ru\/produkts\/maskesanas-kostims-ghillie-helikon-tex-digital-woodland\/#primaryimage","url":"https:\/\/milbaza.lv\/wp-content\/uploads\/2022\/03\/KP-GHL-PO-07.png","contentUrl":"https:\/\/milbaza.lv\/wp-content\/uploads\/2022\/03\/KP-GHL-PO-07.png","width":1500,"height":1500},{"@type":"BreadcrumbList","@id":"https:\/\/milbaza.lv\/ru\/produkts\/maskesanas-kostims-ghillie-helikon-tex-digital-woodland\/#breadcrumb","itemListElement":[{"@type":"ListItem","position":1,"name":"Home","item":"https:\/\/milbaza.lv\/ru\/"},{"@type":"ListItem","position":2,"name":"\u041c\u0430\u0433\u0430\u0437\u0438\u043d","item":"https:\/\/milbaza.lv\/ru\/%d0%bc%d0%b0%d0%b3%d0%b0%d0%b7%d0%b8%d0%bd\/"},{"@type":"ListItem","position":3,"name":"MASK\u0112\u0160ANAS KOST\u012aMS GHILLIE HELIKON-TEX &#8211; DIGITAL WOODLAND"}]},{"@type":"WebSite","@id":"https:\/\/milbaza.lv\/ru\/#website","url":"https:\/\/milbaza.lv\/ru\/","name":"MILBAZA \u2013 viss akt\u012bvai atp\u016btai","description":"Viss akt\u012bvai atp\u016btai","publisher":{"@id":"https:\/\/milbaza.lv\/ru\/#organization"},"potentialAction":[{"@type":"SearchAction","target":{"@type":"EntryPoint","urlTemplate":"https:\/\/milbaza.lv\/ru\/?s={search_term_string}"},"query-input":{"@type":"PropertyValueSpecification","valueRequired":true,"valueName":"search_term_string"}}],"inLanguage":"ru-RU"},{"@type":"Organization","@id":"https:\/\/milbaza.lv\/ru\/#organization","name":"Milbaza","url":"https:\/\/milbaza.lv\/ru\/","logo":{"@type":"ImageObject","inLanguage":"ru-RU","@id":"https:\/\/milbaza.lv\/ru\/#\/schema\/logo\/image\/","url":"https:\/\/milbaza.lv\/wp-content\/uploads\/2021\/11\/Mil_BAZA_logo3.png","contentUrl":"https:\/\/milbaza.lv\/wp-content\/uploads\/2021\/11\/Mil_BAZA_logo3.png","width":564,"height":226,"caption":"Milbaza"},"image":{"@id":"https:\/\/milbaza.lv\/ru\/#\/schema\/logo\/image\/"},"sameAs":["https:\/\/www.facebook.com\/profile.php?id=100075399152223","https:\/\/www.instagram.com\/milbaza.lv\/","https:\/\/www.pinterest.com\/milbaza\/_saved\/","https:\/\/www.youtube.com\/channel\/UCrPXltd8hsNIiGAKc37hGfQ"]}]}},"_links":{"self":[{"href":"https:\/\/milbaza.lv\/ru\/wp-json\/wp\/v2\/product\/6567","targetHints":{"allow":["GET"]}}],"collection":[{"href":"https:\/\/milbaza.lv\/ru\/wp-json\/wp\/v2\/product"}],"about":[{"href":"https:\/\/milbaza.lv\/ru\/wp-json\/wp\/v2\/types\/product"}],"replies":[{"embeddable":true,"href":"https:\/\/milbaza.lv\/ru\/wp-json\/wp\/v2\/comments?post=6567"}],"wp:featuredmedia":[{"embeddable":true,"href":"https:\/\/milbaza.lv\/ru\/wp-json\/wp\/v2\/media\/6569"}],"wp:attachment":[{"href":"https:\/\/milbaza.lv\/ru\/wp-json\/wp\/v2\/media?parent=6567"}],"wp:term":[{"taxonomy":"product_brand","embeddable":true,"href":"https:\/\/milbaza.lv\/ru\/wp-json\/wp\/v2\/product_brand?post=6567"},{"taxonomy":"product_cat","embeddable":true,"href":"https:\/\/milbaza.lv\/ru\/wp-json\/wp\/v2\/product_cat?post=6567"},{"taxonomy":"product_tag","embeddable":true,"href":"https:\/\/milbaza.lv\/ru\/wp-json\/wp\/v2\/product_tag?post=6567"}],"curies":[{"name":"wp","href":"https:\/\/api.w.org\/{rel}","templated":true}]}}