{"id":6987,"date":"2022-03-21T05:00:57","date_gmt":"2022-03-21T03:00:57","guid":{"rendered":"https:\/\/milbaza.lv\/?post_type=product&#038;p=6987"},"modified":"2026-05-06T13:23:56","modified_gmt":"2026-05-06T10:23:56","slug":"bikses-acu-polycotton-ripstop-ucp","status":"publish","type":"product","link":"https:\/\/milbaza.lv\/ru\/produkts\/bikses-acu-polycotton-ripstop-ucp\/","title":{"rendered":"HELIKON-TEX BIKSES ACU &#8211; POLYCOTTON RIPSTOP &#8211; UCP"},"content":{"rendered":"<p>\u0160\u012bs bikses ir ra\u017eotas saska\u0146\u0101 ar ASV armijas specifik\u0101cij\u0101m. Army Combat Uniform dizaineru gadu ilg\u0101 pieredze nodro\u0161in\u0101ja p\u0101rdom\u0101tu konstrukcijas dizainu, kas nodro\u0161ina kust\u012bbu br\u012bv\u012bbu, svar\u012bgu r\u012bku uzglab\u0101\u0161anas ietilp\u012bbu un pievilc\u012bgu, \u0113rtu griezumu. ACU Pants atbilst ikdienas darba pras\u012bb\u0101m ne tikai Mil\/LE operatoriem, bet ar\u012b visiem \u0101ra cilv\u0113kiem un armijas entuziastiem.<\/p>\n<p>Iesp\u0113jas:<br \/>\nDivas apak\u0161stilbu kabatas ar velcro aizv\u0113rtiem atlokiem<br \/>\nDivas bag\u0101\u017eas kabatas uz aug\u0161stilbiem ar \u0101\u0137i un cilpu, pogu un aukli\u0146u<br \/>\nDivas klasiskas priek\u0161kabatas<br \/>\nDivas aizpog\u0101jamas kabatas aizmugur\u0113<br \/>\nRegul\u0113jama josta<br \/>\nPog\u0101jama mu\u0161a<br \/>\nSavelkam\u0101s aukli\u0146as k\u0101ju aproc\u0113s<br \/>\nCe\u013cgalu pastiprin\u0101jumi ar vietu m\u012bkstajiem spilventi\u0146iem<br \/>\nPastiprin\u0101ts s\u0113deklis un k\u0101jstarpe<\/p>\n","protected":false},"excerpt":{"rendered":"<p>\u0160\u012bs bikses ir ra\u017eotas saska\u0146\u0101 ar ASV armijas specifik\u0101cij\u0101m. Army Combat Uniform dizaineru gadu ilg\u0101 pieredze nodro\u0161in\u0101ja p\u0101rdom\u0101tu konstrukcijas dizainu, kas nodro\u0161ina kust\u012bbu br\u012bv\u012bbu, svar\u012bgu r\u012bku uzglab\u0101\u0161anas ietilp\u012bbu un pievilc\u012bgu, \u0113rtu griezumu. ACU Pants atbilst ikdienas darba pras\u012bb\u0101m ne tikai Mil\/LE operatoriem, bet ar\u012b visiem \u0101ra cilv\u0113kiem un armijas entuziastiem. Iesp\u0113jas: Divas apak\u0161stilbu kabatas ar [&#8230;]\n","protected":false},"featured_media":7003,"comment_status":"open","ping_status":"closed","template":"","meta":{"_acf_changed":false},"product_brand":[],"product_cat":[24,138],"product_tag":[],"class_list":{"0":"post-6987","1":"product","2":"type-product","3":"status-publish","4":"has-post-thumbnail","6":"product_cat-apgerbi","7":"product_cat-bikses","9":"first","10":"instock","11":"taxable","12":"shipping-taxable","13":"purchasable","14":"product-type-variable"},"acf":[],"yoast_head":"<!-- This site is optimized with the Yoast SEO plugin v27.4 - https:\/\/yoast.com\/product\/yoast-seo-wordpress\/ -->\n<title>HELIKON-TEX BIKSES ACU - POLYCOTTON RIPSTOP - UCP - MILBAZA \u2013 viss akt\u012bvai atp\u016btai<\/title>\n<meta name=\"description\" content=\"Nopirkt HELIKON-TEX BIKSES ACU - POLYCOTTON RIPSTOP - UCP, izdev\u012bga cena un pieg\u0101de. T\u016brisma pre\u010du interneta veikals, pas\u016bt\u012bt online 24\/7!\" \/>\n<meta name=\"robots\" content=\"index, follow, max-snippet:-1, max-image-preview:large, max-video-preview:-1\" \/>\n<link rel=\"canonical\" href=\"https:\/\/milbaza.lv\/ru\/produkts\/bikses-acu-polycotton-ripstop-ucp\/\" \/>\n<meta property=\"og:locale\" content=\"ru_RU\" \/>\n<meta property=\"og:type\" content=\"article\" \/>\n<meta property=\"og:title\" content=\"HELIKON-TEX BIKSES ACU - POLYCOTTON RIPSTOP - UCP - MILBAZA \u2013 viss akt\u012bvai atp\u016btai\" \/>\n<meta property=\"og:description\" content=\"Nopirkt HELIKON-TEX BIKSES ACU - POLYCOTTON RIPSTOP - UCP, izdev\u012bga cena un pieg\u0101de. T\u016brisma pre\u010du interneta veikals, pas\u016bt\u012bt online 24\/7!\" \/>\n<meta property=\"og:url\" content=\"https:\/\/milbaza.lv\/ru\/produkts\/bikses-acu-polycotton-ripstop-ucp\/\" \/>\n<meta property=\"og:site_name\" content=\"MILBAZA \u2013 viss akt\u012bvai atp\u016btai\" \/>\n<meta property=\"article:publisher\" content=\"https:\/\/www.facebook.com\/profile.php?id=100075399152223\" \/>\n<meta property=\"article:modified_time\" content=\"2026-05-06T10:23:56+00:00\" \/>\n<meta property=\"og:image\" content=\"https:\/\/milbaza.lv\/wp-content\/uploads\/2022\/03\/SP-ACU-PR-10.jpg\" \/>\n\t<meta property=\"og:image:width\" content=\"1500\" \/>\n\t<meta property=\"og:image:height\" content=\"1500\" \/>\n\t<meta property=\"og:image:type\" content=\"image\/jpeg\" \/>\n<meta name=\"twitter:card\" content=\"summary_large_image\" \/>\n<meta name=\"twitter:label1\" content=\"\u041f\u0440\u0438\u043c\u0435\u0440\u043d\u043e\u0435 \u0432\u0440\u0435\u043c\u044f \u0434\u043b\u044f \u0447\u0442\u0435\u043d\u0438\u044f\" \/>\n\t<meta name=\"twitter:data1\" content=\"1 \u043c\u0438\u043d\u0443\u0442\u0430\" \/>\n<script type=\"application\/ld+json\" class=\"yoast-schema-graph\">{\"@context\":\"https:\\\/\\\/schema.org\",\"@graph\":[{\"@type\":\"WebPage\",\"@id\":\"https:\\\/\\\/milbaza.lv\\\/ru\\\/produkts\\\/bikses-acu-polycotton-ripstop-ucp\\\/\",\"url\":\"https:\\\/\\\/milbaza.lv\\\/ru\\\/produkts\\\/bikses-acu-polycotton-ripstop-ucp\\\/\",\"name\":\"HELIKON-TEX BIKSES ACU - POLYCOTTON RIPSTOP - UCP - MILBAZA \u2013 viss akt\u012bvai atp\u016btai\",\"isPartOf\":{\"@id\":\"https:\\\/\\\/milbaza.lv\\\/ru\\\/#website\"},\"primaryImageOfPage\":{\"@id\":\"https:\\\/\\\/milbaza.lv\\\/ru\\\/produkts\\\/bikses-acu-polycotton-ripstop-ucp\\\/#primaryimage\"},\"image\":{\"@id\":\"https:\\\/\\\/milbaza.lv\\\/ru\\\/produkts\\\/bikses-acu-polycotton-ripstop-ucp\\\/#primaryimage\"},\"thumbnailUrl\":\"https:\\\/\\\/milbaza.lv\\\/wp-content\\\/uploads\\\/2022\\\/03\\\/SP-ACU-PR-10.jpg\",\"datePublished\":\"2022-03-21T03:00:57+00:00\",\"dateModified\":\"2026-05-06T10:23:56+00:00\",\"description\":\"Nopirkt HELIKON-TEX BIKSES ACU - POLYCOTTON RIPSTOP - UCP, izdev\u012bga cena un pieg\u0101de. T\u016brisma pre\u010du interneta veikals, pas\u016bt\u012bt online 24\\\/7!\",\"breadcrumb\":{\"@id\":\"https:\\\/\\\/milbaza.lv\\\/ru\\\/produkts\\\/bikses-acu-polycotton-ripstop-ucp\\\/#breadcrumb\"},\"inLanguage\":\"ru-RU\",\"potentialAction\":[{\"@type\":\"ReadAction\",\"target\":[\"https:\\\/\\\/milbaza.lv\\\/ru\\\/produkts\\\/bikses-acu-polycotton-ripstop-ucp\\\/\"]}]},{\"@type\":\"ImageObject\",\"inLanguage\":\"ru-RU\",\"@id\":\"https:\\\/\\\/milbaza.lv\\\/ru\\\/produkts\\\/bikses-acu-polycotton-ripstop-ucp\\\/#primaryimage\",\"url\":\"https:\\\/\\\/milbaza.lv\\\/wp-content\\\/uploads\\\/2022\\\/03\\\/SP-ACU-PR-10.jpg\",\"contentUrl\":\"https:\\\/\\\/milbaza.lv\\\/wp-content\\\/uploads\\\/2022\\\/03\\\/SP-ACU-PR-10.jpg\",\"width\":1500,\"height\":1500},{\"@type\":\"BreadcrumbList\",\"@id\":\"https:\\\/\\\/milbaza.lv\\\/ru\\\/produkts\\\/bikses-acu-polycotton-ripstop-ucp\\\/#breadcrumb\",\"itemListElement\":[{\"@type\":\"ListItem\",\"position\":1,\"name\":\"Home\",\"item\":\"https:\\\/\\\/milbaza.lv\\\/ru\\\/\"},{\"@type\":\"ListItem\",\"position\":2,\"name\":\"\u041c\u0430\u0433\u0430\u0437\u0438\u043d\",\"item\":\"https:\\\/\\\/milbaza.lv\\\/ru\\\/%d0%bc%d0%b0%d0%b3%d0%b0%d0%b7%d0%b8%d0%bd\\\/\"},{\"@type\":\"ListItem\",\"position\":3,\"name\":\"HELIKON-TEX BIKSES ACU &#8211; POLYCOTTON RIPSTOP &#8211; UCP\"}]},{\"@type\":\"WebSite\",\"@id\":\"https:\\\/\\\/milbaza.lv\\\/ru\\\/#website\",\"url\":\"https:\\\/\\\/milbaza.lv\\\/ru\\\/\",\"name\":\"MILBAZA \u2013 viss akt\u012bvai atp\u016btai\",\"description\":\"Viss akt\u012bvai atp\u016btai\",\"publisher\":{\"@id\":\"https:\\\/\\\/milbaza.lv\\\/ru\\\/#organization\"},\"potentialAction\":[{\"@type\":\"SearchAction\",\"target\":{\"@type\":\"EntryPoint\",\"urlTemplate\":\"https:\\\/\\\/milbaza.lv\\\/ru\\\/?s={search_term_string}\"},\"query-input\":{\"@type\":\"PropertyValueSpecification\",\"valueRequired\":true,\"valueName\":\"search_term_string\"}}],\"inLanguage\":\"ru-RU\"},{\"@type\":\"Organization\",\"@id\":\"https:\\\/\\\/milbaza.lv\\\/ru\\\/#organization\",\"name\":\"Milbaza\",\"url\":\"https:\\\/\\\/milbaza.lv\\\/ru\\\/\",\"logo\":{\"@type\":\"ImageObject\",\"inLanguage\":\"ru-RU\",\"@id\":\"https:\\\/\\\/milbaza.lv\\\/ru\\\/#\\\/schema\\\/logo\\\/image\\\/\",\"url\":\"https:\\\/\\\/milbaza.lv\\\/wp-content\\\/uploads\\\/2021\\\/11\\\/Mil_BAZA_logo3.png\",\"contentUrl\":\"https:\\\/\\\/milbaza.lv\\\/wp-content\\\/uploads\\\/2021\\\/11\\\/Mil_BAZA_logo3.png\",\"width\":564,\"height\":226,\"caption\":\"Milbaza\"},\"image\":{\"@id\":\"https:\\\/\\\/milbaza.lv\\\/ru\\\/#\\\/schema\\\/logo\\\/image\\\/\"},\"sameAs\":[\"https:\\\/\\\/www.facebook.com\\\/profile.php?id=100075399152223\",\"https:\\\/\\\/www.instagram.com\\\/milbaza.lv\\\/\",\"https:\\\/\\\/www.pinterest.com\\\/milbaza\\\/_saved\\\/\",\"https:\\\/\\\/www.youtube.com\\\/channel\\\/UCrPXltd8hsNIiGAKc37hGfQ\"]}]}<\/script>\n<!-- \/ Yoast SEO plugin. -->","yoast_head_json":{"title":"HELIKON-TEX BIKSES ACU - POLYCOTTON RIPSTOP - UCP - MILBAZA \u2013 viss akt\u012bvai atp\u016btai","description":"Nopirkt HELIKON-TEX BIKSES ACU - POLYCOTTON RIPSTOP - UCP, izdev\u012bga cena un pieg\u0101de. T\u016brisma pre\u010du interneta veikals, pas\u016bt\u012bt online 24\/7!","robots":{"index":"index","follow":"follow","max-snippet":"max-snippet:-1","max-image-preview":"max-image-preview:large","max-video-preview":"max-video-preview:-1"},"canonical":"https:\/\/milbaza.lv\/ru\/produkts\/bikses-acu-polycotton-ripstop-ucp\/","og_locale":"ru_RU","og_type":"article","og_title":"HELIKON-TEX BIKSES ACU - POLYCOTTON RIPSTOP - UCP - MILBAZA \u2013 viss akt\u012bvai atp\u016btai","og_description":"Nopirkt HELIKON-TEX BIKSES ACU - POLYCOTTON RIPSTOP - UCP, izdev\u012bga cena un pieg\u0101de. T\u016brisma pre\u010du interneta veikals, pas\u016bt\u012bt online 24\/7!","og_url":"https:\/\/milbaza.lv\/ru\/produkts\/bikses-acu-polycotton-ripstop-ucp\/","og_site_name":"MILBAZA \u2013 viss akt\u012bvai atp\u016btai","article_publisher":"https:\/\/www.facebook.com\/profile.php?id=100075399152223","article_modified_time":"2026-05-06T10:23:56+00:00","og_image":[{"width":1500,"height":1500,"url":"https:\/\/milbaza.lv\/wp-content\/uploads\/2022\/03\/SP-ACU-PR-10.jpg","type":"image\/jpeg"}],"twitter_card":"summary_large_image","twitter_misc":{"\u041f\u0440\u0438\u043c\u0435\u0440\u043d\u043e\u0435 \u0432\u0440\u0435\u043c\u044f \u0434\u043b\u044f \u0447\u0442\u0435\u043d\u0438\u044f":"1 \u043c\u0438\u043d\u0443\u0442\u0430"},"schema":{"@context":"https:\/\/schema.org","@graph":[{"@type":"WebPage","@id":"https:\/\/milbaza.lv\/ru\/produkts\/bikses-acu-polycotton-ripstop-ucp\/","url":"https:\/\/milbaza.lv\/ru\/produkts\/bikses-acu-polycotton-ripstop-ucp\/","name":"HELIKON-TEX BIKSES ACU - POLYCOTTON RIPSTOP - UCP - MILBAZA \u2013 viss akt\u012bvai atp\u016btai","isPartOf":{"@id":"https:\/\/milbaza.lv\/ru\/#website"},"primaryImageOfPage":{"@id":"https:\/\/milbaza.lv\/ru\/produkts\/bikses-acu-polycotton-ripstop-ucp\/#primaryimage"},"image":{"@id":"https:\/\/milbaza.lv\/ru\/produkts\/bikses-acu-polycotton-ripstop-ucp\/#primaryimage"},"thumbnailUrl":"https:\/\/milbaza.lv\/wp-content\/uploads\/2022\/03\/SP-ACU-PR-10.jpg","datePublished":"2022-03-21T03:00:57+00:00","dateModified":"2026-05-06T10:23:56+00:00","description":"Nopirkt HELIKON-TEX BIKSES ACU - POLYCOTTON RIPSTOP - UCP, izdev\u012bga cena un pieg\u0101de. T\u016brisma pre\u010du interneta veikals, pas\u016bt\u012bt online 24\/7!","breadcrumb":{"@id":"https:\/\/milbaza.lv\/ru\/produkts\/bikses-acu-polycotton-ripstop-ucp\/#breadcrumb"},"inLanguage":"ru-RU","potentialAction":[{"@type":"ReadAction","target":["https:\/\/milbaza.lv\/ru\/produkts\/bikses-acu-polycotton-ripstop-ucp\/"]}]},{"@type":"ImageObject","inLanguage":"ru-RU","@id":"https:\/\/milbaza.lv\/ru\/produkts\/bikses-acu-polycotton-ripstop-ucp\/#primaryimage","url":"https:\/\/milbaza.lv\/wp-content\/uploads\/2022\/03\/SP-ACU-PR-10.jpg","contentUrl":"https:\/\/milbaza.lv\/wp-content\/uploads\/2022\/03\/SP-ACU-PR-10.jpg","width":1500,"height":1500},{"@type":"BreadcrumbList","@id":"https:\/\/milbaza.lv\/ru\/produkts\/bikses-acu-polycotton-ripstop-ucp\/#breadcrumb","itemListElement":[{"@type":"ListItem","position":1,"name":"Home","item":"https:\/\/milbaza.lv\/ru\/"},{"@type":"ListItem","position":2,"name":"\u041c\u0430\u0433\u0430\u0437\u0438\u043d","item":"https:\/\/milbaza.lv\/ru\/%d0%bc%d0%b0%d0%b3%d0%b0%d0%b7%d0%b8%d0%bd\/"},{"@type":"ListItem","position":3,"name":"HELIKON-TEX BIKSES ACU &#8211; POLYCOTTON RIPSTOP &#8211; UCP"}]},{"@type":"WebSite","@id":"https:\/\/milbaza.lv\/ru\/#website","url":"https:\/\/milbaza.lv\/ru\/","name":"MILBAZA \u2013 viss akt\u012bvai atp\u016btai","description":"Viss akt\u012bvai atp\u016btai","publisher":{"@id":"https:\/\/milbaza.lv\/ru\/#organization"},"potentialAction":[{"@type":"SearchAction","target":{"@type":"EntryPoint","urlTemplate":"https:\/\/milbaza.lv\/ru\/?s={search_term_string}"},"query-input":{"@type":"PropertyValueSpecification","valueRequired":true,"valueName":"search_term_string"}}],"inLanguage":"ru-RU"},{"@type":"Organization","@id":"https:\/\/milbaza.lv\/ru\/#organization","name":"Milbaza","url":"https:\/\/milbaza.lv\/ru\/","logo":{"@type":"ImageObject","inLanguage":"ru-RU","@id":"https:\/\/milbaza.lv\/ru\/#\/schema\/logo\/image\/","url":"https:\/\/milbaza.lv\/wp-content\/uploads\/2021\/11\/Mil_BAZA_logo3.png","contentUrl":"https:\/\/milbaza.lv\/wp-content\/uploads\/2021\/11\/Mil_BAZA_logo3.png","width":564,"height":226,"caption":"Milbaza"},"image":{"@id":"https:\/\/milbaza.lv\/ru\/#\/schema\/logo\/image\/"},"sameAs":["https:\/\/www.facebook.com\/profile.php?id=100075399152223","https:\/\/www.instagram.com\/milbaza.lv\/","https:\/\/www.pinterest.com\/milbaza\/_saved\/","https:\/\/www.youtube.com\/channel\/UCrPXltd8hsNIiGAKc37hGfQ"]}]}},"_links":{"self":[{"href":"https:\/\/milbaza.lv\/ru\/wp-json\/wp\/v2\/product\/6987","targetHints":{"allow":["GET"]}}],"collection":[{"href":"https:\/\/milbaza.lv\/ru\/wp-json\/wp\/v2\/product"}],"about":[{"href":"https:\/\/milbaza.lv\/ru\/wp-json\/wp\/v2\/types\/product"}],"replies":[{"embeddable":true,"href":"https:\/\/milbaza.lv\/ru\/wp-json\/wp\/v2\/comments?post=6987"}],"wp:featuredmedia":[{"embeddable":true,"href":"https:\/\/milbaza.lv\/ru\/wp-json\/wp\/v2\/media\/7003"}],"wp:attachment":[{"href":"https:\/\/milbaza.lv\/ru\/wp-json\/wp\/v2\/media?parent=6987"}],"wp:term":[{"taxonomy":"product_brand","embeddable":true,"href":"https:\/\/milbaza.lv\/ru\/wp-json\/wp\/v2\/product_brand?post=6987"},{"taxonomy":"product_cat","embeddable":true,"href":"https:\/\/milbaza.lv\/ru\/wp-json\/wp\/v2\/product_cat?post=6987"},{"taxonomy":"product_tag","embeddable":true,"href":"https:\/\/milbaza.lv\/ru\/wp-json\/wp\/v2\/product_tag?post=6987"}],"curies":[{"name":"wp","href":"https:\/\/api.w.org\/{rel}","templated":true}]}}