{"id":7801,"date":"2022-03-21T10:36:49","date_gmt":"2022-03-21T08:36:49","guid":{"rendered":"https:\/\/milbaza.lv\/?post_type=product&#038;p=7801"},"modified":"2026-04-04T15:24:17","modified_gmt":"2026-04-04T12:24:17","slug":"sieviesu-t-krekls-helikon-tex-balts","status":"publish","type":"product","link":"https:\/\/milbaza.lv\/ru\/produkts\/sieviesu-t-krekls-helikon-tex-balts\/","title":{"rendered":"SIEVIE\u0160U T-KREKLS HELIKON-TEX"},"content":{"rendered":"<p>Classic cotton t-shirt. The layer closest to the skin.<\/p>\n<p>Features:<br \/>\nVersatile<br \/>\nClassic cut<\/p>\n","protected":false},"excerpt":{"rendered":"<p>Classic cotton t-shirt. The layer closest to the skin. Features: Versatile Classic cut<\/p>\n","protected":false},"featured_media":7818,"comment_status":"open","ping_status":"closed","template":"","meta":{"_acf_changed":false},"product_brand":[],"product_cat":[52,860,24],"product_tag":[],"class_list":{"0":"post-7801","1":"product","2":"type-product","3":"status-publish","4":"has-post-thumbnail","6":"product_cat-sieviesu-linija","7":"product_cat-t-krekli-2","8":"product_cat-apgerbi","10":"first","11":"instock","12":"taxable","13":"shipping-taxable","14":"purchasable","15":"product-type-variable","16":"has-default-attributes"},"acf":[],"yoast_head":"<!-- This site is optimized with the Yoast SEO plugin v26.7 - https:\/\/yoast.com\/wordpress\/plugins\/seo\/ -->\n<title>SIEVIE\u0160U T-KREKLS HELIKON-TEX - MILBAZA \u2013 viss akt\u012bvai atp\u016btai<\/title>\n<meta name=\"description\" content=\"Nopirkt SIEVIE\u0160U T-KREKLS HELIKON-TEX BALTS, izdev\u012bga cena un pieg\u0101de. T\u016brisma pre\u010du interneta veikals, pas\u016bt\u012bt online 24\/7!\" \/>\n<meta name=\"robots\" content=\"index, follow, max-snippet:-1, max-image-preview:large, max-video-preview:-1\" \/>\n<link rel=\"canonical\" href=\"https:\/\/milbaza.lv\/ru\/produkts\/sieviesu-t-krekls-helikon-tex-balts\/\" \/>\n<meta property=\"og:locale\" content=\"ru_RU\" \/>\n<meta property=\"og:type\" content=\"article\" \/>\n<meta property=\"og:title\" content=\"SIEVIE\u0160U T-KREKLS HELIKON-TEX - MILBAZA \u2013 viss akt\u012bvai atp\u016btai\" \/>\n<meta property=\"og:description\" content=\"Nopirkt SIEVIE\u0160U T-KREKLS HELIKON-TEX BALTS, izdev\u012bga cena un pieg\u0101de. T\u016brisma pre\u010du interneta veikals, pas\u016bt\u012bt online 24\/7!\" \/>\n<meta property=\"og:url\" content=\"https:\/\/milbaza.lv\/ru\/produkts\/sieviesu-t-krekls-helikon-tex-balts\/\" \/>\n<meta property=\"og:site_name\" content=\"MILBAZA \u2013 viss akt\u012bvai atp\u016btai\" \/>\n<meta property=\"article:publisher\" content=\"https:\/\/www.facebook.com\/profile.php?id=100075399152223\" \/>\n<meta property=\"article:modified_time\" content=\"2026-04-04T12:24:17+00:00\" \/>\n<meta property=\"og:image\" content=\"https:\/\/milbaza.lv\/wp-content\/uploads\/2022\/03\/TS-TSW-CO-20.png\" \/>\n\t<meta property=\"og:image:width\" content=\"1500\" \/>\n\t<meta property=\"og:image:height\" content=\"1500\" \/>\n\t<meta property=\"og:image:type\" content=\"image\/png\" \/>\n<meta name=\"twitter:card\" content=\"summary_large_image\" \/>\n<script type=\"application\/ld+json\" class=\"yoast-schema-graph\">{\"@context\":\"https:\/\/schema.org\",\"@graph\":[{\"@type\":\"WebPage\",\"@id\":\"https:\/\/milbaza.lv\/ru\/produkts\/sieviesu-t-krekls-helikon-tex-balts\/\",\"url\":\"https:\/\/milbaza.lv\/ru\/produkts\/sieviesu-t-krekls-helikon-tex-balts\/\",\"name\":\"SIEVIE\u0160U T-KREKLS HELIKON-TEX - MILBAZA \u2013 viss akt\u012bvai atp\u016btai\",\"isPartOf\":{\"@id\":\"https:\/\/milbaza.lv\/ru\/#website\"},\"primaryImageOfPage\":{\"@id\":\"https:\/\/milbaza.lv\/ru\/produkts\/sieviesu-t-krekls-helikon-tex-balts\/#primaryimage\"},\"image\":{\"@id\":\"https:\/\/milbaza.lv\/ru\/produkts\/sieviesu-t-krekls-helikon-tex-balts\/#primaryimage\"},\"thumbnailUrl\":\"https:\/\/milbaza.lv\/wp-content\/uploads\/2022\/03\/TS-TSW-CO-20.png\",\"datePublished\":\"2022-03-21T08:36:49+00:00\",\"dateModified\":\"2026-04-04T12:24:17+00:00\",\"description\":\"Nopirkt SIEVIE\u0160U T-KREKLS HELIKON-TEX BALTS, izdev\u012bga cena un pieg\u0101de. T\u016brisma pre\u010du interneta veikals, pas\u016bt\u012bt online 24\/7!\",\"breadcrumb\":{\"@id\":\"https:\/\/milbaza.lv\/ru\/produkts\/sieviesu-t-krekls-helikon-tex-balts\/#breadcrumb\"},\"inLanguage\":\"ru-RU\",\"potentialAction\":[{\"@type\":\"ReadAction\",\"target\":[\"https:\/\/milbaza.lv\/ru\/produkts\/sieviesu-t-krekls-helikon-tex-balts\/\"]}]},{\"@type\":\"ImageObject\",\"inLanguage\":\"ru-RU\",\"@id\":\"https:\/\/milbaza.lv\/ru\/produkts\/sieviesu-t-krekls-helikon-tex-balts\/#primaryimage\",\"url\":\"https:\/\/milbaza.lv\/wp-content\/uploads\/2022\/03\/TS-TSW-CO-20.png\",\"contentUrl\":\"https:\/\/milbaza.lv\/wp-content\/uploads\/2022\/03\/TS-TSW-CO-20.png\",\"width\":1500,\"height\":1500},{\"@type\":\"BreadcrumbList\",\"@id\":\"https:\/\/milbaza.lv\/ru\/produkts\/sieviesu-t-krekls-helikon-tex-balts\/#breadcrumb\",\"itemListElement\":[{\"@type\":\"ListItem\",\"position\":1,\"name\":\"Home\",\"item\":\"https:\/\/milbaza.lv\/ru\/\"},{\"@type\":\"ListItem\",\"position\":2,\"name\":\"\u041c\u0430\u0433\u0430\u0437\u0438\u043d\",\"item\":\"https:\/\/milbaza.lv\/ru\/%d0%bc%d0%b0%d0%b3%d0%b0%d0%b7%d0%b8%d0%bd\/\"},{\"@type\":\"ListItem\",\"position\":3,\"name\":\"SIEVIE\u0160U T-KREKLS HELIKON-TEX\"}]},{\"@type\":\"WebSite\",\"@id\":\"https:\/\/milbaza.lv\/ru\/#website\",\"url\":\"https:\/\/milbaza.lv\/ru\/\",\"name\":\"MILBAZA \u2013 viss akt\u012bvai atp\u016btai\",\"description\":\"Viss akt\u012bvai atp\u016btai\",\"publisher\":{\"@id\":\"https:\/\/milbaza.lv\/ru\/#organization\"},\"potentialAction\":[{\"@type\":\"SearchAction\",\"target\":{\"@type\":\"EntryPoint\",\"urlTemplate\":\"https:\/\/milbaza.lv\/ru\/?s={search_term_string}\"},\"query-input\":{\"@type\":\"PropertyValueSpecification\",\"valueRequired\":true,\"valueName\":\"search_term_string\"}}],\"inLanguage\":\"ru-RU\"},{\"@type\":\"Organization\",\"@id\":\"https:\/\/milbaza.lv\/ru\/#organization\",\"name\":\"Milbaza\",\"url\":\"https:\/\/milbaza.lv\/ru\/\",\"logo\":{\"@type\":\"ImageObject\",\"inLanguage\":\"ru-RU\",\"@id\":\"https:\/\/milbaza.lv\/ru\/#\/schema\/logo\/image\/\",\"url\":\"https:\/\/milbaza.lv\/wp-content\/uploads\/2021\/11\/Mil_BAZA_logo3.png\",\"contentUrl\":\"https:\/\/milbaza.lv\/wp-content\/uploads\/2021\/11\/Mil_BAZA_logo3.png\",\"width\":564,\"height\":226,\"caption\":\"Milbaza\"},\"image\":{\"@id\":\"https:\/\/milbaza.lv\/ru\/#\/schema\/logo\/image\/\"},\"sameAs\":[\"https:\/\/www.facebook.com\/profile.php?id=100075399152223\",\"https:\/\/www.instagram.com\/milbaza.lv\/\",\"https:\/\/www.pinterest.com\/milbaza\/_saved\/\",\"https:\/\/www.youtube.com\/channel\/UCrPXltd8hsNIiGAKc37hGfQ\"]}]}<\/script>\n<!-- \/ Yoast SEO plugin. -->","yoast_head_json":{"title":"SIEVIE\u0160U T-KREKLS HELIKON-TEX - MILBAZA \u2013 viss akt\u012bvai atp\u016btai","description":"Nopirkt SIEVIE\u0160U T-KREKLS HELIKON-TEX BALTS, izdev\u012bga cena un pieg\u0101de. T\u016brisma pre\u010du interneta veikals, pas\u016bt\u012bt online 24\/7!","robots":{"index":"index","follow":"follow","max-snippet":"max-snippet:-1","max-image-preview":"max-image-preview:large","max-video-preview":"max-video-preview:-1"},"canonical":"https:\/\/milbaza.lv\/ru\/produkts\/sieviesu-t-krekls-helikon-tex-balts\/","og_locale":"ru_RU","og_type":"article","og_title":"SIEVIE\u0160U T-KREKLS HELIKON-TEX - MILBAZA \u2013 viss akt\u012bvai atp\u016btai","og_description":"Nopirkt SIEVIE\u0160U T-KREKLS HELIKON-TEX BALTS, izdev\u012bga cena un pieg\u0101de. T\u016brisma pre\u010du interneta veikals, pas\u016bt\u012bt online 24\/7!","og_url":"https:\/\/milbaza.lv\/ru\/produkts\/sieviesu-t-krekls-helikon-tex-balts\/","og_site_name":"MILBAZA \u2013 viss akt\u012bvai atp\u016btai","article_publisher":"https:\/\/www.facebook.com\/profile.php?id=100075399152223","article_modified_time":"2026-04-04T12:24:17+00:00","og_image":[{"width":1500,"height":1500,"url":"https:\/\/milbaza.lv\/wp-content\/uploads\/2022\/03\/TS-TSW-CO-20.png","type":"image\/png"}],"twitter_card":"summary_large_image","schema":{"@context":"https:\/\/schema.org","@graph":[{"@type":"WebPage","@id":"https:\/\/milbaza.lv\/ru\/produkts\/sieviesu-t-krekls-helikon-tex-balts\/","url":"https:\/\/milbaza.lv\/ru\/produkts\/sieviesu-t-krekls-helikon-tex-balts\/","name":"SIEVIE\u0160U T-KREKLS HELIKON-TEX - MILBAZA \u2013 viss akt\u012bvai atp\u016btai","isPartOf":{"@id":"https:\/\/milbaza.lv\/ru\/#website"},"primaryImageOfPage":{"@id":"https:\/\/milbaza.lv\/ru\/produkts\/sieviesu-t-krekls-helikon-tex-balts\/#primaryimage"},"image":{"@id":"https:\/\/milbaza.lv\/ru\/produkts\/sieviesu-t-krekls-helikon-tex-balts\/#primaryimage"},"thumbnailUrl":"https:\/\/milbaza.lv\/wp-content\/uploads\/2022\/03\/TS-TSW-CO-20.png","datePublished":"2022-03-21T08:36:49+00:00","dateModified":"2026-04-04T12:24:17+00:00","description":"Nopirkt SIEVIE\u0160U T-KREKLS HELIKON-TEX BALTS, izdev\u012bga cena un pieg\u0101de. T\u016brisma pre\u010du interneta veikals, pas\u016bt\u012bt online 24\/7!","breadcrumb":{"@id":"https:\/\/milbaza.lv\/ru\/produkts\/sieviesu-t-krekls-helikon-tex-balts\/#breadcrumb"},"inLanguage":"ru-RU","potentialAction":[{"@type":"ReadAction","target":["https:\/\/milbaza.lv\/ru\/produkts\/sieviesu-t-krekls-helikon-tex-balts\/"]}]},{"@type":"ImageObject","inLanguage":"ru-RU","@id":"https:\/\/milbaza.lv\/ru\/produkts\/sieviesu-t-krekls-helikon-tex-balts\/#primaryimage","url":"https:\/\/milbaza.lv\/wp-content\/uploads\/2022\/03\/TS-TSW-CO-20.png","contentUrl":"https:\/\/milbaza.lv\/wp-content\/uploads\/2022\/03\/TS-TSW-CO-20.png","width":1500,"height":1500},{"@type":"BreadcrumbList","@id":"https:\/\/milbaza.lv\/ru\/produkts\/sieviesu-t-krekls-helikon-tex-balts\/#breadcrumb","itemListElement":[{"@type":"ListItem","position":1,"name":"Home","item":"https:\/\/milbaza.lv\/ru\/"},{"@type":"ListItem","position":2,"name":"\u041c\u0430\u0433\u0430\u0437\u0438\u043d","item":"https:\/\/milbaza.lv\/ru\/%d0%bc%d0%b0%d0%b3%d0%b0%d0%b7%d0%b8%d0%bd\/"},{"@type":"ListItem","position":3,"name":"SIEVIE\u0160U T-KREKLS HELIKON-TEX"}]},{"@type":"WebSite","@id":"https:\/\/milbaza.lv\/ru\/#website","url":"https:\/\/milbaza.lv\/ru\/","name":"MILBAZA \u2013 viss akt\u012bvai atp\u016btai","description":"Viss akt\u012bvai atp\u016btai","publisher":{"@id":"https:\/\/milbaza.lv\/ru\/#organization"},"potentialAction":[{"@type":"SearchAction","target":{"@type":"EntryPoint","urlTemplate":"https:\/\/milbaza.lv\/ru\/?s={search_term_string}"},"query-input":{"@type":"PropertyValueSpecification","valueRequired":true,"valueName":"search_term_string"}}],"inLanguage":"ru-RU"},{"@type":"Organization","@id":"https:\/\/milbaza.lv\/ru\/#organization","name":"Milbaza","url":"https:\/\/milbaza.lv\/ru\/","logo":{"@type":"ImageObject","inLanguage":"ru-RU","@id":"https:\/\/milbaza.lv\/ru\/#\/schema\/logo\/image\/","url":"https:\/\/milbaza.lv\/wp-content\/uploads\/2021\/11\/Mil_BAZA_logo3.png","contentUrl":"https:\/\/milbaza.lv\/wp-content\/uploads\/2021\/11\/Mil_BAZA_logo3.png","width":564,"height":226,"caption":"Milbaza"},"image":{"@id":"https:\/\/milbaza.lv\/ru\/#\/schema\/logo\/image\/"},"sameAs":["https:\/\/www.facebook.com\/profile.php?id=100075399152223","https:\/\/www.instagram.com\/milbaza.lv\/","https:\/\/www.pinterest.com\/milbaza\/_saved\/","https:\/\/www.youtube.com\/channel\/UCrPXltd8hsNIiGAKc37hGfQ"]}]}},"_links":{"self":[{"href":"https:\/\/milbaza.lv\/ru\/wp-json\/wp\/v2\/product\/7801","targetHints":{"allow":["GET"]}}],"collection":[{"href":"https:\/\/milbaza.lv\/ru\/wp-json\/wp\/v2\/product"}],"about":[{"href":"https:\/\/milbaza.lv\/ru\/wp-json\/wp\/v2\/types\/product"}],"replies":[{"embeddable":true,"href":"https:\/\/milbaza.lv\/ru\/wp-json\/wp\/v2\/comments?post=7801"}],"wp:featuredmedia":[{"embeddable":true,"href":"https:\/\/milbaza.lv\/ru\/wp-json\/wp\/v2\/media\/7818"}],"wp:attachment":[{"href":"https:\/\/milbaza.lv\/ru\/wp-json\/wp\/v2\/media?parent=7801"}],"wp:term":[{"taxonomy":"product_brand","embeddable":true,"href":"https:\/\/milbaza.lv\/ru\/wp-json\/wp\/v2\/product_brand?post=7801"},{"taxonomy":"product_cat","embeddable":true,"href":"https:\/\/milbaza.lv\/ru\/wp-json\/wp\/v2\/product_cat?post=7801"},{"taxonomy":"product_tag","embeddable":true,"href":"https:\/\/milbaza.lv\/ru\/wp-json\/wp\/v2\/product_tag?post=7801"}],"curies":[{"name":"wp","href":"https:\/\/api.w.org\/{rel}","templated":true}]}}