{"id":8974,"date":"2022-04-22T11:44:46","date_gmt":"2022-04-22T08:44:46","guid":{"rendered":"https:\/\/milbaza.lv\/?post_type=product&#038;p=8974"},"modified":"2026-05-06T12:23:37","modified_gmt":"2026-05-06T09:23:37","slug":"taktiskie-cimdi-kamuflaza","status":"publish","type":"product","link":"https:\/\/milbaza.lv\/ru\/produkts\/taktiskie-cimdi-kamuflaza\/","title":{"rendered":"TAKTISKIE KAMUFL\u0100\u017dAS CIMDI TACTICAL GLOVES RTC-HARPY"},"content":{"rendered":"<p>Taktiskie aizsargcimdi.<\/p>\n<p>aug\u0161da\u013ca izgatavota no elast\u012bga<br \/>\nplauksta izgatavota no sint\u0113tisk\u0101s \u0101das<br \/>\nsilikona raksts uz tr\u012bs pirkstu galiem<br \/>\ngumijas ielikt\u0146i nodro\u0161ina papildu aizsardz\u012bbu pret traum\u0101m un nobr\u0101zumiem<br \/>\nVelcro regul\u0113\u0161ana uz plaukstas loc\u012btavas nodro\u0161ina lab\u0101ku cimda piegul\u0161anu un cie\u0161i piegu\u013co\u0161u st\u0101vokli<br \/>\npapildu pastiprin\u0101jums rokas iek\u0161pus\u0113<br \/>\nTie ir lieliski piem\u0113roti sportam, velobraucieniem vai sporta z\u0101l\u0113<br \/>\nvelt\u012bts milit\u0101rajiem entuziastiem, motociklistiem, mop\u0113diem, ce\u013cot\u0101jiem, peintbola cien\u012bt\u0101jiem<\/p>\n","protected":false},"excerpt":{"rendered":"<p>Taktiskie aizsargcimdi. aug\u0161da\u013ca izgatavota no elast\u012bga plauksta izgatavota no sint\u0113tisk\u0101s \u0101das silikona raksts uz tr\u012bs pirkstu galiem gumijas ielikt\u0146i nodro\u0161ina papildu aizsardz\u012bbu pret traum\u0101m un nobr\u0101zumiem Velcro regul\u0113\u0161ana uz plaukstas loc\u012btavas nodro\u0161ina lab\u0101ku cimda piegul\u0161anu un cie\u0161i piegu\u013co\u0161u st\u0101vokli papildu pastiprin\u0101jums rokas iek\u0161pus\u0113 Tie ir lieliski piem\u0113roti sportam, velobraucieniem vai sporta z\u0101l\u0113 velt\u012bts milit\u0101rajiem entuziastiem, [&#8230;]\n","protected":false},"featured_media":8977,"comment_status":"open","ping_status":"closed","template":"","meta":{"_acf_changed":false},"product_brand":[],"product_cat":[24,158],"product_tag":[],"class_list":{"0":"post-8974","1":"product","2":"type-product","3":"status-publish","4":"has-post-thumbnail","6":"product_cat-apgerbi","7":"product_cat-cimdi","9":"first","10":"instock","11":"taxable","12":"shipping-taxable","13":"purchasable","14":"product-type-variable"},"acf":[],"yoast_head":"<!-- This site is optimized with the Yoast SEO plugin v27.4 - https:\/\/yoast.com\/product\/yoast-seo-wordpress\/ -->\n<title>TAKTISKIE KAMUFL\u0100\u017dAS CIMDI TACTICAL GLOVES RTC-HARPY - MILBAZA \u2013 viss akt\u012bvai atp\u016btai<\/title>\n<meta name=\"description\" content=\"Nopirkt TAKTISKIE CIMDI KAMUFL\u0100\u017dA, izdev\u012bga cena un pieg\u0101de. T\u016brisma pre\u010du interneta veikals, pas\u016bt\u012bt online 24\/7!\" \/>\n<meta name=\"robots\" content=\"index, follow, max-snippet:-1, max-image-preview:large, max-video-preview:-1\" \/>\n<link rel=\"canonical\" href=\"https:\/\/milbaza.lv\/ru\/produkts\/taktiskie-cimdi-kamuflaza\/\" \/>\n<meta property=\"og:locale\" content=\"ru_RU\" \/>\n<meta property=\"og:type\" content=\"article\" \/>\n<meta property=\"og:title\" content=\"TAKTISKIE KAMUFL\u0100\u017dAS CIMDI TACTICAL GLOVES RTC-HARPY - MILBAZA \u2013 viss akt\u012bvai atp\u016btai\" \/>\n<meta property=\"og:description\" content=\"Nopirkt TAKTISKIE CIMDI KAMUFL\u0100\u017dA, izdev\u012bga cena un pieg\u0101de. T\u016brisma pre\u010du interneta veikals, pas\u016bt\u012bt online 24\/7!\" \/>\n<meta property=\"og:url\" content=\"https:\/\/milbaza.lv\/ru\/produkts\/taktiskie-cimdi-kamuflaza\/\" \/>\n<meta property=\"og:site_name\" content=\"MILBAZA \u2013 viss akt\u012bvai atp\u016btai\" \/>\n<meta property=\"article:publisher\" content=\"https:\/\/www.facebook.com\/profile.php?id=100075399152223\" \/>\n<meta property=\"article:modified_time\" content=\"2026-05-06T09:23:37+00:00\" \/>\n<meta property=\"og:image\" content=\"https:\/\/milbaza.lv\/wp-content\/uploads\/2022\/04\/harpy.jpg\" \/>\n\t<meta property=\"og:image:width\" content=\"1000\" \/>\n\t<meta property=\"og:image:height\" content=\"1320\" \/>\n\t<meta property=\"og:image:type\" content=\"image\/jpeg\" \/>\n<meta name=\"twitter:card\" content=\"summary_large_image\" \/>\n<script type=\"application\/ld+json\" class=\"yoast-schema-graph\">{\"@context\":\"https:\\\/\\\/schema.org\",\"@graph\":[{\"@type\":\"WebPage\",\"@id\":\"https:\\\/\\\/milbaza.lv\\\/ru\\\/produkts\\\/taktiskie-cimdi-kamuflaza\\\/\",\"url\":\"https:\\\/\\\/milbaza.lv\\\/ru\\\/produkts\\\/taktiskie-cimdi-kamuflaza\\\/\",\"name\":\"TAKTISKIE KAMUFL\u0100\u017dAS CIMDI TACTICAL GLOVES RTC-HARPY - MILBAZA \u2013 viss akt\u012bvai atp\u016btai\",\"isPartOf\":{\"@id\":\"https:\\\/\\\/milbaza.lv\\\/ru\\\/#website\"},\"primaryImageOfPage\":{\"@id\":\"https:\\\/\\\/milbaza.lv\\\/ru\\\/produkts\\\/taktiskie-cimdi-kamuflaza\\\/#primaryimage\"},\"image\":{\"@id\":\"https:\\\/\\\/milbaza.lv\\\/ru\\\/produkts\\\/taktiskie-cimdi-kamuflaza\\\/#primaryimage\"},\"thumbnailUrl\":\"https:\\\/\\\/milbaza.lv\\\/wp-content\\\/uploads\\\/2022\\\/04\\\/harpy.jpg\",\"datePublished\":\"2022-04-22T08:44:46+00:00\",\"dateModified\":\"2026-05-06T09:23:37+00:00\",\"description\":\"Nopirkt TAKTISKIE CIMDI KAMUFL\u0100\u017dA, izdev\u012bga cena un pieg\u0101de. T\u016brisma pre\u010du interneta veikals, pas\u016bt\u012bt online 24\\\/7!\",\"breadcrumb\":{\"@id\":\"https:\\\/\\\/milbaza.lv\\\/ru\\\/produkts\\\/taktiskie-cimdi-kamuflaza\\\/#breadcrumb\"},\"inLanguage\":\"ru-RU\",\"potentialAction\":[{\"@type\":\"ReadAction\",\"target\":[\"https:\\\/\\\/milbaza.lv\\\/ru\\\/produkts\\\/taktiskie-cimdi-kamuflaza\\\/\"]}]},{\"@type\":\"ImageObject\",\"inLanguage\":\"ru-RU\",\"@id\":\"https:\\\/\\\/milbaza.lv\\\/ru\\\/produkts\\\/taktiskie-cimdi-kamuflaza\\\/#primaryimage\",\"url\":\"https:\\\/\\\/milbaza.lv\\\/wp-content\\\/uploads\\\/2022\\\/04\\\/harpy.jpg\",\"contentUrl\":\"https:\\\/\\\/milbaza.lv\\\/wp-content\\\/uploads\\\/2022\\\/04\\\/harpy.jpg\",\"width\":1000,\"height\":1320},{\"@type\":\"BreadcrumbList\",\"@id\":\"https:\\\/\\\/milbaza.lv\\\/ru\\\/produkts\\\/taktiskie-cimdi-kamuflaza\\\/#breadcrumb\",\"itemListElement\":[{\"@type\":\"ListItem\",\"position\":1,\"name\":\"Home\",\"item\":\"https:\\\/\\\/milbaza.lv\\\/ru\\\/\"},{\"@type\":\"ListItem\",\"position\":2,\"name\":\"\u041c\u0430\u0433\u0430\u0437\u0438\u043d\",\"item\":\"https:\\\/\\\/milbaza.lv\\\/ru\\\/%d0%bc%d0%b0%d0%b3%d0%b0%d0%b7%d0%b8%d0%bd\\\/\"},{\"@type\":\"ListItem\",\"position\":3,\"name\":\"TAKTISKIE KAMUFL\u0100\u017dAS CIMDI TACTICAL GLOVES RTC-HARPY\"}]},{\"@type\":\"WebSite\",\"@id\":\"https:\\\/\\\/milbaza.lv\\\/ru\\\/#website\",\"url\":\"https:\\\/\\\/milbaza.lv\\\/ru\\\/\",\"name\":\"MILBAZA \u2013 viss akt\u012bvai atp\u016btai\",\"description\":\"Viss akt\u012bvai atp\u016btai\",\"publisher\":{\"@id\":\"https:\\\/\\\/milbaza.lv\\\/ru\\\/#organization\"},\"potentialAction\":[{\"@type\":\"SearchAction\",\"target\":{\"@type\":\"EntryPoint\",\"urlTemplate\":\"https:\\\/\\\/milbaza.lv\\\/ru\\\/?s={search_term_string}\"},\"query-input\":{\"@type\":\"PropertyValueSpecification\",\"valueRequired\":true,\"valueName\":\"search_term_string\"}}],\"inLanguage\":\"ru-RU\"},{\"@type\":\"Organization\",\"@id\":\"https:\\\/\\\/milbaza.lv\\\/ru\\\/#organization\",\"name\":\"Milbaza\",\"url\":\"https:\\\/\\\/milbaza.lv\\\/ru\\\/\",\"logo\":{\"@type\":\"ImageObject\",\"inLanguage\":\"ru-RU\",\"@id\":\"https:\\\/\\\/milbaza.lv\\\/ru\\\/#\\\/schema\\\/logo\\\/image\\\/\",\"url\":\"https:\\\/\\\/milbaza.lv\\\/wp-content\\\/uploads\\\/2021\\\/11\\\/Mil_BAZA_logo3.png\",\"contentUrl\":\"https:\\\/\\\/milbaza.lv\\\/wp-content\\\/uploads\\\/2021\\\/11\\\/Mil_BAZA_logo3.png\",\"width\":564,\"height\":226,\"caption\":\"Milbaza\"},\"image\":{\"@id\":\"https:\\\/\\\/milbaza.lv\\\/ru\\\/#\\\/schema\\\/logo\\\/image\\\/\"},\"sameAs\":[\"https:\\\/\\\/www.facebook.com\\\/profile.php?id=100075399152223\",\"https:\\\/\\\/www.instagram.com\\\/milbaza.lv\\\/\",\"https:\\\/\\\/www.pinterest.com\\\/milbaza\\\/_saved\\\/\",\"https:\\\/\\\/www.youtube.com\\\/channel\\\/UCrPXltd8hsNIiGAKc37hGfQ\"]}]}<\/script>\n<!-- \/ Yoast SEO plugin. -->","yoast_head_json":{"title":"TAKTISKIE KAMUFL\u0100\u017dAS CIMDI TACTICAL GLOVES RTC-HARPY - MILBAZA \u2013 viss akt\u012bvai atp\u016btai","description":"Nopirkt TAKTISKIE CIMDI KAMUFL\u0100\u017dA, izdev\u012bga cena un pieg\u0101de. T\u016brisma pre\u010du interneta veikals, pas\u016bt\u012bt online 24\/7!","robots":{"index":"index","follow":"follow","max-snippet":"max-snippet:-1","max-image-preview":"max-image-preview:large","max-video-preview":"max-video-preview:-1"},"canonical":"https:\/\/milbaza.lv\/ru\/produkts\/taktiskie-cimdi-kamuflaza\/","og_locale":"ru_RU","og_type":"article","og_title":"TAKTISKIE KAMUFL\u0100\u017dAS CIMDI TACTICAL GLOVES RTC-HARPY - MILBAZA \u2013 viss akt\u012bvai atp\u016btai","og_description":"Nopirkt TAKTISKIE CIMDI KAMUFL\u0100\u017dA, izdev\u012bga cena un pieg\u0101de. T\u016brisma pre\u010du interneta veikals, pas\u016bt\u012bt online 24\/7!","og_url":"https:\/\/milbaza.lv\/ru\/produkts\/taktiskie-cimdi-kamuflaza\/","og_site_name":"MILBAZA \u2013 viss akt\u012bvai atp\u016btai","article_publisher":"https:\/\/www.facebook.com\/profile.php?id=100075399152223","article_modified_time":"2026-05-06T09:23:37+00:00","og_image":[{"width":1000,"height":1320,"url":"https:\/\/milbaza.lv\/wp-content\/uploads\/2022\/04\/harpy.jpg","type":"image\/jpeg"}],"twitter_card":"summary_large_image","schema":{"@context":"https:\/\/schema.org","@graph":[{"@type":"WebPage","@id":"https:\/\/milbaza.lv\/ru\/produkts\/taktiskie-cimdi-kamuflaza\/","url":"https:\/\/milbaza.lv\/ru\/produkts\/taktiskie-cimdi-kamuflaza\/","name":"TAKTISKIE KAMUFL\u0100\u017dAS CIMDI TACTICAL GLOVES RTC-HARPY - MILBAZA \u2013 viss akt\u012bvai atp\u016btai","isPartOf":{"@id":"https:\/\/milbaza.lv\/ru\/#website"},"primaryImageOfPage":{"@id":"https:\/\/milbaza.lv\/ru\/produkts\/taktiskie-cimdi-kamuflaza\/#primaryimage"},"image":{"@id":"https:\/\/milbaza.lv\/ru\/produkts\/taktiskie-cimdi-kamuflaza\/#primaryimage"},"thumbnailUrl":"https:\/\/milbaza.lv\/wp-content\/uploads\/2022\/04\/harpy.jpg","datePublished":"2022-04-22T08:44:46+00:00","dateModified":"2026-05-06T09:23:37+00:00","description":"Nopirkt TAKTISKIE CIMDI KAMUFL\u0100\u017dA, izdev\u012bga cena un pieg\u0101de. T\u016brisma pre\u010du interneta veikals, pas\u016bt\u012bt online 24\/7!","breadcrumb":{"@id":"https:\/\/milbaza.lv\/ru\/produkts\/taktiskie-cimdi-kamuflaza\/#breadcrumb"},"inLanguage":"ru-RU","potentialAction":[{"@type":"ReadAction","target":["https:\/\/milbaza.lv\/ru\/produkts\/taktiskie-cimdi-kamuflaza\/"]}]},{"@type":"ImageObject","inLanguage":"ru-RU","@id":"https:\/\/milbaza.lv\/ru\/produkts\/taktiskie-cimdi-kamuflaza\/#primaryimage","url":"https:\/\/milbaza.lv\/wp-content\/uploads\/2022\/04\/harpy.jpg","contentUrl":"https:\/\/milbaza.lv\/wp-content\/uploads\/2022\/04\/harpy.jpg","width":1000,"height":1320},{"@type":"BreadcrumbList","@id":"https:\/\/milbaza.lv\/ru\/produkts\/taktiskie-cimdi-kamuflaza\/#breadcrumb","itemListElement":[{"@type":"ListItem","position":1,"name":"Home","item":"https:\/\/milbaza.lv\/ru\/"},{"@type":"ListItem","position":2,"name":"\u041c\u0430\u0433\u0430\u0437\u0438\u043d","item":"https:\/\/milbaza.lv\/ru\/%d0%bc%d0%b0%d0%b3%d0%b0%d0%b7%d0%b8%d0%bd\/"},{"@type":"ListItem","position":3,"name":"TAKTISKIE KAMUFL\u0100\u017dAS CIMDI TACTICAL GLOVES RTC-HARPY"}]},{"@type":"WebSite","@id":"https:\/\/milbaza.lv\/ru\/#website","url":"https:\/\/milbaza.lv\/ru\/","name":"MILBAZA \u2013 viss akt\u012bvai atp\u016btai","description":"Viss akt\u012bvai atp\u016btai","publisher":{"@id":"https:\/\/milbaza.lv\/ru\/#organization"},"potentialAction":[{"@type":"SearchAction","target":{"@type":"EntryPoint","urlTemplate":"https:\/\/milbaza.lv\/ru\/?s={search_term_string}"},"query-input":{"@type":"PropertyValueSpecification","valueRequired":true,"valueName":"search_term_string"}}],"inLanguage":"ru-RU"},{"@type":"Organization","@id":"https:\/\/milbaza.lv\/ru\/#organization","name":"Milbaza","url":"https:\/\/milbaza.lv\/ru\/","logo":{"@type":"ImageObject","inLanguage":"ru-RU","@id":"https:\/\/milbaza.lv\/ru\/#\/schema\/logo\/image\/","url":"https:\/\/milbaza.lv\/wp-content\/uploads\/2021\/11\/Mil_BAZA_logo3.png","contentUrl":"https:\/\/milbaza.lv\/wp-content\/uploads\/2021\/11\/Mil_BAZA_logo3.png","width":564,"height":226,"caption":"Milbaza"},"image":{"@id":"https:\/\/milbaza.lv\/ru\/#\/schema\/logo\/image\/"},"sameAs":["https:\/\/www.facebook.com\/profile.php?id=100075399152223","https:\/\/www.instagram.com\/milbaza.lv\/","https:\/\/www.pinterest.com\/milbaza\/_saved\/","https:\/\/www.youtube.com\/channel\/UCrPXltd8hsNIiGAKc37hGfQ"]}]}},"_links":{"self":[{"href":"https:\/\/milbaza.lv\/ru\/wp-json\/wp\/v2\/product\/8974","targetHints":{"allow":["GET"]}}],"collection":[{"href":"https:\/\/milbaza.lv\/ru\/wp-json\/wp\/v2\/product"}],"about":[{"href":"https:\/\/milbaza.lv\/ru\/wp-json\/wp\/v2\/types\/product"}],"replies":[{"embeddable":true,"href":"https:\/\/milbaza.lv\/ru\/wp-json\/wp\/v2\/comments?post=8974"}],"wp:featuredmedia":[{"embeddable":true,"href":"https:\/\/milbaza.lv\/ru\/wp-json\/wp\/v2\/media\/8977"}],"wp:attachment":[{"href":"https:\/\/milbaza.lv\/ru\/wp-json\/wp\/v2\/media?parent=8974"}],"wp:term":[{"taxonomy":"product_brand","embeddable":true,"href":"https:\/\/milbaza.lv\/ru\/wp-json\/wp\/v2\/product_brand?post=8974"},{"taxonomy":"product_cat","embeddable":true,"href":"https:\/\/milbaza.lv\/ru\/wp-json\/wp\/v2\/product_cat?post=8974"},{"taxonomy":"product_tag","embeddable":true,"href":"https:\/\/milbaza.lv\/ru\/wp-json\/wp\/v2\/product_tag?post=8974"}],"curies":[{"name":"wp","href":"https:\/\/api.w.org\/{rel}","templated":true}]}}