{"id":9072,"date":"2022-04-25T11:56:27","date_gmt":"2022-04-25T08:56:27","guid":{"rendered":"https:\/\/milbaza.lv\/?post_type=product&#038;p=9072"},"modified":"2026-05-06T17:06:39","modified_gmt":"2026-05-06T14:06:39","slug":"aptiecina-liela","status":"publish","type":"product","link":"https:\/\/milbaza.lv\/ru\/produkts\/aptiecina-liela\/","title":{"rendered":"APTIECI\u0145A LIEL\u0100"},"content":{"rendered":"<p>Liela aptieci\u0146a (uz\u0146\u0113mumiem ar vair\u0101k nek\u0101 25 darbiniekiem) auduma maci\u0146\u0101.<\/p>\n<p>Pirm\u0101s pal\u012bdz\u012bbas komplekt\u0101 ir viss nepiecie\u0161amais atbilsto\u0161i MINIM\u0100L\u0100M PRAS\u012aB\u0100M PIRM\u0100S PAL\u012aDZ\u012aBAS IEK\u0100RT\u0100M MAZIEM UZ\u0145\u0112MUMIEM VAI Atsevi\u0161\u0137\u0101m UZ\u0145\u0112MUMA STRUKT\u016aR\u0100M AR VAIR\u0100K NEK\u0100 25 DARBINIEKU.<\/p>\n<p>1) sterils \u0137irur\u0123iskais tampons. 7,5&#215;7,5 cm &#8211; 3 gab., 10&#215;10 cm &#8211; 3 gab., 5&#215;5 cm &#8211; 3 gab.<br \/>\n2) p\u0101rs\u0113js rull\u012b: 5\u00d710 cm &#8211; 2 gab., 4\u00d715 cm &#8211; 2 gab.<br \/>\n3) pl\u0101ksteris &#8211; 24 gab.<br \/>\n4) pl\u0101ksteris rull\u012b &#8211; 2 gab.<br \/>\n5) \u0137irur\u0123iskie tamponi ar dezinfekcijas l\u012bdzekli &#8211; 12 gab.<br \/>\n6) tr\u012bsst\u016brveida dvielis &#8211; 2 gab.<br \/>\n7) sterils pirm\u0101s pal\u012bdz\u012bbas iepakojums ar \u0137irur\u0123iskajiem tamponiem &#8211; 2 gab.<br \/>\n8) aizsarggriez\u0113js vai \u0161\u0137\u0113res &#8211; 1 gab.<br \/>\n9) cimdi &#8211; 2 p\u0101ri<br \/>\n10) maska \u200b\u200bm\u0101ksl\u012bgajai elpin\u0101\u0161anai &#8211; 1 gab.<br \/>\n11) termosega -1gab.<br \/>\n12) pa\u0161sald\u0113jo\u0161\u0101 aukst\u0101 komprese &#8211; 1 gab.<br \/>\n13) pirm\u0101s pal\u012bdz\u012bbas l\u012bdzek\u013cu lieto\u0161anas rokasgr\u0101mata &#8211; 1 gab.<br \/>\n14) pirm\u0101s pal\u012bdz\u012bbas snieg\u0161anas instrukcija &#8211; 1 gab.<\/p>\n","protected":false},"excerpt":{"rendered":"<p>Liela aptieci\u0146a (uz\u0146\u0113mumiem ar vair\u0101k nek\u0101 25 darbiniekiem) auduma maci\u0146\u0101. Pirm\u0101s pal\u012bdz\u012bbas komplekt\u0101 ir viss nepiecie\u0161amais atbilsto\u0161i MINIM\u0100L\u0100M PRAS\u012aB\u0100M PIRM\u0100S PAL\u012aDZ\u012aBAS IEK\u0100RT\u0100M MAZIEM UZ\u0145\u0112MUMIEM VAI Atsevi\u0161\u0137\u0101m UZ\u0145\u0112MUMA STRUKT\u016aR\u0100M AR VAIR\u0100K NEK\u0100 25 DARBINIEKU. 1) sterils \u0137irur\u0123iskais tampons. 7,5&#215;7,5 cm &#8211; 3 gab., 10&#215;10 cm &#8211; 3 gab., 5&#215;5 cm &#8211; 3 gab. 2) p\u0101rs\u0113js rull\u012b: [&#8230;]\n","protected":false},"featured_media":9619,"comment_status":"open","ping_status":"closed","template":"","meta":{"_acf_changed":false},"product_brand":[],"product_cat":[269],"product_tag":[],"class_list":{"0":"post-9072","1":"product","2":"type-product","3":"status-publish","4":"has-post-thumbnail","6":"product_cat-medicina","8":"first","9":"outofstock","10":"taxable","11":"shipping-taxable","12":"purchasable","13":"product-type-simple"},"acf":[],"yoast_head":"<!-- This site is optimized with the Yoast SEO plugin v27.4 - https:\/\/yoast.com\/product\/yoast-seo-wordpress\/ -->\n<title>APTIECI\u0145A LIEL\u0100 - MILBAZA \u2013 viss akt\u012bvai atp\u016btai<\/title>\n<meta name=\"description\" content=\"Nopirkt APTIECI\u0145A LIEL\u0100, izdev\u012bga cena un pieg\u0101de. T\u016brisma pre\u010du interneta veikals, pas\u016bt\u012bt online 24\/7!\" \/>\n<meta name=\"robots\" content=\"index, follow, max-snippet:-1, max-image-preview:large, max-video-preview:-1\" \/>\n<link rel=\"canonical\" href=\"https:\/\/milbaza.lv\/ru\/produkts\/aptiecina-liela\/\" \/>\n<meta property=\"og:locale\" content=\"ru_RU\" \/>\n<meta property=\"og:type\" content=\"article\" \/>\n<meta property=\"og:title\" content=\"APTIECI\u0145A LIEL\u0100 - MILBAZA \u2013 viss akt\u012bvai atp\u016btai\" \/>\n<meta property=\"og:description\" content=\"Nopirkt APTIECI\u0145A LIEL\u0100, izdev\u012bga cena un pieg\u0101de. T\u016brisma pre\u010du interneta veikals, pas\u016bt\u012bt online 24\/7!\" \/>\n<meta property=\"og:url\" content=\"https:\/\/milbaza.lv\/ru\/produkts\/aptiecina-liela\/\" \/>\n<meta property=\"og:site_name\" content=\"MILBAZA \u2013 viss akt\u012bvai atp\u016btai\" \/>\n<meta property=\"article:publisher\" content=\"https:\/\/www.facebook.com\/profile.php?id=100075399152223\" \/>\n<meta property=\"article:modified_time\" content=\"2026-05-06T14:06:39+00:00\" \/>\n<meta property=\"og:image\" content=\"https:\/\/milbaza.lv\/wp-content\/uploads\/2022\/04\/590005.jpg\" \/>\n\t<meta property=\"og:image:width\" content=\"500\" \/>\n\t<meta property=\"og:image:height\" content=\"500\" \/>\n\t<meta property=\"og:image:type\" content=\"image\/jpeg\" \/>\n<meta name=\"twitter:card\" content=\"summary_large_image\" \/>\n<meta name=\"twitter:label1\" content=\"\u041f\u0440\u0438\u043c\u0435\u0440\u043d\u043e\u0435 \u0432\u0440\u0435\u043c\u044f \u0434\u043b\u044f \u0447\u0442\u0435\u043d\u0438\u044f\" \/>\n\t<meta name=\"twitter:data1\" content=\"1 \u043c\u0438\u043d\u0443\u0442\u0430\" \/>\n<script type=\"application\/ld+json\" class=\"yoast-schema-graph\">{\"@context\":\"https:\\\/\\\/schema.org\",\"@graph\":[{\"@type\":\"WebPage\",\"@id\":\"https:\\\/\\\/milbaza.lv\\\/ru\\\/produkts\\\/aptiecina-liela\\\/\",\"url\":\"https:\\\/\\\/milbaza.lv\\\/ru\\\/produkts\\\/aptiecina-liela\\\/\",\"name\":\"APTIECI\u0145A LIEL\u0100 - MILBAZA \u2013 viss akt\u012bvai atp\u016btai\",\"isPartOf\":{\"@id\":\"https:\\\/\\\/milbaza.lv\\\/ru\\\/#website\"},\"primaryImageOfPage\":{\"@id\":\"https:\\\/\\\/milbaza.lv\\\/ru\\\/produkts\\\/aptiecina-liela\\\/#primaryimage\"},\"image\":{\"@id\":\"https:\\\/\\\/milbaza.lv\\\/ru\\\/produkts\\\/aptiecina-liela\\\/#primaryimage\"},\"thumbnailUrl\":\"https:\\\/\\\/milbaza.lv\\\/wp-content\\\/uploads\\\/2022\\\/04\\\/590005.jpg\",\"datePublished\":\"2022-04-25T08:56:27+00:00\",\"dateModified\":\"2026-05-06T14:06:39+00:00\",\"description\":\"Nopirkt APTIECI\u0145A LIEL\u0100, izdev\u012bga cena un pieg\u0101de. T\u016brisma pre\u010du interneta veikals, pas\u016bt\u012bt online 24\\\/7!\",\"breadcrumb\":{\"@id\":\"https:\\\/\\\/milbaza.lv\\\/ru\\\/produkts\\\/aptiecina-liela\\\/#breadcrumb\"},\"inLanguage\":\"ru-RU\",\"potentialAction\":[{\"@type\":\"ReadAction\",\"target\":[\"https:\\\/\\\/milbaza.lv\\\/ru\\\/produkts\\\/aptiecina-liela\\\/\"]}]},{\"@type\":\"ImageObject\",\"inLanguage\":\"ru-RU\",\"@id\":\"https:\\\/\\\/milbaza.lv\\\/ru\\\/produkts\\\/aptiecina-liela\\\/#primaryimage\",\"url\":\"https:\\\/\\\/milbaza.lv\\\/wp-content\\\/uploads\\\/2022\\\/04\\\/590005.jpg\",\"contentUrl\":\"https:\\\/\\\/milbaza.lv\\\/wp-content\\\/uploads\\\/2022\\\/04\\\/590005.jpg\",\"width\":500,\"height\":500},{\"@type\":\"BreadcrumbList\",\"@id\":\"https:\\\/\\\/milbaza.lv\\\/ru\\\/produkts\\\/aptiecina-liela\\\/#breadcrumb\",\"itemListElement\":[{\"@type\":\"ListItem\",\"position\":1,\"name\":\"Home\",\"item\":\"https:\\\/\\\/milbaza.lv\\\/ru\\\/\"},{\"@type\":\"ListItem\",\"position\":2,\"name\":\"\u041c\u0430\u0433\u0430\u0437\u0438\u043d\",\"item\":\"https:\\\/\\\/milbaza.lv\\\/ru\\\/%d0%bc%d0%b0%d0%b3%d0%b0%d0%b7%d0%b8%d0%bd\\\/\"},{\"@type\":\"ListItem\",\"position\":3,\"name\":\"APTIECI\u0145A LIEL\u0100\"}]},{\"@type\":\"WebSite\",\"@id\":\"https:\\\/\\\/milbaza.lv\\\/ru\\\/#website\",\"url\":\"https:\\\/\\\/milbaza.lv\\\/ru\\\/\",\"name\":\"MILBAZA \u2013 viss akt\u012bvai atp\u016btai\",\"description\":\"Viss akt\u012bvai atp\u016btai\",\"publisher\":{\"@id\":\"https:\\\/\\\/milbaza.lv\\\/ru\\\/#organization\"},\"potentialAction\":[{\"@type\":\"SearchAction\",\"target\":{\"@type\":\"EntryPoint\",\"urlTemplate\":\"https:\\\/\\\/milbaza.lv\\\/ru\\\/?s={search_term_string}\"},\"query-input\":{\"@type\":\"PropertyValueSpecification\",\"valueRequired\":true,\"valueName\":\"search_term_string\"}}],\"inLanguage\":\"ru-RU\"},{\"@type\":\"Organization\",\"@id\":\"https:\\\/\\\/milbaza.lv\\\/ru\\\/#organization\",\"name\":\"Milbaza\",\"url\":\"https:\\\/\\\/milbaza.lv\\\/ru\\\/\",\"logo\":{\"@type\":\"ImageObject\",\"inLanguage\":\"ru-RU\",\"@id\":\"https:\\\/\\\/milbaza.lv\\\/ru\\\/#\\\/schema\\\/logo\\\/image\\\/\",\"url\":\"https:\\\/\\\/milbaza.lv\\\/wp-content\\\/uploads\\\/2021\\\/11\\\/Mil_BAZA_logo3.png\",\"contentUrl\":\"https:\\\/\\\/milbaza.lv\\\/wp-content\\\/uploads\\\/2021\\\/11\\\/Mil_BAZA_logo3.png\",\"width\":564,\"height\":226,\"caption\":\"Milbaza\"},\"image\":{\"@id\":\"https:\\\/\\\/milbaza.lv\\\/ru\\\/#\\\/schema\\\/logo\\\/image\\\/\"},\"sameAs\":[\"https:\\\/\\\/www.facebook.com\\\/profile.php?id=100075399152223\",\"https:\\\/\\\/www.instagram.com\\\/milbaza.lv\\\/\",\"https:\\\/\\\/www.pinterest.com\\\/milbaza\\\/_saved\\\/\",\"https:\\\/\\\/www.youtube.com\\\/channel\\\/UCrPXltd8hsNIiGAKc37hGfQ\"]}]}<\/script>\n<!-- \/ Yoast SEO plugin. -->","yoast_head_json":{"title":"APTIECI\u0145A LIEL\u0100 - MILBAZA \u2013 viss akt\u012bvai atp\u016btai","description":"Nopirkt APTIECI\u0145A LIEL\u0100, izdev\u012bga cena un pieg\u0101de. T\u016brisma pre\u010du interneta veikals, pas\u016bt\u012bt online 24\/7!","robots":{"index":"index","follow":"follow","max-snippet":"max-snippet:-1","max-image-preview":"max-image-preview:large","max-video-preview":"max-video-preview:-1"},"canonical":"https:\/\/milbaza.lv\/ru\/produkts\/aptiecina-liela\/","og_locale":"ru_RU","og_type":"article","og_title":"APTIECI\u0145A LIEL\u0100 - MILBAZA \u2013 viss akt\u012bvai atp\u016btai","og_description":"Nopirkt APTIECI\u0145A LIEL\u0100, izdev\u012bga cena un pieg\u0101de. T\u016brisma pre\u010du interneta veikals, pas\u016bt\u012bt online 24\/7!","og_url":"https:\/\/milbaza.lv\/ru\/produkts\/aptiecina-liela\/","og_site_name":"MILBAZA \u2013 viss akt\u012bvai atp\u016btai","article_publisher":"https:\/\/www.facebook.com\/profile.php?id=100075399152223","article_modified_time":"2026-05-06T14:06:39+00:00","og_image":[{"width":500,"height":500,"url":"https:\/\/milbaza.lv\/wp-content\/uploads\/2022\/04\/590005.jpg","type":"image\/jpeg"}],"twitter_card":"summary_large_image","twitter_misc":{"\u041f\u0440\u0438\u043c\u0435\u0440\u043d\u043e\u0435 \u0432\u0440\u0435\u043c\u044f \u0434\u043b\u044f \u0447\u0442\u0435\u043d\u0438\u044f":"1 \u043c\u0438\u043d\u0443\u0442\u0430"},"schema":{"@context":"https:\/\/schema.org","@graph":[{"@type":"WebPage","@id":"https:\/\/milbaza.lv\/ru\/produkts\/aptiecina-liela\/","url":"https:\/\/milbaza.lv\/ru\/produkts\/aptiecina-liela\/","name":"APTIECI\u0145A LIEL\u0100 - MILBAZA \u2013 viss akt\u012bvai atp\u016btai","isPartOf":{"@id":"https:\/\/milbaza.lv\/ru\/#website"},"primaryImageOfPage":{"@id":"https:\/\/milbaza.lv\/ru\/produkts\/aptiecina-liela\/#primaryimage"},"image":{"@id":"https:\/\/milbaza.lv\/ru\/produkts\/aptiecina-liela\/#primaryimage"},"thumbnailUrl":"https:\/\/milbaza.lv\/wp-content\/uploads\/2022\/04\/590005.jpg","datePublished":"2022-04-25T08:56:27+00:00","dateModified":"2026-05-06T14:06:39+00:00","description":"Nopirkt APTIECI\u0145A LIEL\u0100, izdev\u012bga cena un pieg\u0101de. T\u016brisma pre\u010du interneta veikals, pas\u016bt\u012bt online 24\/7!","breadcrumb":{"@id":"https:\/\/milbaza.lv\/ru\/produkts\/aptiecina-liela\/#breadcrumb"},"inLanguage":"ru-RU","potentialAction":[{"@type":"ReadAction","target":["https:\/\/milbaza.lv\/ru\/produkts\/aptiecina-liela\/"]}]},{"@type":"ImageObject","inLanguage":"ru-RU","@id":"https:\/\/milbaza.lv\/ru\/produkts\/aptiecina-liela\/#primaryimage","url":"https:\/\/milbaza.lv\/wp-content\/uploads\/2022\/04\/590005.jpg","contentUrl":"https:\/\/milbaza.lv\/wp-content\/uploads\/2022\/04\/590005.jpg","width":500,"height":500},{"@type":"BreadcrumbList","@id":"https:\/\/milbaza.lv\/ru\/produkts\/aptiecina-liela\/#breadcrumb","itemListElement":[{"@type":"ListItem","position":1,"name":"Home","item":"https:\/\/milbaza.lv\/ru\/"},{"@type":"ListItem","position":2,"name":"\u041c\u0430\u0433\u0430\u0437\u0438\u043d","item":"https:\/\/milbaza.lv\/ru\/%d0%bc%d0%b0%d0%b3%d0%b0%d0%b7%d0%b8%d0%bd\/"},{"@type":"ListItem","position":3,"name":"APTIECI\u0145A LIEL\u0100"}]},{"@type":"WebSite","@id":"https:\/\/milbaza.lv\/ru\/#website","url":"https:\/\/milbaza.lv\/ru\/","name":"MILBAZA \u2013 viss akt\u012bvai atp\u016btai","description":"Viss akt\u012bvai atp\u016btai","publisher":{"@id":"https:\/\/milbaza.lv\/ru\/#organization"},"potentialAction":[{"@type":"SearchAction","target":{"@type":"EntryPoint","urlTemplate":"https:\/\/milbaza.lv\/ru\/?s={search_term_string}"},"query-input":{"@type":"PropertyValueSpecification","valueRequired":true,"valueName":"search_term_string"}}],"inLanguage":"ru-RU"},{"@type":"Organization","@id":"https:\/\/milbaza.lv\/ru\/#organization","name":"Milbaza","url":"https:\/\/milbaza.lv\/ru\/","logo":{"@type":"ImageObject","inLanguage":"ru-RU","@id":"https:\/\/milbaza.lv\/ru\/#\/schema\/logo\/image\/","url":"https:\/\/milbaza.lv\/wp-content\/uploads\/2021\/11\/Mil_BAZA_logo3.png","contentUrl":"https:\/\/milbaza.lv\/wp-content\/uploads\/2021\/11\/Mil_BAZA_logo3.png","width":564,"height":226,"caption":"Milbaza"},"image":{"@id":"https:\/\/milbaza.lv\/ru\/#\/schema\/logo\/image\/"},"sameAs":["https:\/\/www.facebook.com\/profile.php?id=100075399152223","https:\/\/www.instagram.com\/milbaza.lv\/","https:\/\/www.pinterest.com\/milbaza\/_saved\/","https:\/\/www.youtube.com\/channel\/UCrPXltd8hsNIiGAKc37hGfQ"]}]}},"_links":{"self":[{"href":"https:\/\/milbaza.lv\/ru\/wp-json\/wp\/v2\/product\/9072","targetHints":{"allow":["GET"]}}],"collection":[{"href":"https:\/\/milbaza.lv\/ru\/wp-json\/wp\/v2\/product"}],"about":[{"href":"https:\/\/milbaza.lv\/ru\/wp-json\/wp\/v2\/types\/product"}],"replies":[{"embeddable":true,"href":"https:\/\/milbaza.lv\/ru\/wp-json\/wp\/v2\/comments?post=9072"}],"wp:featuredmedia":[{"embeddable":true,"href":"https:\/\/milbaza.lv\/ru\/wp-json\/wp\/v2\/media\/9619"}],"wp:attachment":[{"href":"https:\/\/milbaza.lv\/ru\/wp-json\/wp\/v2\/media?parent=9072"}],"wp:term":[{"taxonomy":"product_brand","embeddable":true,"href":"https:\/\/milbaza.lv\/ru\/wp-json\/wp\/v2\/product_brand?post=9072"},{"taxonomy":"product_cat","embeddable":true,"href":"https:\/\/milbaza.lv\/ru\/wp-json\/wp\/v2\/product_cat?post=9072"},{"taxonomy":"product_tag","embeddable":true,"href":"https:\/\/milbaza.lv\/ru\/wp-json\/wp\/v2\/product_tag?post=9072"}],"curies":[{"name":"wp","href":"https:\/\/api.w.org\/{rel}","templated":true}]}}