{"id":922,"date":"2021-11-24T16:08:03","date_gmt":"2021-11-24T14:08:03","guid":{"rendered":"https:\/\/milbaza.lv\/?post_type=product&#038;p=922"},"modified":"2026-05-06T13:23:44","modified_gmt":"2026-05-06T10:23:44","slug":"smere-ballistol-200ml","status":"publish","type":"product","link":"https:\/\/milbaza.lv\/ru\/produkts\/smere-ballistol-200ml\/","title":{"rendered":"E\u013c\u013ca Ballistol 200ml"},"content":{"rendered":"<p>Univers\u0101l\u0101 e\u013c\u013ca. Met\u0101la, koka, \u0101das, gumijas, sint\u0113tisko materi\u0101lu, \u0101das, dz\u012bvnieku ka\u017eoka un daudz ka cita kop\u0161anai. Ide\u0101li piem\u0113rots rokdarbiem, r\u016bpniec\u012bbai, lauksaimniec\u012bbai, m\u0101jsaimniec\u012bbai, d\u0101rzkop\u012bbai, transportl\u012bdzek\u013ciem, mak\u0161\u0137er\u0113\u0161anai, med\u012bb\u0101m un \u0161au\u0161anas sportam.<\/p>\n<ul>\n<li>Met\u0101ls<br \/>\nBALLISTOL tiek pla\u0161i izmantots prec\u012bzit\u0101tes m\u0113rinstrumentu un instrumentu r\u016bpniec\u012bb\u0101, k\u0101 ar\u012b svaru un citu prec\u012bzit\u0101tes instrumentu ra\u017eo\u0161an\u0101. BALLISTOL nodro\u0161ina aizsarg\u0101jo\u0161u s\u0101rmainu pl\u0113vi uz met\u0101la virsmas, neitraliz\u0113 roku sviedru un citus sk\u0101bes kod\u012bgus atlikumus, lai virsma b\u016btu aizsarg\u0101ta pret koroziju. Tas att\u012bra un padara sudrabu un misi\u0146u sp\u012bd\u012bgu. Lieliski piem\u0113rots instrumentu uztur\u0113\u0161anai prec\u012bz\u0101s meh\u0101nikas jom\u0101.<\/li>\n<li>\u0100da<br \/>\nBALLISTOL efekt\u012bvi aizsarg\u0101 \u0101du no saciet\u0113\u0161anas un iz\u017e\u016b\u0161anas, no \u016bdens, kukai\u0146iem un s\u0113n\u012bt\u0113m. Miecsk\u0101bes atlikumi \u0101d\u0101 tiks neitraliz\u0113ti. M\u012bkstina sausu \u0101du un padara to elast\u012bgu un sp\u012bd\u012bgu. Spilgta \u0101da var k\u013c\u016bt tum\u0161\u0101ka. BALLISTOL tipisk\u0101 smar\u017ea \u0101tri iztvaiko. Neatst\u0101j taukainu pl\u0113vi.<\/li>\n<li>Koksne<br \/>\nBALLISTOL aizsarg\u0101, saglab\u0101 un atjauno visas dab\u012bg\u0101s koka virsmas. Tas uzlabo koksnes sl\u012bp\u0113jumu un aizsarg\u0101 pret mitrumu un kukai\u0146u boj\u0101jumiem. Tas ir lieliski piem\u0113rots ant\u012bk\u0101m m\u0113bel\u0113m!<\/li>\n<li>Plastmasa<br \/>\nBALLISTOL uztur un aizsarg\u0101 e\u013c\u013cas iztur\u012bgu sint\u0113tisko materi\u0101lu, saglab\u0101 t\u0101 elast\u012bbu un pasarg\u0101 no iz\u017e\u016b\u0161anas un nodiluma. Atjauno sint\u0113tisko virsmu sp\u012bdumu, neradot taukainu pl\u0113vi.<\/li>\n<li>\u0100da un ka\u017eoks:<br \/>\nBALLISTOL ir saudz\u012bgs pret \u0101du un piln\u012bgi nekait\u012bgs, ja nejau\u0161i nok\u013c\u016bst uz \u0101das. Tas ir ide\u0101li piem\u0113rots dz\u012bvnieku ka\u017eoka kop\u0161anai, auss t\u012br\u012b\u0161anai, k\u0101 ar\u012b zirgu kr\u0113p\u0113m, astes matiem un nagiem.<\/li>\n<li>Iero\u010di:<br \/>\nBALLISTOL aizsarg\u0101 no korozijas, e\u013c\u013co, att\u012bra un iedarbojas pret pulvera, svina, vara un tabakas atlikumiem. Tas iek\u013cust vissmalk\u0101kaj\u0101s plais\u0101s un iz\u0161\u0137\u012bdina vecos net\u012brumus un nepiem\u0113rotu e\u013c\u013cu sve\u0137us. Tas neitraliz\u0113 sadeg\u0161anas atliekas. Tas ar\u012b t\u012bra, apkopj un aizsarg\u0101 koka materi\u0101lu un iero\u010du \u0101das siksnas.<\/li>\n<li>Vide<br \/>\n\u0160is produkts ir izgatavots no dab\u012bg\u0101m viel\u0101m. Tas ir dro\u0161s cilv\u0113kiem un dz\u012bvniekiem. Ra\u017eo\u0161anai izmantot\u0101 balt\u0101 e\u013c\u013ca no medic\u012bnisk\u0101 viedok\u013ca ir absol\u016bti t\u012bra. Sast\u0101v\u0101 eso\u0161\u0101s vielas ir dabai nekait\u012bgas un biolo\u0123iski sadal\u0101s. E\u013c\u013ca nesatur sve\u0137us\u00a0 vai sk\u0101bes, un tai nav lieto\u0161anas beigu termi\u0146a.<\/li>\n<\/ul>\n<p>Farmaceitiski t\u012bro vielu d\u0113\u013c to var izmantot ar\u012b p\u0101rtikas ra\u017eo\u0161anas proces\u0101.<\/p>\n","protected":false},"excerpt":{"rendered":"<p>Univers\u0101l\u0101 e\u013c\u013ca. Met\u0101la, koka, \u0101das, gumijas, sint\u0113tisko materi\u0101lu, \u0101das, dz\u012bvnieku ka\u017eoka un daudz ka cita kop\u0161anai. Ide\u0101li piem\u0113rots rokdarbiem, r\u016bpniec\u012bbai, lauksaimniec\u012bbai, m\u0101jsaimniec\u012bbai, d\u0101rzkop\u012bbai, transportl\u012bdzek\u013ciem, mak\u0161\u0137er\u0113\u0161anai, med\u012bb\u0101m un \u0161au\u0161anas sportam. Met\u0101ls BALLISTOL tiek pla\u0161i izmantots prec\u012bzit\u0101tes m\u0113rinstrumentu un instrumentu r\u016bpniec\u012bb\u0101, k\u0101 ar\u012b svaru un citu prec\u012bzit\u0101tes instrumentu ra\u017eo\u0161an\u0101. BALLISTOL nodro\u0161ina aizsarg\u0101jo\u0161u s\u0101rmainu pl\u0113vi uz met\u0101la virsmas, [&#8230;]\n","protected":false},"featured_media":10536,"comment_status":"open","ping_status":"closed","template":"","meta":{"_acf_changed":false},"product_brand":[],"product_cat":[164],"product_tag":[],"class_list":{"0":"post-922","1":"product","2":"type-product","3":"status-publish","4":"has-post-thumbnail","6":"product_cat-apkopei","8":"first","9":"outofstock","10":"taxable","11":"shipping-taxable","12":"purchasable","13":"product-type-variable"},"acf":[],"yoast_head":"<!-- This site is optimized with the Yoast SEO plugin v27.4 - https:\/\/yoast.com\/product\/yoast-seo-wordpress\/ -->\n<title>E\u013c\u013ca Ballistol 200ml - MILBAZA \u2013 viss akt\u012bvai atp\u016btai<\/title>\n<meta name=\"description\" content=\"Nopirkt E\u013c\u013ca Ballistol 200ml, izdev\u012bga cena un pieg\u0101de. T\u016brisma pre\u010du interneta veikals, pas\u016bti online 24\/7!\" \/>\n<meta name=\"robots\" content=\"index, follow, max-snippet:-1, max-image-preview:large, max-video-preview:-1\" \/>\n<link rel=\"canonical\" href=\"https:\/\/milbaza.lv\/ru\/produkts\/smere-ballistol-200ml\/\" \/>\n<meta property=\"og:locale\" content=\"ru_RU\" \/>\n<meta property=\"og:type\" content=\"article\" \/>\n<meta property=\"og:title\" content=\"E\u013c\u013ca Ballistol 200ml - MILBAZA \u2013 viss akt\u012bvai atp\u016btai\" \/>\n<meta property=\"og:description\" content=\"Nopirkt E\u013c\u013ca Ballistol 200ml, izdev\u012bga cena un pieg\u0101de. T\u016brisma pre\u010du interneta veikals, pas\u016bti online 24\/7!\" \/>\n<meta property=\"og:url\" content=\"https:\/\/milbaza.lv\/ru\/produkts\/smere-ballistol-200ml\/\" \/>\n<meta property=\"og:site_name\" content=\"MILBAZA \u2013 viss akt\u012bvai atp\u016btai\" \/>\n<meta property=\"article:publisher\" content=\"https:\/\/www.facebook.com\/profile.php?id=100075399152223\" \/>\n<meta property=\"article:modified_time\" content=\"2026-05-06T10:23:44+00:00\" \/>\n<meta property=\"og:image\" content=\"https:\/\/milbaza.lv\/wp-content\/uploads\/2021\/11\/16172200-1.jpg\" \/>\n\t<meta property=\"og:image:width\" content=\"700\" \/>\n\t<meta property=\"og:image:height\" content=\"700\" \/>\n\t<meta property=\"og:image:type\" content=\"image\/jpeg\" \/>\n<meta name=\"twitter:card\" content=\"summary_large_image\" \/>\n<meta name=\"twitter:label1\" content=\"\u041f\u0440\u0438\u043c\u0435\u0440\u043d\u043e\u0435 \u0432\u0440\u0435\u043c\u044f \u0434\u043b\u044f \u0447\u0442\u0435\u043d\u0438\u044f\" \/>\n\t<meta name=\"twitter:data1\" content=\"2 \u043c\u0438\u043d\u0443\u0442\u044b\" \/>\n<script type=\"application\/ld+json\" class=\"yoast-schema-graph\">{\"@context\":\"https:\\\/\\\/schema.org\",\"@graph\":[{\"@type\":\"WebPage\",\"@id\":\"https:\\\/\\\/milbaza.lv\\\/ru\\\/produkts\\\/smere-ballistol-200ml\\\/\",\"url\":\"https:\\\/\\\/milbaza.lv\\\/ru\\\/produkts\\\/smere-ballistol-200ml\\\/\",\"name\":\"E\u013c\u013ca Ballistol 200ml - MILBAZA \u2013 viss akt\u012bvai atp\u016btai\",\"isPartOf\":{\"@id\":\"https:\\\/\\\/milbaza.lv\\\/ru\\\/#website\"},\"primaryImageOfPage\":{\"@id\":\"https:\\\/\\\/milbaza.lv\\\/ru\\\/produkts\\\/smere-ballistol-200ml\\\/#primaryimage\"},\"image\":{\"@id\":\"https:\\\/\\\/milbaza.lv\\\/ru\\\/produkts\\\/smere-ballistol-200ml\\\/#primaryimage\"},\"thumbnailUrl\":\"https:\\\/\\\/milbaza.lv\\\/wp-content\\\/uploads\\\/2021\\\/11\\\/16172200-1.jpg\",\"datePublished\":\"2021-11-24T14:08:03+00:00\",\"dateModified\":\"2026-05-06T10:23:44+00:00\",\"description\":\"Nopirkt E\u013c\u013ca Ballistol 200ml, izdev\u012bga cena un pieg\u0101de. T\u016brisma pre\u010du interneta veikals, pas\u016bti online 24\\\/7!\",\"breadcrumb\":{\"@id\":\"https:\\\/\\\/milbaza.lv\\\/ru\\\/produkts\\\/smere-ballistol-200ml\\\/#breadcrumb\"},\"inLanguage\":\"ru-RU\",\"potentialAction\":[{\"@type\":\"ReadAction\",\"target\":[\"https:\\\/\\\/milbaza.lv\\\/ru\\\/produkts\\\/smere-ballistol-200ml\\\/\"]}]},{\"@type\":\"ImageObject\",\"inLanguage\":\"ru-RU\",\"@id\":\"https:\\\/\\\/milbaza.lv\\\/ru\\\/produkts\\\/smere-ballistol-200ml\\\/#primaryimage\",\"url\":\"https:\\\/\\\/milbaza.lv\\\/wp-content\\\/uploads\\\/2021\\\/11\\\/16172200-1.jpg\",\"contentUrl\":\"https:\\\/\\\/milbaza.lv\\\/wp-content\\\/uploads\\\/2021\\\/11\\\/16172200-1.jpg\",\"width\":700,\"height\":700},{\"@type\":\"BreadcrumbList\",\"@id\":\"https:\\\/\\\/milbaza.lv\\\/ru\\\/produkts\\\/smere-ballistol-200ml\\\/#breadcrumb\",\"itemListElement\":[{\"@type\":\"ListItem\",\"position\":1,\"name\":\"Home\",\"item\":\"https:\\\/\\\/milbaza.lv\\\/ru\\\/\"},{\"@type\":\"ListItem\",\"position\":2,\"name\":\"\u041c\u0430\u0433\u0430\u0437\u0438\u043d\",\"item\":\"https:\\\/\\\/milbaza.lv\\\/ru\\\/%d0%bc%d0%b0%d0%b3%d0%b0%d0%b7%d0%b8%d0%bd\\\/\"},{\"@type\":\"ListItem\",\"position\":3,\"name\":\"E\u013c\u013ca Ballistol 200ml\"}]},{\"@type\":\"WebSite\",\"@id\":\"https:\\\/\\\/milbaza.lv\\\/ru\\\/#website\",\"url\":\"https:\\\/\\\/milbaza.lv\\\/ru\\\/\",\"name\":\"MILBAZA \u2013 viss akt\u012bvai atp\u016btai\",\"description\":\"Viss akt\u012bvai atp\u016btai\",\"publisher\":{\"@id\":\"https:\\\/\\\/milbaza.lv\\\/ru\\\/#organization\"},\"potentialAction\":[{\"@type\":\"SearchAction\",\"target\":{\"@type\":\"EntryPoint\",\"urlTemplate\":\"https:\\\/\\\/milbaza.lv\\\/ru\\\/?s={search_term_string}\"},\"query-input\":{\"@type\":\"PropertyValueSpecification\",\"valueRequired\":true,\"valueName\":\"search_term_string\"}}],\"inLanguage\":\"ru-RU\"},{\"@type\":\"Organization\",\"@id\":\"https:\\\/\\\/milbaza.lv\\\/ru\\\/#organization\",\"name\":\"Milbaza\",\"url\":\"https:\\\/\\\/milbaza.lv\\\/ru\\\/\",\"logo\":{\"@type\":\"ImageObject\",\"inLanguage\":\"ru-RU\",\"@id\":\"https:\\\/\\\/milbaza.lv\\\/ru\\\/#\\\/schema\\\/logo\\\/image\\\/\",\"url\":\"https:\\\/\\\/milbaza.lv\\\/wp-content\\\/uploads\\\/2021\\\/11\\\/Mil_BAZA_logo3.png\",\"contentUrl\":\"https:\\\/\\\/milbaza.lv\\\/wp-content\\\/uploads\\\/2021\\\/11\\\/Mil_BAZA_logo3.png\",\"width\":564,\"height\":226,\"caption\":\"Milbaza\"},\"image\":{\"@id\":\"https:\\\/\\\/milbaza.lv\\\/ru\\\/#\\\/schema\\\/logo\\\/image\\\/\"},\"sameAs\":[\"https:\\\/\\\/www.facebook.com\\\/profile.php?id=100075399152223\",\"https:\\\/\\\/www.instagram.com\\\/milbaza.lv\\\/\",\"https:\\\/\\\/www.pinterest.com\\\/milbaza\\\/_saved\\\/\",\"https:\\\/\\\/www.youtube.com\\\/channel\\\/UCrPXltd8hsNIiGAKc37hGfQ\"]}]}<\/script>\n<!-- \/ Yoast SEO plugin. -->","yoast_head_json":{"title":"E\u013c\u013ca Ballistol 200ml - MILBAZA \u2013 viss akt\u012bvai atp\u016btai","description":"Nopirkt E\u013c\u013ca Ballistol 200ml, izdev\u012bga cena un pieg\u0101de. T\u016brisma pre\u010du interneta veikals, pas\u016bti online 24\/7!","robots":{"index":"index","follow":"follow","max-snippet":"max-snippet:-1","max-image-preview":"max-image-preview:large","max-video-preview":"max-video-preview:-1"},"canonical":"https:\/\/milbaza.lv\/ru\/produkts\/smere-ballistol-200ml\/","og_locale":"ru_RU","og_type":"article","og_title":"E\u013c\u013ca Ballistol 200ml - MILBAZA \u2013 viss akt\u012bvai atp\u016btai","og_description":"Nopirkt E\u013c\u013ca Ballistol 200ml, izdev\u012bga cena un pieg\u0101de. T\u016brisma pre\u010du interneta veikals, pas\u016bti online 24\/7!","og_url":"https:\/\/milbaza.lv\/ru\/produkts\/smere-ballistol-200ml\/","og_site_name":"MILBAZA \u2013 viss akt\u012bvai atp\u016btai","article_publisher":"https:\/\/www.facebook.com\/profile.php?id=100075399152223","article_modified_time":"2026-05-06T10:23:44+00:00","og_image":[{"width":700,"height":700,"url":"https:\/\/milbaza.lv\/wp-content\/uploads\/2021\/11\/16172200-1.jpg","type":"image\/jpeg"}],"twitter_card":"summary_large_image","twitter_misc":{"\u041f\u0440\u0438\u043c\u0435\u0440\u043d\u043e\u0435 \u0432\u0440\u0435\u043c\u044f \u0434\u043b\u044f \u0447\u0442\u0435\u043d\u0438\u044f":"2 \u043c\u0438\u043d\u0443\u0442\u044b"},"schema":{"@context":"https:\/\/schema.org","@graph":[{"@type":"WebPage","@id":"https:\/\/milbaza.lv\/ru\/produkts\/smere-ballistol-200ml\/","url":"https:\/\/milbaza.lv\/ru\/produkts\/smere-ballistol-200ml\/","name":"E\u013c\u013ca Ballistol 200ml - MILBAZA \u2013 viss akt\u012bvai atp\u016btai","isPartOf":{"@id":"https:\/\/milbaza.lv\/ru\/#website"},"primaryImageOfPage":{"@id":"https:\/\/milbaza.lv\/ru\/produkts\/smere-ballistol-200ml\/#primaryimage"},"image":{"@id":"https:\/\/milbaza.lv\/ru\/produkts\/smere-ballistol-200ml\/#primaryimage"},"thumbnailUrl":"https:\/\/milbaza.lv\/wp-content\/uploads\/2021\/11\/16172200-1.jpg","datePublished":"2021-11-24T14:08:03+00:00","dateModified":"2026-05-06T10:23:44+00:00","description":"Nopirkt E\u013c\u013ca Ballistol 200ml, izdev\u012bga cena un pieg\u0101de. T\u016brisma pre\u010du interneta veikals, pas\u016bti online 24\/7!","breadcrumb":{"@id":"https:\/\/milbaza.lv\/ru\/produkts\/smere-ballistol-200ml\/#breadcrumb"},"inLanguage":"ru-RU","potentialAction":[{"@type":"ReadAction","target":["https:\/\/milbaza.lv\/ru\/produkts\/smere-ballistol-200ml\/"]}]},{"@type":"ImageObject","inLanguage":"ru-RU","@id":"https:\/\/milbaza.lv\/ru\/produkts\/smere-ballistol-200ml\/#primaryimage","url":"https:\/\/milbaza.lv\/wp-content\/uploads\/2021\/11\/16172200-1.jpg","contentUrl":"https:\/\/milbaza.lv\/wp-content\/uploads\/2021\/11\/16172200-1.jpg","width":700,"height":700},{"@type":"BreadcrumbList","@id":"https:\/\/milbaza.lv\/ru\/produkts\/smere-ballistol-200ml\/#breadcrumb","itemListElement":[{"@type":"ListItem","position":1,"name":"Home","item":"https:\/\/milbaza.lv\/ru\/"},{"@type":"ListItem","position":2,"name":"\u041c\u0430\u0433\u0430\u0437\u0438\u043d","item":"https:\/\/milbaza.lv\/ru\/%d0%bc%d0%b0%d0%b3%d0%b0%d0%b7%d0%b8%d0%bd\/"},{"@type":"ListItem","position":3,"name":"E\u013c\u013ca Ballistol 200ml"}]},{"@type":"WebSite","@id":"https:\/\/milbaza.lv\/ru\/#website","url":"https:\/\/milbaza.lv\/ru\/","name":"MILBAZA \u2013 viss akt\u012bvai atp\u016btai","description":"Viss akt\u012bvai atp\u016btai","publisher":{"@id":"https:\/\/milbaza.lv\/ru\/#organization"},"potentialAction":[{"@type":"SearchAction","target":{"@type":"EntryPoint","urlTemplate":"https:\/\/milbaza.lv\/ru\/?s={search_term_string}"},"query-input":{"@type":"PropertyValueSpecification","valueRequired":true,"valueName":"search_term_string"}}],"inLanguage":"ru-RU"},{"@type":"Organization","@id":"https:\/\/milbaza.lv\/ru\/#organization","name":"Milbaza","url":"https:\/\/milbaza.lv\/ru\/","logo":{"@type":"ImageObject","inLanguage":"ru-RU","@id":"https:\/\/milbaza.lv\/ru\/#\/schema\/logo\/image\/","url":"https:\/\/milbaza.lv\/wp-content\/uploads\/2021\/11\/Mil_BAZA_logo3.png","contentUrl":"https:\/\/milbaza.lv\/wp-content\/uploads\/2021\/11\/Mil_BAZA_logo3.png","width":564,"height":226,"caption":"Milbaza"},"image":{"@id":"https:\/\/milbaza.lv\/ru\/#\/schema\/logo\/image\/"},"sameAs":["https:\/\/www.facebook.com\/profile.php?id=100075399152223","https:\/\/www.instagram.com\/milbaza.lv\/","https:\/\/www.pinterest.com\/milbaza\/_saved\/","https:\/\/www.youtube.com\/channel\/UCrPXltd8hsNIiGAKc37hGfQ"]}]}},"_links":{"self":[{"href":"https:\/\/milbaza.lv\/ru\/wp-json\/wp\/v2\/product\/922","targetHints":{"allow":["GET"]}}],"collection":[{"href":"https:\/\/milbaza.lv\/ru\/wp-json\/wp\/v2\/product"}],"about":[{"href":"https:\/\/milbaza.lv\/ru\/wp-json\/wp\/v2\/types\/product"}],"replies":[{"embeddable":true,"href":"https:\/\/milbaza.lv\/ru\/wp-json\/wp\/v2\/comments?post=922"}],"wp:featuredmedia":[{"embeddable":true,"href":"https:\/\/milbaza.lv\/ru\/wp-json\/wp\/v2\/media\/10536"}],"wp:attachment":[{"href":"https:\/\/milbaza.lv\/ru\/wp-json\/wp\/v2\/media?parent=922"}],"wp:term":[{"taxonomy":"product_brand","embeddable":true,"href":"https:\/\/milbaza.lv\/ru\/wp-json\/wp\/v2\/product_brand?post=922"},{"taxonomy":"product_cat","embeddable":true,"href":"https:\/\/milbaza.lv\/ru\/wp-json\/wp\/v2\/product_cat?post=922"},{"taxonomy":"product_tag","embeddable":true,"href":"https:\/\/milbaza.lv\/ru\/wp-json\/wp\/v2\/product_tag?post=922"}],"curies":[{"name":"wp","href":"https:\/\/api.w.org\/{rel}","templated":true}]}}